{"id":31880,"date":"2021-12-15T13:40:00","date_gmt":"2021-12-15T13:40:00","guid":{"rendered":"https:\/\/mavideniz.com.tr\/?page_id=31880"},"modified":"2024-04-22T22:49:33","modified_gmt":"2024-04-22T22:49:33","slug":"turkiye-petrolleri-yarimca-nehri-petrol-sizintisi","status":"publish","type":"page","link":"https:\/\/mavideniz.com.tr\/tr\/servislerimiz\/petrol-sizintisi-mudahalesi-onleme\/petrol-sizintisi-mudahale-operasyonlari-yonetimi\/turkiye-petrolleri-yarimca-nehri-petrol-sizintisi\/","title":{"rendered":"T\u00fcrkiye Petrolleri Yar\u0131mca Nehri Petrol S\u0131z\u0131nt\u0131s\u0131"},"content":{"rendered":"<p>T\u00fcrkiye Petrolleri Yar\u0131mca tesis y\u00f6neticisinin 15 Aral\u0131k 2021 tarihinde nehrin neden oldu\u011fu kirlili\u011fe m\u00fcdahale etmesi talebi \u00fczerine<\/p>\n<p><img loading=\"lazy\" decoding=\"async\" class=\"size-full wp-image-30379 alignleft\" src=\"https:\/\/mavideniz.com.tr\/wp-content\/uploads\/Services\/HNS-and-Oil-Spill-Response-Prevention\/Oil-Spill-Operation\/Turkuaz\/Bobcat-River-Oil-Spill-Response-1.jpg\" alt=\"\" width=\"375\" height=\"250\" title=\"\"><\/p>\n<p>Olay yerine gelirken dere yata\u011f\u0131n\u0131n denize d\u00f6k\u00fclen k\u0131sm\u0131na kirlili\u011fi \u00f6nlemek i\u00e7in ya\u011f emici sosis bariyerleri ve ya\u011f bariyerleri yerle\u015ftirildi. Kirlili\u011fin nehre hapsedilmesinin ard\u0131ndan ya\u011f emici pedlerle kirlili\u011fin temizlenmesi \u00e7al\u0131\u015fmalar\u0131na ba\u015fland\u0131. Operasyon s\u0131ras\u0131nda kirlilik kayna\u011f\u0131n\u0131n tamamen kesilmedi\u011fi g\u00f6zlemlendi. G\u00fcn i\u00e7inde kirlili\u011fin kayna\u011f\u0131na ula\u015f\u0131l\u0131rken, Z\u00fclfikarlar kimya firmas\u0131 yetkilileri kirlili\u011fin durdurulmas\u0131 ve ortadan kald\u0131r\u0131lmas\u0131 i\u00e7in \u00e7al\u0131\u015fma ba\u015flatt\u0131. At\u0131k kayna\u011f\u0131n\u0131n toplanmas\u0131 bir vakumlu kamyon kullan\u0131larak ba\u015flat\u0131ld\u0131.<\/p>\n<p>16 Aral\u0131k 2021&#8217;de nehir yata\u011f\u0131ndaki ya\u011f emici sosis ve pedler tamamland\u0131. Petrol ve t\u00fcrevlerinin absorbe edilmesi ve toplama i\u015flemine ge\u00e7ildi. At\u0131k<img loading=\"lazy\" decoding=\"async\" class=\"size-full wp-image-30381 alignright\" src=\"https:\/\/mavideniz.com.tr\/wp-content\/uploads\/Services\/HNS-and-Oil-Spill-Response-Prevention\/Oil-Spill-Operation\/Turkuaz\/River-Oil-Spill-Response-Oil-Absorbent-Boom.jpg\" alt=\"\" width=\"375\" height=\"250\" title=\"\"> toplama i\u015fleminin ard\u0131ndan nehirde ya\u011f ve sonu\u00e7lar\u0131 g\u00f6r\u00fcld\u00fc ve ya\u011f emici sosis ve pedlerle m\u00fcdahaleye devam edildi. Kirlilik nehre d\u00f6k\u00fcld\u00fckten sonra noktaya ya\u011f emici sosisler yerle\u015ftirilerek kirlilik nehir d\u00f6k\u00fclmelerinin azald\u0131\u011f\u0131 noktaya ula\u015f\u0131r.<\/p>\n<p>Kirlilik nehre s\u0131\u00e7ray\u0131nca Z\u00fclfikarlar firma yetkilileri kirlenen topra\u011f\u0131 bobcat yard\u0131m\u0131yla ay\u0131rmaya ba\u015flad\u0131 ve kirlenen toprak bigbag \u00e7uvallara dolduruldu. Ak\u015fam saatlerinde kirlilik kesildikten sonra petrol patlamas\u0131, ya\u011f emici pedler ve sosisler topland\u0131. Daha sonra Big bag \u00e7uvallarda bulunan at\u0131klar, bertaraf edilmek \u00fczere kamyona y\u00fcklendi.<\/p>\n<p><span style=\"font-size: inherit;\">\u00a0<\/span><\/p>\n","protected":false},"excerpt":{"rendered":"<p>T\u00fcrkiye Petrolleri Yar\u0131mca tesis y\u00f6neticisinin 15 Aral\u0131k 2021 tarihinde nehrin neden oldu\u011fu kirlili\u011fe m\u00fcdahale etmesi talebi \u00fczerine Olay yerine gelirken [&hellip;]<\/p>\n","protected":false},"author":1,"featured_media":0,"parent":28192,"menu_order":0,"comment_status":"closed","ping_status":"closed","template":"","meta":{"site-sidebar-layout":"default","site-content-layout":"","ast-site-content-layout":"default","site-content-style":"default","site-sidebar-style":"default","ast-global-header-display":"","ast-banner-title-visibility":"","ast-main-header-display":"","ast-hfb-above-header-display":"","ast-hfb-below-header-display":"","ast-hfb-mobile-header-display":"","site-post-title":"","ast-breadcrumbs-content":"","ast-featured-img":"","footer-sml-layout":"","ast-disable-related-posts":"","theme-transparent-header-meta":"","adv-header-id-meta":"","stick-header-meta":"","header-above-stick-meta":"","header-main-stick-meta":"","header-below-stick-meta":"","astra-migrate-meta-layouts":"default","ast-page-background-enabled":"default","ast-page-background-meta":{"desktop":{"background-color":"var(--ast-global-color-5)","background-image":"","background-repeat":"repeat","background-position":"center center","background-size":"auto","background-attachment":"scroll","background-type":"","background-media":"","overlay-type":"","overlay-color":"","overlay-opacity":"","overlay-gradient":""},"tablet":{"background-color":"","background-image":"","background-repeat":"repeat","background-position":"center center","background-size":"auto","background-attachment":"scroll","background-type":"","background-media":"","overlay-type":"","overlay-color":"","overlay-opacity":"","overlay-gradient":""},"mobile":{"background-color":"","background-image":"","background-repeat":"repeat","background-position":"center center","background-size":"auto","background-attachment":"scroll","background-type":"","background-media":"","overlay-type":"","overlay-color":"","overlay-opacity":"","overlay-gradient":""}},"ast-content-background-meta":{"desktop":{"background-color":"var(--ast-global-color-4)","background-image":"","background-repeat":"repeat","background-position":"center center","background-size":"auto","background-attachment":"scroll","background-type":"","background-media":"","overlay-type":"","overlay-color":"","overlay-opacity":"","overlay-gradient":""},"tablet":{"background-color":"var(--ast-global-color-4)","background-image":"","background-repeat":"repeat","background-position":"center center","background-size":"auto","background-attachment":"scroll","background-type":"","background-media":"","overlay-type":"","overlay-color":"","overlay-opacity":"","overlay-gradient":""},"mobile":{"background-color":"var(--ast-global-color-4)","background-image":"","background-repeat":"repeat","background-position":"center center","background-size":"auto","background-attachment":"scroll","background-type":"","background-media":"","overlay-type":"","overlay-color":"","overlay-opacity":"","overlay-gradient":""}},"footnotes":""},"class_list":["post-31880","page","type-page","status-publish","hentry"],"_links":{"self":[{"href":"https:\/\/mavideniz.com.tr\/tr\/wp-json\/wp\/v2\/pages\/31880","targetHints":{"allow":["GET"]}}],"collection":[{"href":"https:\/\/mavideniz.com.tr\/tr\/wp-json\/wp\/v2\/pages"}],"about":[{"href":"https:\/\/mavideniz.com.tr\/tr\/wp-json\/wp\/v2\/types\/page"}],"author":[{"embeddable":true,"href":"https:\/\/mavideniz.com.tr\/tr\/wp-json\/wp\/v2\/users\/1"}],"replies":[{"embeddable":true,"href":"https:\/\/mavideniz.com.tr\/tr\/wp-json\/wp\/v2\/comments?post=31880"}],"version-history":[{"count":0,"href":"https:\/\/mavideniz.com.tr\/tr\/wp-json\/wp\/v2\/pages\/31880\/revisions"}],"up":[{"embeddable":true,"href":"https:\/\/mavideniz.com.tr\/tr\/wp-json\/wp\/v2\/pages\/28192"}],"wp:attachment":[{"href":"https:\/\/mavideniz.com.tr\/tr\/wp-json\/wp\/v2\/media?parent=31880"}],"curies":[{"name":"wp","href":"https:\/\/api.w.org\/{rel}","templated":true}]}}