{"id":31885,"date":"2018-05-18T00:00:00","date_gmt":"2018-05-18T00:00:00","guid":{"rendered":"https:\/\/mavideniz.com.tr\/?page_id=31885"},"modified":"2023-06-29T13:12:32","modified_gmt":"2023-06-29T13:12:32","slug":"bulgaristana-1-adet-amfibi-makina-teslimi","status":"publish","type":"page","link":"https:\/\/mavideniz.com.tr\/tr\/haberler-etkinlikler\/bulgaristana-1-adet-amfibi-makina-teslimi\/","title":{"rendered":"BULGAR\u0130STAN&#8217;A 1 ADET AMF\u0130B\u0130 MAK\u0130NA TESL\u0130M\u0130"},"content":{"rendered":"<p>18 May\u0131s 2018, Mavi Deniz, Bulgaristan&#8217;a \u00e7ok \u00e7e\u015fitli aletlerle \u00e7ok i\u015flevli bir amfibi makine sa\u011flamak i\u00e7in s\u00f6zle\u015fme imzalad\u0131.<img loading=\"lazy\" decoding=\"async\" class=\"size-full wp-image-25988 alignright\" src=\"https:\/\/mavideniz.com.tr\/wp-content\/uploads\/Media-Centre\/News-Events\/2018\/AMPHIBIOUS-MACHINE-1.jpg\" alt=\"\" width=\"375\" height=\"250\" title=\"\"><br \/>\nve aksesuarlar\u0131 mevcuttur. Makinenin amfibi do\u011fas\u0131, normalde geleneksel makinelere eri\u015filemeyen alanlara eri\u015fim sa\u011flar. G\u00f6llerde, kanallarda ve di\u011fer sulak alan habitatlar\u0131nda \u00e7al\u0131\u015fmak i\u00e7in ideal \u00e7\u00f6z\u00fcmd\u00fcr. A\u011f\u0131rl\u0131k da\u011f\u0131t\u0131m sistemi, makineye d\u00fc\u015f\u00fck zemin bas\u0131nc\u0131 ve y\u00fczer kapasite sa\u011flayarak hassas ortamlarda \u00e7al\u0131\u015fmak i\u00e7in benzersiz f\u0131rsatlar sunar.<br \/>\nMAV\u0130 DEN\u0130Z, yurt i\u00e7i ve yurt d\u0131\u015f\u0131 \u00e7\u00f6p ve petrol s\u0131z\u0131nt\u0131s\u0131 pazarlar\u0131nda \u00e7e\u015fitli gemiler kullan\u0131lmaktad\u0131r.<\/p>\n","protected":false},"excerpt":{"rendered":"<p>18 May\u0131s 2018, Mavi Deniz, Bulgaristan&#8217;a \u00e7ok \u00e7e\u015fitli aletlerle \u00e7ok i\u015flevli bir amfibi makine sa\u011flamak i\u00e7in s\u00f6zle\u015fme imzalad\u0131. ve aksesuarlar\u0131 [&hellip;]<\/p>\n","protected":false},"author":1,"featured_media":0,"parent":27930,"menu_order":0,"comment_status":"closed","ping_status":"closed","template":"","meta":{"site-sidebar-layout":"default","site-content-layout":"","ast-site-content-layout":"default","site-content-style":"default","site-sidebar-style":"default","ast-global-header-display":"","ast-banner-title-visibility":"","ast-main-header-display":"","ast-hfb-above-header-display":"","ast-hfb-below-header-display":"","ast-hfb-mobile-header-display":"","site-post-title":"","ast-breadcrumbs-content":"","ast-featured-img":"","footer-sml-layout":"","ast-disable-related-posts":"","theme-transparent-header-meta":"","adv-header-id-meta":"","stick-header-meta":"","header-above-stick-meta":"","header-main-stick-meta":"","header-below-stick-meta":"","astra-migrate-meta-layouts":"default","ast-page-background-enabled":"default","ast-page-background-meta":{"desktop":{"background-color":"var(--ast-global-color-5)","background-image":"","background-repeat":"repeat","background-position":"center center","background-size":"auto","background-attachment":"scroll","background-type":"","background-media":"","overlay-type":"","overlay-color":"","overlay-opacity":"","overlay-gradient":""},"tablet":{"background-color":"","background-image":"","background-repeat":"repeat","background-position":"center center","background-size":"auto","background-attachment":"scroll","background-type":"","background-media":"","overlay-type":"","overlay-color":"","overlay-opacity":"","overlay-gradient":""},"mobile":{"background-color":"","background-image":"","background-repeat":"repeat","background-position":"center center","background-size":"auto","background-attachment":"scroll","background-type":"","background-media":"","overlay-type":"","overlay-color":"","overlay-opacity":"","overlay-gradient":""}},"ast-content-background-meta":{"desktop":{"background-color":"var(--ast-global-color-4)","background-image":"","background-repeat":"repeat","background-position":"center center","background-size":"auto","background-attachment":"scroll","background-type":"","background-media":"","overlay-type":"","overlay-color":"","overlay-opacity":"","overlay-gradient":""},"tablet":{"background-color":"var(--ast-global-color-4)","background-image":"","background-repeat":"repeat","background-position":"center center","background-size":"auto","background-attachment":"scroll","background-type":"","background-media":"","overlay-type":"","overlay-color":"","overlay-opacity":"","overlay-gradient":""},"mobile":{"background-color":"var(--ast-global-color-4)","background-image":"","background-repeat":"repeat","background-position":"center center","background-size":"auto","background-attachment":"scroll","background-type":"","background-media":"","overlay-type":"","overlay-color":"","overlay-opacity":"","overlay-gradient":""}},"footnotes":""},"class_list":["post-31885","page","type-page","status-publish","hentry"],"_links":{"self":[{"href":"https:\/\/mavideniz.com.tr\/tr\/wp-json\/wp\/v2\/pages\/31885","targetHints":{"allow":["GET"]}}],"collection":[{"href":"https:\/\/mavideniz.com.tr\/tr\/wp-json\/wp\/v2\/pages"}],"about":[{"href":"https:\/\/mavideniz.com.tr\/tr\/wp-json\/wp\/v2\/types\/page"}],"author":[{"embeddable":true,"href":"https:\/\/mavideniz.com.tr\/tr\/wp-json\/wp\/v2\/users\/1"}],"replies":[{"embeddable":true,"href":"https:\/\/mavideniz.com.tr\/tr\/wp-json\/wp\/v2\/comments?post=31885"}],"version-history":[{"count":0,"href":"https:\/\/mavideniz.com.tr\/tr\/wp-json\/wp\/v2\/pages\/31885\/revisions"}],"up":[{"embeddable":true,"href":"https:\/\/mavideniz.com.tr\/tr\/wp-json\/wp\/v2\/pages\/27930"}],"wp:attachment":[{"href":"https:\/\/mavideniz.com.tr\/tr\/wp-json\/wp\/v2\/media?parent=31885"}],"curies":[{"name":"wp","href":"https:\/\/api.w.org\/{rel}","templated":true}]}}