{"id":31889,"date":"2020-12-20T00:00:00","date_gmt":"2020-12-20T00:00:00","guid":{"rendered":"https:\/\/mavideniz.com.tr\/?page_id=31889"},"modified":"2023-06-29T13:34:05","modified_gmt":"2023-06-29T13:34:05","slug":"katardan-150-m-silt-perde-siparisi","status":"publish","type":"page","link":"https:\/\/mavideniz.com.tr\/tr\/haberler-etkinlikler\/katardan-150-m-silt-perde-siparisi\/","title":{"rendered":"KATAR&#8217;DAN 150 M S\u0130LT PERDE S\u0130PAR\u0130\u015e\u0130"},"content":{"rendered":"<p>20 Aral\u0131k 2020, Mavi Deniz, MEDGULF \u0130N\u015eAAT \u015e\u0130RKET\u0130 WLL, Doha ile 150 m Hafif Tip I Silt Perde Bulan\u0131kl\u0131k \u00d6nleyici Bom tedarik etmek i\u00e7in bir s\u00f6zle\u015fme imzalad\u0131.<br \/>\nSilt perdesi, g\u00f6\u00e7 eden suyla ta\u015f\u0131nan tortuyu kontrol etmek i\u00e7in su s\u00fctununda as\u0131l\u0131 duran g\u00f6zenekli veya ge\u00e7irimsiz bir yap\u0131d\u0131r. olarak da bilinir<img loading=\"lazy\" decoding=\"async\" class=\"size-full wp-image-26114 alignright\" src=\"https:\/\/mavideniz.com.tr\/wp-content\/uploads\/Media-Centre\/News-Events\/2020\/Silt-Curtain-1.jpg\" alt=\"\" width=\"375\" height=\"250\" title=\"\"><br \/>\nbulan\u0131kl\u0131k perdesi veya silt perdesi, silt perdesinin i\u015flevi, y\u00fczeyden yakla\u015f\u0131k bir ila iki metre aras\u0131nda rahats\u0131z edici tortuyu tutmakt\u0131r. Da\u011f\u0131l\u0131m\u0131n kontrol edilmesi, ask\u0131daki tortunun su s\u00fctunu i\u00e7inde yerle\u015fmesine ve d\u00fc\u015fmesine izin verir. Silt perdesi, ask\u0131daki tortunun dibe \u00e7\u00f6kmesi i\u00e7in gerekli ortam\u0131 ve zaman\u0131 sa\u011flar.<br \/>\n\u0130n\u015faat sahalar\u0131ndan tortu kontrol\u00fc, tarama, bo\u015faltma ve toksik algler Silt Perde kullan\u0131larak basitle\u015ftirilmi\u015ftir. Sert Geofabric ve PVC&#8217;den yap\u0131lm\u0131\u015ft\u0131r.<\/p>\n<p>Silt Perde Bomlar\u0131, a\u015fa\u011f\u0131dakiler de dahil olmak \u00fczere bir\u00e7ok farkl\u0131 uygulama i\u00e7in idealdir:<\/p>\n<ul>\n<li>\u015eantiyelerden tortu ve ak\u0131\u015f\u0131n kontrol\u00fc<\/li>\n<li>Tarama i\u015flemlerinden tortu kontrol\u00fc ve tarama birikintisi<\/li>\n<li>Ask\u0131da kat\u0131 maddeleri azaltmak i\u00e7in maden at\u0131k barajlar\u0131<\/li>\n<li>Sucul bitkilerin kontrol\u00fc<\/li>\n<li>Toksik alglerin kontrol\u00fc<\/li>\n<\/ul>\n","protected":false},"excerpt":{"rendered":"<p>20 Aral\u0131k 2020, Mavi Deniz, MEDGULF \u0130N\u015eAAT \u015e\u0130RKET\u0130 WLL, Doha ile 150 m Hafif Tip I Silt Perde Bulan\u0131kl\u0131k \u00d6nleyici [&hellip;]<\/p>\n","protected":false},"author":1,"featured_media":0,"parent":27930,"menu_order":0,"comment_status":"closed","ping_status":"closed","template":"","meta":{"site-sidebar-layout":"default","site-content-layout":"","ast-site-content-layout":"default","site-content-style":"default","site-sidebar-style":"default","ast-global-header-display":"","ast-banner-title-visibility":"","ast-main-header-display":"","ast-hfb-above-header-display":"","ast-hfb-below-header-display":"","ast-hfb-mobile-header-display":"","site-post-title":"","ast-breadcrumbs-content":"","ast-featured-img":"","footer-sml-layout":"","ast-disable-related-posts":"","theme-transparent-header-meta":"","adv-header-id-meta":"","stick-header-meta":"","header-above-stick-meta":"","header-main-stick-meta":"","header-below-stick-meta":"","astra-migrate-meta-layouts":"default","ast-page-background-enabled":"default","ast-page-background-meta":{"desktop":{"background-color":"var(--ast-global-color-5)","background-image":"","background-repeat":"repeat","background-position":"center center","background-size":"auto","background-attachment":"scroll","background-type":"","background-media":"","overlay-type":"","overlay-color":"","overlay-opacity":"","overlay-gradient":""},"tablet":{"background-color":"","background-image":"","background-repeat":"repeat","background-position":"center center","background-size":"auto","background-attachment":"scroll","background-type":"","background-media":"","overlay-type":"","overlay-color":"","overlay-opacity":"","overlay-gradient":""},"mobile":{"background-color":"","background-image":"","background-repeat":"repeat","background-position":"center center","background-size":"auto","background-attachment":"scroll","background-type":"","background-media":"","overlay-type":"","overlay-color":"","overlay-opacity":"","overlay-gradient":""}},"ast-content-background-meta":{"desktop":{"background-color":"var(--ast-global-color-4)","background-image":"","background-repeat":"repeat","background-position":"center center","background-size":"auto","background-attachment":"scroll","background-type":"","background-media":"","overlay-type":"","overlay-color":"","overlay-opacity":"","overlay-gradient":""},"tablet":{"background-color":"var(--ast-global-color-4)","background-image":"","background-repeat":"repeat","background-position":"center center","background-size":"auto","background-attachment":"scroll","background-type":"","background-media":"","overlay-type":"","overlay-color":"","overlay-opacity":"","overlay-gradient":""},"mobile":{"background-color":"var(--ast-global-color-4)","background-image":"","background-repeat":"repeat","background-position":"center center","background-size":"auto","background-attachment":"scroll","background-type":"","background-media":"","overlay-type":"","overlay-color":"","overlay-opacity":"","overlay-gradient":""}},"footnotes":""},"class_list":["post-31889","page","type-page","status-publish","hentry"],"_links":{"self":[{"href":"https:\/\/mavideniz.com.tr\/tr\/wp-json\/wp\/v2\/pages\/31889","targetHints":{"allow":["GET"]}}],"collection":[{"href":"https:\/\/mavideniz.com.tr\/tr\/wp-json\/wp\/v2\/pages"}],"about":[{"href":"https:\/\/mavideniz.com.tr\/tr\/wp-json\/wp\/v2\/types\/page"}],"author":[{"embeddable":true,"href":"https:\/\/mavideniz.com.tr\/tr\/wp-json\/wp\/v2\/users\/1"}],"replies":[{"embeddable":true,"href":"https:\/\/mavideniz.com.tr\/tr\/wp-json\/wp\/v2\/comments?post=31889"}],"version-history":[{"count":0,"href":"https:\/\/mavideniz.com.tr\/tr\/wp-json\/wp\/v2\/pages\/31889\/revisions"}],"up":[{"embeddable":true,"href":"https:\/\/mavideniz.com.tr\/tr\/wp-json\/wp\/v2\/pages\/27930"}],"wp:attachment":[{"href":"https:\/\/mavideniz.com.tr\/tr\/wp-json\/wp\/v2\/media?parent=31889"}],"curies":[{"name":"wp","href":"https:\/\/api.w.org\/{rel}","templated":true}]}}