{"id":31893,"date":"2019-01-02T00:00:00","date_gmt":"2019-01-02T00:00:00","guid":{"rendered":"https:\/\/mavideniz.com.tr\/?page_id=31893"},"modified":"2023-06-29T13:36:35","modified_gmt":"2023-06-29T13:36:35","slug":"litvanyaya-2-adet-amfibi-makine-teslimati","status":"publish","type":"page","link":"https:\/\/mavideniz.com.tr\/tr\/haberler-etkinlikler\/litvanyaya-2-adet-amfibi-makine-teslimati\/","title":{"rendered":"L\u0130TVANYA&#8217;YA 2 ADET AMF\u0130B\u0130 MAK\u0130NE TESL\u0130MATI"},"content":{"rendered":"<p>02 Ocak 2019, Mavi Deniz, Litvanya&#8217;ya \u00e7ok \u00e7e\u015fitli alet ve aksesuarlarla \u00e7ok i\u015flevli bir amfibi makine sa\u011flamak i\u00e7in s\u00f6zle\u015fme imzalad\u0131.<\/p>\n<p>Makinenin amfibi do\u011fas\u0131, normalde geleneksel makinelere eri\u015filemeyen alanlara eri\u015fim sa\u011flar. G\u00f6llerde, kanallarda ve di\u011fer sulak alan habitatlar\u0131nda<img loading=\"lazy\" decoding=\"async\" class=\"alignright wp-image-25903 size-full\" src=\"https:\/\/mavideniz.com.tr\/wp-content\/uploads\/Media-Centre\/News-Events\/2019\/AMPHIBIOUS-MACHINE-2.jpg\" width=\"375\" height=\"250\" alt=\"\" title=\"\"> \u00e7al\u0131\u015fmak i\u00e7in ideal \u00e7\u00f6z\u00fcmd\u00fcr.<br \/>\nA\u011f\u0131rl\u0131k da\u011f\u0131t\u0131m sistemi, makineye d\u00fc\u015f\u00fck zemin bas\u0131nc\u0131 ve y\u00fczer kapasite sa\u011flayarak hassas ortamlarda \u00e7al\u0131\u015fmak i\u00e7in benzersiz f\u0131rsatlar sunar. Suya y\u00fckleme veya bo\u015faltma i\u00e7in vin\u00e7 gibi ba\u015fka bir makineye ihtiya\u00e7 yoktur. Amfibi Makine, normal bir araban\u0131n \u00e7ekebilece\u011fi r\u00f6morku yukar\u0131 ve a\u015fa\u011f\u0131 hareket ettirir.<br \/>\nM\u00fckemmel manevra kabiliyeti sayesinde suda aks\u0131 etraf\u0131nda h\u0131zla d\u00f6ner ve dar alanlar i\u00e7in idealdir.<br \/>\nAmphibex, bir\u00e7ok avantaj\u0131 olan bir amfibi makinedir.<\/p>\n<p>Birincil makine, eksiksiz bir tak\u0131m seti ile donat\u0131labilir.<\/p>\n<p><strong>Kald\u0131rma kolundaki ak\u0131ll\u0131 konekt\u00f6r, farkl\u0131 aletleri de\u011fi\u015ftirmeyi kolayla\u015ft\u0131r\u0131r ve bu da onlar\u0131n \u015fu \u015fekilde \u00e7al\u0131\u015fmalar\u0131n\u0131 m\u00fcmk\u00fcn k\u0131lar:<img loading=\"lazy\" decoding=\"async\" class=\"size-full wp-image-25898 alignright\" src=\"https:\/\/mavideniz.com.tr\/wp-content\/uploads\/Media-Centre\/News-Events\/2019\/AMPHIBIOUS-MACHINE-1.jpg\" alt=\"\" width=\"375\" height=\"250\" title=\"\"><\/strong><\/p>\n<ul>\n<li>Bi\u00e7erd\u00f6ver<\/li>\n<li>Yosun Kolekt\u00f6r\u00fc<\/li>\n<li>Ekskavat\u00f6r ekipmanlar\u0131<\/li>\n<li>Yosun Tara\u011f\u0131<\/li>\n<\/ul>\n<p>MAV\u0130 DEN\u0130Z yurt i\u00e7i ve yurt d\u0131\u015f\u0131 pazarlarda \u00e7e\u015fitli amfibi makineler kullan\u0131lmaktad\u0131r.<\/p>\n","protected":false},"excerpt":{"rendered":"<p>02 Ocak 2019, Mavi Deniz, Litvanya&#8217;ya \u00e7ok \u00e7e\u015fitli alet ve aksesuarlarla \u00e7ok i\u015flevli bir amfibi makine sa\u011flamak i\u00e7in s\u00f6zle\u015fme imzalad\u0131. [&hellip;]<\/p>\n","protected":false},"author":1,"featured_media":0,"parent":27930,"menu_order":0,"comment_status":"closed","ping_status":"closed","template":"","meta":{"site-sidebar-layout":"default","site-content-layout":"","ast-site-content-layout":"default","site-content-style":"default","site-sidebar-style":"default","ast-global-header-display":"","ast-banner-title-visibility":"","ast-main-header-display":"","ast-hfb-above-header-display":"","ast-hfb-below-header-display":"","ast-hfb-mobile-header-display":"","site-post-title":"","ast-breadcrumbs-content":"","ast-featured-img":"","footer-sml-layout":"","ast-disable-related-posts":"","theme-transparent-header-meta":"","adv-header-id-meta":"","stick-header-meta":"","header-above-stick-meta":"","header-main-stick-meta":"","header-below-stick-meta":"","astra-migrate-meta-layouts":"default","ast-page-background-enabled":"default","ast-page-background-meta":{"desktop":{"background-color":"var(--ast-global-color-5)","background-image":"","background-repeat":"repeat","background-position":"center center","background-size":"auto","background-attachment":"scroll","background-type":"","background-media":"","overlay-type":"","overlay-color":"","overlay-opacity":"","overlay-gradient":""},"tablet":{"background-color":"","background-image":"","background-repeat":"repeat","background-position":"center center","background-size":"auto","background-attachment":"scroll","background-type":"","background-media":"","overlay-type":"","overlay-color":"","overlay-opacity":"","overlay-gradient":""},"mobile":{"background-color":"","background-image":"","background-repeat":"repeat","background-position":"center center","background-size":"auto","background-attachment":"scroll","background-type":"","background-media":"","overlay-type":"","overlay-color":"","overlay-opacity":"","overlay-gradient":""}},"ast-content-background-meta":{"desktop":{"background-color":"var(--ast-global-color-4)","background-image":"","background-repeat":"repeat","background-position":"center center","background-size":"auto","background-attachment":"scroll","background-type":"","background-media":"","overlay-type":"","overlay-color":"","overlay-opacity":"","overlay-gradient":""},"tablet":{"background-color":"var(--ast-global-color-4)","background-image":"","background-repeat":"repeat","background-position":"center center","background-size":"auto","background-attachment":"scroll","background-type":"","background-media":"","overlay-type":"","overlay-color":"","overlay-opacity":"","overlay-gradient":""},"mobile":{"background-color":"var(--ast-global-color-4)","background-image":"","background-repeat":"repeat","background-position":"center center","background-size":"auto","background-attachment":"scroll","background-type":"","background-media":"","overlay-type":"","overlay-color":"","overlay-opacity":"","overlay-gradient":""}},"footnotes":""},"class_list":["post-31893","page","type-page","status-publish","hentry"],"_links":{"self":[{"href":"https:\/\/mavideniz.com.tr\/tr\/wp-json\/wp\/v2\/pages\/31893","targetHints":{"allow":["GET"]}}],"collection":[{"href":"https:\/\/mavideniz.com.tr\/tr\/wp-json\/wp\/v2\/pages"}],"about":[{"href":"https:\/\/mavideniz.com.tr\/tr\/wp-json\/wp\/v2\/types\/page"}],"author":[{"embeddable":true,"href":"https:\/\/mavideniz.com.tr\/tr\/wp-json\/wp\/v2\/users\/1"}],"replies":[{"embeddable":true,"href":"https:\/\/mavideniz.com.tr\/tr\/wp-json\/wp\/v2\/comments?post=31893"}],"version-history":[{"count":0,"href":"https:\/\/mavideniz.com.tr\/tr\/wp-json\/wp\/v2\/pages\/31893\/revisions"}],"up":[{"embeddable":true,"href":"https:\/\/mavideniz.com.tr\/tr\/wp-json\/wp\/v2\/pages\/27930"}],"wp:attachment":[{"href":"https:\/\/mavideniz.com.tr\/tr\/wp-json\/wp\/v2\/media?parent=31893"}],"curies":[{"name":"wp","href":"https:\/\/api.w.org\/{rel}","templated":true}]}}