{"id":31904,"date":"2019-09-29T00:00:00","date_gmt":"2019-09-29T00:00:00","guid":{"rendered":"https:\/\/mavideniz.com.tr\/?page_id=31904"},"modified":"2023-12-30T22:02:44","modified_gmt":"2023-12-30T22:02:44","slug":"abdye-2-adet-amfibi-makina-gonderildi","status":"publish","type":"page","link":"https:\/\/mavideniz.com.tr\/tr\/haberler-etkinlikler\/abdye-2-adet-amfibi-makina-gonderildi\/","title":{"rendered":"ABD&#8217;YE 2 ADET AMF\u0130B\u0130 MAK\u0130NA G\u00d6NDER\u0130LD\u0130"},"content":{"rendered":"<p>29 Eyl\u00fcl 2019, Mavi Deniz, ABD&#8217;ye \u00e7ok \u00e7e\u015fitli alet ve aksesuarlarla 2 adet \u00e7ok fonksiyonlu amfibi makine sa\u011flamak i\u00e7in s\u00f6zle\u015fme imzalad\u0131.<img loading=\"lazy\" decoding=\"async\" class=\"alignright wp-image-25659 size-full\" src=\"https:\/\/mavideniz.com.tr\/wp-content\/uploads\/Media-Centre\/News-Events\/2019\/AMPHIBIOUS-MACHINE-5.jpg\" width=\"375\" height=\"250\" alt=\"\" title=\"\"><\/p>\n<p>Amfibi makinenin bir\u00e7ok avantaj\u0131 vard\u0131r.<\/p>\n<p>Birincil makine, eksiksiz bir tak\u0131m seti ile donat\u0131labilir.<\/p>\n<p>Kald\u0131rma kolundaki ak\u0131ll\u0131 konekt\u00f6r, farkl\u0131 aletleri de\u011fi\u015ftirmeyi kolayla\u015ft\u0131r\u0131r ve bu da onlar\u0131n \u015fu \u015fekilde \u00e7al\u0131\u015fmalar\u0131n\u0131 m\u00fcmk\u00fcn k\u0131lar:<\/p>\n<ul>\n<li>Bi\u00e7erd\u00f6ver<\/li>\n<li>Kolekt\u00f6r<\/li>\n<li>Ekskavat\u00f6r<\/li>\n<li>Tarak gemisi<\/li>\n<\/ul>\n<p>MAV\u0130 DEN\u0130Z yurt i\u00e7i ve yurt d\u0131\u015f\u0131 pazarlarda \u00e7e\u015fitli amfibi makineler kullan\u0131lmaktad\u0131r.<\/p>\n","protected":false},"excerpt":{"rendered":"<p>29 Eyl\u00fcl 2019, Mavi Deniz, ABD&#8217;ye \u00e7ok \u00e7e\u015fitli alet ve aksesuarlarla 2 adet \u00e7ok fonksiyonlu amfibi makine sa\u011flamak i\u00e7in s\u00f6zle\u015fme [&hellip;]<\/p>\n","protected":false},"author":1,"featured_media":0,"parent":27930,"menu_order":0,"comment_status":"closed","ping_status":"closed","template":"","meta":{"site-sidebar-layout":"default","site-content-layout":"","ast-site-content-layout":"default","site-content-style":"default","site-sidebar-style":"default","ast-global-header-display":"","ast-banner-title-visibility":"","ast-main-header-display":"","ast-hfb-above-header-display":"","ast-hfb-below-header-display":"","ast-hfb-mobile-header-display":"","site-post-title":"","ast-breadcrumbs-content":"","ast-featured-img":"","footer-sml-layout":"","ast-disable-related-posts":"","theme-transparent-header-meta":"","adv-header-id-meta":"","stick-header-meta":"","header-above-stick-meta":"","header-main-stick-meta":"","header-below-stick-meta":"","astra-migrate-meta-layouts":"default","ast-page-background-enabled":"default","ast-page-background-meta":{"desktop":{"background-color":"var(--ast-global-color-5)","background-image":"","background-repeat":"repeat","background-position":"center center","background-size":"auto","background-attachment":"scroll","background-type":"","background-media":"","overlay-type":"","overlay-color":"","overlay-opacity":"","overlay-gradient":""},"tablet":{"background-color":"","background-image":"","background-repeat":"repeat","background-position":"center center","background-size":"auto","background-attachment":"scroll","background-type":"","background-media":"","overlay-type":"","overlay-color":"","overlay-opacity":"","overlay-gradient":""},"mobile":{"background-color":"","background-image":"","background-repeat":"repeat","background-position":"center center","background-size":"auto","background-attachment":"scroll","background-type":"","background-media":"","overlay-type":"","overlay-color":"","overlay-opacity":"","overlay-gradient":""}},"ast-content-background-meta":{"desktop":{"background-color":"var(--ast-global-color-4)","background-image":"","background-repeat":"repeat","background-position":"center center","background-size":"auto","background-attachment":"scroll","background-type":"","background-media":"","overlay-type":"","overlay-color":"","overlay-opacity":"","overlay-gradient":""},"tablet":{"background-color":"var(--ast-global-color-4)","background-image":"","background-repeat":"repeat","background-position":"center center","background-size":"auto","background-attachment":"scroll","background-type":"","background-media":"","overlay-type":"","overlay-color":"","overlay-opacity":"","overlay-gradient":""},"mobile":{"background-color":"var(--ast-global-color-4)","background-image":"","background-repeat":"repeat","background-position":"center center","background-size":"auto","background-attachment":"scroll","background-type":"","background-media":"","overlay-type":"","overlay-color":"","overlay-opacity":"","overlay-gradient":""}},"footnotes":""},"class_list":["post-31904","page","type-page","status-publish","hentry"],"_links":{"self":[{"href":"https:\/\/mavideniz.com.tr\/tr\/wp-json\/wp\/v2\/pages\/31904","targetHints":{"allow":["GET"]}}],"collection":[{"href":"https:\/\/mavideniz.com.tr\/tr\/wp-json\/wp\/v2\/pages"}],"about":[{"href":"https:\/\/mavideniz.com.tr\/tr\/wp-json\/wp\/v2\/types\/page"}],"author":[{"embeddable":true,"href":"https:\/\/mavideniz.com.tr\/tr\/wp-json\/wp\/v2\/users\/1"}],"replies":[{"embeddable":true,"href":"https:\/\/mavideniz.com.tr\/tr\/wp-json\/wp\/v2\/comments?post=31904"}],"version-history":[{"count":0,"href":"https:\/\/mavideniz.com.tr\/tr\/wp-json\/wp\/v2\/pages\/31904\/revisions"}],"up":[{"embeddable":true,"href":"https:\/\/mavideniz.com.tr\/tr\/wp-json\/wp\/v2\/pages\/27930"}],"wp:attachment":[{"href":"https:\/\/mavideniz.com.tr\/tr\/wp-json\/wp\/v2\/media?parent=31904"}],"curies":[{"name":"wp","href":"https:\/\/api.w.org\/{rel}","templated":true}]}}