{"id":31908,"date":"2018-02-19T00:00:00","date_gmt":"2018-02-19T00:00:00","guid":{"rendered":"https:\/\/mavideniz.com.tr\/?page_id=31908"},"modified":"2023-06-29T13:49:17","modified_gmt":"2023-06-29T13:49:17","slug":"turkmenistana-2-adet-petrol-dokulmesine-mudahale-konteyner-temini","status":"publish","type":"page","link":"https:\/\/mavideniz.com.tr\/tr\/haberler-etkinlikler\/turkmenistana-2-adet-petrol-dokulmesine-mudahale-konteyner-temini\/","title":{"rendered":"T\u00dcRKMEN\u0130STAN&#8217;A 2 ADET PETROL D\u00d6K\u00dcLMES\u0130NE M\u00dcDAHALE KONTEYNER TEM\u0130N\u0130"},"content":{"rendered":"<p>19 \u015eubat 2018 Mavi Deniz, T\u00fcrkmenistan Liman\u0131&#8217;ndaki GAP Projesi&#8217;ne RINA Sertifikal\u0131 2 adet Tier 1 Petrol Yay\u0131l\u0131m\u0131 M\u00fcdahale Ekipman\u0131 Konteyneri tedarik edecek.<\/p>\n<p>\u0130\u00c7 UZUNLUK: 5.895 m<br \/>\n\u0130\u00c7 GEN\u0130\u015eL\u0130K: 2.350 m<br \/>\n\u0130\u00c7 Y\u00dcKSEKL\u0130K: 2.392 m<br \/>\nKAPI GEN\u0130\u015eL\u0130\u011e\u0130: 2.340 m<br \/>\nKAPI Y\u00dcKSEKL\u0130\u011e\u0130: 2.292 m<br \/>\nKAPAS\u0130TE: 33 m3<br \/>\nMAKS. KARGO A\u011eIRLI\u011eI: 28230 Kg<\/p>\n<p><strong>Tan\u0131m<\/strong><\/p>\n<p>Standart kaplar, genel ama\u00e7l\u0131 kaplar olarak da bilinir.<\/p>\n<p>Kapal\u0131 kaplard\u0131r, yani her taraf\u0131 kapal\u0131d\u0131r. A\u015fa\u011f\u0131daki standart konteyner t\u00fcrleri aras\u0131nda bir ayr\u0131m yap\u0131labilir:<img loading=\"lazy\" decoding=\"async\" class=\"alignright wp-image-26039 size-full\" src=\"https:\/\/mavideniz.com.tr\/wp-content\/uploads\/Media-Centre\/News-Events\/2018\/Rina-Class-Approved-Oil-Spill-Response-Container.jpg\" width=\"375\" height=\"250\" alt=\"\" title=\"\"><\/p>\n<ul>\n<li>Bir veya iki ucunda kap\u0131 bulunan standart konteynerler<\/li>\n<li>Bir veya her iki u\u00e7ta\/u\u00e7larda kap\u0131lar\u0131 olan ve bir veya her iki taraf\u0131n t\u00fcm uzunlu\u011fu boyunca kap\u0131lar\u0131 olan standart konteynerler<\/li>\n<li>Bir veya iki ucunda kap\u0131l\u0131 ve bir veya her iki tarafta kap\u0131lar\u0131 olan standart konteynerler<\/li>\n<li>Ek olarak, standart konteynerin \u00e7e\u015fitli t\u00fcrleri de boyut ve a\u011f\u0131rl\u0131k bak\u0131m\u0131ndan farkl\u0131l\u0131k g\u00f6sterir ve bu da geni\u015f bir standart konteyner yelpazesine yol a\u00e7ar.<\/li>\n<li>Standart konteynerler a\u011f\u0131rl\u0131kl\u0131 olarak 20&#8242; ve 40&#8242; konteyner olarak kullan\u0131lmaktad\u0131r. Daha k\u00fc\u00e7\u00fck boyutlu kaplar \u00e7ok nadiren kullan\u0131lmaktad\u0131r. Asl\u0131nda, e\u011filim daha b\u00fcy\u00fck boyutlara do\u011fru, \u00f6rne\u011fin 45&#8242;.<\/li>\n<\/ul>\n","protected":false},"excerpt":{"rendered":"<p>19 \u015eubat 2018 Mavi Deniz, T\u00fcrkmenistan Liman\u0131&#8217;ndaki GAP Projesi&#8217;ne RINA Sertifikal\u0131 2 adet Tier 1 Petrol Yay\u0131l\u0131m\u0131 M\u00fcdahale Ekipman\u0131 Konteyneri [&hellip;]<\/p>\n","protected":false},"author":1,"featured_media":0,"parent":27930,"menu_order":0,"comment_status":"closed","ping_status":"closed","template":"","meta":{"site-sidebar-layout":"default","site-content-layout":"","ast-site-content-layout":"default","site-content-style":"default","site-sidebar-style":"default","ast-global-header-display":"","ast-banner-title-visibility":"","ast-main-header-display":"","ast-hfb-above-header-display":"","ast-hfb-below-header-display":"","ast-hfb-mobile-header-display":"","site-post-title":"","ast-breadcrumbs-content":"","ast-featured-img":"","footer-sml-layout":"","ast-disable-related-posts":"","theme-transparent-header-meta":"","adv-header-id-meta":"","stick-header-meta":"","header-above-stick-meta":"","header-main-stick-meta":"","header-below-stick-meta":"","astra-migrate-meta-layouts":"default","ast-page-background-enabled":"default","ast-page-background-meta":{"desktop":{"background-color":"var(--ast-global-color-5)","background-image":"","background-repeat":"repeat","background-position":"center center","background-size":"auto","background-attachment":"scroll","background-type":"","background-media":"","overlay-type":"","overlay-color":"","overlay-opacity":"","overlay-gradient":""},"tablet":{"background-color":"","background-image":"","background-repeat":"repeat","background-position":"center center","background-size":"auto","background-attachment":"scroll","background-type":"","background-media":"","overlay-type":"","overlay-color":"","overlay-opacity":"","overlay-gradient":""},"mobile":{"background-color":"","background-image":"","background-repeat":"repeat","background-position":"center center","background-size":"auto","background-attachment":"scroll","background-type":"","background-media":"","overlay-type":"","overlay-color":"","overlay-opacity":"","overlay-gradient":""}},"ast-content-background-meta":{"desktop":{"background-color":"var(--ast-global-color-4)","background-image":"","background-repeat":"repeat","background-position":"center center","background-size":"auto","background-attachment":"scroll","background-type":"","background-media":"","overlay-type":"","overlay-color":"","overlay-opacity":"","overlay-gradient":""},"tablet":{"background-color":"var(--ast-global-color-4)","background-image":"","background-repeat":"repeat","background-position":"center center","background-size":"auto","background-attachment":"scroll","background-type":"","background-media":"","overlay-type":"","overlay-color":"","overlay-opacity":"","overlay-gradient":""},"mobile":{"background-color":"var(--ast-global-color-4)","background-image":"","background-repeat":"repeat","background-position":"center center","background-size":"auto","background-attachment":"scroll","background-type":"","background-media":"","overlay-type":"","overlay-color":"","overlay-opacity":"","overlay-gradient":""}},"footnotes":""},"class_list":["post-31908","page","type-page","status-publish","hentry"],"_links":{"self":[{"href":"https:\/\/mavideniz.com.tr\/tr\/wp-json\/wp\/v2\/pages\/31908","targetHints":{"allow":["GET"]}}],"collection":[{"href":"https:\/\/mavideniz.com.tr\/tr\/wp-json\/wp\/v2\/pages"}],"about":[{"href":"https:\/\/mavideniz.com.tr\/tr\/wp-json\/wp\/v2\/types\/page"}],"author":[{"embeddable":true,"href":"https:\/\/mavideniz.com.tr\/tr\/wp-json\/wp\/v2\/users\/1"}],"replies":[{"embeddable":true,"href":"https:\/\/mavideniz.com.tr\/tr\/wp-json\/wp\/v2\/comments?post=31908"}],"version-history":[{"count":0,"href":"https:\/\/mavideniz.com.tr\/tr\/wp-json\/wp\/v2\/pages\/31908\/revisions"}],"up":[{"embeddable":true,"href":"https:\/\/mavideniz.com.tr\/tr\/wp-json\/wp\/v2\/pages\/27930"}],"wp:attachment":[{"href":"https:\/\/mavideniz.com.tr\/tr\/wp-json\/wp\/v2\/media?parent=31908"}],"curies":[{"name":"wp","href":"https:\/\/api.w.org\/{rel}","templated":true}]}}