{"id":31911,"date":"2021-01-13T00:00:00","date_gmt":"2021-01-13T00:00:00","guid":{"rendered":"https:\/\/mavideniz.com.tr\/?page_id=31911"},"modified":"2023-06-29T14:06:26","modified_gmt":"2023-06-29T14:06:26","slug":"2-x-estonyaya-pnomatik-usturmaca-ihracati","status":"publish","type":"page","link":"https:\/\/mavideniz.com.tr\/tr\/haberler-etkinlikler\/2-x-estonyaya-pnomatik-usturmaca-ihracati\/","title":{"rendered":"2 x ESTONYA&#8217;YA PN\u00d6MAT\u0130K Usturma\u00e7a \u0130HRACATI"},"content":{"rendered":"<p>13 Ocak 2021, Mavi Deniz, Estonya, Tallin&#8217;e BV S\u0131n\u0131f\u0131 Sertifikal\u0131 2 adet Pn\u00f6matik \u00c7amurluk 2800 mm x 4000 mm sa\u011flamak i\u00e7in s\u00f6zle\u015fme imzalad\u0131.<br \/>\nTallin Bekker Liman\u0131.<img loading=\"lazy\" decoding=\"async\" class=\"alignright wp-image-26562 size-full\" src=\"https:\/\/mavideniz.com.tr\/wp-content\/uploads\/Media-Centre\/News-Events\/2021\/PNEUMATIC-FENDER-ESTONIA-2.jpg\" width=\"375\" height=\"250\" alt=\"\" title=\"\"><br \/>\nPn\u00f6matik Usturma\u00e7veya \u015ei\u015firilebilir Kau\u00e7uk \u00c7amurluk veya Yokohama usturma\u00e7a, geminin \u00e7arpma enerjisini emmek i\u00e7in bir tampon ortam olarak s\u0131k\u0131\u015ft\u0131r\u0131lm\u0131\u015f hava kullan\u0131r, b\u00f6ylece gemi yana\u015ft\u0131\u011f\u0131nda \u00e7arp\u0131\u015fma ve \u00e7arp\u0131\u015fmay\u0131 \u00f6nleme etkisini elde etmek i\u00e7in daha fazla esnekli\u011fe ve yumu\u015fakl\u0131\u011fa sahiptir.<\/p>\n","protected":false},"excerpt":{"rendered":"<p>13 Ocak 2021, Mavi Deniz, Estonya, Tallin&#8217;e BV S\u0131n\u0131f\u0131 Sertifikal\u0131 2 adet Pn\u00f6matik \u00c7amurluk 2800 mm x 4000 mm sa\u011flamak [&hellip;]<\/p>\n","protected":false},"author":1,"featured_media":0,"parent":27930,"menu_order":0,"comment_status":"closed","ping_status":"closed","template":"","meta":{"site-sidebar-layout":"default","site-content-layout":"","ast-site-content-layout":"default","site-content-style":"default","site-sidebar-style":"default","ast-global-header-display":"","ast-banner-title-visibility":"","ast-main-header-display":"","ast-hfb-above-header-display":"","ast-hfb-below-header-display":"","ast-hfb-mobile-header-display":"","site-post-title":"","ast-breadcrumbs-content":"","ast-featured-img":"","footer-sml-layout":"","ast-disable-related-posts":"","theme-transparent-header-meta":"","adv-header-id-meta":"","stick-header-meta":"","header-above-stick-meta":"","header-main-stick-meta":"","header-below-stick-meta":"","astra-migrate-meta-layouts":"default","ast-page-background-enabled":"default","ast-page-background-meta":{"desktop":{"background-color":"var(--ast-global-color-5)","background-image":"","background-repeat":"repeat","background-position":"center center","background-size":"auto","background-attachment":"scroll","background-type":"","background-media":"","overlay-type":"","overlay-color":"","overlay-opacity":"","overlay-gradient":""},"tablet":{"background-color":"","background-image":"","background-repeat":"repeat","background-position":"center center","background-size":"auto","background-attachment":"scroll","background-type":"","background-media":"","overlay-type":"","overlay-color":"","overlay-opacity":"","overlay-gradient":""},"mobile":{"background-color":"","background-image":"","background-repeat":"repeat","background-position":"center center","background-size":"auto","background-attachment":"scroll","background-type":"","background-media":"","overlay-type":"","overlay-color":"","overlay-opacity":"","overlay-gradient":""}},"ast-content-background-meta":{"desktop":{"background-color":"var(--ast-global-color-4)","background-image":"","background-repeat":"repeat","background-position":"center center","background-size":"auto","background-attachment":"scroll","background-type":"","background-media":"","overlay-type":"","overlay-color":"","overlay-opacity":"","overlay-gradient":""},"tablet":{"background-color":"var(--ast-global-color-4)","background-image":"","background-repeat":"repeat","background-position":"center center","background-size":"auto","background-attachment":"scroll","background-type":"","background-media":"","overlay-type":"","overlay-color":"","overlay-opacity":"","overlay-gradient":""},"mobile":{"background-color":"var(--ast-global-color-4)","background-image":"","background-repeat":"repeat","background-position":"center center","background-size":"auto","background-attachment":"scroll","background-type":"","background-media":"","overlay-type":"","overlay-color":"","overlay-opacity":"","overlay-gradient":""}},"footnotes":""},"class_list":["post-31911","page","type-page","status-publish","hentry"],"_links":{"self":[{"href":"https:\/\/mavideniz.com.tr\/tr\/wp-json\/wp\/v2\/pages\/31911","targetHints":{"allow":["GET"]}}],"collection":[{"href":"https:\/\/mavideniz.com.tr\/tr\/wp-json\/wp\/v2\/pages"}],"about":[{"href":"https:\/\/mavideniz.com.tr\/tr\/wp-json\/wp\/v2\/types\/page"}],"author":[{"embeddable":true,"href":"https:\/\/mavideniz.com.tr\/tr\/wp-json\/wp\/v2\/users\/1"}],"replies":[{"embeddable":true,"href":"https:\/\/mavideniz.com.tr\/tr\/wp-json\/wp\/v2\/comments?post=31911"}],"version-history":[{"count":0,"href":"https:\/\/mavideniz.com.tr\/tr\/wp-json\/wp\/v2\/pages\/31911\/revisions"}],"up":[{"embeddable":true,"href":"https:\/\/mavideniz.com.tr\/tr\/wp-json\/wp\/v2\/pages\/27930"}],"wp:attachment":[{"href":"https:\/\/mavideniz.com.tr\/tr\/wp-json\/wp\/v2\/media?parent=31911"}],"curies":[{"name":"wp","href":"https:\/\/api.w.org\/{rel}","templated":true}]}}