{"id":31915,"date":"2021-02-15T00:00:00","date_gmt":"2021-02-15T00:00:00","guid":{"rendered":"https:\/\/mavideniz.com.tr\/?page_id=31915"},"modified":"2023-12-30T23:07:12","modified_gmt":"2023-12-30T23:07:12","slug":"2-x-kimyasal-puskurtme-sistemi-bangladese-teslim-edildi","status":"publish","type":"page","link":"https:\/\/mavideniz.com.tr\/tr\/haberler-etkinlikler\/2-x-kimyasal-puskurtme-sistemi-bangladese-teslim-edildi\/","title":{"rendered":"2 x K\u0130MYASAL P\u00dcSK\u00dcRTME S\u0130STEM\u0130 BANGLADE\u015e&#8217;E TESL\u0130M ED\u0130LD\u0130"},"content":{"rendered":"<p>15 \u015eubat 2021 Mavi Deniz, 3A Solutions ile Banglade\u015f Sahil G\u00fcvenlik&#8217;e 2 adet Ta\u015f\u0131nabilir Da\u011f\u0131t\u0131c\u0131 Sprey Sistemi tedarik etmek i\u00e7in s\u00f6zle\u015fme imzalad\u0131. <img loading=\"lazy\" decoding=\"async\" class=\"size-full wp-image-26569 alignright\" src=\"https:\/\/mavideniz.com.tr\/wp-content\/uploads\/Media-Centre\/News-Events\/2021\/PORTABLE-DISPERSANT-SPRAY-SYSTEM-BANGLADESH-1.jpg\" alt=\"\" width=\"375\" height=\"250\" title=\"\"><br \/>\nMaviSpray \u00fcnitesi, ta\u015f\u0131nabilir, hafif bir ya\u011f da\u011f\u0131t\u0131c\u0131 kimyasal p\u00fcsk\u00fcrt\u00fcc\u00fc olarak tasarlanm\u0131\u015ft\u0131r. MaviSpray hem konsantre hem de seyreltik uygulamalar i\u00e7in kullan\u0131labilir. Pompa \u00fcnitesi, kendinden emi\u015fli bir kanatl\u0131 pompaya sahiptir ve gerekli deniz suyu\/kimyasal kar\u0131\u015f\u0131m\u0131n\u0131 elde etmek i\u00e7in bir s\u0131v\u0131 jet pompas\u0131 kullan\u0131r. Gerekti\u011finde ayn\u0131 anda kullan\u0131labilecek d\u00f6rt m\u0131zrak tedarik edilir &#8211; 1.000 litrelik petrol s\u0131z\u0131nt\u0131s\u0131 da\u011f\u0131t\u0131c\u0131s\u0131na sahip da\u011f\u0131t\u0131c\u0131 tank.<\/p>\n<p>Her m\u0131zrak, 10 metrelik kimyasallara dayan\u0131kl\u0131 hortumla donat\u0131lm\u0131\u015ft\u0131r ve naylon sapl\u0131 ve tetik korumal\u0131, a\u011f\u0131r hizmet tipi, darbeye dayan\u0131kl\u0131 p\u00fcsk\u00fcrtme tabancas\u0131na sahiptir. M\u0131zraklara giden bireysel ak\u0131\u015flar, \u00e7\u0131k\u0131\u015f manifoldunda bulunan valfler taraf\u0131ndan kontrol edilir.<\/p>\n<p>Kontrol Paneli sistemi bir ate\u015fleme g\u00f6sterge lambas\u0131, gaz kelebe\u011fi, motor a\u015f\u0131r\u0131 \u0131s\u0131nma koruma lambas\u0131, ak\u00fc elektrolit seviyesi alarm lambas\u0131, a\u00e7ma\/kapama anahtar\u0131, emme i\u00e7in Bile\u015fik g\u00f6sterge ve teslimat i\u00e7in Bas\u0131n\u00e7 g\u00f6stergesi i\u00e7erir. El m\u0131zra\u011f\u0131 4 x \u00bd&#8221; NB x 10 metre hortum ve m\u0131zrak.<\/p>\n","protected":false},"excerpt":{"rendered":"<p>15 \u015eubat 2021 Mavi Deniz, 3A Solutions ile Banglade\u015f Sahil G\u00fcvenlik&#8217;e 2 adet Ta\u015f\u0131nabilir Da\u011f\u0131t\u0131c\u0131 Sprey Sistemi tedarik etmek i\u00e7in [&hellip;]<\/p>\n","protected":false},"author":1,"featured_media":0,"parent":27930,"menu_order":0,"comment_status":"closed","ping_status":"closed","template":"","meta":{"site-sidebar-layout":"default","site-content-layout":"","ast-site-content-layout":"default","site-content-style":"default","site-sidebar-style":"default","ast-global-header-display":"","ast-banner-title-visibility":"","ast-main-header-display":"","ast-hfb-above-header-display":"","ast-hfb-below-header-display":"","ast-hfb-mobile-header-display":"","site-post-title":"","ast-breadcrumbs-content":"","ast-featured-img":"","footer-sml-layout":"","ast-disable-related-posts":"","theme-transparent-header-meta":"","adv-header-id-meta":"","stick-header-meta":"","header-above-stick-meta":"","header-main-stick-meta":"","header-below-stick-meta":"","astra-migrate-meta-layouts":"default","ast-page-background-enabled":"default","ast-page-background-meta":{"desktop":{"background-color":"var(--ast-global-color-5)","background-image":"","background-repeat":"repeat","background-position":"center center","background-size":"auto","background-attachment":"scroll","background-type":"","background-media":"","overlay-type":"","overlay-color":"","overlay-opacity":"","overlay-gradient":""},"tablet":{"background-color":"","background-image":"","background-repeat":"repeat","background-position":"center center","background-size":"auto","background-attachment":"scroll","background-type":"","background-media":"","overlay-type":"","overlay-color":"","overlay-opacity":"","overlay-gradient":""},"mobile":{"background-color":"","background-image":"","background-repeat":"repeat","background-position":"center center","background-size":"auto","background-attachment":"scroll","background-type":"","background-media":"","overlay-type":"","overlay-color":"","overlay-opacity":"","overlay-gradient":""}},"ast-content-background-meta":{"desktop":{"background-color":"var(--ast-global-color-4)","background-image":"","background-repeat":"repeat","background-position":"center center","background-size":"auto","background-attachment":"scroll","background-type":"","background-media":"","overlay-type":"","overlay-color":"","overlay-opacity":"","overlay-gradient":""},"tablet":{"background-color":"var(--ast-global-color-4)","background-image":"","background-repeat":"repeat","background-position":"center center","background-size":"auto","background-attachment":"scroll","background-type":"","background-media":"","overlay-type":"","overlay-color":"","overlay-opacity":"","overlay-gradient":""},"mobile":{"background-color":"var(--ast-global-color-4)","background-image":"","background-repeat":"repeat","background-position":"center center","background-size":"auto","background-attachment":"scroll","background-type":"","background-media":"","overlay-type":"","overlay-color":"","overlay-opacity":"","overlay-gradient":""}},"footnotes":""},"class_list":["post-31915","page","type-page","status-publish","hentry"],"_links":{"self":[{"href":"https:\/\/mavideniz.com.tr\/tr\/wp-json\/wp\/v2\/pages\/31915","targetHints":{"allow":["GET"]}}],"collection":[{"href":"https:\/\/mavideniz.com.tr\/tr\/wp-json\/wp\/v2\/pages"}],"about":[{"href":"https:\/\/mavideniz.com.tr\/tr\/wp-json\/wp\/v2\/types\/page"}],"author":[{"embeddable":true,"href":"https:\/\/mavideniz.com.tr\/tr\/wp-json\/wp\/v2\/users\/1"}],"replies":[{"embeddable":true,"href":"https:\/\/mavideniz.com.tr\/tr\/wp-json\/wp\/v2\/comments?post=31915"}],"version-history":[{"count":0,"href":"https:\/\/mavideniz.com.tr\/tr\/wp-json\/wp\/v2\/pages\/31915\/revisions"}],"up":[{"embeddable":true,"href":"https:\/\/mavideniz.com.tr\/tr\/wp-json\/wp\/v2\/pages\/27930"}],"wp:attachment":[{"href":"https:\/\/mavideniz.com.tr\/tr\/wp-json\/wp\/v2\/media?parent=31915"}],"curies":[{"name":"wp","href":"https:\/\/api.w.org\/{rel}","templated":true}]}}