{"id":31918,"date":"2016-05-04T00:00:00","date_gmt":"2016-05-04T00:00:00","guid":{"rendered":"https:\/\/mavideniz.com.tr\/?page_id=31918"},"modified":"2023-12-30T23:09:52","modified_gmt":"2023-12-30T23:09:52","slug":"2-750-m-azerbaycan-baku-golune-nehir-bariyeri-kuruldu","status":"publish","type":"page","link":"https:\/\/mavideniz.com.tr\/tr\/haberler-etkinlikler\/2-750-m-azerbaycan-baku-golune-nehir-bariyeri-kuruldu\/","title":{"rendered":"2.750 m AZERBAYCAN, BAK\u00dc G\u00d6L\u00dc&#8217;NE NEH\u0130R BAR\u0130YER\u0130 KURULDU"},"content":{"rendered":"<p>MAVI DENIZ, \u00f6nde gelen bir sahil\/sahil koruma ekipman\u0131 \u00fcreticisidir.<br \/>\nMAV\u0130 DEN\u0130Z, uzman ve ki\u015fiye \u00f6zel hizmetler sa\u011flama konusunda rakipsiz bir \u00fcne sahip lider bir uluslararas\u0131 \u00e7evre dan\u0131\u015fmanl\u0131k \u015firketidir.<img loading=\"lazy\" decoding=\"async\" class=\"alignright wp-image-26426 size-full\" src=\"https:\/\/mavideniz.com.tr\/wp-content\/uploads\/Media-Centre\/News-Events\/2016\/River-Boom-2.jpg\" width=\"375\" height=\"250\" alt=\"\" title=\"\"><\/p>\n<p>MAV\u0130 DEN\u0130Z, 40 May\u0131s 2016&#8217;da Azerbaycan&#8217;\u0131n ba\u015fkenti Bak\u00fc&#8217;de son teknoloji \u00fcr\u00fcn\u00fc ekipmanlar geli\u015ftirmeyi ama\u00e7layan bir konsorsiyuma teknik dan\u0131\u015fman olarak g\u00f6rev yap\u0131yor. \u00c7evre Teknolojileri Ltd. dan\u0131\u015fmanlar\u0131ndan olu\u015fan konsorsiyum finans \u00fczerine X-OIL ve yasal olarak Hazar Deniz MMC&#8217;yi i\u00e7erir.<\/p>\n<p>Bak\u00fc&#8217;de bulunan g\u00f6le 2.750 m.&#8217;lik I\u015f\u0131kland\u0131rma Bombalar\u0131 yerle\u015ftirilmi\u015ftir ve deniz yosunu, cam, \u015f\u0131r\u0131nga, plastik, kutu, sigara, kabuk, ta\u015f, odun gibi plajlar\u0131n korunmas\u0131na ve korunmas\u0131na katk\u0131da bulunur.<\/p>\n<p><strong>\u0130yile\u015ftirmeyi destekleyen hizmetler \u015funlar\u0131 i\u00e7erir:<\/strong><\/p>\n<ul>\n<li>Risk de\u011ferlendirmesi<\/li>\n<li>\u0130yile\u015ftirici Tasar\u0131m ve \u0130n\u015faat<\/li>\n<li>Toprak ve yeralt\u0131 suyu temizli\u011fi<\/li>\n<li>\u0130yile\u015ftirici sistem i\u015fletimi ve bak\u0131m\u0131<\/li>\n<li>Dekontaminasyon ve y\u0131k\u0131m<\/li>\n<li>\u0130yile\u015ftirici ara\u015ft\u0131rma\/fizibilite \u00e7al\u0131\u015fmalar\u0131<\/li>\n<li>Belediye at\u0131ksu ar\u0131tma dan\u0131\u015fmanl\u0131\u011f\u0131<\/li>\n<li>Ya\u011fl\u0131 su ar\u0131tma dan\u0131\u015fmanl\u0131\u011f\u0131<\/li>\n<li>\u00dcretilen su ar\u0131tma dan\u0131\u015fmanl\u0131\u011f\u0131<\/li>\n<\/ul>\n","protected":false},"excerpt":{"rendered":"<p>MAVI DENIZ, \u00f6nde gelen bir sahil\/sahil koruma ekipman\u0131 \u00fcreticisidir. MAV\u0130 DEN\u0130Z, uzman ve ki\u015fiye \u00f6zel hizmetler sa\u011flama konusunda rakipsiz bir [&hellip;]<\/p>\n","protected":false},"author":1,"featured_media":0,"parent":27930,"menu_order":0,"comment_status":"closed","ping_status":"closed","template":"","meta":{"site-sidebar-layout":"default","site-content-layout":"","ast-site-content-layout":"default","site-content-style":"default","site-sidebar-style":"default","ast-global-header-display":"","ast-banner-title-visibility":"","ast-main-header-display":"","ast-hfb-above-header-display":"","ast-hfb-below-header-display":"","ast-hfb-mobile-header-display":"","site-post-title":"","ast-breadcrumbs-content":"","ast-featured-img":"","footer-sml-layout":"","ast-disable-related-posts":"","theme-transparent-header-meta":"","adv-header-id-meta":"","stick-header-meta":"","header-above-stick-meta":"","header-main-stick-meta":"","header-below-stick-meta":"","astra-migrate-meta-layouts":"default","ast-page-background-enabled":"default","ast-page-background-meta":{"desktop":{"background-color":"var(--ast-global-color-5)","background-image":"","background-repeat":"repeat","background-position":"center center","background-size":"auto","background-attachment":"scroll","background-type":"","background-media":"","overlay-type":"","overlay-color":"","overlay-opacity":"","overlay-gradient":""},"tablet":{"background-color":"","background-image":"","background-repeat":"repeat","background-position":"center center","background-size":"auto","background-attachment":"scroll","background-type":"","background-media":"","overlay-type":"","overlay-color":"","overlay-opacity":"","overlay-gradient":""},"mobile":{"background-color":"","background-image":"","background-repeat":"repeat","background-position":"center center","background-size":"auto","background-attachment":"scroll","background-type":"","background-media":"","overlay-type":"","overlay-color":"","overlay-opacity":"","overlay-gradient":""}},"ast-content-background-meta":{"desktop":{"background-color":"var(--ast-global-color-4)","background-image":"","background-repeat":"repeat","background-position":"center center","background-size":"auto","background-attachment":"scroll","background-type":"","background-media":"","overlay-type":"","overlay-color":"","overlay-opacity":"","overlay-gradient":""},"tablet":{"background-color":"var(--ast-global-color-4)","background-image":"","background-repeat":"repeat","background-position":"center center","background-size":"auto","background-attachment":"scroll","background-type":"","background-media":"","overlay-type":"","overlay-color":"","overlay-opacity":"","overlay-gradient":""},"mobile":{"background-color":"var(--ast-global-color-4)","background-image":"","background-repeat":"repeat","background-position":"center center","background-size":"auto","background-attachment":"scroll","background-type":"","background-media":"","overlay-type":"","overlay-color":"","overlay-opacity":"","overlay-gradient":""}},"footnotes":""},"class_list":["post-31918","page","type-page","status-publish","hentry"],"_links":{"self":[{"href":"https:\/\/mavideniz.com.tr\/tr\/wp-json\/wp\/v2\/pages\/31918","targetHints":{"allow":["GET"]}}],"collection":[{"href":"https:\/\/mavideniz.com.tr\/tr\/wp-json\/wp\/v2\/pages"}],"about":[{"href":"https:\/\/mavideniz.com.tr\/tr\/wp-json\/wp\/v2\/types\/page"}],"author":[{"embeddable":true,"href":"https:\/\/mavideniz.com.tr\/tr\/wp-json\/wp\/v2\/users\/1"}],"replies":[{"embeddable":true,"href":"https:\/\/mavideniz.com.tr\/tr\/wp-json\/wp\/v2\/comments?post=31918"}],"version-history":[{"count":0,"href":"https:\/\/mavideniz.com.tr\/tr\/wp-json\/wp\/v2\/pages\/31918\/revisions"}],"up":[{"embeddable":true,"href":"https:\/\/mavideniz.com.tr\/tr\/wp-json\/wp\/v2\/pages\/27930"}],"wp:attachment":[{"href":"https:\/\/mavideniz.com.tr\/tr\/wp-json\/wp\/v2\/media?parent=31918"}],"curies":[{"name":"wp","href":"https:\/\/api.w.org\/{rel}","templated":true}]}}