{"id":31922,"date":"2019-05-14T00:00:00","date_gmt":"2019-05-14T00:00:00","guid":{"rendered":"https:\/\/mavideniz.com.tr\/?page_id=31922"},"modified":"2023-12-30T23:45:30","modified_gmt":"2023-12-30T23:45:30","slug":"20-adet-x-yag-dokulme-kiti-suudi-arabistana-teslim","status":"publish","type":"page","link":"https:\/\/mavideniz.com.tr\/tr\/haberler-etkinlikler\/20-adet-x-yag-dokulme-kiti-suudi-arabistana-teslim\/","title":{"rendered":"20 ADET x YA\u011e D\u00d6K\u00dcLME K\u0130T\u0130 SUUD\u0130 ARAB\u0130STAN&#8217;A TESL\u0130M\u0130"},"content":{"rendered":"<p>14 May\u0131s 2019 Mavi Deniz, Suudi Arabistan&#8217;\u0131n Cidde Liman\u0131&#8217;ndaki \u00e7e\u015fitli gemilere 20 adet 12 Varil deniz petrol s\u0131z\u0131nt\u0131s\u0131 kitleri MAVI DEN\u0130Z tedarik edilmesini sa\u011flad\u0131.<\/p>\n<p>MAV\u0130 DEN\u0130Z D\u00f6k\u00fclme Kitleri, limanlardan, limanlardan, gemilerden, tersanelerden ve a\u011f\u0131r sanayi tesislerinden a\u011f\u0131r sanayi tesislerine kadar bir\u00e7ok petrol<img loading=\"lazy\" decoding=\"async\" class=\"size-full wp-image-25849 alignright\" src=\"https:\/\/mavideniz.com.tr\/wp-content\/uploads\/Media-Centre\/News-Events\/2019\/Oil-Spill-Kit-1.jpg\" alt=\"\" width=\"374\" height=\"250\" title=\"\"> ve kimyasal d\u00f6k\u00fcnt\u00fc ile ba\u015fa \u00e7\u0131kmak i\u00e7in tasarlanm\u0131\u015ft\u0131r.<br \/>\nk\u00fc\u00e7\u00fck m\u00fchendislik at\u00f6lyeleri.<\/p>\n<p>Mavi Deniz Petrol S\u0131z\u0131nt\u0131s\u0131 Kiti, IMO, MARPOL ve OPA &#8217;90&#8217;\u0131n gerektirdi\u011fi \u015fekilde her geminin m\u00fcdahale plan\u0131 ile ba\u011flant\u0131l\u0131 olarak h\u0131zl\u0131 ve etkili bir \u015fekilde konu\u015fland\u0131r\u0131lmak \u00fczere tasarlanm\u0131\u015f bir deniz petrol s\u0131z\u0131nt\u0131s\u0131 m\u00fcdahale \u00f6nlemidir. Ya\u011f D\u00f6k\u00fclme Kitinde bulunan emici maddeler, d\u00f6k\u00fclme kontrol\u00fc, temizlik, bak\u0131m, denizcilik ve di\u011fer uygulamalar i\u00e7in a\u011f\u0131rl\u0131klar\u0131n\u0131n 25 kat\u0131na kadar emen \u00e7e\u015fitli formlarda \u00fcretilir.<\/p>\n<p><strong>Y\u00f6netmelik Gereksinimleri<\/strong><\/p>\n<p>IMO karar\u0131 A535\/13 ve 1990 Petrol Kirlili\u011fi Yasas\u0131 (OPA) b\u00f6l\u00fcm 4202&#8217;ye g\u00f6re, 400 Ft (122 metre) ve daha k\u00fc\u00e7\u00fck gemilerin 7 varili (1100 litre) \u00e7\u0131karmay\u0131 idare etmek i\u00e7in yeterli emici malzeme ekipman\u0131na sahip olmas\u0131 tavsiye edilir. ) petrol, daha b\u00fcy\u00fck gemiler ise 12 varil (1900 litre) petrol\u00fcn bak\u0131m\u0131 i\u00e7in donat\u0131lmal\u0131d\u0131r. Kara i\u00e7i petrol mavnalar\u0131 en az 1 varil (159 litre) petrol ile ba\u015fa \u00e7\u0131kabilmelidir. MARPOL Ek I&#8217;in 37. Kural\u0131, 150 groston ve \u00fczeri petrol tankerlerinin ve 400 gros ton ve \u00fczeri t\u00fcm gemilerin onayl\u0131 bir Gemide Petrol Kirlili\u011fi Acil Durum Plan\u0131 (SOPEP) ta\u015f\u0131mas\u0131n\u0131 gerektirir. Plan, 400&#8242; alt\u0131ndaki gemilerin 7 Varil (1100 ltr) Deniz D\u00f6k\u00fclme Kiti gerektirdi\u011fini belirtir. 400&#8242; \u00fczerindeki gemiler i\u00e7in 12 varil (1900 ltr) Deniz D\u00f6k\u00fclme Kiti gerekir.<\/p>\n","protected":false},"excerpt":{"rendered":"<p>14 May\u0131s 2019 Mavi Deniz, Suudi Arabistan&#8217;\u0131n Cidde Liman\u0131&#8217;ndaki \u00e7e\u015fitli gemilere 20 adet 12 Varil deniz petrol s\u0131z\u0131nt\u0131s\u0131 kitleri MAVI [&hellip;]<\/p>\n","protected":false},"author":1,"featured_media":0,"parent":27930,"menu_order":0,"comment_status":"closed","ping_status":"closed","template":"","meta":{"site-sidebar-layout":"default","site-content-layout":"","ast-site-content-layout":"default","site-content-style":"default","site-sidebar-style":"default","ast-global-header-display":"","ast-banner-title-visibility":"","ast-main-header-display":"","ast-hfb-above-header-display":"","ast-hfb-below-header-display":"","ast-hfb-mobile-header-display":"","site-post-title":"","ast-breadcrumbs-content":"","ast-featured-img":"","footer-sml-layout":"","ast-disable-related-posts":"","theme-transparent-header-meta":"","adv-header-id-meta":"","stick-header-meta":"","header-above-stick-meta":"","header-main-stick-meta":"","header-below-stick-meta":"","astra-migrate-meta-layouts":"default","ast-page-background-enabled":"default","ast-page-background-meta":{"desktop":{"background-color":"var(--ast-global-color-5)","background-image":"","background-repeat":"repeat","background-position":"center center","background-size":"auto","background-attachment":"scroll","background-type":"","background-media":"","overlay-type":"","overlay-color":"","overlay-opacity":"","overlay-gradient":""},"tablet":{"background-color":"","background-image":"","background-repeat":"repeat","background-position":"center center","background-size":"auto","background-attachment":"scroll","background-type":"","background-media":"","overlay-type":"","overlay-color":"","overlay-opacity":"","overlay-gradient":""},"mobile":{"background-color":"","background-image":"","background-repeat":"repeat","background-position":"center center","background-size":"auto","background-attachment":"scroll","background-type":"","background-media":"","overlay-type":"","overlay-color":"","overlay-opacity":"","overlay-gradient":""}},"ast-content-background-meta":{"desktop":{"background-color":"var(--ast-global-color-4)","background-image":"","background-repeat":"repeat","background-position":"center center","background-size":"auto","background-attachment":"scroll","background-type":"","background-media":"","overlay-type":"","overlay-color":"","overlay-opacity":"","overlay-gradient":""},"tablet":{"background-color":"var(--ast-global-color-4)","background-image":"","background-repeat":"repeat","background-position":"center center","background-size":"auto","background-attachment":"scroll","background-type":"","background-media":"","overlay-type":"","overlay-color":"","overlay-opacity":"","overlay-gradient":""},"mobile":{"background-color":"var(--ast-global-color-4)","background-image":"","background-repeat":"repeat","background-position":"center center","background-size":"auto","background-attachment":"scroll","background-type":"","background-media":"","overlay-type":"","overlay-color":"","overlay-opacity":"","overlay-gradient":""}},"footnotes":""},"class_list":["post-31922","page","type-page","status-publish","hentry"],"_links":{"self":[{"href":"https:\/\/mavideniz.com.tr\/tr\/wp-json\/wp\/v2\/pages\/31922","targetHints":{"allow":["GET"]}}],"collection":[{"href":"https:\/\/mavideniz.com.tr\/tr\/wp-json\/wp\/v2\/pages"}],"about":[{"href":"https:\/\/mavideniz.com.tr\/tr\/wp-json\/wp\/v2\/types\/page"}],"author":[{"embeddable":true,"href":"https:\/\/mavideniz.com.tr\/tr\/wp-json\/wp\/v2\/users\/1"}],"replies":[{"embeddable":true,"href":"https:\/\/mavideniz.com.tr\/tr\/wp-json\/wp\/v2\/comments?post=31922"}],"version-history":[{"count":0,"href":"https:\/\/mavideniz.com.tr\/tr\/wp-json\/wp\/v2\/pages\/31922\/revisions"}],"up":[{"embeddable":true,"href":"https:\/\/mavideniz.com.tr\/tr\/wp-json\/wp\/v2\/pages\/27930"}],"wp:attachment":[{"href":"https:\/\/mavideniz.com.tr\/tr\/wp-json\/wp\/v2\/media?parent=31922"}],"curies":[{"name":"wp","href":"https:\/\/api.w.org\/{rel}","templated":true}]}}