{"id":31928,"date":"2017-10-05T00:00:00","date_gmt":"2017-10-05T00:00:00","guid":{"rendered":"https:\/\/mavideniz.com.tr\/?page_id=31928"},"modified":"2023-12-30T23:12:50","modified_gmt":"2023-12-30T23:12:50","slug":"4-adet-pnomatik-usturmaca","status":"publish","type":"page","link":"https:\/\/mavideniz.com.tr\/tr\/haberler-etkinlikler\/4-adet-pnomatik-usturmaca\/","title":{"rendered":"4 ADET PN\u00d6MAT\u0130K USTURMA\u00c7A"},"content":{"rendered":"<p>MAV\u0130 DEN\u0130Z Gemak Tersanesi&#8217;ne 05.Ekim.2017 tarihinde 3,5 m x 2,5 m boyutlar\u0131nda 4 adet Yokohoma Fender tedarik etmektedir. Y\u00fczer pn\u00f6matik usturma\u00e7alar, gemiden gemiye (STS) transfer operasyonlar\u0131, terminaller ve her t\u00fcrl\u00fc gemi i\u00e7in d\u00fcnya \u00e7ap\u0131nda kullan\u0131lmaktad\u0131r.<br \/>\nGemiden gemiye (STS)<br \/>\nPn\u00f6matik veya k\u00f6p\u00fck elastomer gibi y\u00fczer usturma\u00e7a tipik olarak iki gemi aras\u0131nda yak\u0131t doldurmak i\u00e7in kullan\u0131l\u0131r.<\/p>\n<p>Kurulu\u015fundan bug\u00fcne kadar, de\u011ferli m\u00fc\u015fterilerimize hizmet veren gemiden gemiye ve gemiden limana operasyonlar i\u00e7in d\u00fcnya \u00e7ap\u0131nda 500&#8217;den fazla usturma\u00e7a tedarik edilmi\u015ftir. Bu usturma\u00e7alar, gemi yana\u015fma ve demirleme i\u015flemlerinin g\u00fcvenli s\u00fcrecinde kritik bir rol oynamaktad\u0131r.<\/p>\n<p>usturma\u00e7a, kinetik enerjiyi veya geminin bir iskeleye, r\u0131ht\u0131m duvar\u0131na veya di\u011fer gemilere yana\u015fmas\u0131n\u0131 emen bir tampondur. Usturma\u00e7alar teknelere, gemilere ve yana\u015fma yap\u0131lar\u0131na zarar gelmesini \u00f6nler. Bunu yapmak i\u00e7in, usturma\u00e7alar genellikle y\u00fcksek enerji absorpsiyonuna ve d\u00fc\u015f\u00fck reaksiyon kuvvetine sahiptir. Usturma\u00e7alar tipik olarak kau\u00e7uk veya k\u00f6p\u00fck elastomerden \u00fcretilir. Bir uygulama i\u00e7in en uygun usturma\u00e7a tipi, geminin boyutlar\u0131 ve yer de\u011fi\u015ftirmesi, izin verilen maksimum mesafe, yana\u015fma yap\u0131s\u0131, gelgit de\u011fi\u015fimleri ve di\u011fer r\u0131ht\u0131ma \u00f6zg\u00fc ko\u015fullar dahil olmak \u00fczere bir\u00e7ok de\u011fi\u015fkene ba\u011fl\u0131d\u0131r. Ustrurma\u00e7an\u0131n biriminin boyutu, yana\u015fma h\u0131z\u0131n\u0131n karesi ile ilgili olan geminin yana\u015fma enerjisine dayanmaktad\u0131r.<\/p>\n","protected":false},"excerpt":{"rendered":"<p>MAV\u0130 DEN\u0130Z Gemak Tersanesi&#8217;ne 05.Ekim.2017 tarihinde 3,5 m x 2,5 m boyutlar\u0131nda 4 adet Yokohoma Fender tedarik etmektedir. Y\u00fczer pn\u00f6matik [&hellip;]<\/p>\n","protected":false},"author":1,"featured_media":0,"parent":27930,"menu_order":0,"comment_status":"closed","ping_status":"closed","template":"","meta":{"site-sidebar-layout":"default","site-content-layout":"","ast-site-content-layout":"default","site-content-style":"default","site-sidebar-style":"default","ast-global-header-display":"","ast-banner-title-visibility":"","ast-main-header-display":"","ast-hfb-above-header-display":"","ast-hfb-below-header-display":"","ast-hfb-mobile-header-display":"","site-post-title":"","ast-breadcrumbs-content":"","ast-featured-img":"","footer-sml-layout":"","ast-disable-related-posts":"","theme-transparent-header-meta":"","adv-header-id-meta":"","stick-header-meta":"","header-above-stick-meta":"","header-main-stick-meta":"","header-below-stick-meta":"","astra-migrate-meta-layouts":"default","ast-page-background-enabled":"default","ast-page-background-meta":{"desktop":{"background-color":"var(--ast-global-color-5)","background-image":"","background-repeat":"repeat","background-position":"center center","background-size":"auto","background-attachment":"scroll","background-type":"","background-media":"","overlay-type":"","overlay-color":"","overlay-opacity":"","overlay-gradient":""},"tablet":{"background-color":"","background-image":"","background-repeat":"repeat","background-position":"center center","background-size":"auto","background-attachment":"scroll","background-type":"","background-media":"","overlay-type":"","overlay-color":"","overlay-opacity":"","overlay-gradient":""},"mobile":{"background-color":"","background-image":"","background-repeat":"repeat","background-position":"center center","background-size":"auto","background-attachment":"scroll","background-type":"","background-media":"","overlay-type":"","overlay-color":"","overlay-opacity":"","overlay-gradient":""}},"ast-content-background-meta":{"desktop":{"background-color":"var(--ast-global-color-4)","background-image":"","background-repeat":"repeat","background-position":"center center","background-size":"auto","background-attachment":"scroll","background-type":"","background-media":"","overlay-type":"","overlay-color":"","overlay-opacity":"","overlay-gradient":""},"tablet":{"background-color":"var(--ast-global-color-4)","background-image":"","background-repeat":"repeat","background-position":"center center","background-size":"auto","background-attachment":"scroll","background-type":"","background-media":"","overlay-type":"","overlay-color":"","overlay-opacity":"","overlay-gradient":""},"mobile":{"background-color":"var(--ast-global-color-4)","background-image":"","background-repeat":"repeat","background-position":"center center","background-size":"auto","background-attachment":"scroll","background-type":"","background-media":"","overlay-type":"","overlay-color":"","overlay-opacity":"","overlay-gradient":""}},"footnotes":""},"class_list":["post-31928","page","type-page","status-publish","hentry"],"_links":{"self":[{"href":"https:\/\/mavideniz.com.tr\/tr\/wp-json\/wp\/v2\/pages\/31928","targetHints":{"allow":["GET"]}}],"collection":[{"href":"https:\/\/mavideniz.com.tr\/tr\/wp-json\/wp\/v2\/pages"}],"about":[{"href":"https:\/\/mavideniz.com.tr\/tr\/wp-json\/wp\/v2\/types\/page"}],"author":[{"embeddable":true,"href":"https:\/\/mavideniz.com.tr\/tr\/wp-json\/wp\/v2\/users\/1"}],"replies":[{"embeddable":true,"href":"https:\/\/mavideniz.com.tr\/tr\/wp-json\/wp\/v2\/comments?post=31928"}],"version-history":[{"count":0,"href":"https:\/\/mavideniz.com.tr\/tr\/wp-json\/wp\/v2\/pages\/31928\/revisions"}],"up":[{"embeddable":true,"href":"https:\/\/mavideniz.com.tr\/tr\/wp-json\/wp\/v2\/pages\/27930"}],"wp:attachment":[{"href":"https:\/\/mavideniz.com.tr\/tr\/wp-json\/wp\/v2\/media?parent=31928"}],"curies":[{"name":"wp","href":"https:\/\/api.w.org\/{rel}","templated":true}]}}