{"id":31931,"date":"2020-11-28T00:00:00","date_gmt":"2020-11-28T00:00:00","guid":{"rendered":"https:\/\/mavideniz.com.tr\/?page_id=31931"},"modified":"2023-12-30T23:13:47","modified_gmt":"2023-12-30T23:13:47","slug":"4-x-romorkor-kimyasal-sprey-sistemi","status":"publish","type":"page","link":"https:\/\/mavideniz.com.tr\/tr\/haberler-etkinlikler\/4-x-romorkor-kimyasal-sprey-sistemi\/","title":{"rendered":"4 X R\u00d6MORK\u00d6R K\u0130MYASAL SPREY S\u0130STEM\u0130"},"content":{"rendered":"<p>28 Kas\u0131m 2020 Mavi Deniz, Uzmar Gemi \u0130n\u015fa Sanayi ve Ticaret A.\u015e ile 4 adet MAVISPRAY 8000D tedariki i\u00e7in s\u00f6zle\u015fme imzalad\u0131.<br \/>\nKonsantre veya seyreltilmi\u015f da\u011f\u0131t\u0131c\u0131 uygulamas\u0131 i\u00e7in ta\u015f\u0131nabilir elektrikli da\u011f\u0131t\u0131c\u0131 p\u00fcsk\u00fcrtme sistemi.<br \/>\n<img loading=\"lazy\" decoding=\"async\" class=\"size-full wp-image-26126 alignright\" src=\"https:\/\/mavideniz.com.tr\/wp-content\/uploads\/Media-Centre\/News-Events\/2020\/TUG-BOAT-DISPERSANT-SPRAY-SYSTEM-1.jpg\" alt=\"\" width=\"375\" height=\"250\" title=\"\"><br \/>\nSistem, bir 400V, 50Hz, 3 fazl\u0131 elektrikli tahrikli pompa \u00fcnitesi, 2 \u00d7 4 m hafif al\u00fcminyum p\u00fcsk\u00fcrtme kollar\u0131 b\u00f6l\u00fcm\u00fcnde 8 m uzunluk kolu, 2,5 m al\u00fcminyumlu destek dire\u011fi ve ba\u011fl\u0131 olan t\u00fcm hortumlar, nozullar ve ba\u011flant\u0131 par\u00e7alar\u0131n\u0131 i\u00e7erir. .<\/p>\n<p>Sistem, 415V, 50Hz, 3 fazl\u0131 elektrikli tahrikli pompa \u00fcnitesi, 2 \u00d7 4 m hafif al\u00fcminyum p\u00fcsk\u00fcrtme kollar\u0131 b\u00f6l\u00fcm\u00fcnde 8 m uzunluk kolu, 2,5 m al\u00fcminyumlu destek dire\u011fi ve ba\u011fl\u0131 t\u00fcm hortumlar, nozullar ve ba\u011flant\u0131 par\u00e7alar\u0131n\u0131 i\u00e7erir.<\/p>\n<p>Gemi friborduna uyacak \u015fekilde 8 adet Nozul \u0130ni\u015f Borusu (1-2m) verilir.<br \/>\nBiz, dispersan sprey \u00fcreticilerinin d\u00fcnyan\u0131n en g\u00fcvenlik bilincine sahip tedarik\u00e7ilerinden biriyiz.<\/p>\n","protected":false},"excerpt":{"rendered":"<p>28 Kas\u0131m 2020 Mavi Deniz, Uzmar Gemi \u0130n\u015fa Sanayi ve Ticaret A.\u015e ile 4 adet MAVISPRAY 8000D tedariki i\u00e7in s\u00f6zle\u015fme [&hellip;]<\/p>\n","protected":false},"author":1,"featured_media":0,"parent":27930,"menu_order":0,"comment_status":"closed","ping_status":"closed","template":"","meta":{"site-sidebar-layout":"default","site-content-layout":"","ast-site-content-layout":"default","site-content-style":"default","site-sidebar-style":"default","ast-global-header-display":"","ast-banner-title-visibility":"","ast-main-header-display":"","ast-hfb-above-header-display":"","ast-hfb-below-header-display":"","ast-hfb-mobile-header-display":"","site-post-title":"","ast-breadcrumbs-content":"","ast-featured-img":"","footer-sml-layout":"","ast-disable-related-posts":"","theme-transparent-header-meta":"","adv-header-id-meta":"","stick-header-meta":"","header-above-stick-meta":"","header-main-stick-meta":"","header-below-stick-meta":"","astra-migrate-meta-layouts":"default","ast-page-background-enabled":"default","ast-page-background-meta":{"desktop":{"background-color":"var(--ast-global-color-5)","background-image":"","background-repeat":"repeat","background-position":"center center","background-size":"auto","background-attachment":"scroll","background-type":"","background-media":"","overlay-type":"","overlay-color":"","overlay-opacity":"","overlay-gradient":""},"tablet":{"background-color":"","background-image":"","background-repeat":"repeat","background-position":"center center","background-size":"auto","background-attachment":"scroll","background-type":"","background-media":"","overlay-type":"","overlay-color":"","overlay-opacity":"","overlay-gradient":""},"mobile":{"background-color":"","background-image":"","background-repeat":"repeat","background-position":"center center","background-size":"auto","background-attachment":"scroll","background-type":"","background-media":"","overlay-type":"","overlay-color":"","overlay-opacity":"","overlay-gradient":""}},"ast-content-background-meta":{"desktop":{"background-color":"var(--ast-global-color-4)","background-image":"","background-repeat":"repeat","background-position":"center center","background-size":"auto","background-attachment":"scroll","background-type":"","background-media":"","overlay-type":"","overlay-color":"","overlay-opacity":"","overlay-gradient":""},"tablet":{"background-color":"var(--ast-global-color-4)","background-image":"","background-repeat":"repeat","background-position":"center center","background-size":"auto","background-attachment":"scroll","background-type":"","background-media":"","overlay-type":"","overlay-color":"","overlay-opacity":"","overlay-gradient":""},"mobile":{"background-color":"var(--ast-global-color-4)","background-image":"","background-repeat":"repeat","background-position":"center center","background-size":"auto","background-attachment":"scroll","background-type":"","background-media":"","overlay-type":"","overlay-color":"","overlay-opacity":"","overlay-gradient":""}},"footnotes":""},"class_list":["post-31931","page","type-page","status-publish","hentry"],"_links":{"self":[{"href":"https:\/\/mavideniz.com.tr\/tr\/wp-json\/wp\/v2\/pages\/31931","targetHints":{"allow":["GET"]}}],"collection":[{"href":"https:\/\/mavideniz.com.tr\/tr\/wp-json\/wp\/v2\/pages"}],"about":[{"href":"https:\/\/mavideniz.com.tr\/tr\/wp-json\/wp\/v2\/types\/page"}],"author":[{"embeddable":true,"href":"https:\/\/mavideniz.com.tr\/tr\/wp-json\/wp\/v2\/users\/1"}],"replies":[{"embeddable":true,"href":"https:\/\/mavideniz.com.tr\/tr\/wp-json\/wp\/v2\/comments?post=31931"}],"version-history":[{"count":0,"href":"https:\/\/mavideniz.com.tr\/tr\/wp-json\/wp\/v2\/pages\/31931\/revisions"}],"up":[{"embeddable":true,"href":"https:\/\/mavideniz.com.tr\/tr\/wp-json\/wp\/v2\/pages\/27930"}],"wp:attachment":[{"href":"https:\/\/mavideniz.com.tr\/tr\/wp-json\/wp\/v2\/media?parent=31931"}],"curies":[{"name":"wp","href":"https:\/\/api.w.org\/{rel}","templated":true}]}}