{"id":31934,"date":"2020-10-19T00:00:00","date_gmt":"2020-10-19T00:00:00","guid":{"rendered":"https:\/\/mavideniz.com.tr\/?page_id=31934"},"modified":"2023-12-30T23:49:27","modified_gmt":"2023-12-30T23:49:27","slug":"katar-donanmasindan-450-m-silt-perde-siparisi","status":"publish","type":"page","link":"https:\/\/mavideniz.com.tr\/tr\/haberler-etkinlikler\/katar-donanmasindan-450-m-silt-perde-siparisi\/","title":{"rendered":"KATAR DONANMASINDAN 450 M S\u0130LT PERDE S\u0130PAR\u0130\u015e\u0130"},"content":{"rendered":"<p><img loading=\"lazy\" decoding=\"async\" class=\"alignleft wp-image-25625 size-full\" src=\"https:\/\/mavideniz.com.tr\/wp-content\/uploads\/Media-Centre\/News-Events\/2019\/SILT-CURTAIN-1.jpg\" width=\"375\" height=\"250\" alt=\"\" title=\"\">28 Aral\u0131k 2019 Mavi Deniz, Doha&#8217;daki Katar Deniz \u00dcss\u00fc ile 450 m Hafif Tip I Silt Perdesi Anti-Bulan\u0131kl\u0131k Bariyeri tedariki i\u00e7in bir s\u00f6zle\u015fme imzalad\u0131.<\/p>\n<p>Silt perdesi, su ile ta\u015f\u0131nan tortunun g\u00f6\u00e7\u00fcn\u00fc kontrol etmek i\u00e7in su s\u00fctununda as\u0131l\u0131 duran ge\u00e7irgen veya ge\u00e7irimsiz bir yap\u0131d\u0131r. Bulan\u0131kl\u0131k perdesi veya silt perdesi olarak da bilinen silt perdesinin i\u015flevi, y\u00fczeyden yakla\u015f\u0131k bir ila iki metre aras\u0131nda bozulmu\u015f tortuyu tutmakt\u0131r. Da\u011f\u0131l\u0131m\u0131n kontrol edilmesi, ask\u0131daki tortunun su s\u00fctunu i\u00e7inde yerle\u015fmesine ve d\u00fc\u015fmesine izin verir. Silt perdesi, ask\u0131daki tortunun dibe \u00e7\u00f6kmesi i\u00e7in gerekli ortam\u0131 ve zaman\u0131 sa\u011flar.<\/p>\n<p>\u0130n\u015faat sahalar\u0131ndan tortu kontrol\u00fc, tarama, bo\u015faltma ve toksik algler Silt Perde kullan\u0131larak basitle\u015ftirilmi\u015ftir. Sert Geofabric ve PVC&#8217;den yap\u0131lm\u0131\u015ft\u0131r.<\/p>\n<p><strong>Silt Perde Bomlar\u0131, a\u015fa\u011f\u0131dakiler de dahil olmak \u00fczere bir\u00e7ok farkl\u0131 uygulama i\u00e7in idealdir:<\/strong><\/p>\n<ul>\n<li>\u015eantiyelerden tortu ve ak\u0131\u015f\u0131n kontrol\u00fc<\/li>\n<li>Tarama i\u015flemlerinden tortu kontrol\u00fc ve tarama birikintisi<\/li>\n<li>Ask\u0131da kat\u0131 maddeleri azaltmak i\u00e7in maden at\u0131k barajlar\u0131<\/li>\n<li>Sucul bitkilerin kontrol\u00fc<\/li>\n<li>Toksik alglerin kontrol\u00fc<\/li>\n<\/ul>\n<p>Mavi Deniz, d\u00fcnya \u00e7ap\u0131nda uzmanl\u0131k ve destek hizmetleri ile silt perde ekipmanlar\u0131n\u0131n lider tedarik\u00e7isidir. Ayr\u0131ca, silt perde \u00fcreticilerinin d\u00fcnyan\u0131n en g\u00fcvenlik bilincine sahip tedarik\u00e7ilerinden biriyiz.<\/p>\n","protected":false},"excerpt":{"rendered":"<p>28 Aral\u0131k 2019 Mavi Deniz, Doha&#8217;daki Katar Deniz \u00dcss\u00fc ile 450 m Hafif Tip I Silt Perdesi Anti-Bulan\u0131kl\u0131k Bariyeri tedariki [&hellip;]<\/p>\n","protected":false},"author":1,"featured_media":0,"parent":27930,"menu_order":0,"comment_status":"closed","ping_status":"closed","template":"","meta":{"site-sidebar-layout":"default","site-content-layout":"","ast-site-content-layout":"default","site-content-style":"default","site-sidebar-style":"default","ast-global-header-display":"","ast-banner-title-visibility":"","ast-main-header-display":"","ast-hfb-above-header-display":"","ast-hfb-below-header-display":"","ast-hfb-mobile-header-display":"","site-post-title":"","ast-breadcrumbs-content":"","ast-featured-img":"","footer-sml-layout":"","ast-disable-related-posts":"","theme-transparent-header-meta":"","adv-header-id-meta":"","stick-header-meta":"","header-above-stick-meta":"","header-main-stick-meta":"","header-below-stick-meta":"","astra-migrate-meta-layouts":"default","ast-page-background-enabled":"default","ast-page-background-meta":{"desktop":{"background-color":"var(--ast-global-color-5)","background-image":"","background-repeat":"repeat","background-position":"center center","background-size":"auto","background-attachment":"scroll","background-type":"","background-media":"","overlay-type":"","overlay-color":"","overlay-opacity":"","overlay-gradient":""},"tablet":{"background-color":"","background-image":"","background-repeat":"repeat","background-position":"center center","background-size":"auto","background-attachment":"scroll","background-type":"","background-media":"","overlay-type":"","overlay-color":"","overlay-opacity":"","overlay-gradient":""},"mobile":{"background-color":"","background-image":"","background-repeat":"repeat","background-position":"center center","background-size":"auto","background-attachment":"scroll","background-type":"","background-media":"","overlay-type":"","overlay-color":"","overlay-opacity":"","overlay-gradient":""}},"ast-content-background-meta":{"desktop":{"background-color":"var(--ast-global-color-4)","background-image":"","background-repeat":"repeat","background-position":"center center","background-size":"auto","background-attachment":"scroll","background-type":"","background-media":"","overlay-type":"","overlay-color":"","overlay-opacity":"","overlay-gradient":""},"tablet":{"background-color":"var(--ast-global-color-4)","background-image":"","background-repeat":"repeat","background-position":"center center","background-size":"auto","background-attachment":"scroll","background-type":"","background-media":"","overlay-type":"","overlay-color":"","overlay-opacity":"","overlay-gradient":""},"mobile":{"background-color":"var(--ast-global-color-4)","background-image":"","background-repeat":"repeat","background-position":"center center","background-size":"auto","background-attachment":"scroll","background-type":"","background-media":"","overlay-type":"","overlay-color":"","overlay-opacity":"","overlay-gradient":""}},"footnotes":""},"class_list":["post-31934","page","type-page","status-publish","hentry"],"_links":{"self":[{"href":"https:\/\/mavideniz.com.tr\/tr\/wp-json\/wp\/v2\/pages\/31934","targetHints":{"allow":["GET"]}}],"collection":[{"href":"https:\/\/mavideniz.com.tr\/tr\/wp-json\/wp\/v2\/pages"}],"about":[{"href":"https:\/\/mavideniz.com.tr\/tr\/wp-json\/wp\/v2\/types\/page"}],"author":[{"embeddable":true,"href":"https:\/\/mavideniz.com.tr\/tr\/wp-json\/wp\/v2\/users\/1"}],"replies":[{"embeddable":true,"href":"https:\/\/mavideniz.com.tr\/tr\/wp-json\/wp\/v2\/comments?post=31934"}],"version-history":[{"count":0,"href":"https:\/\/mavideniz.com.tr\/tr\/wp-json\/wp\/v2\/pages\/31934\/revisions"}],"up":[{"embeddable":true,"href":"https:\/\/mavideniz.com.tr\/tr\/wp-json\/wp\/v2\/pages\/27930"}],"wp:attachment":[{"href":"https:\/\/mavideniz.com.tr\/tr\/wp-json\/wp\/v2\/media?parent=31934"}],"curies":[{"name":"wp","href":"https:\/\/api.w.org\/{rel}","templated":true}]}}