{"id":31939,"date":"2018-01-16T00:00:00","date_gmt":"2018-01-16T00:00:00","guid":{"rendered":"https:\/\/mavideniz.com.tr\/?page_id=31939"},"modified":"2023-12-30T23:28:17","modified_gmt":"2023-12-30T23:28:17","slug":"6-adet-petrol-dokulmesine-mudahale-konteynerleri-osv-azerbaycana-kurulacak","status":"publish","type":"page","link":"https:\/\/mavideniz.com.tr\/tr\/haberler-etkinlikler\/6-adet-petrol-dokulmesine-mudahale-konteynerleri-osv-azerbaycana-kurulacak\/","title":{"rendered":"6 adet PETROL D\u00d6K\u00dcLMES\u0130NE M\u00dcDAHALE KONTEYNERLER\u0130 OSV, AZERBAYCAN&#8217;A KURULACAK"},"content":{"rendered":"<p>16 Ocak 2018, Mavi Deniz, Topaz Marine ile a\u00e7\u0131k deniz destek gemisini petrol s\u0131z\u0131nt\u0131s\u0131 m\u00fcdahale ekipman\u0131 ile g\u00fc\u00e7lendirmek i\u00e7in bir anla\u015fma imzalad\u0131. Mavi Deniz, 1.800 m bariyer, bom makaras\u0131 vb. dahil olmak \u00fczere acil m\u00fcdahale \u00fcnitelerine sahip alt\u0131 set konteyner tedarik edecek.<img loading=\"lazy\" decoding=\"async\" class=\"alignright wp-image-26055 size-full\" src=\"https:\/\/mavideniz.com.tr\/wp-content\/uploads\/Media-Centre\/News-Events\/2018\/Oil-Boom-Reel-Oil-Spill-Container.jpg\" width=\"375\" height=\"250\" alt=\"\" title=\"\"><br \/>\nTopaz Enerji ve Denizcilik, k\u00fcresel enerji end\u00fcstrisine denizcilik \u00e7\u00f6z\u00fcmleri sunan lider bir a\u00e7\u0131k deniz destek gemisi (\u201cOSV\u201d) \u015firketidir.<\/p>\n<p>Kuzey Denizi ve Meksika K\u00f6rfezi&#8217;ndeki Hazar, Orta Do\u011fu, Bat\u0131 Afrika ve Denizalt\u0131 operasyonlar\u0131. Merkezi Dubai&#8217;de bulunan ve Orta Do\u011fu&#8217;da 40 y\u0131ll\u0131k deneyime sahip Topaz, ortalama ya\u015f\u0131 7 olan ve d\u00fcnya ortalamas\u0131 olan 15&#8217;in olduk\u00e7a alt\u0131nda olan 90&#8217;dan fazla a\u00e7\u0131k deniz destek gemisinden olu\u015fan bir filo i\u015fletmektedir. Topaz, Umman&#8217;daki Maskat Menkul K\u0131ymetler Piyasas\u0131&#8217;nda halka a\u00e7\u0131k bir \u015firket olan Renaissance Services SAOG&#8217;un bir yan kurulu\u015fudur.<\/p>\n<p>Topaz Enerji ve Denizcilik, Hazar, Orta Do\u011fu, Bat\u0131 Afrika ve Kuzey Denizi ve Meksika K\u00f6rfezi&#8217;ndeki Denizalt\u0131 operasyonlar\u0131na odaklanan, k\u00fcresel enerji end\u00fcstrisine denizcilik \u00e7\u00f6z\u00fcmleri sunan lider bir a\u00e7\u0131k deniz destek gemisi (\u201cOSV\u201d) \u015firketidir.<\/p>\n<p>Merkezi Dubai&#8217;de bulunan ve Orta Do\u011fu&#8217;da 40 y\u0131ll\u0131k deneyime sahip Topaz, ortalama ya\u015f\u0131 7 olan ve d\u00fcnya ortalamas\u0131 olan 15&#8217;in olduk\u00e7a alt\u0131nda olan 90&#8217;dan fazla a\u00e7\u0131k deniz destek gemisinden olu\u015fan bir filo i\u015fletmektedir.<\/p>\n<p>Topaz, Umman&#8217;daki Maskat Menkul K\u0131ymetler Piyasas\u0131&#8217;nda halka a\u00e7\u0131k bir \u015firket olan Renaissance Services SAOG&#8217;un bir yan kurulu\u015fudur.<\/p>\n","protected":false},"excerpt":{"rendered":"<p>16 Ocak 2018, Mavi Deniz, Topaz Marine ile a\u00e7\u0131k deniz destek gemisini petrol s\u0131z\u0131nt\u0131s\u0131 m\u00fcdahale ekipman\u0131 ile g\u00fc\u00e7lendirmek i\u00e7in bir [&hellip;]<\/p>\n","protected":false},"author":1,"featured_media":0,"parent":27930,"menu_order":0,"comment_status":"closed","ping_status":"closed","template":"","meta":{"site-sidebar-layout":"default","site-content-layout":"","ast-site-content-layout":"default","site-content-style":"default","site-sidebar-style":"default","ast-global-header-display":"","ast-banner-title-visibility":"","ast-main-header-display":"","ast-hfb-above-header-display":"","ast-hfb-below-header-display":"","ast-hfb-mobile-header-display":"","site-post-title":"","ast-breadcrumbs-content":"","ast-featured-img":"","footer-sml-layout":"","ast-disable-related-posts":"","theme-transparent-header-meta":"","adv-header-id-meta":"","stick-header-meta":"","header-above-stick-meta":"","header-main-stick-meta":"","header-below-stick-meta":"","astra-migrate-meta-layouts":"default","ast-page-background-enabled":"default","ast-page-background-meta":{"desktop":{"background-color":"var(--ast-global-color-5)","background-image":"","background-repeat":"repeat","background-position":"center center","background-size":"auto","background-attachment":"scroll","background-type":"","background-media":"","overlay-type":"","overlay-color":"","overlay-opacity":"","overlay-gradient":""},"tablet":{"background-color":"","background-image":"","background-repeat":"repeat","background-position":"center center","background-size":"auto","background-attachment":"scroll","background-type":"","background-media":"","overlay-type":"","overlay-color":"","overlay-opacity":"","overlay-gradient":""},"mobile":{"background-color":"","background-image":"","background-repeat":"repeat","background-position":"center center","background-size":"auto","background-attachment":"scroll","background-type":"","background-media":"","overlay-type":"","overlay-color":"","overlay-opacity":"","overlay-gradient":""}},"ast-content-background-meta":{"desktop":{"background-color":"var(--ast-global-color-4)","background-image":"","background-repeat":"repeat","background-position":"center center","background-size":"auto","background-attachment":"scroll","background-type":"","background-media":"","overlay-type":"","overlay-color":"","overlay-opacity":"","overlay-gradient":""},"tablet":{"background-color":"var(--ast-global-color-4)","background-image":"","background-repeat":"repeat","background-position":"center center","background-size":"auto","background-attachment":"scroll","background-type":"","background-media":"","overlay-type":"","overlay-color":"","overlay-opacity":"","overlay-gradient":""},"mobile":{"background-color":"var(--ast-global-color-4)","background-image":"","background-repeat":"repeat","background-position":"center center","background-size":"auto","background-attachment":"scroll","background-type":"","background-media":"","overlay-type":"","overlay-color":"","overlay-opacity":"","overlay-gradient":""}},"footnotes":""},"class_list":["post-31939","page","type-page","status-publish","hentry"],"_links":{"self":[{"href":"https:\/\/mavideniz.com.tr\/tr\/wp-json\/wp\/v2\/pages\/31939","targetHints":{"allow":["GET"]}}],"collection":[{"href":"https:\/\/mavideniz.com.tr\/tr\/wp-json\/wp\/v2\/pages"}],"about":[{"href":"https:\/\/mavideniz.com.tr\/tr\/wp-json\/wp\/v2\/types\/page"}],"author":[{"embeddable":true,"href":"https:\/\/mavideniz.com.tr\/tr\/wp-json\/wp\/v2\/users\/1"}],"replies":[{"embeddable":true,"href":"https:\/\/mavideniz.com.tr\/tr\/wp-json\/wp\/v2\/comments?post=31939"}],"version-history":[{"count":0,"href":"https:\/\/mavideniz.com.tr\/tr\/wp-json\/wp\/v2\/pages\/31939\/revisions"}],"up":[{"embeddable":true,"href":"https:\/\/mavideniz.com.tr\/tr\/wp-json\/wp\/v2\/pages\/27930"}],"wp:attachment":[{"href":"https:\/\/mavideniz.com.tr\/tr\/wp-json\/wp\/v2\/media?parent=31939"}],"curies":[{"name":"wp","href":"https:\/\/api.w.org\/{rel}","templated":true}]}}