{"id":31942,"date":"2020-08-21T00:00:00","date_gmt":"2020-08-21T00:00:00","guid":{"rendered":"https:\/\/mavideniz.com.tr\/?page_id=31942"},"modified":"2023-12-31T13:23:22","modified_gmt":"2023-12-31T13:23:22","slug":"gurcistana-emiciler-ihrac-edildi","status":"publish","type":"page","link":"https:\/\/mavideniz.com.tr\/tr\/haberler-etkinlikler\/gurcistana-emiciler-ihrac-edildi\/","title":{"rendered":"G\u00dcRC\u0130STAN&#8217;A EM\u0130C\u0130LER \u0130HRA\u00c7 ED\u0130LD\u0130"},"content":{"rendered":"<p>21 A\u011fustos 2020&#8217;de, Mavi Deniz, G\u00fcrcistan&#8217;a ya\u011f emici pad, sosis, pad, gran\u00fcller ve rulolar tedarik etmek i\u00e7in bir s\u00f6zle\u015fme imzalad\u0131.<img loading=\"lazy\" decoding=\"async\" class=\"size-full wp-image-26162 alignright\" src=\"https:\/\/mavideniz.com.tr\/wp-content\/uploads\/Media-Centre\/News-Events\/2020\/ABSORBENTS-GEORGIA-1.jpg\" alt=\"\" width=\"375\" height=\"250\" title=\"\"><\/p>\n<p>Ya\u011f Sorbent Padleri k\u00fc\u00e7\u00fck su s\u0131z\u0131nt\u0131lar\u0131 ve bitki i\u00e7i kullan\u0131m i\u00e7in \u00f6nerilir. Boru hatlar\u0131, tersaneler, gemi ve yatlar, fabrikalar, sanayi tesisleri, y\u00fckleme limanlar\u0131, makine ve bak\u0131m d\u00fckkanlar\u0131, itfaiyeler, belediye s\u0131z\u0131nt\u0131 tepkisi veya s\u0131v\u0131, kimyasal veya petrol s\u0131z\u0131nt\u0131lar\u0131 her yerde m\u00fckemmel. Ya\u011f Emici Roller, bitkisel kullan\u0131m i\u00e7in veya \u00e7al\u0131\u015fanlar\u0131n ya\u011f veya d\u00f6k\u00fclmeleri takip edebildi\u011fi -genellikle se\u00e7ici olarak kullan\u0131lan- yerler i\u00e7in geli\u015ftirilmi\u015ftir. Ya\u011f emici sosis&#8217;ler\u0131 deniz veya kara bazl\u0131 s\u0131v\u0131 d\u00f6k\u00fclmeleri i\u00e7in kullan\u0131l\u0131r. Mavi Deniz Ya\u011f Sorbent Boom&#8217;lar\u0131, depolardan, fabrikalardan, drenaj korumas\u0131, akarsular, yerle\u015fim g\u00f6letleri, limanlar, nehirlerden ya da petrole dayal\u0131 kara ve su ak\u0131\u015flar\u0131n\u0131 so\u011furan k\u0131y\u0131 \u015feridi korunmas\u0131 i\u00e7in k\u00fc\u00e7\u00fck ve orta b\u00fcy\u00fckl\u00fckteki petrol\/kimyasallar\u0131 petrol bazl\u0131 s\u0131v\u0131lar\u0131n karadan veya sudan emilmesinin ekonomik bir yoludur.<\/p>\n","protected":false},"excerpt":{"rendered":"<p>21 A\u011fustos 2020&#8217;de, Mavi Deniz, G\u00fcrcistan&#8217;a ya\u011f emici pad, sosis, pad, gran\u00fcller ve rulolar tedarik etmek i\u00e7in bir s\u00f6zle\u015fme imzalad\u0131. [&hellip;]<\/p>\n","protected":false},"author":1,"featured_media":0,"parent":27930,"menu_order":0,"comment_status":"closed","ping_status":"closed","template":"","meta":{"site-sidebar-layout":"default","site-content-layout":"","ast-site-content-layout":"default","site-content-style":"default","site-sidebar-style":"default","ast-global-header-display":"","ast-banner-title-visibility":"","ast-main-header-display":"","ast-hfb-above-header-display":"","ast-hfb-below-header-display":"","ast-hfb-mobile-header-display":"","site-post-title":"","ast-breadcrumbs-content":"","ast-featured-img":"","footer-sml-layout":"","ast-disable-related-posts":"","theme-transparent-header-meta":"","adv-header-id-meta":"","stick-header-meta":"","header-above-stick-meta":"","header-main-stick-meta":"","header-below-stick-meta":"","astra-migrate-meta-layouts":"default","ast-page-background-enabled":"default","ast-page-background-meta":{"desktop":{"background-color":"var(--ast-global-color-5)","background-image":"","background-repeat":"repeat","background-position":"center center","background-size":"auto","background-attachment":"scroll","background-type":"","background-media":"","overlay-type":"","overlay-color":"","overlay-opacity":"","overlay-gradient":""},"tablet":{"background-color":"","background-image":"","background-repeat":"repeat","background-position":"center center","background-size":"auto","background-attachment":"scroll","background-type":"","background-media":"","overlay-type":"","overlay-color":"","overlay-opacity":"","overlay-gradient":""},"mobile":{"background-color":"","background-image":"","background-repeat":"repeat","background-position":"center center","background-size":"auto","background-attachment":"scroll","background-type":"","background-media":"","overlay-type":"","overlay-color":"","overlay-opacity":"","overlay-gradient":""}},"ast-content-background-meta":{"desktop":{"background-color":"var(--ast-global-color-4)","background-image":"","background-repeat":"repeat","background-position":"center center","background-size":"auto","background-attachment":"scroll","background-type":"","background-media":"","overlay-type":"","overlay-color":"","overlay-opacity":"","overlay-gradient":""},"tablet":{"background-color":"var(--ast-global-color-4)","background-image":"","background-repeat":"repeat","background-position":"center center","background-size":"auto","background-attachment":"scroll","background-type":"","background-media":"","overlay-type":"","overlay-color":"","overlay-opacity":"","overlay-gradient":""},"mobile":{"background-color":"var(--ast-global-color-4)","background-image":"","background-repeat":"repeat","background-position":"center center","background-size":"auto","background-attachment":"scroll","background-type":"","background-media":"","overlay-type":"","overlay-color":"","overlay-opacity":"","overlay-gradient":""}},"footnotes":""},"class_list":["post-31942","page","type-page","status-publish","hentry"],"_links":{"self":[{"href":"https:\/\/mavideniz.com.tr\/tr\/wp-json\/wp\/v2\/pages\/31942","targetHints":{"allow":["GET"]}}],"collection":[{"href":"https:\/\/mavideniz.com.tr\/tr\/wp-json\/wp\/v2\/pages"}],"about":[{"href":"https:\/\/mavideniz.com.tr\/tr\/wp-json\/wp\/v2\/types\/page"}],"author":[{"embeddable":true,"href":"https:\/\/mavideniz.com.tr\/tr\/wp-json\/wp\/v2\/users\/1"}],"replies":[{"embeddable":true,"href":"https:\/\/mavideniz.com.tr\/tr\/wp-json\/wp\/v2\/comments?post=31942"}],"version-history":[{"count":0,"href":"https:\/\/mavideniz.com.tr\/tr\/wp-json\/wp\/v2\/pages\/31942\/revisions"}],"up":[{"embeddable":true,"href":"https:\/\/mavideniz.com.tr\/tr\/wp-json\/wp\/v2\/pages\/27930"}],"wp:attachment":[{"href":"https:\/\/mavideniz.com.tr\/tr\/wp-json\/wp\/v2\/media?parent=31942"}],"curies":[{"name":"wp","href":"https:\/\/api.w.org\/{rel}","templated":true}]}}