{"id":31946,"date":"2016-07-30T00:00:00","date_gmt":"2016-07-30T00:00:00","guid":{"rendered":"https:\/\/mavideniz.com.tr\/?page_id=31946"},"modified":"2023-06-29T14:48:04","modified_gmt":"2023-06-29T14:48:04","slug":"arnavutluk-durres-limani-imo-oprc-model-kurslari-ve-egzersizler","status":"publish","type":"page","link":"https:\/\/mavideniz.com.tr\/tr\/haberler-etkinlikler\/arnavutluk-durres-limani-imo-oprc-model-kurslari-ve-egzersizler\/","title":{"rendered":"ARNAVUTLUK DURRES L\u0130MANI, IMO OPRC MODEL KURSLARI VE EGZERS\u0130ZLER"},"content":{"rendered":"<p>30 Temmuz 2016 Mavi Deniz, petrol s\u0131z\u0131nt\u0131s\u0131 planlamas\u0131, m\u00fcdahalesi ve y\u00f6netiminin t\u00fcm y\u00f6nlerini ele alan bir dizi IMO e\u011fitim kursu sa\u011flamak i\u00e7in s\u00f6zle\u015fme imzalad\u0131. Bunlar OPRC Model Kurslar\u0131 olarak bilinir. Bu kurslar, uluslararas\u0131 e\u011fitim grubumuz taraf\u0131ndan tasarlanm\u0131\u015f ve geli\u015ftirilmi\u015ftir.<img loading=\"lazy\" decoding=\"async\" class=\"alignright wp-image-26408 size-full\" src=\"https:\/\/mavideniz.com.tr\/wp-content\/uploads\/Media-Centre\/News-Events\/2016\/IMO-OPRC-MODEL-COURSES-EXERCISE-Training-2.jpg\" width=\"375\" height=\"250\" alt=\"\" title=\"\"><br \/>\nuzmanlar. CD format\u0131nda mevcuttur ve e\u011fitmen k\u0131lavuzlar\u0131n\u0131, kat\u0131l\u0131mc\u0131 k\u0131lavuzlar\u0131n\u0131, sunumlardaki e\u011fitim yard\u0131mc\u0131lar\u0131n\u0131 ve ek rehberlik ve ara\u00e7lar\u0131 i\u00e7erir.<\/p>\n<p><strong>Petrol kirlili\u011fine haz\u0131rl\u0131k ve m\u00fcdahale konusundaki IMO kurslar\u0131, \u00fc\u00e7 yeterlilik d\u00fczeyi i\u00e7in geli\u015ftirilmi\u015ftir:<\/strong><\/p>\n<ul>\n<li>Operasyonel personel (Seviye 1);<\/li>\n<li>S\u00fcperviz\u00f6rler ve olay yeri komutanlar\u0131 (Seviye 2);<\/li>\n<li>\u00dcst d\u00fczey y\u00f6netim personeli (Seviye 3).<\/li>\n<\/ul>\n<p>OPRC Model kurslar\u0131 2006 bask\u0131s\u0131 \u015fu anda g\u00fcncellenmektedir. Yeni bask\u0131 2015&#8217;in sonunda sat\u0131\u015fa sunulacak.<br \/>\n<strong>Olay m\u00fcdahale uzmanl\u0131\u011f\u0131m\u0131zla, haz\u0131rl\u0131\u011f\u0131n\u0131z\u0131 test etmenize ve iyile\u015ftirmenize yard\u0131mc\u0131 olmak i\u00e7in a\u015fa\u011f\u0131daki hizmetleri sunuyoruz:<\/strong><\/p>\n<ul>\n<li>Bildirim al\u0131\u015ft\u0131rmalar\u0131 \u2014 yan\u0131t s\u00fcrecinizi ve harekete ge\u00e7irme prosed\u00fcrlerinizi test etmek i\u00e7in<\/li>\n<li>Yeni personeli, ekipleri veya son Petrol S\u0131z\u0131nt\u0131s\u0131 Acil Durum Planlar\u0131n\u0131 desteklemek i\u00e7in ad\u0131m ad\u0131m rehberli etkinlikler.<\/li>\n<li>Egzersiz g\u00f6zlemi \u2014 egzersizi kat\u0131l\u0131m olmadan \u00e7al\u0131\u015fmak, genellikle hedefler hakk\u0131nda daha ayr\u0131nt\u0131l\u0131 geri bildirim sa\u011flar.<\/li>\n<li>Masa ba\u015f\u0131 al\u0131\u015ft\u0131rmalar \u2014 operasyonlar\u0131n\u0131z\u0131n riskini test etmek ve olay yan\u0131t\u0131n\u0131n analizine olanak sa\u011flamak i\u00e7in tasarlanm\u0131\u015ft\u0131r<\/li>\n<li>Ekipman da\u011f\u0131t\u0131m al\u0131\u015ft\u0131rmalar\u0131 \u2014 Tier 1 ekipman\u0131 g\u00fcvenli ve etkili bir \u015fekilde da\u011f\u0131tma yetene\u011finizi geli\u015ftirmek i\u00e7in.<\/li>\n<li>Olay y\u00f6netimi al\u0131\u015ft\u0131rmalar\u0131 \u2014 olay y\u00f6netimi ekibinizi geli\u015ftirmek i\u00e7in tasarlanm\u0131\u015ft\u0131r<\/li>\n<li>Tam m\u00fcdahale kabiliyetini test etmek i\u00e7in tasarlanm\u0131\u015f tam \u00f6l\u00e7ekli olay y\u00f6netimi al\u0131\u015ft\u0131rmalar\u0131. \u0130nceleme \u00e7\u0131kt\u0131lar\u0131, \u00f6rne\u011fin belirli ekipman tavsiyelerini i\u00e7erecek \u015fekilde de hassasla\u015ft\u0131r\u0131labilir.<\/li>\n<\/ul>\n","protected":false},"excerpt":{"rendered":"<p>30 Temmuz 2016 Mavi Deniz, petrol s\u0131z\u0131nt\u0131s\u0131 planlamas\u0131, m\u00fcdahalesi ve y\u00f6netiminin t\u00fcm y\u00f6nlerini ele alan bir dizi IMO e\u011fitim kursu [&hellip;]<\/p>\n","protected":false},"author":1,"featured_media":0,"parent":27930,"menu_order":0,"comment_status":"closed","ping_status":"closed","template":"","meta":{"site-sidebar-layout":"default","site-content-layout":"","ast-site-content-layout":"default","site-content-style":"default","site-sidebar-style":"default","ast-global-header-display":"","ast-banner-title-visibility":"","ast-main-header-display":"","ast-hfb-above-header-display":"","ast-hfb-below-header-display":"","ast-hfb-mobile-header-display":"","site-post-title":"","ast-breadcrumbs-content":"","ast-featured-img":"","footer-sml-layout":"","ast-disable-related-posts":"","theme-transparent-header-meta":"","adv-header-id-meta":"","stick-header-meta":"","header-above-stick-meta":"","header-main-stick-meta":"","header-below-stick-meta":"","astra-migrate-meta-layouts":"default","ast-page-background-enabled":"default","ast-page-background-meta":{"desktop":{"background-color":"var(--ast-global-color-5)","background-image":"","background-repeat":"repeat","background-position":"center center","background-size":"auto","background-attachment":"scroll","background-type":"","background-media":"","overlay-type":"","overlay-color":"","overlay-opacity":"","overlay-gradient":""},"tablet":{"background-color":"","background-image":"","background-repeat":"repeat","background-position":"center center","background-size":"auto","background-attachment":"scroll","background-type":"","background-media":"","overlay-type":"","overlay-color":"","overlay-opacity":"","overlay-gradient":""},"mobile":{"background-color":"","background-image":"","background-repeat":"repeat","background-position":"center center","background-size":"auto","background-attachment":"scroll","background-type":"","background-media":"","overlay-type":"","overlay-color":"","overlay-opacity":"","overlay-gradient":""}},"ast-content-background-meta":{"desktop":{"background-color":"var(--ast-global-color-4)","background-image":"","background-repeat":"repeat","background-position":"center center","background-size":"auto","background-attachment":"scroll","background-type":"","background-media":"","overlay-type":"","overlay-color":"","overlay-opacity":"","overlay-gradient":""},"tablet":{"background-color":"var(--ast-global-color-4)","background-image":"","background-repeat":"repeat","background-position":"center center","background-size":"auto","background-attachment":"scroll","background-type":"","background-media":"","overlay-type":"","overlay-color":"","overlay-opacity":"","overlay-gradient":""},"mobile":{"background-color":"var(--ast-global-color-4)","background-image":"","background-repeat":"repeat","background-position":"center center","background-size":"auto","background-attachment":"scroll","background-type":"","background-media":"","overlay-type":"","overlay-color":"","overlay-opacity":"","overlay-gradient":""}},"footnotes":""},"class_list":["post-31946","page","type-page","status-publish","hentry"],"_links":{"self":[{"href":"https:\/\/mavideniz.com.tr\/tr\/wp-json\/wp\/v2\/pages\/31946","targetHints":{"allow":["GET"]}}],"collection":[{"href":"https:\/\/mavideniz.com.tr\/tr\/wp-json\/wp\/v2\/pages"}],"about":[{"href":"https:\/\/mavideniz.com.tr\/tr\/wp-json\/wp\/v2\/types\/page"}],"author":[{"embeddable":true,"href":"https:\/\/mavideniz.com.tr\/tr\/wp-json\/wp\/v2\/users\/1"}],"replies":[{"embeddable":true,"href":"https:\/\/mavideniz.com.tr\/tr\/wp-json\/wp\/v2\/comments?post=31946"}],"version-history":[{"count":0,"href":"https:\/\/mavideniz.com.tr\/tr\/wp-json\/wp\/v2\/pages\/31946\/revisions"}],"up":[{"embeddable":true,"href":"https:\/\/mavideniz.com.tr\/tr\/wp-json\/wp\/v2\/pages\/27930"}],"wp:attachment":[{"href":"https:\/\/mavideniz.com.tr\/tr\/wp-json\/wp\/v2\/media?parent=31946"}],"curies":[{"name":"wp","href":"https:\/\/api.w.org\/{rel}","templated":true}]}}