{"id":31949,"date":"2020-07-27T00:00:00","date_gmt":"2020-07-27T00:00:00","guid":{"rendered":"https:\/\/mavideniz.com.tr\/?page_id=31949"},"modified":"2023-12-31T13:40:38","modified_gmt":"2023-12-31T13:40:38","slug":"azerbaycan-denizanasi-bariyer-tipi","status":"publish","type":"page","link":"https:\/\/mavideniz.com.tr\/tr\/haberler-etkinlikler\/azerbaycan-denizanasi-bariyer-tipi\/","title":{"rendered":"AZERBAYCAN &#8211; DEN\u0130ZANASI BAR\u0130YER T\u0130P\u0130"},"content":{"rendered":"<p>D\u00fcnya \u00e7ap\u0131nda denizanas\u0131 bariyer sistemleri tedariki ile deniz habitatlar\u0131ndaki ekosistemler. Denizanas\u0131 a\u011flar\u0131n\u0131n faydas\u0131, ba\u015fta bal\u0131k tutmak ve y\u00fczmek<img loading=\"lazy\" decoding=\"async\" class=\"size-full wp-image-26174 alignright\" src=\"https:\/\/mavideniz.com.tr\/wp-content\/uploads\/Media-Centre\/News-Events\/2020\/JELLYFISH-BARRIER-NET-1.jpg\" alt=\"\" width=\"375\" height=\"250\" title=\"\"> olmak \u00fczere \u00e7e\u015fitli alanlarda bilinmektedir.<\/p>\n<p>\u0130\u015fte denizanas\u0131 bariyer a\u011flar\u0131n\u0131n \u00f6zellikleri;<\/p>\n<ul>\n<li>Deniz ya\u015fam\u0131na etkisi yoktur.<\/li>\n<li>denizanas\u0131 ve alglerin g\u00fc\u00e7l\u00fc tutulmas\u0131.<\/li>\n<li>Kimyasal etki yok<\/li>\n<li>Bariyer, sokan bir denizanas\u0131n\u0131n neden oldu\u011fu hasar i\u00e7in devlet sa\u011fl\u0131k bak\u0131m maliyetini azalt\u0131r.<\/li>\n<li>Yard\u0131ma ihtiyac\u0131n\u0131z yok: bariyerler kullan\u0131ma haz\u0131r.<\/li>\n<li>Kurulum s\u0131ras\u0131nda veya denizde \u015fi\u015firme sistemlerine gerek yoktur.<\/li>\n<li>Bariyerin delinme veya s\u00f6nme tehlikesi yoktur.<\/li>\n<li>Hafif ve kullan\u0131m\u0131 kolay mod\u00fcller.<\/li>\n<\/ul>\n<p>Mavi Deniz, 27.07.2020 tarihinde denizanas\u0131 bariyer a\u011flar\u0131 i\u00e7in Azerbaycan Cumhuriyeti&#8217;nden Global Interiors Group&#8217;tan yeni bir M\u00fc\u015fteri ile anla\u015ft\u0131.<\/p>\n<p><strong>Denizanas\u0131 Bariyer A\u011flar\u0131<\/strong><br \/>\n<strong>Model: Denizanas\u0131 II<\/strong><br \/>\n<strong>Net Y\u00fckseklik: 1 m<\/strong><br \/>\n<strong>B\u00f6l\u00fcm: 25 m<\/strong><br \/>\n<strong>Malzeme: PVC<\/strong><br \/>\n<strong>Serbest Tahta : 20 cm<\/strong><\/p>\n","protected":false},"excerpt":{"rendered":"<p>D\u00fcnya \u00e7ap\u0131nda denizanas\u0131 bariyer sistemleri tedariki ile deniz habitatlar\u0131ndaki ekosistemler. Denizanas\u0131 a\u011flar\u0131n\u0131n faydas\u0131, ba\u015fta bal\u0131k tutmak ve y\u00fczmek olmak \u00fczere [&hellip;]<\/p>\n","protected":false},"author":1,"featured_media":0,"parent":27930,"menu_order":0,"comment_status":"closed","ping_status":"closed","template":"","meta":{"site-sidebar-layout":"default","site-content-layout":"","ast-site-content-layout":"default","site-content-style":"default","site-sidebar-style":"default","ast-global-header-display":"","ast-banner-title-visibility":"","ast-main-header-display":"","ast-hfb-above-header-display":"","ast-hfb-below-header-display":"","ast-hfb-mobile-header-display":"","site-post-title":"","ast-breadcrumbs-content":"","ast-featured-img":"","footer-sml-layout":"","ast-disable-related-posts":"","theme-transparent-header-meta":"","adv-header-id-meta":"","stick-header-meta":"","header-above-stick-meta":"","header-main-stick-meta":"","header-below-stick-meta":"","astra-migrate-meta-layouts":"default","ast-page-background-enabled":"default","ast-page-background-meta":{"desktop":{"background-color":"var(--ast-global-color-5)","background-image":"","background-repeat":"repeat","background-position":"center center","background-size":"auto","background-attachment":"scroll","background-type":"","background-media":"","overlay-type":"","overlay-color":"","overlay-opacity":"","overlay-gradient":""},"tablet":{"background-color":"","background-image":"","background-repeat":"repeat","background-position":"center center","background-size":"auto","background-attachment":"scroll","background-type":"","background-media":"","overlay-type":"","overlay-color":"","overlay-opacity":"","overlay-gradient":""},"mobile":{"background-color":"","background-image":"","background-repeat":"repeat","background-position":"center center","background-size":"auto","background-attachment":"scroll","background-type":"","background-media":"","overlay-type":"","overlay-color":"","overlay-opacity":"","overlay-gradient":""}},"ast-content-background-meta":{"desktop":{"background-color":"var(--ast-global-color-4)","background-image":"","background-repeat":"repeat","background-position":"center center","background-size":"auto","background-attachment":"scroll","background-type":"","background-media":"","overlay-type":"","overlay-color":"","overlay-opacity":"","overlay-gradient":""},"tablet":{"background-color":"var(--ast-global-color-4)","background-image":"","background-repeat":"repeat","background-position":"center center","background-size":"auto","background-attachment":"scroll","background-type":"","background-media":"","overlay-type":"","overlay-color":"","overlay-opacity":"","overlay-gradient":""},"mobile":{"background-color":"var(--ast-global-color-4)","background-image":"","background-repeat":"repeat","background-position":"center center","background-size":"auto","background-attachment":"scroll","background-type":"","background-media":"","overlay-type":"","overlay-color":"","overlay-opacity":"","overlay-gradient":""}},"footnotes":""},"class_list":["post-31949","page","type-page","status-publish","hentry"],"_links":{"self":[{"href":"https:\/\/mavideniz.com.tr\/tr\/wp-json\/wp\/v2\/pages\/31949","targetHints":{"allow":["GET"]}}],"collection":[{"href":"https:\/\/mavideniz.com.tr\/tr\/wp-json\/wp\/v2\/pages"}],"about":[{"href":"https:\/\/mavideniz.com.tr\/tr\/wp-json\/wp\/v2\/types\/page"}],"author":[{"embeddable":true,"href":"https:\/\/mavideniz.com.tr\/tr\/wp-json\/wp\/v2\/users\/1"}],"replies":[{"embeddable":true,"href":"https:\/\/mavideniz.com.tr\/tr\/wp-json\/wp\/v2\/comments?post=31949"}],"version-history":[{"count":0,"href":"https:\/\/mavideniz.com.tr\/tr\/wp-json\/wp\/v2\/pages\/31949\/revisions"}],"up":[{"embeddable":true,"href":"https:\/\/mavideniz.com.tr\/tr\/wp-json\/wp\/v2\/pages\/27930"}],"wp:attachment":[{"href":"https:\/\/mavideniz.com.tr\/tr\/wp-json\/wp\/v2\/media?parent=31949"}],"curies":[{"name":"wp","href":"https:\/\/api.w.org\/{rel}","templated":true}]}}