{"id":31957,"date":"2021-03-22T00:00:00","date_gmt":"2021-03-22T00:00:00","guid":{"rendered":"https:\/\/mavideniz.com.tr\/?page_id=31957"},"modified":"2023-12-31T13:55:02","modified_gmt":"2023-12-31T13:55:02","slug":"urdune-plaj-temizleme-makinesi-teslimi","status":"publish","type":"page","link":"https:\/\/mavideniz.com.tr\/tr\/haberler-etkinlikler\/urdune-plaj-temizleme-makinesi-teslimi\/","title":{"rendered":"\u00dcRD\u00dcN&#8217;E PLAJ TEM\u0130ZLEME MAK\u0130NES\u0130 TESL\u0130M\u0130"},"content":{"rendered":"<p>22 Mart 2021, Mavi Deniz, bir trakt\u00f6rle \u00e7ekilen plaj temizleme makinesi sa\u011flamak i\u00e7in s\u00f6zle\u015fme imzalad\u0131 ve piyasaya s\u00fcr\u00fcld\u00fc<\/p>\n<p>Urbaser S.A. &amp; Specialized Engineering Center Jv, \u00dcrd\u00fcn.<img loading=\"lazy\" decoding=\"async\" class=\"size-full wp-image-26581 alignright\" src=\"https:\/\/mavideniz.com.tr\/wp-content\/uploads\/Media-Centre\/News-Events\/2021\/BEACH-CLEANING-MACHINE-Jordan-1.jpg\" alt=\"\" width=\"375\" height=\"250\" title=\"\"><br \/>\nPlaj Temizleme Makinesi Model: XL ve Oran: Birka\u00e7 \u00e7ubuklu s\u00fcp\u00fcrge (yayl\u0131 di\u015fler)<br \/>\nPlaj Modelleri, ister kuru veya \u0131slak, ister yumu\u015fak veya sert y\u00fczeyler, hafif veya ciddi \u015fekilde kirlenmi\u015f olsun, kum, ta\u015f, deniz kabu\u011fu veya yosun olsun, etkileyici plaj temizleme h\u0131zlar\u0131na ula\u015f\u0131r.<\/p>\n<p><strong>Her T\u00fcrl\u00fc \u00c7\u00f6p, Kat\u0131 ve Ya\u011fl\u0131 At\u0131klar \u0130\u00e7in M\u00fckemmel Teknik ;<\/strong><\/p>\n<ul>\n<li>Sigara izmaritleri,<\/li>\n<li>Ta\u015flar,<\/li>\n<li>K\u0131r\u0131k cam,<\/li>\n<li>Plastik \u015fi\u015feler,<\/li>\n<li>ATIKLAR,<\/li>\n<li>Deniz yosunu,<\/li>\n<li>Sargassum,<\/li>\n<li>Ya\u011f birikintileri<\/li>\n<\/ul>\n","protected":false},"excerpt":{"rendered":"<p>22 Mart 2021, Mavi Deniz, bir trakt\u00f6rle \u00e7ekilen plaj temizleme makinesi sa\u011flamak i\u00e7in s\u00f6zle\u015fme imzalad\u0131 ve piyasaya s\u00fcr\u00fcld\u00fc Urbaser S.A. [&hellip;]<\/p>\n","protected":false},"author":1,"featured_media":0,"parent":27930,"menu_order":0,"comment_status":"closed","ping_status":"closed","template":"","meta":{"site-sidebar-layout":"default","site-content-layout":"","ast-site-content-layout":"default","site-content-style":"default","site-sidebar-style":"default","ast-global-header-display":"","ast-banner-title-visibility":"","ast-main-header-display":"","ast-hfb-above-header-display":"","ast-hfb-below-header-display":"","ast-hfb-mobile-header-display":"","site-post-title":"","ast-breadcrumbs-content":"","ast-featured-img":"","footer-sml-layout":"","ast-disable-related-posts":"","theme-transparent-header-meta":"","adv-header-id-meta":"","stick-header-meta":"","header-above-stick-meta":"","header-main-stick-meta":"","header-below-stick-meta":"","astra-migrate-meta-layouts":"default","ast-page-background-enabled":"default","ast-page-background-meta":{"desktop":{"background-color":"var(--ast-global-color-5)","background-image":"","background-repeat":"repeat","background-position":"center center","background-size":"auto","background-attachment":"scroll","background-type":"","background-media":"","overlay-type":"","overlay-color":"","overlay-opacity":"","overlay-gradient":""},"tablet":{"background-color":"","background-image":"","background-repeat":"repeat","background-position":"center center","background-size":"auto","background-attachment":"scroll","background-type":"","background-media":"","overlay-type":"","overlay-color":"","overlay-opacity":"","overlay-gradient":""},"mobile":{"background-color":"","background-image":"","background-repeat":"repeat","background-position":"center center","background-size":"auto","background-attachment":"scroll","background-type":"","background-media":"","overlay-type":"","overlay-color":"","overlay-opacity":"","overlay-gradient":""}},"ast-content-background-meta":{"desktop":{"background-color":"var(--ast-global-color-4)","background-image":"","background-repeat":"repeat","background-position":"center center","background-size":"auto","background-attachment":"scroll","background-type":"","background-media":"","overlay-type":"","overlay-color":"","overlay-opacity":"","overlay-gradient":""},"tablet":{"background-color":"var(--ast-global-color-4)","background-image":"","background-repeat":"repeat","background-position":"center center","background-size":"auto","background-attachment":"scroll","background-type":"","background-media":"","overlay-type":"","overlay-color":"","overlay-opacity":"","overlay-gradient":""},"mobile":{"background-color":"var(--ast-global-color-4)","background-image":"","background-repeat":"repeat","background-position":"center center","background-size":"auto","background-attachment":"scroll","background-type":"","background-media":"","overlay-type":"","overlay-color":"","overlay-opacity":"","overlay-gradient":""}},"footnotes":""},"class_list":["post-31957","page","type-page","status-publish","hentry"],"_links":{"self":[{"href":"https:\/\/mavideniz.com.tr\/tr\/wp-json\/wp\/v2\/pages\/31957","targetHints":{"allow":["GET"]}}],"collection":[{"href":"https:\/\/mavideniz.com.tr\/tr\/wp-json\/wp\/v2\/pages"}],"about":[{"href":"https:\/\/mavideniz.com.tr\/tr\/wp-json\/wp\/v2\/types\/page"}],"author":[{"embeddable":true,"href":"https:\/\/mavideniz.com.tr\/tr\/wp-json\/wp\/v2\/users\/1"}],"replies":[{"embeddable":true,"href":"https:\/\/mavideniz.com.tr\/tr\/wp-json\/wp\/v2\/comments?post=31957"}],"version-history":[{"count":0,"href":"https:\/\/mavideniz.com.tr\/tr\/wp-json\/wp\/v2\/pages\/31957\/revisions"}],"up":[{"embeddable":true,"href":"https:\/\/mavideniz.com.tr\/tr\/wp-json\/wp\/v2\/pages\/27930"}],"wp:attachment":[{"href":"https:\/\/mavideniz.com.tr\/tr\/wp-json\/wp\/v2\/media?parent=31957"}],"curies":[{"name":"wp","href":"https:\/\/api.w.org\/{rel}","templated":true}]}}