{"id":31960,"date":"2021-07-11T00:00:00","date_gmt":"2021-07-11T00:00:00","guid":{"rendered":"https:\/\/mavideniz.com.tr\/?page_id=31960"},"modified":"2023-12-31T14:28:27","modified_gmt":"2023-12-31T14:28:27","slug":"rusyaya-ihracat-on-toplayici-yag-siyiricisi","status":"publish","type":"page","link":"https:\/\/mavideniz.com.tr\/tr\/haberler-etkinlikler\/rusyaya-ihracat-on-toplayici-yag-siyiricisi\/","title":{"rendered":"RUSYA&#8217;YA \u0130HRACAT \u00d6N TOPLAYICI YA\u011e SIYIRICISI"},"content":{"rendered":"<p>11 Temmuz 2021, Mavi Deniz, Rusya&#8217;ya 35 m3 \/ saat petrol geri kazan\u0131m kapasiteli bir pruva toplay\u0131c\u0131 f\u0131r\u00e7a ya\u011f s\u0131y\u0131r\u0131c\u0131 tedarik etmek i\u00e7in s\u00f6zle\u015fme imzalad\u0131.<br \/>\n<img loading=\"lazy\" decoding=\"async\" class=\"size-full wp-image-26630 alignright\" src=\"https:\/\/mavideniz.com.tr\/wp-content\/uploads\/Media-Centre\/News-Events\/2021\/BOW-COLLECTOR-OIL-SKIMMER-RUSSIA-1.jpg\" alt=\"\" width=\"375\" height=\"250\" title=\"\"><br \/>\nMavi Deniz Ba\u015f Kollekt\u00f6rl\u00fc S\u0131y\u0131r\u0131c\u0131, deniz ta\u015f\u0131tlar\u0131n\u0131n ve ya\u011f s\u0131y\u0131r\u0131c\u0131 teknelerin pruvas\u0131na monte edilmi\u015f sert f\u0131r\u00e7al\u0131 konvey\u00f6r bant \u00fcnitesine sahip, gemi pruvas\u0131na monteli bir ya\u011f s\u0131y\u0131r\u0131c\u0131 sistemidir.<\/p>\n<p>Verimlilik, su bas\u0131nc\u0131n\u0131 azaltan ve \u0131s\u0131 dalgas\u0131n\u0131 \u00f6nleyen f\u0131r\u00e7a sistemi ile sa\u011flan\u0131r. Sistem, ya\u011flar\u0131, em\u00fclsiyonlar\u0131, ya\u011fl\u0131 kal\u0131nt\u0131lar\u0131 ve \u00e7amurlar\u0131 sudan otomatik olarak ay\u0131r\u0131r ve toplar ve g\u00fcverte seviyesine iletir. Al\u0131nan ya\u011f tipik olarak % 2&#8217;den daha az serbest su i\u00e7erir.<\/p>\n<p>Prova ya\u011f s\u0131y\u0131r\u0131c\u0131 ile teknenin \u00e7al\u0131\u015fma h\u0131z\u0131 1 &#8211; 4 deniz mili aras\u0131ndad\u0131r; \u00e7al\u0131\u015fma h\u0131z\u0131 deniz ko\u015fullar\u0131na g\u00f6re de\u011fi\u015fir.<\/p>\n<ul>\n<li>Yay Toplay\u0131c\u0131 F\u0131r\u00e7a Ya\u011f S\u0131y\u0131r\u0131c\u0131 Modeli: Mavi Bow 35<\/li>\n<li>S\u00fcp\u00fcrme Kollar\u0131 Modeli: Manuel &#8211; 1 adet<\/li>\n<li>Hidrolik G\u00fc\u00e7 Paketi Modeli: PP 10 &#8211; 1 adet<\/li>\n<li>Hidrolik Ya\u011f Transfer Pompas\u0131 &#8211; 1 adet<\/li>\n<li>Hidrolik Hortum Setleri &#8211; 1 adet<\/li>\n<li>\u0130hracat Ambalaj\u0131 &#8211; 1 adet<\/li>\n<\/ul>\n","protected":false},"excerpt":{"rendered":"<p>11 Temmuz 2021, Mavi Deniz, Rusya&#8217;ya 35 m3 \/ saat petrol geri kazan\u0131m kapasiteli bir pruva toplay\u0131c\u0131 f\u0131r\u00e7a ya\u011f s\u0131y\u0131r\u0131c\u0131 [&hellip;]<\/p>\n","protected":false},"author":1,"featured_media":0,"parent":27930,"menu_order":0,"comment_status":"closed","ping_status":"closed","template":"","meta":{"site-sidebar-layout":"default","site-content-layout":"","ast-site-content-layout":"default","site-content-style":"default","site-sidebar-style":"default","ast-global-header-display":"","ast-banner-title-visibility":"","ast-main-header-display":"","ast-hfb-above-header-display":"","ast-hfb-below-header-display":"","ast-hfb-mobile-header-display":"","site-post-title":"","ast-breadcrumbs-content":"","ast-featured-img":"","footer-sml-layout":"","ast-disable-related-posts":"","theme-transparent-header-meta":"","adv-header-id-meta":"","stick-header-meta":"","header-above-stick-meta":"","header-main-stick-meta":"","header-below-stick-meta":"","astra-migrate-meta-layouts":"default","ast-page-background-enabled":"default","ast-page-background-meta":{"desktop":{"background-color":"var(--ast-global-color-5)","background-image":"","background-repeat":"repeat","background-position":"center center","background-size":"auto","background-attachment":"scroll","background-type":"","background-media":"","overlay-type":"","overlay-color":"","overlay-opacity":"","overlay-gradient":""},"tablet":{"background-color":"","background-image":"","background-repeat":"repeat","background-position":"center center","background-size":"auto","background-attachment":"scroll","background-type":"","background-media":"","overlay-type":"","overlay-color":"","overlay-opacity":"","overlay-gradient":""},"mobile":{"background-color":"","background-image":"","background-repeat":"repeat","background-position":"center center","background-size":"auto","background-attachment":"scroll","background-type":"","background-media":"","overlay-type":"","overlay-color":"","overlay-opacity":"","overlay-gradient":""}},"ast-content-background-meta":{"desktop":{"background-color":"var(--ast-global-color-4)","background-image":"","background-repeat":"repeat","background-position":"center center","background-size":"auto","background-attachment":"scroll","background-type":"","background-media":"","overlay-type":"","overlay-color":"","overlay-opacity":"","overlay-gradient":""},"tablet":{"background-color":"var(--ast-global-color-4)","background-image":"","background-repeat":"repeat","background-position":"center center","background-size":"auto","background-attachment":"scroll","background-type":"","background-media":"","overlay-type":"","overlay-color":"","overlay-opacity":"","overlay-gradient":""},"mobile":{"background-color":"var(--ast-global-color-4)","background-image":"","background-repeat":"repeat","background-position":"center center","background-size":"auto","background-attachment":"scroll","background-type":"","background-media":"","overlay-type":"","overlay-color":"","overlay-opacity":"","overlay-gradient":""}},"footnotes":""},"class_list":["post-31960","page","type-page","status-publish","hentry"],"_links":{"self":[{"href":"https:\/\/mavideniz.com.tr\/tr\/wp-json\/wp\/v2\/pages\/31960","targetHints":{"allow":["GET"]}}],"collection":[{"href":"https:\/\/mavideniz.com.tr\/tr\/wp-json\/wp\/v2\/pages"}],"about":[{"href":"https:\/\/mavideniz.com.tr\/tr\/wp-json\/wp\/v2\/types\/page"}],"author":[{"embeddable":true,"href":"https:\/\/mavideniz.com.tr\/tr\/wp-json\/wp\/v2\/users\/1"}],"replies":[{"embeddable":true,"href":"https:\/\/mavideniz.com.tr\/tr\/wp-json\/wp\/v2\/comments?post=31960"}],"version-history":[{"count":0,"href":"https:\/\/mavideniz.com.tr\/tr\/wp-json\/wp\/v2\/pages\/31960\/revisions"}],"up":[{"embeddable":true,"href":"https:\/\/mavideniz.com.tr\/tr\/wp-json\/wp\/v2\/pages\/27930"}],"wp:attachment":[{"href":"https:\/\/mavideniz.com.tr\/tr\/wp-json\/wp\/v2\/media?parent=31960"}],"curies":[{"name":"wp","href":"https:\/\/api.w.org\/{rel}","templated":true}]}}