{"id":71687,"date":"2023-12-31T14:44:04","date_gmt":"2023-12-31T14:44:04","guid":{"rendered":"https:\/\/mavideniz.com.tr\/?page_id=71687"},"modified":"2023-12-31T14:47:40","modified_gmt":"2023-12-31T14:47:40","slug":"petrol-sizintisi-mudahale-ekipmani-sozlesmesi","status":"publish","type":"page","link":"https:\/\/mavideniz.com.tr\/tr\/haberler-etkinlikler\/petrol-sizintisi-mudahale-ekipmani-sozlesmesi\/","title":{"rendered":"Petrol S\u0131z\u0131nt\u0131s\u0131 M\u00fcdahale Ekipman\u0131 S\u00f6zle\u015fmesi"},"content":{"rendered":"<p>Mavi Deniz, Ba\u015faran Denizcilik A.\u015e. ile s\u00f6zle\u015fme imzalad\u0131. Petrol S\u0131z\u0131nt\u0131s\u0131 M\u00fcdahale Ekipman\u0131 ve Gemisi tedarik etmek.<\/p>\n<p><strong>Ekipman + Gemi Listesi :<\/strong><\/p>\n<ul>\n<li>Ya\u011f Transfer Pompas\u0131 ve hortumlar\u0131yla birlikte \u00c7oklu\u00a0 Ya\u011f S\u0131y\u0131r\u0131c\u0131 50<\/li>\n<li>2000 m \u015fi\u015firilebilir Hava bomlu Hidrolik Tambur<\/li>\n<li>Dispersant P\u00fcsk\u00fcrtme Sistemi<\/li>\n<li>20&#8243; Konteyner<\/li>\n<li>Emici Sosis<\/li>\n<li>Petrol S\u0131z\u0131nt\u0131s\u0131 Kurtarma Gemisi<\/li>\n<\/ul>\n","protected":false},"excerpt":{"rendered":"<p>Mavi Deniz, Ba\u015faran Denizcilik A.\u015e. ile s\u00f6zle\u015fme imzalad\u0131. Petrol S\u0131z\u0131nt\u0131s\u0131 M\u00fcdahale Ekipman\u0131 ve Gemisi tedarik etmek. Ekipman + Gemi Listesi [&hellip;]<\/p>\n","protected":false},"author":1,"featured_media":0,"parent":27930,"menu_order":0,"comment_status":"closed","ping_status":"closed","template":"","meta":{"site-sidebar-layout":"default","site-content-layout":"","ast-site-content-layout":"default","site-content-style":"default","site-sidebar-style":"default","ast-global-header-display":"","ast-banner-title-visibility":"","ast-main-header-display":"","ast-hfb-above-header-display":"","ast-hfb-below-header-display":"","ast-hfb-mobile-header-display":"","site-post-title":"","ast-breadcrumbs-content":"","ast-featured-img":"","footer-sml-layout":"","ast-disable-related-posts":"","theme-transparent-header-meta":"","adv-header-id-meta":"","stick-header-meta":"","header-above-stick-meta":"","header-main-stick-meta":"","header-below-stick-meta":"","astra-migrate-meta-layouts":"default","ast-page-background-enabled":"default","ast-page-background-meta":{"desktop":{"background-color":"var(--ast-global-color-5)","background-image":"","background-repeat":"repeat","background-position":"center center","background-size":"auto","background-attachment":"scroll","background-type":"","background-media":"","overlay-type":"","overlay-color":"","overlay-opacity":"","overlay-gradient":""},"tablet":{"background-color":"","background-image":"","background-repeat":"repeat","background-position":"center center","background-size":"auto","background-attachment":"scroll","background-type":"","background-media":"","overlay-type":"","overlay-color":"","overlay-opacity":"","overlay-gradient":""},"mobile":{"background-color":"","background-image":"","background-repeat":"repeat","background-position":"center center","background-size":"auto","background-attachment":"scroll","background-type":"","background-media":"","overlay-type":"","overlay-color":"","overlay-opacity":"","overlay-gradient":""}},"ast-content-background-meta":{"desktop":{"background-color":"var(--ast-global-color-4)","background-image":"","background-repeat":"repeat","background-position":"center center","background-size":"auto","background-attachment":"scroll","background-type":"","background-media":"","overlay-type":"","overlay-color":"","overlay-opacity":"","overlay-gradient":""},"tablet":{"background-color":"var(--ast-global-color-4)","background-image":"","background-repeat":"repeat","background-position":"center center","background-size":"auto","background-attachment":"scroll","background-type":"","background-media":"","overlay-type":"","overlay-color":"","overlay-opacity":"","overlay-gradient":""},"mobile":{"background-color":"var(--ast-global-color-4)","background-image":"","background-repeat":"repeat","background-position":"center center","background-size":"auto","background-attachment":"scroll","background-type":"","background-media":"","overlay-type":"","overlay-color":"","overlay-opacity":"","overlay-gradient":""}},"footnotes":""},"class_list":["post-71687","page","type-page","status-publish","hentry"],"_links":{"self":[{"href":"https:\/\/mavideniz.com.tr\/tr\/wp-json\/wp\/v2\/pages\/71687","targetHints":{"allow":["GET"]}}],"collection":[{"href":"https:\/\/mavideniz.com.tr\/tr\/wp-json\/wp\/v2\/pages"}],"about":[{"href":"https:\/\/mavideniz.com.tr\/tr\/wp-json\/wp\/v2\/types\/page"}],"author":[{"embeddable":true,"href":"https:\/\/mavideniz.com.tr\/tr\/wp-json\/wp\/v2\/users\/1"}],"replies":[{"embeddable":true,"href":"https:\/\/mavideniz.com.tr\/tr\/wp-json\/wp\/v2\/comments?post=71687"}],"version-history":[{"count":0,"href":"https:\/\/mavideniz.com.tr\/tr\/wp-json\/wp\/v2\/pages\/71687\/revisions"}],"up":[{"embeddable":true,"href":"https:\/\/mavideniz.com.tr\/tr\/wp-json\/wp\/v2\/pages\/27930"}],"wp:attachment":[{"href":"https:\/\/mavideniz.com.tr\/tr\/wp-json\/wp\/v2\/media?parent=71687"}],"curies":[{"name":"wp","href":"https:\/\/api.w.org\/{rel}","templated":true}]}}