{"id":71694,"date":"2023-12-31T15:12:12","date_gmt":"2023-12-31T15:12:12","guid":{"rendered":"https:\/\/mavideniz.com.tr\/?page_id=71694"},"modified":"2023-12-31T15:12:14","modified_gmt":"2023-12-31T15:12:14","slug":"kibris-1-kademe-petrol-dokuntusu-mudahale-ekipmanlari","status":"publish","type":"page","link":"https:\/\/mavideniz.com.tr\/tr\/haberler-etkinlikler\/kibris-1-kademe-petrol-dokuntusu-mudahale-ekipmanlari\/","title":{"rendered":"KIBRIS &#8211; 1. KADEME PETROL D\u00d6K\u00dcNT\u00dcS\u00dc M\u00dcDAHALE EK\u0130PMANLARI"},"content":{"rendered":"<p>18 Ocak 2016, Mavi Deniz 1. Kademe Petrol S\u0131z\u0131nt\u0131s\u0131na M\u00fcdahale Ekipman\u0131 sa\u011flad\u0131<\/p>\n<p>( 1 x 30 m3\/saat \u00e7oklu ya\u011f s\u0131y\u0131r\u0131c\u0131, 650 m Liman Petrol Bariyeri, 2 x Elektrikli tambur , 1.000 m ya\u011f emici sosis, pedler vb. ) Magosa Liman\u0131&#8217;ndaki K\u0131br\u0131s Elektrik Kurumu Tesisine. S\u0131z\u0131nt\u0131, 2013 y\u0131l\u0131nda Sal\u0131 g\u00fcn\u00fc bir tankerin bir elektrik santralinde bo\u015faltma yapt\u0131\u011f\u0131 s\u0131rada yakla\u015f\u0131k 100 ton yak\u0131t\u0131n denize s\u0131zmas\u0131yla meydana geldi.<\/p>\n<p>Kalecik K\u0131br\u0131s, petrol s\u0131z\u0131nt\u0131s\u0131na m\u00fcdahale ekipman\u0131yla kapasitesini geli\u015ftiriyor. Kuzey K\u0131br\u0131s T\u00fcrk Cumhuriyeti&#8217;nin turizm, \u00e7evre ve k\u00fclt\u00fcr sorumlusu Mehmet Harmanc\u0131, T\u00fcrkiye&#8217;den gelen, kirlilik kontrol ekipmanlar\u0131yla donat\u0131lm\u0131\u015f bir geminin temizli\u011fe yard\u0131m etti\u011fini s\u00f6yledi.<\/p>\n<p>G\u00f6rg\u00fc tan\u0131klar\u0131, Karpaz yar\u0131madas\u0131n\u0131n g\u00fcneyinde, halk aras\u0131nda b\u00f6l\u00fcnm\u00fc\u015f adan\u0131n panhandle&#8217;\u0131 olarak bilinen be\u015f kilometreye (\u00fc\u00e7 mil) kadar uzanan bir sahil boyunca petrol s\u0131z\u0131nt\u0131lar\u0131 g\u00f6rd\u00fcklerini bildirdi.<\/p>\n<p>Resmi a\u00e7\u0131klamada, sadece 15 dakika i\u00e7inde 100 ton yak\u0131t\u0131n denize d\u00f6k\u00fcld\u00fc\u011f\u00fc s\u0131z\u0131nt\u0131y\u0131 &#8220;\u00e7evre felaketi&#8221; olarak nitelendirdi.<br \/>\nTemizleme \u00e7al\u0131\u015fmalar\u0131 ilerledik\u00e7e bu t\u00fcr kazalar\u0131n \u00f6nlenmesi i\u00e7in gerekli \u00f6nlemlerin al\u0131naca\u011f\u0131 belirtildi.<br \/>\nDo\u011fu Akdeniz adas\u0131, Yunanistan ile birle\u015fmek isteyen K\u0131br\u0131sl\u0131 Rumlar\u0131n ger\u00e7ekle\u015ftirdi\u011fi darbenin ard\u0131ndan T\u00fcrk kuvvetlerinin i\u015fgal etti\u011fi 1974 y\u0131l\u0131ndan bu yana b\u00f6l\u00fcnm\u00fc\u015f durumda.<br \/>\nDaha fazla bilgi i\u00e7in info@mavideniz.com.tr adresinden bizimle ileti\u015fime ge\u00e7mekten \u00e7ekinmeyin.<\/p>\n","protected":false},"excerpt":{"rendered":"<p>18 Ocak 2016, Mavi Deniz 1. Kademe Petrol S\u0131z\u0131nt\u0131s\u0131na M\u00fcdahale Ekipman\u0131 sa\u011flad\u0131 ( 1 x 30 m3\/saat \u00e7oklu ya\u011f s\u0131y\u0131r\u0131c\u0131, [&hellip;]<\/p>\n","protected":false},"author":1,"featured_media":0,"parent":27930,"menu_order":0,"comment_status":"closed","ping_status":"closed","template":"","meta":{"site-sidebar-layout":"default","site-content-layout":"","ast-site-content-layout":"default","site-content-style":"default","site-sidebar-style":"default","ast-global-header-display":"","ast-banner-title-visibility":"","ast-main-header-display":"","ast-hfb-above-header-display":"","ast-hfb-below-header-display":"","ast-hfb-mobile-header-display":"","site-post-title":"","ast-breadcrumbs-content":"","ast-featured-img":"","footer-sml-layout":"","ast-disable-related-posts":"","theme-transparent-header-meta":"","adv-header-id-meta":"","stick-header-meta":"","header-above-stick-meta":"","header-main-stick-meta":"","header-below-stick-meta":"","astra-migrate-meta-layouts":"default","ast-page-background-enabled":"default","ast-page-background-meta":{"desktop":{"background-color":"var(--ast-global-color-5)","background-image":"","background-repeat":"repeat","background-position":"center center","background-size":"auto","background-attachment":"scroll","background-type":"","background-media":"","overlay-type":"","overlay-color":"","overlay-opacity":"","overlay-gradient":""},"tablet":{"background-color":"","background-image":"","background-repeat":"repeat","background-position":"center center","background-size":"auto","background-attachment":"scroll","background-type":"","background-media":"","overlay-type":"","overlay-color":"","overlay-opacity":"","overlay-gradient":""},"mobile":{"background-color":"","background-image":"","background-repeat":"repeat","background-position":"center center","background-size":"auto","background-attachment":"scroll","background-type":"","background-media":"","overlay-type":"","overlay-color":"","overlay-opacity":"","overlay-gradient":""}},"ast-content-background-meta":{"desktop":{"background-color":"var(--ast-global-color-4)","background-image":"","background-repeat":"repeat","background-position":"center center","background-size":"auto","background-attachment":"scroll","background-type":"","background-media":"","overlay-type":"","overlay-color":"","overlay-opacity":"","overlay-gradient":""},"tablet":{"background-color":"var(--ast-global-color-4)","background-image":"","background-repeat":"repeat","background-position":"center center","background-size":"auto","background-attachment":"scroll","background-type":"","background-media":"","overlay-type":"","overlay-color":"","overlay-opacity":"","overlay-gradient":""},"mobile":{"background-color":"var(--ast-global-color-4)","background-image":"","background-repeat":"repeat","background-position":"center center","background-size":"auto","background-attachment":"scroll","background-type":"","background-media":"","overlay-type":"","overlay-color":"","overlay-opacity":"","overlay-gradient":""}},"footnotes":""},"class_list":["post-71694","page","type-page","status-publish","hentry"],"_links":{"self":[{"href":"https:\/\/mavideniz.com.tr\/tr\/wp-json\/wp\/v2\/pages\/71694","targetHints":{"allow":["GET"]}}],"collection":[{"href":"https:\/\/mavideniz.com.tr\/tr\/wp-json\/wp\/v2\/pages"}],"about":[{"href":"https:\/\/mavideniz.com.tr\/tr\/wp-json\/wp\/v2\/types\/page"}],"author":[{"embeddable":true,"href":"https:\/\/mavideniz.com.tr\/tr\/wp-json\/wp\/v2\/users\/1"}],"replies":[{"embeddable":true,"href":"https:\/\/mavideniz.com.tr\/tr\/wp-json\/wp\/v2\/comments?post=71694"}],"version-history":[{"count":0,"href":"https:\/\/mavideniz.com.tr\/tr\/wp-json\/wp\/v2\/pages\/71694\/revisions"}],"up":[{"embeddable":true,"href":"https:\/\/mavideniz.com.tr\/tr\/wp-json\/wp\/v2\/pages\/27930"}],"wp:attachment":[{"href":"https:\/\/mavideniz.com.tr\/tr\/wp-json\/wp\/v2\/media?parent=71694"}],"curies":[{"name":"wp","href":"https:\/\/api.w.org\/{rel}","templated":true}]}}