{"id":71705,"date":"2023-12-31T16:12:51","date_gmt":"2023-12-31T16:12:51","guid":{"rendered":"https:\/\/mavideniz.com.tr\/?page_id=71705"},"modified":"2023-12-31T16:12:53","modified_gmt":"2023-12-31T16:12:53","slug":"dru-yag-siyirici-belcikaya-gonderildi","status":"publish","type":"page","link":"https:\/\/mavideniz.com.tr\/tr\/haberler-etkinlikler\/dru-yag-siyirici-belcikaya-gonderildi\/","title":{"rendered":"Dru Ya\u011f S\u0131y\u0131r\u0131c\u0131 BEL\u00c7\u0130KA&#8217;YA G\u00d6NDER\u0130LD\u0130"},"content":{"rendered":"<p>MAVI DENIZ, OilX Hydro SPRL \/ BVBA \u015eirketi ile komple hidrolik g\u00fc\u00e7 \u00fcnitesi ve transfer pompalar\u0131yla birlikte ya\u011f s\u0131y\u0131r\u0131c\u0131s\u0131n\u0131n teslimi i\u00e7in bir anla\u015fma imzalad\u0131. Bel\u00e7ika&#8217;daki \u00e7elik fabrikas\u0131n\u0131n, ham veya a\u011f\u0131r yak\u0131tlardan ziyade ya\u011flar\u0131 ve daha fazla madeni ya\u011f ve hidrolik ya\u011f\u0131n\u0131 geri kazanmas\u0131 gerekiyor.<\/p>\n<p>Varil Ya\u011f S\u0131y\u0131r\u0131c\u0131 Kapasitesi: 20 m3\/saat<\/p>\n<p>Bu y\u00fczen tamburlu deniz s\u00fcp\u00fcr\u00fcc\u00fcleri y\u00fczeyde y\u00fczer ve kapal\u0131 y\u00fczd\u00fcrme onlar\u0131 batmaz hale getirir. Tamburlar motorla (hava veya hidrolikle) \u00e7al\u0131\u015ft\u0131r\u0131l\u0131r ve yava\u015f\u00e7a d\u00f6nerek ya\u011f\u0131 y\u00fczeyine \u00e7eker ve silecek lasti\u011fine do\u011fru d\u00f6ner, bu da y\u00fczen ya\u011f\u0131 s\u0131y\u0131r\u0131r ve topland\u0131\u011f\u0131 karter alan\u0131na do\u011fru akar. pompa emi\u015fi ile depoya aktar\u0131l\u0131r.<\/p>\n<p>Hidrolik olarak \u00e7al\u0131\u015ft\u0131r\u0131lan deniz s\u00fcp\u00fcr\u00fcc\u00fcleri, dizel veya elektrikle \u00e7al\u0131\u015fan hidrolik g\u00fc\u00e7 \u00fcniteleriyle birlikte teslim edilebilir.<br \/>\nKontrollerle birlikte \u00e7elik kafes \u00e7er\u00e7eveye monte edilmi\u015f elektrikli mar\u015fl\u0131 dizel motora sahiptir. \u00dcnitenin sahada hareket edebilmesi i\u00e7in tutacaklar ve sa\u011flam tekerlekler tak\u0131lm\u0131\u015ft\u0131r. A\u00e7\u0131k stil, bak\u0131m i\u00e7in m\u00fckemmel eri\u015fim sa\u011flar.<\/p>\n","protected":false},"excerpt":{"rendered":"<p>MAVI DENIZ, OilX Hydro SPRL \/ BVBA \u015eirketi ile komple hidrolik g\u00fc\u00e7 \u00fcnitesi ve transfer pompalar\u0131yla birlikte ya\u011f s\u0131y\u0131r\u0131c\u0131s\u0131n\u0131n teslimi [&hellip;]<\/p>\n","protected":false},"author":1,"featured_media":0,"parent":27930,"menu_order":0,"comment_status":"closed","ping_status":"closed","template":"","meta":{"site-sidebar-layout":"default","site-content-layout":"","ast-site-content-layout":"default","site-content-style":"default","site-sidebar-style":"default","ast-global-header-display":"","ast-banner-title-visibility":"","ast-main-header-display":"","ast-hfb-above-header-display":"","ast-hfb-below-header-display":"","ast-hfb-mobile-header-display":"","site-post-title":"","ast-breadcrumbs-content":"","ast-featured-img":"","footer-sml-layout":"","ast-disable-related-posts":"","theme-transparent-header-meta":"","adv-header-id-meta":"","stick-header-meta":"","header-above-stick-meta":"","header-main-stick-meta":"","header-below-stick-meta":"","astra-migrate-meta-layouts":"default","ast-page-background-enabled":"default","ast-page-background-meta":{"desktop":{"background-color":"var(--ast-global-color-5)","background-image":"","background-repeat":"repeat","background-position":"center center","background-size":"auto","background-attachment":"scroll","background-type":"","background-media":"","overlay-type":"","overlay-color":"","overlay-opacity":"","overlay-gradient":""},"tablet":{"background-color":"","background-image":"","background-repeat":"repeat","background-position":"center center","background-size":"auto","background-attachment":"scroll","background-type":"","background-media":"","overlay-type":"","overlay-color":"","overlay-opacity":"","overlay-gradient":""},"mobile":{"background-color":"","background-image":"","background-repeat":"repeat","background-position":"center center","background-size":"auto","background-attachment":"scroll","background-type":"","background-media":"","overlay-type":"","overlay-color":"","overlay-opacity":"","overlay-gradient":""}},"ast-content-background-meta":{"desktop":{"background-color":"var(--ast-global-color-4)","background-image":"","background-repeat":"repeat","background-position":"center center","background-size":"auto","background-attachment":"scroll","background-type":"","background-media":"","overlay-type":"","overlay-color":"","overlay-opacity":"","overlay-gradient":""},"tablet":{"background-color":"var(--ast-global-color-4)","background-image":"","background-repeat":"repeat","background-position":"center center","background-size":"auto","background-attachment":"scroll","background-type":"","background-media":"","overlay-type":"","overlay-color":"","overlay-opacity":"","overlay-gradient":""},"mobile":{"background-color":"var(--ast-global-color-4)","background-image":"","background-repeat":"repeat","background-position":"center center","background-size":"auto","background-attachment":"scroll","background-type":"","background-media":"","overlay-type":"","overlay-color":"","overlay-opacity":"","overlay-gradient":""}},"footnotes":""},"class_list":["post-71705","page","type-page","status-publish","hentry"],"_links":{"self":[{"href":"https:\/\/mavideniz.com.tr\/tr\/wp-json\/wp\/v2\/pages\/71705","targetHints":{"allow":["GET"]}}],"collection":[{"href":"https:\/\/mavideniz.com.tr\/tr\/wp-json\/wp\/v2\/pages"}],"about":[{"href":"https:\/\/mavideniz.com.tr\/tr\/wp-json\/wp\/v2\/types\/page"}],"author":[{"embeddable":true,"href":"https:\/\/mavideniz.com.tr\/tr\/wp-json\/wp\/v2\/users\/1"}],"replies":[{"embeddable":true,"href":"https:\/\/mavideniz.com.tr\/tr\/wp-json\/wp\/v2\/comments?post=71705"}],"version-history":[{"count":0,"href":"https:\/\/mavideniz.com.tr\/tr\/wp-json\/wp\/v2\/pages\/71705\/revisions"}],"up":[{"embeddable":true,"href":"https:\/\/mavideniz.com.tr\/tr\/wp-json\/wp\/v2\/pages\/27930"}],"wp:attachment":[{"href":"https:\/\/mavideniz.com.tr\/tr\/wp-json\/wp\/v2\/media?parent=71705"}],"curies":[{"name":"wp","href":"https:\/\/api.w.org\/{rel}","templated":true}]}}