{"id":71714,"date":"2023-12-31T16:16:20","date_gmt":"2023-12-31T16:16:20","guid":{"rendered":"https:\/\/mavideniz.com.tr\/?page_id=71714"},"modified":"2025-10-05T00:07:56","modified_gmt":"2025-10-05T00:07:56","slug":"georgia-12-x-river-feasibility-study-report","status":"publish","type":"page","link":"https:\/\/mavideniz.com.tr\/tr\/haberler-etkinlikler\/georgia-12-x-river-feasibility-study-report\/","title":{"rendered":"GEORGIA &#8211; 12 X RIVER FEASIBILITY STUDY REPORT"},"content":{"rendered":"<p>MAVI DEN\u0130Z a\u015fa\u011f\u0131daki konularda MDF G\u00fcrcistan ile anla\u015f\u0131r:<\/p>\n<p>Bu, hidrolojik, topo-jeodezik, batimetrik, m\u00fchendislik-jeolojik ve \u0130htiyofauna ara\u015ft\u0131rmalar\u0131n\u0131 i\u00e7erir (ancak bunlarla s\u0131n\u0131rl\u0131 de\u011fildir).<img loading=\"lazy\" decoding=\"async\" class=\"alignright wp-image-25832 size-full\" src=\"https:\/\/mavideniz.com.tr\/wp-content\/uploads\/Media-Centre\/News-Events\/2019\/RIVER-TRASH-FEASIBILITY-STUDY-REPORT-1.jpg\" width=\"375\" height=\"250\" alt=\"\" title=\"\"><\/p>\n<ul>\n<li>Hidrolojik ara\u015ft\u0131rma<\/li>\n<li>B\u00f6lgelere g\u00f6re su hacmi hesab\u0131n\u0131 ve seviyelerini belirleyin;<\/li>\n<li>Proje alan\u0131ndaki nehir hidrolik elemanlar\u0131n\u0131n tan\u0131mlanmas\u0131;<\/li>\n<li>Y\u0131ll\u0131k nehir ta\u015fk\u0131nlar\u0131 ve d\u00fc\u015f\u00fck su seviyesi programlar\u0131n\u0131n olu\u015fturulmas\u0131;<\/li>\n<li>K\u0131y\u0131 ta\u015fk\u0131nlar\u0131 ve su bask\u0131nlar\u0131 kontrol alanlar\u0131n\u0131n tahsisi;<\/li>\n<li>Derin dip alanlar\u0131nda olu\u015fturulan havza alan\u0131 \u00e7al\u0131\u015fmas\u0131 (y\u00fczey alan\u0131, uzunluk\/geni\u015flik) ve derinliklerin belirlenmesi<\/li>\n<li>Ta\u015fk\u0131n ve ta\u015fk\u0131n risklerinin de\u011ferlendirilmesi;<\/li>\n<li>Nehirlerin \u00e7amur ve \u00e7\u00f6p ortalamalar\u0131na ili\u015fkin veriler;<\/li>\n<li>Tasar\u0131m alanlar\u0131nda nehir havzas\u0131n\u0131n batimetri ara\u015ft\u0131rmas\u0131; Nehirlerde y\u00fczen \u00e7\u00f6plerin (plastik, a\u011fa\u00e7lar vb.) ve kiremitli malzemelerin (Kum, \u00c7amur,<\/li>\n<li>Ta\u015flar) (gerekirse) Tekneler i\u00e7in trafik t\u0131kan\u0131kl\u0131\u011f\u0131na neden olacakt\u0131r.<\/li>\n<li>Ara\u015ft\u0131rma ile birlikte M\u00fchendislik Jeolojik Ara\u015ft\u0131rmas\u0131, genel olarak se\u00e7ilen alanlar\u0131 kapsamal\u0131d\u0131r. Jeolojik a\u00e7\u0131klamalar ve gelecekte \u00e7\u00f6p bariyerleri i\u00e7in k\u0131y\u0131daki in\u015faatlar\u0131n yap\u0131laca\u011f\u0131 tesislerdeki jeolojik m\u00fchendislik ko\u015fullar\u0131n\u0131n a\u00e7\u0131klamalar\u0131.<\/li>\n<li><img loading=\"lazy\" decoding=\"async\" class=\"alignright wp-image-25837 size-full\" src=\"https:\/\/mavideniz.com.tr\/wp-content\/uploads\/Media-Centre\/News-Events\/2019\/RIVER-TRASH-FEASIBILITY-STUDY-REPORT-2.jpg\" width=\"375\" height=\"250\" alt=\"\" title=\"\">Hidrolojik ara\u015ft\u0131rma sonu\u00e7lar\u0131na g\u00f6re nehirlerdeki y\u00fczer \u00e7\u00f6p bariyeri t\u00fcrlerinin\/\u00f6zelliklerinin se\u00e7imi.<\/li>\n<li>Ayr\u0131 nehirlerde se\u00e7ilen \u00e7\u00f6p temizleme\/toplama makinelerinin tipi ve \u00f6zellikleri.<\/li>\n<\/ul>\n<p>Ara\u015ft\u0131rma alan\u0131 Bat\u0131 G\u00fcrcistan&#8217;da, yani Anaklia k\u00f6y\u00fcnden Kobuleti \u015fehrine kadar yer almaktad\u0131r ve a\u015fa\u011f\u0131daki nehirleri i\u00e7ermektedir:<\/p>\n<p>1. K\u00fc\u00e7\u00fck Enguri Nehri &#8211; Anaklia K\u00f6y\u00fc<br \/>\n2. Khobistskali nehri &#8211; Kulevi k\u00f6y\u00fc<br \/>\n3. Rioni Nehri deltas\u0131 &#8211; Poti \u015fehri<br \/>\n4. Rioni kanal\u0131 &#8211; Poti \u015fehri<br \/>\n5. Kapapartchkha Nehri &#8211; Maltakva k\u00f6y\u00fc (Poti)<br \/>\n6. Nehir. Supsa &#8211; k\u00f6y Supsa<br \/>\n7. Ureki kanal\u0131 &#8211; Ureki<br \/>\n8. Sepa Nehri &#8211; Ureki<br \/>\n9. Natanebi nehri &#8211; S\u0131ral\u0131 k\u00f6y<br \/>\n10. Choloki nehri &#8211; Kobuleti \u015fehri<br \/>\n11. Nehir. Kintrishi &#8211; Kobuleti \u015fehri<br \/>\n12. Dekhva Nehri \u2013 Kobuleti<\/p>\n","protected":false},"excerpt":{"rendered":"<p>MAVI DEN\u0130Z a\u015fa\u011f\u0131daki konularda MDF G\u00fcrcistan ile anla\u015f\u0131r: Bu, hidrolojik, topo-jeodezik, batimetrik, m\u00fchendislik-jeolojik ve \u0130htiyofauna ara\u015ft\u0131rmalar\u0131n\u0131 i\u00e7erir (ancak bunlarla s\u0131n\u0131rl\u0131 [&hellip;]<\/p>\n","protected":false},"author":1,"featured_media":0,"parent":27930,"menu_order":0,"comment_status":"closed","ping_status":"closed","template":"","meta":{"site-sidebar-layout":"default","site-content-layout":"","ast-site-content-layout":"default","site-content-style":"default","site-sidebar-style":"default","ast-global-header-display":"","ast-banner-title-visibility":"","ast-main-header-display":"","ast-hfb-above-header-display":"","ast-hfb-below-header-display":"","ast-hfb-mobile-header-display":"","site-post-title":"","ast-breadcrumbs-content":"","ast-featured-img":"","footer-sml-layout":"","ast-disable-related-posts":"","theme-transparent-header-meta":"","adv-header-id-meta":"","stick-header-meta":"","header-above-stick-meta":"","header-main-stick-meta":"","header-below-stick-meta":"","astra-migrate-meta-layouts":"default","ast-page-background-enabled":"default","ast-page-background-meta":{"desktop":{"background-color":"var(--ast-global-color-5)","background-image":"","background-repeat":"repeat","background-position":"center center","background-size":"auto","background-attachment":"scroll","background-type":"","background-media":"","overlay-type":"","overlay-color":"","overlay-opacity":"","overlay-gradient":""},"tablet":{"background-color":"","background-image":"","background-repeat":"repeat","background-position":"center center","background-size":"auto","background-attachment":"scroll","background-type":"","background-media":"","overlay-type":"","overlay-color":"","overlay-opacity":"","overlay-gradient":""},"mobile":{"background-color":"","background-image":"","background-repeat":"repeat","background-position":"center center","background-size":"auto","background-attachment":"scroll","background-type":"","background-media":"","overlay-type":"","overlay-color":"","overlay-opacity":"","overlay-gradient":""}},"ast-content-background-meta":{"desktop":{"background-color":"var(--ast-global-color-4)","background-image":"","background-repeat":"repeat","background-position":"center center","background-size":"auto","background-attachment":"scroll","background-type":"","background-media":"","overlay-type":"","overlay-color":"","overlay-opacity":"","overlay-gradient":""},"tablet":{"background-color":"var(--ast-global-color-4)","background-image":"","background-repeat":"repeat","background-position":"center center","background-size":"auto","background-attachment":"scroll","background-type":"","background-media":"","overlay-type":"","overlay-color":"","overlay-opacity":"","overlay-gradient":""},"mobile":{"background-color":"var(--ast-global-color-4)","background-image":"","background-repeat":"repeat","background-position":"center center","background-size":"auto","background-attachment":"scroll","background-type":"","background-media":"","overlay-type":"","overlay-color":"","overlay-opacity":"","overlay-gradient":""}},"footnotes":""},"class_list":["post-71714","page","type-page","status-publish","hentry"],"_links":{"self":[{"href":"https:\/\/mavideniz.com.tr\/tr\/wp-json\/wp\/v2\/pages\/71714","targetHints":{"allow":["GET"]}}],"collection":[{"href":"https:\/\/mavideniz.com.tr\/tr\/wp-json\/wp\/v2\/pages"}],"about":[{"href":"https:\/\/mavideniz.com.tr\/tr\/wp-json\/wp\/v2\/types\/page"}],"author":[{"embeddable":true,"href":"https:\/\/mavideniz.com.tr\/tr\/wp-json\/wp\/v2\/users\/1"}],"replies":[{"embeddable":true,"href":"https:\/\/mavideniz.com.tr\/tr\/wp-json\/wp\/v2\/comments?post=71714"}],"version-history":[{"count":0,"href":"https:\/\/mavideniz.com.tr\/tr\/wp-json\/wp\/v2\/pages\/71714\/revisions"}],"up":[{"embeddable":true,"href":"https:\/\/mavideniz.com.tr\/tr\/wp-json\/wp\/v2\/pages\/27930"}],"wp:attachment":[{"href":"https:\/\/mavideniz.com.tr\/tr\/wp-json\/wp\/v2\/media?parent=71714"}],"curies":[{"name":"wp","href":"https:\/\/api.w.org\/{rel}","templated":true}]}}