{"id":71721,"date":"2023-12-31T17:13:11","date_gmt":"2023-12-31T17:13:11","guid":{"rendered":"https:\/\/mavideniz.com.tr\/?page_id=71721"},"modified":"2025-10-05T00:07:56","modified_gmt":"2025-10-05T00:07:56","slug":"hidrolik-guc-unitesi-nijeryaya-gonderilmeye-hazir","status":"publish","type":"page","link":"https:\/\/mavideniz.com.tr\/tr\/haberler-etkinlikler\/hidrolik-guc-unitesi-nijeryaya-gonderilmeye-hazir\/","title":{"rendered":"H\u0130DROL\u0130K G\u00dc\u00c7 \u00dcN\u0130TES\u0130 N\u0130JERYA&#8217;YA G\u00d6NDER\u0130LMEYE HAZIR"},"content":{"rendered":"<p>20 Kas\u0131m 2019&#8217;da Mavi Deniz, Dizel Hidrolik Tahrikli G\u00fc\u00e7 \u00dcnitesi tedariki i\u00e7in Batok Offshore and Oil Services Nijerya Ltd ile s\u00f6zle\u015fme imzalad\u0131.<\/p>\n<p><strong>Dizel Hidrolik Tahrikli G\u00fc\u00e7 \u00dcnitesi<img loading=\"lazy\" decoding=\"async\" class=\"wp-image-25637 size-full alignright\" src=\"https:\/\/mavideniz.com.tr\/wp-content\/uploads\/Media-Centre\/News-Events\/2019\/hydraulic-power-pack-1.jpg\" width=\"375\" height=\"250\" alt=\"\" title=\"\"><\/strong><\/p>\n<ul>\n<li>Motor: Perkins<\/li>\n<li>Kapasite: Min. 55 hp<\/li>\n<li>\u00c7ubuk: Yakla\u015f\u0131k. 250 \u2013 210 bar<\/li>\n<\/ul>\n<p><strong>Pompa Ak\u0131\u015f\u0131: Yakla\u015f\u0131k. Dakikada 80 &#8211; 70 litre<\/strong><\/p>\n<ul>\n<li>Yak\u0131t Deposu: Yakla\u015f\u0131k. 30 \u2013 20 litre<\/li>\n<li>Hidrolik Tank\u0131: Yakla\u015f\u0131k. 60 \u2013 50 litre<\/li>\n<li>Bir kald\u0131rma \u00e7er\u00e7evesi dahildir.<strong><img loading=\"lazy\" decoding=\"async\" class=\"wp-image-25632 size-full alignright\" src=\"https:\/\/mavideniz.com.tr\/wp-content\/uploads\/Media-Centre\/News-Events\/2019\/hydraulic-power-pack-3.jpg\" width=\"375\" height=\"250\" alt=\"\" title=\"\"><\/strong><\/li>\n<li>Ayn\u0131 zamanda g\u00fc\u00e7 kayna\u011f\u0131 \u00fcreticilerinin d\u00fcnyan\u0131n g\u00fcvenlik a\u00e7\u0131s\u0131ndan en bilin\u00e7li tedarik\u00e7ilerinden biriyiz.<\/li>\n<\/ul>\n","protected":false},"excerpt":{"rendered":"<p>20 Kas\u0131m 2019&#8217;da Mavi Deniz, Dizel Hidrolik Tahrikli G\u00fc\u00e7 \u00dcnitesi tedariki i\u00e7in Batok Offshore and Oil Services Nijerya Ltd ile [&hellip;]<\/p>\n","protected":false},"author":1,"featured_media":0,"parent":27930,"menu_order":0,"comment_status":"closed","ping_status":"closed","template":"","meta":{"site-sidebar-layout":"default","site-content-layout":"","ast-site-content-layout":"default","site-content-style":"default","site-sidebar-style":"default","ast-global-header-display":"","ast-banner-title-visibility":"","ast-main-header-display":"","ast-hfb-above-header-display":"","ast-hfb-below-header-display":"","ast-hfb-mobile-header-display":"","site-post-title":"","ast-breadcrumbs-content":"","ast-featured-img":"","footer-sml-layout":"","ast-disable-related-posts":"","theme-transparent-header-meta":"","adv-header-id-meta":"","stick-header-meta":"","header-above-stick-meta":"","header-main-stick-meta":"","header-below-stick-meta":"","astra-migrate-meta-layouts":"default","ast-page-background-enabled":"default","ast-page-background-meta":{"desktop":{"background-color":"var(--ast-global-color-5)","background-image":"","background-repeat":"repeat","background-position":"center center","background-size":"auto","background-attachment":"scroll","background-type":"","background-media":"","overlay-type":"","overlay-color":"","overlay-opacity":"","overlay-gradient":""},"tablet":{"background-color":"","background-image":"","background-repeat":"repeat","background-position":"center center","background-size":"auto","background-attachment":"scroll","background-type":"","background-media":"","overlay-type":"","overlay-color":"","overlay-opacity":"","overlay-gradient":""},"mobile":{"background-color":"","background-image":"","background-repeat":"repeat","background-position":"center center","background-size":"auto","background-attachment":"scroll","background-type":"","background-media":"","overlay-type":"","overlay-color":"","overlay-opacity":"","overlay-gradient":""}},"ast-content-background-meta":{"desktop":{"background-color":"var(--ast-global-color-4)","background-image":"","background-repeat":"repeat","background-position":"center center","background-size":"auto","background-attachment":"scroll","background-type":"","background-media":"","overlay-type":"","overlay-color":"","overlay-opacity":"","overlay-gradient":""},"tablet":{"background-color":"var(--ast-global-color-4)","background-image":"","background-repeat":"repeat","background-position":"center center","background-size":"auto","background-attachment":"scroll","background-type":"","background-media":"","overlay-type":"","overlay-color":"","overlay-opacity":"","overlay-gradient":""},"mobile":{"background-color":"var(--ast-global-color-4)","background-image":"","background-repeat":"repeat","background-position":"center center","background-size":"auto","background-attachment":"scroll","background-type":"","background-media":"","overlay-type":"","overlay-color":"","overlay-opacity":"","overlay-gradient":""}},"footnotes":""},"class_list":["post-71721","page","type-page","status-publish","hentry"],"_links":{"self":[{"href":"https:\/\/mavideniz.com.tr\/tr\/wp-json\/wp\/v2\/pages\/71721","targetHints":{"allow":["GET"]}}],"collection":[{"href":"https:\/\/mavideniz.com.tr\/tr\/wp-json\/wp\/v2\/pages"}],"about":[{"href":"https:\/\/mavideniz.com.tr\/tr\/wp-json\/wp\/v2\/types\/page"}],"author":[{"embeddable":true,"href":"https:\/\/mavideniz.com.tr\/tr\/wp-json\/wp\/v2\/users\/1"}],"replies":[{"embeddable":true,"href":"https:\/\/mavideniz.com.tr\/tr\/wp-json\/wp\/v2\/comments?post=71721"}],"version-history":[{"count":0,"href":"https:\/\/mavideniz.com.tr\/tr\/wp-json\/wp\/v2\/pages\/71721\/revisions"}],"up":[{"embeddable":true,"href":"https:\/\/mavideniz.com.tr\/tr\/wp-json\/wp\/v2\/pages\/27930"}],"wp:attachment":[{"href":"https:\/\/mavideniz.com.tr\/tr\/wp-json\/wp\/v2\/media?parent=71721"}],"curies":[{"name":"wp","href":"https:\/\/api.w.org\/{rel}","templated":true}]}}