{"id":71728,"date":"2024-01-01T12:39:18","date_gmt":"2024-01-01T12:39:18","guid":{"rendered":"https:\/\/mavideniz.com.tr\/?page_id=71728"},"modified":"2025-10-05T00:07:56","modified_gmt":"2025-10-05T00:07:56","slug":"hidroelektrik-santrali-mavi-deniz-dokuntu-bariyer-sistemini-tercih-etti","status":"publish","type":"page","link":"https:\/\/mavideniz.com.tr\/tr\/haberler-etkinlikler\/hidroelektrik-santrali-mavi-deniz-dokuntu-bariyer-sistemini-tercih-etti\/","title":{"rendered":"H\u0130DROELEKTR\u0130K SANTRAL\u0130 MAV\u0130 DEN\u0130Z D\u00d6K\u00dcNT\u00dc BAR\u0130YER S\u0130STEM\u0130N\u0130 TERC\u0130H ETT\u0130"},"content":{"rendered":"<p>11 Haziran 2016, HES olarak bilinen 36,26 MW kapasiteli Hidroelektrik santraller, Giresun ilinde bulunan \u00e7\u00f6p t\u0131rm\u0131\u011f\u0131 temizli\u011fini \u00f6nlemek amac\u0131yla \u00c7\u00f6p Bariyer sisteminin kurulumu i\u00e7in Mavi Deniz ile s\u00f6zle\u015fme imzalad\u0131.<\/p>\n<p>Mavi Deniz y\u00fczer at\u0131k kontrol\u00fcnde D\u00fcnya Lideridir. Y\u00fczen \u00e7\u00f6pleri, milf\u00f6y ve s\u00fcmb\u00fcl gibi istilac\u0131 su bitkilerini, y\u00fczen \u00e7\u00f6pleri, a\u011fa\u00e7lar\u0131, yapraklar\u0131, \u00e7ubuklar\u0131 ve di\u011fer y\u00fczen d\u00f6k\u00fcnt\u00fcleri kontrol etmek i\u00e7in birden fazla k\u00fct\u00fck ve at\u0131k bariyer sistemi sunuyoruz.<\/p>\n<p>Mavi Deniz&#8217;in genellikle k\u00fct\u00fck ve moloz bariyerleri olarak adland\u0131r\u0131lan enkaz bariyerleri uzun \u00f6m\u00fcrl\u00fc olacak \u015fekilde tasarlanm\u0131\u015ft\u0131r. Standart nehir bariyerlerinin aksine Mavi Deniz&#8217;in bariyerleri, y\u00fcksek y\u00fczey su h\u0131zlar\u0131, a\u011f\u0131r y\u00fczey d\u00f6k\u00fcnt\u00fcleri, y\u00fczen \u00e7\u00f6pler, \u015fiddetli r\u00fczgarlar ve de\u011fi\u015fen su seviyeleri ile birle\u015fti\u011finde ortaya \u00e7\u0131kan b\u00fcy\u00fck y\u00fcklere dayanacak \u015fekilde tasarlanm\u0131\u015ft\u0131r.<\/p>\n<p>Y\u00fczer At\u0131k Bariyeri, Mavi Deniz&#8217;in kaliteli m\u00fchendislik, kurulum deste\u011fi, geni\u015f envanter ve \u00f6zel lojistik personeli dahil olmak \u00fczere \u00fcst\u00fcn m\u00fc\u015fteri hizmetlerine olan ba\u011fl\u0131l\u0131\u011f\u0131yla desteklenmektedir.<\/p>\n<p><strong>Enkaz Kontrol\u00fc<\/strong><\/p>\n<ul>\n<li>K\u00fct\u00fckler, A\u011fa\u00e7 G\u00f6vdeleri, \u00c7ubuklar, Yapraklar.<\/li>\n<li>\u00c7\u00f6p, y\u00fczen bardaklar, teneke kutular, \u015fi\u015feler ve di\u011fer \u00e7\u00f6pler.<\/li>\n<li>Bitki \u00f6rt\u00fcs\u00fc, Su S\u00fcmb\u00fcl\u00fc, \u00c7imen, Milfoil, deniz yosunu.<\/li>\n<li>Buz ve sulu kar (frazil buz)<\/li>\n<\/ul>\n<p><strong>Baraj G\u00fcvenli\u011fi<\/strong><\/p>\n<ul>\n<li>Kamu G\u00fcvenli\u011fi Tekne Bariyerleri<\/li>\n<li>Emi\u015f Deli\u011fi Korumas\u0131<\/li>\n<li>Dolusavak Tekne Bariyerleri<\/li>\n<li>Giri\u015f Korumas\u0131<\/li>\n<li>Gece I\u015f\u0131kl\u0131 Bariyerler<\/li>\n<\/ul>\n","protected":false},"excerpt":{"rendered":"<p>11 Haziran 2016, HES olarak bilinen 36,26 MW kapasiteli Hidroelektrik santraller, Giresun ilinde bulunan \u00e7\u00f6p t\u0131rm\u0131\u011f\u0131 temizli\u011fini \u00f6nlemek amac\u0131yla \u00c7\u00f6p [&hellip;]<\/p>\n","protected":false},"author":1,"featured_media":0,"parent":27930,"menu_order":0,"comment_status":"closed","ping_status":"closed","template":"","meta":{"site-sidebar-layout":"default","site-content-layout":"","ast-site-content-layout":"default","site-content-style":"default","site-sidebar-style":"default","ast-global-header-display":"","ast-banner-title-visibility":"","ast-main-header-display":"","ast-hfb-above-header-display":"","ast-hfb-below-header-display":"","ast-hfb-mobile-header-display":"","site-post-title":"","ast-breadcrumbs-content":"","ast-featured-img":"","footer-sml-layout":"","ast-disable-related-posts":"","theme-transparent-header-meta":"","adv-header-id-meta":"","stick-header-meta":"","header-above-stick-meta":"","header-main-stick-meta":"","header-below-stick-meta":"","astra-migrate-meta-layouts":"default","ast-page-background-enabled":"default","ast-page-background-meta":{"desktop":{"background-color":"var(--ast-global-color-5)","background-image":"","background-repeat":"repeat","background-position":"center center","background-size":"auto","background-attachment":"scroll","background-type":"","background-media":"","overlay-type":"","overlay-color":"","overlay-opacity":"","overlay-gradient":""},"tablet":{"background-color":"","background-image":"","background-repeat":"repeat","background-position":"center center","background-size":"auto","background-attachment":"scroll","background-type":"","background-media":"","overlay-type":"","overlay-color":"","overlay-opacity":"","overlay-gradient":""},"mobile":{"background-color":"","background-image":"","background-repeat":"repeat","background-position":"center center","background-size":"auto","background-attachment":"scroll","background-type":"","background-media":"","overlay-type":"","overlay-color":"","overlay-opacity":"","overlay-gradient":""}},"ast-content-background-meta":{"desktop":{"background-color":"var(--ast-global-color-4)","background-image":"","background-repeat":"repeat","background-position":"center center","background-size":"auto","background-attachment":"scroll","background-type":"","background-media":"","overlay-type":"","overlay-color":"","overlay-opacity":"","overlay-gradient":""},"tablet":{"background-color":"var(--ast-global-color-4)","background-image":"","background-repeat":"repeat","background-position":"center center","background-size":"auto","background-attachment":"scroll","background-type":"","background-media":"","overlay-type":"","overlay-color":"","overlay-opacity":"","overlay-gradient":""},"mobile":{"background-color":"var(--ast-global-color-4)","background-image":"","background-repeat":"repeat","background-position":"center center","background-size":"auto","background-attachment":"scroll","background-type":"","background-media":"","overlay-type":"","overlay-color":"","overlay-opacity":"","overlay-gradient":""}},"footnotes":""},"class_list":["post-71728","page","type-page","status-publish","hentry"],"_links":{"self":[{"href":"https:\/\/mavideniz.com.tr\/tr\/wp-json\/wp\/v2\/pages\/71728","targetHints":{"allow":["GET"]}}],"collection":[{"href":"https:\/\/mavideniz.com.tr\/tr\/wp-json\/wp\/v2\/pages"}],"about":[{"href":"https:\/\/mavideniz.com.tr\/tr\/wp-json\/wp\/v2\/types\/page"}],"author":[{"embeddable":true,"href":"https:\/\/mavideniz.com.tr\/tr\/wp-json\/wp\/v2\/users\/1"}],"replies":[{"embeddable":true,"href":"https:\/\/mavideniz.com.tr\/tr\/wp-json\/wp\/v2\/comments?post=71728"}],"version-history":[{"count":0,"href":"https:\/\/mavideniz.com.tr\/tr\/wp-json\/wp\/v2\/pages\/71728\/revisions"}],"up":[{"embeddable":true,"href":"https:\/\/mavideniz.com.tr\/tr\/wp-json\/wp\/v2\/pages\/27930"}],"wp:attachment":[{"href":"https:\/\/mavideniz.com.tr\/tr\/wp-json\/wp\/v2\/media?parent=71728"}],"curies":[{"name":"wp","href":"https:\/\/api.w.org\/{rel}","templated":true}]}}