{"id":71744,"date":"2024-01-01T12:44:49","date_gmt":"2024-01-01T12:44:49","guid":{"rendered":"https:\/\/mavideniz.com.tr\/?page_id=71744"},"modified":"2025-10-05T00:07:56","modified_gmt":"2025-10-05T00:07:56","slug":"hindistan-sahil-guvenlik-mumbai-6-x-dagitici-puskurtme-sistemi-siparisi","status":"publish","type":"page","link":"https:\/\/mavideniz.com.tr\/tr\/haberler-etkinlikler\/hindistan-sahil-guvenlik-mumbai-6-x-dagitici-puskurtme-sistemi-siparisi\/","title":{"rendered":"H\u0130ND\u0130STAN SAH\u0130L G\u00dcVENL\u0130K, MUMBAI 6 x DA\u011eITICI P\u00dcSK\u00dcRTME S\u0130STEM\u0130 S\u0130PAR\u0130\u015e\u0130"},"content":{"rendered":"<p>3 A\u011fustos 2016 tarihinde Mavi Deniz, 6 m uzunlu\u011funda geri \u00e7ekilebilir al\u00fcminyum p\u00fcsk\u00fcrtme kollu 6 tak\u0131m dispersant p\u00fcsk\u00fcrtme sistemi temini ihalesini<img loading=\"lazy\" decoding=\"async\" class=\"size-full wp-image-26386 alignright\" src=\"https:\/\/mavideniz.com.tr\/wp-content\/uploads\/Media-Centre\/News-Events\/2016\/INDIAN-COAST-GUARD-DISPERSANT-SPRAY-SYSTEM-2.jpg\" alt=\"\" width=\"375\" height=\"250\" title=\"\"> kazand\u0131; pompa seyreltme sistemi minimum %0-20 ile 60 l\/m kapasite, ak\u0131\u015f \u00f6l\u00e7er, da\u011f\u0131t\u0131c\u0131 ak\u0131\u015f kontrol sistemi, tetikle \u00e7al\u0131\u015ft\u0131r\u0131lan 2 adet el \u00fcfleme borusu, \u00e7\u0131kar\u0131labilir tekerlekler, seyreltik ve temiz uygulama i\u00e7in egzoz k\u0131v\u0131lc\u0131m \u00f6nleyici ve nozul sistemlerine sahip dizel motor BV S\u0131n\u0131f Sertifikal\u0131 ASTM Standartlar\u0131 ve 1 y\u0131ll\u0131k yedek par\u00e7a Hindistan Sahil G\u00fcvenli\u011fi i\u00e7in.<\/p>\n<p>Mavi Deniz, 3 A\u011fustos 2016 tarihinde 6 adet dispersant p\u00fcsk\u00fcrtme sistemi temini ihalesini kazand\u0131.<\/p>\n<ul>\n<li>6 m uzunlu\u011funda geri \u00e7ekilebilir al\u00fcminyum p\u00fcsk\u00fcrtme kollar\u0131<\/li>\n<li>Pompa seyreltme sistemi minimum %0-20 olup 60 lt\/m kapasitelidir,<\/li>\n<li>Debimetre, dispersant ak\u0131\u015f kontrol sistemi,<\/li>\n<li>2 adet tetikle \u00e7al\u0131\u015fan el m\u0131zra\u011f\u0131,<\/li>\n<li>\u00c7\u0131kar\u0131labilir tekerlekler,<\/li>\n<li>Egzoz k\u0131v\u0131lc\u0131m \u00f6nleyicili dizel motor ve<\/li>\n<li>ASTM Standartlar\u0131na g\u00f6re seyreltik ve saf uygulama i\u00e7in nozul sistemleri<\/li>\n<\/ul>\n","protected":false},"excerpt":{"rendered":"<p>3 A\u011fustos 2016 tarihinde Mavi Deniz, 6 m uzunlu\u011funda geri \u00e7ekilebilir al\u00fcminyum p\u00fcsk\u00fcrtme kollu 6 tak\u0131m dispersant p\u00fcsk\u00fcrtme sistemi temini [&hellip;]<\/p>\n","protected":false},"author":1,"featured_media":0,"parent":27930,"menu_order":0,"comment_status":"closed","ping_status":"closed","template":"","meta":{"site-sidebar-layout":"default","site-content-layout":"","ast-site-content-layout":"default","site-content-style":"default","site-sidebar-style":"default","ast-global-header-display":"","ast-banner-title-visibility":"","ast-main-header-display":"","ast-hfb-above-header-display":"","ast-hfb-below-header-display":"","ast-hfb-mobile-header-display":"","site-post-title":"","ast-breadcrumbs-content":"","ast-featured-img":"","footer-sml-layout":"","ast-disable-related-posts":"","theme-transparent-header-meta":"","adv-header-id-meta":"","stick-header-meta":"","header-above-stick-meta":"","header-main-stick-meta":"","header-below-stick-meta":"","astra-migrate-meta-layouts":"default","ast-page-background-enabled":"default","ast-page-background-meta":{"desktop":{"background-color":"var(--ast-global-color-5)","background-image":"","background-repeat":"repeat","background-position":"center center","background-size":"auto","background-attachment":"scroll","background-type":"","background-media":"","overlay-type":"","overlay-color":"","overlay-opacity":"","overlay-gradient":""},"tablet":{"background-color":"","background-image":"","background-repeat":"repeat","background-position":"center center","background-size":"auto","background-attachment":"scroll","background-type":"","background-media":"","overlay-type":"","overlay-color":"","overlay-opacity":"","overlay-gradient":""},"mobile":{"background-color":"","background-image":"","background-repeat":"repeat","background-position":"center center","background-size":"auto","background-attachment":"scroll","background-type":"","background-media":"","overlay-type":"","overlay-color":"","overlay-opacity":"","overlay-gradient":""}},"ast-content-background-meta":{"desktop":{"background-color":"var(--ast-global-color-4)","background-image":"","background-repeat":"repeat","background-position":"center center","background-size":"auto","background-attachment":"scroll","background-type":"","background-media":"","overlay-type":"","overlay-color":"","overlay-opacity":"","overlay-gradient":""},"tablet":{"background-color":"var(--ast-global-color-4)","background-image":"","background-repeat":"repeat","background-position":"center center","background-size":"auto","background-attachment":"scroll","background-type":"","background-media":"","overlay-type":"","overlay-color":"","overlay-opacity":"","overlay-gradient":""},"mobile":{"background-color":"var(--ast-global-color-4)","background-image":"","background-repeat":"repeat","background-position":"center center","background-size":"auto","background-attachment":"scroll","background-type":"","background-media":"","overlay-type":"","overlay-color":"","overlay-opacity":"","overlay-gradient":""}},"footnotes":""},"class_list":["post-71744","page","type-page","status-publish","hentry"],"_links":{"self":[{"href":"https:\/\/mavideniz.com.tr\/tr\/wp-json\/wp\/v2\/pages\/71744","targetHints":{"allow":["GET"]}}],"collection":[{"href":"https:\/\/mavideniz.com.tr\/tr\/wp-json\/wp\/v2\/pages"}],"about":[{"href":"https:\/\/mavideniz.com.tr\/tr\/wp-json\/wp\/v2\/types\/page"}],"author":[{"embeddable":true,"href":"https:\/\/mavideniz.com.tr\/tr\/wp-json\/wp\/v2\/users\/1"}],"replies":[{"embeddable":true,"href":"https:\/\/mavideniz.com.tr\/tr\/wp-json\/wp\/v2\/comments?post=71744"}],"version-history":[{"count":0,"href":"https:\/\/mavideniz.com.tr\/tr\/wp-json\/wp\/v2\/pages\/71744\/revisions"}],"up":[{"embeddable":true,"href":"https:\/\/mavideniz.com.tr\/tr\/wp-json\/wp\/v2\/pages\/27930"}],"wp:attachment":[{"href":"https:\/\/mavideniz.com.tr\/tr\/wp-json\/wp\/v2\/media?parent=71744"}],"curies":[{"name":"wp","href":"https:\/\/api.w.org\/{rel}","templated":true}]}}