{"id":71752,"date":"2024-01-01T13:09:12","date_gmt":"2024-01-01T13:09:12","guid":{"rendered":"https:\/\/mavideniz.com.tr\/?page_id=71752"},"modified":"2025-10-05T00:07:56","modified_gmt":"2025-10-05T00:07:56","slug":"endonezya-coklu-skimmer-ve-bariyer-siparisi","status":"publish","type":"page","link":"https:\/\/mavideniz.com.tr\/tr\/haberler-etkinlikler\/endonezya-coklu-skimmer-ve-bariyer-siparisi\/","title":{"rendered":"ENDONEZYA &#8211; \u00c7OKLU SKIMMER VE BAR\u0130YER S\u0130PAR\u0130\u015e\u0130"},"content":{"rendered":"<p>MAVI DENIZ, liman yetkililerine y\u00f6nelik petrol s\u0131z\u0131nt\u0131s\u0131 geri kazan\u0131m sistemleri alan\u0131nda D\u00fcnya Lideri bir \u00fcreticidir. Tier 1 petrol s\u0131z\u0131nt\u0131s\u0131 m\u00fcdahale ekipman\u0131, Endonezya&#8217;n\u0131n Sumatra kentindeki bir liman \u015fehri olan Belawan&#8217;da kullan\u0131lacak. Medan yak\u0131nlar\u0131ndaki Deli Nehri \u00fczerinde yer alan Belawan,<img loading=\"lazy\" decoding=\"async\" class=\"size-full wp-image-26517 alignright\" src=\"https:\/\/mavideniz.com.tr\/wp-content\/uploads\/Media-Centre\/News-Events\/2015\/oil-fence-boom-boom-reel.jpg\" alt=\"\" width=\"375\" height=\"250\" title=\"\"> Endonezya&#8217;n\u0131n Java d\u0131\u015f\u0131ndaki en i\u015flek liman\u0131d\u0131r.<\/p>\n<p>Belawan Liman\u0131, b\u00fcy\u00fck \u00f6l\u00e7\u00fcde bozulan kargo r\u0131ht\u0131mlar\u0131n\u0131 rehabilite etti ve Ujung Baru Terminali&#8217;nin kuru y\u00fck ve palmiye ya\u011f\u0131 y\u00fckleme sistemlerindeki iyile\u015ftirmeleri, yolcu terminalinin ta\u015f\u0131nmas\u0131n\u0131 ve yeni bir yolcu r\u0131ht\u0131m tedariki konteyner elle\u00e7leme ekipman\u0131n\u0131n in\u015fas\u0131n\u0131 ger\u00e7ekle\u015ftirdi. Belawan, Endonezya&#8217;n\u0131n Java d\u0131\u015f\u0131ndaki en yo\u011fun liman\u0131d\u0131r .<\/p>\n<p>Plantasyon \u00fcr\u00fcn\u00fcne y\u00f6nelik artan talebin ard\u0131ndan Ham Palmiye Ya\u011f\u0131 (CPO), Belawan liman\u0131n\u0131n ana ihra\u00e7 \u00fcr\u00fcn\u00fc haline geldi; Petrol s\u0131z\u0131nt\u0131s\u0131 kazas\u0131 durumunda acil m\u00fcdahale i\u00e7in ekipmanlar 3 farkl\u0131 yere yerle\u015ftirilecektir.<\/p>\n<p>Endonezya h\u00fck\u00fcmeti 2007 y\u0131l\u0131nda Ulusal Petrol S\u0131z\u0131nt\u0131s\u0131 Acil Durum Plan\u0131n\u0131 onaylad\u0131. Deniz Ula\u015ft\u0131rma Genel M\u00fcd\u00fcrl\u00fc\u011f\u00fc (DGST), petrol s\u0131z\u0131nt\u0131s\u0131na kar\u015f\u0131 haz\u0131rl\u0131k ve m\u00fcdahalenin \u00f6nde gelen kurumudur.<\/p>\n<p>Maden ve Gaz Genel M\u00fcd\u00fcrl\u00fc\u011f\u00fc ile di\u011fer bakanl\u0131k ve kurumlardan olu\u015fan Petrol S\u0131z\u0131nt\u0131s\u0131na M\u00fcdahale Ulusal Ekibi kuruldu.<\/p>\n<p>Milli Tak\u0131m, \u00f6nemli olaylar s\u0131ras\u0131nda denizde acil m\u00fcdahalenin uygulanmas\u0131n\u0131 koordine etmekten sorumludur. Ayr\u0131ca s\u0131z\u0131nt\u0131 nedeniyle maddi zarara u\u011frayanlara hukuki destek de sa\u011flan\u0131yor.<\/p>\n<p>Mavi Deniz, 30 Temmuz 2015 tarihli yeni sipari\u015fi ile 20 m3\/saat kapasiteli, f\u0131r\u00e7a, disk ve tambur mod\u00fcllerinden olu\u015fan \u00e7oklu ya\u011f s\u0131y\u0131r\u0131c\u0131 tedarik edecek.<\/p>\n<p>F\u0131r\u00e7a mod\u00fcl\u00fc a\u011f\u0131r ya\u011flar i\u00e7in kullan\u0131l\u0131r; disk mod\u00fcl\u00fc hafif petrol s\u0131z\u0131nt\u0131lar\u0131 i\u00e7in kullan\u0131l\u0131r. 3 adet ayr\u0131 bariyer depolama tamburu \u00fczerinde liman tipi 1000 m Petrol \u00c7it Bariyerleri, Endonezya liman idaresi i\u00e7in tamir kiti ve \u00e7apa kiti sistemini i\u00e7erir.<\/p>\n<p>Mavi Deniz, G\u00fcneydo\u011fu Asya B\u00f6lgesi&#8217;nde h\u0131zla b\u00fcy\u00fcmeye devam ediyor.<\/p>\n","protected":false},"excerpt":{"rendered":"<p>MAVI DENIZ, liman yetkililerine y\u00f6nelik petrol s\u0131z\u0131nt\u0131s\u0131 geri kazan\u0131m sistemleri alan\u0131nda D\u00fcnya Lideri bir \u00fcreticidir. Tier 1 petrol s\u0131z\u0131nt\u0131s\u0131 m\u00fcdahale [&hellip;]<\/p>\n","protected":false},"author":1,"featured_media":0,"parent":27930,"menu_order":0,"comment_status":"closed","ping_status":"closed","template":"","meta":{"site-sidebar-layout":"default","site-content-layout":"","ast-site-content-layout":"default","site-content-style":"default","site-sidebar-style":"default","ast-global-header-display":"","ast-banner-title-visibility":"","ast-main-header-display":"","ast-hfb-above-header-display":"","ast-hfb-below-header-display":"","ast-hfb-mobile-header-display":"","site-post-title":"","ast-breadcrumbs-content":"","ast-featured-img":"","footer-sml-layout":"","ast-disable-related-posts":"","theme-transparent-header-meta":"","adv-header-id-meta":"","stick-header-meta":"","header-above-stick-meta":"","header-main-stick-meta":"","header-below-stick-meta":"","astra-migrate-meta-layouts":"default","ast-page-background-enabled":"default","ast-page-background-meta":{"desktop":{"background-color":"var(--ast-global-color-5)","background-image":"","background-repeat":"repeat","background-position":"center center","background-size":"auto","background-attachment":"scroll","background-type":"","background-media":"","overlay-type":"","overlay-color":"","overlay-opacity":"","overlay-gradient":""},"tablet":{"background-color":"","background-image":"","background-repeat":"repeat","background-position":"center center","background-size":"auto","background-attachment":"scroll","background-type":"","background-media":"","overlay-type":"","overlay-color":"","overlay-opacity":"","overlay-gradient":""},"mobile":{"background-color":"","background-image":"","background-repeat":"repeat","background-position":"center center","background-size":"auto","background-attachment":"scroll","background-type":"","background-media":"","overlay-type":"","overlay-color":"","overlay-opacity":"","overlay-gradient":""}},"ast-content-background-meta":{"desktop":{"background-color":"var(--ast-global-color-4)","background-image":"","background-repeat":"repeat","background-position":"center center","background-size":"auto","background-attachment":"scroll","background-type":"","background-media":"","overlay-type":"","overlay-color":"","overlay-opacity":"","overlay-gradient":""},"tablet":{"background-color":"var(--ast-global-color-4)","background-image":"","background-repeat":"repeat","background-position":"center center","background-size":"auto","background-attachment":"scroll","background-type":"","background-media":"","overlay-type":"","overlay-color":"","overlay-opacity":"","overlay-gradient":""},"mobile":{"background-color":"var(--ast-global-color-4)","background-image":"","background-repeat":"repeat","background-position":"center center","background-size":"auto","background-attachment":"scroll","background-type":"","background-media":"","overlay-type":"","overlay-color":"","overlay-opacity":"","overlay-gradient":""}},"footnotes":""},"class_list":["post-71752","page","type-page","status-publish","hentry"],"_links":{"self":[{"href":"https:\/\/mavideniz.com.tr\/tr\/wp-json\/wp\/v2\/pages\/71752","targetHints":{"allow":["GET"]}}],"collection":[{"href":"https:\/\/mavideniz.com.tr\/tr\/wp-json\/wp\/v2\/pages"}],"about":[{"href":"https:\/\/mavideniz.com.tr\/tr\/wp-json\/wp\/v2\/types\/page"}],"author":[{"embeddable":true,"href":"https:\/\/mavideniz.com.tr\/tr\/wp-json\/wp\/v2\/users\/1"}],"replies":[{"embeddable":true,"href":"https:\/\/mavideniz.com.tr\/tr\/wp-json\/wp\/v2\/comments?post=71752"}],"version-history":[{"count":0,"href":"https:\/\/mavideniz.com.tr\/tr\/wp-json\/wp\/v2\/pages\/71752\/revisions"}],"up":[{"embeddable":true,"href":"https:\/\/mavideniz.com.tr\/tr\/wp-json\/wp\/v2\/pages\/27930"}],"wp:attachment":[{"href":"https:\/\/mavideniz.com.tr\/tr\/wp-json\/wp\/v2\/media?parent=71752"}],"curies":[{"name":"wp","href":"https:\/\/api.w.org\/{rel}","templated":true}]}}