{"id":71765,"date":"2024-01-01T13:21:47","date_gmt":"2024-01-01T13:21:47","guid":{"rendered":"https:\/\/mavideniz.com.tr\/?page_id=71765"},"modified":"2025-10-05T00:07:55","modified_gmt":"2025-10-05T00:07:55","slug":"ic-kirlilige-mudahale-ekipmanlari-endonezyaya-teslim-edildi","status":"publish","type":"page","link":"https:\/\/mavideniz.com.tr\/tr\/haberler-etkinlikler\/ic-kirlilige-mudahale-ekipmanlari-endonezyaya-teslim-edildi\/","title":{"rendered":"\u0130\u00c7 K\u0130RL\u0130L\u0130\u011eE M\u00dcDAHALE EK\u0130PMANLARI ENDONEZYA&#8217;YA TESL\u0130M ED\u0130LD\u0130"},"content":{"rendered":"<p>01 Ekim 2018&#8217;de Mavi Deniz, Endonezya&#8217;ya petrol s\u0131z\u0131nt\u0131s\u0131 ekipman\u0131 tedarik etmek \u00fczere Musim Mas Grubu ile bir s\u00f6zle\u015fme imzalad\u0131.<\/p>\n<p>Merkezi Singapur&#8217;da bulunan Musim Mas, d\u00fcnya genelinde 13 \u00fclkede faaliyet g\u00f6steren palm ya\u011f\u0131 i\u015f yelpazesinde k\u00fcresel olarak faaliyet g\u00f6stermektedir.<img loading=\"lazy\" decoding=\"async\" class=\"alignright wp-image-25964 size-full\" src=\"https:\/\/mavideniz.com.tr\/wp-content\/uploads\/Media-Centre\/News-Events\/2018\/INLAND-POLLUTION-RESPONSE-EQUIPMENT-4.jpg\" width=\"375\" height=\"250\" alt=\"\" title=\"\"><br \/>\nAsya-Pasifik, Avrupa ve Kuzey ve G\u00fcney Amerika. Grup, d\u00fcnya \u00e7ap\u0131ndaki en b\u00fcy\u00fck palm ya\u011f\u0131 rafinerisi a\u011flar\u0131ndan birine sahiptir ve bitkisel ya\u011f rafineri i\u015findeki en \u00f6nde gelen oyuncular aras\u0131ndad\u0131r. Ayn\u0131 zamanda Endonezya&#8217;da t\u00fcketim mallar\u0131 da \u00fcreterek Sunco gibi sabun ve yemeklik ya\u011f markalar\u0131 \u00fcretiyor. Musim Mas, Endonezya ve d\u00fcnyan\u0131n di\u011fer stratejik b\u00f6lgelerindeki \u00f6nemli limanlarda bulunan kimyasal ve k\u0131y\u0131 tankerleri, mavnalar, r\u00f6mork\u00f6rler ve toplu kurulumlardan olu\u015fan kapsaml\u0131 bir lojistik a\u011f\u0131 taraf\u0131ndan desteklenen 37.000 ki\u015filik g\u00fc\u00e7l\u00fc bir i\u015f g\u00fcc\u00fcne sahiptir.<\/p>\n<p>Musim Mas, Endonezya&#8217;da S\u00fcrd\u00fcr\u00fclebilir Palmiye Ya\u011f\u0131 Yuvarlak Masa (RSPO) sertifikas\u0131n\u0131 alan ilk \u015firkettir ve \u0130cra Kurulu Ba\u015fkan\u0131, RSPO&#8217;nun ilk y\u00f6netim kurulunda yer alm\u0131\u015ft\u0131r.<\/p>\n<p>Mavi Deniz, T\u00fcrkiye&#8217;de D\u00f6k\u00fclme m\u00fcdahale uzmanl\u0131\u011f\u0131 ve destek hizmetlerinin lider tedarik\u00e7isidir. Mavi Deniz, T\u00fcrkiye genelinde t\u00fcm sanayi t\u00fcrlerine geni\u015f kapsaml\u0131 i\u00e7 kirlilik m\u00fcdahale hizmetleri sunan az say\u0131daki \u015firketten biridir. Bu, m\u00fc\u015fterilerimizin, m\u00fc\u015fterilerimizin ticari ve d\u00fczenleyici ortam\u0131na ili\u015fkin de\u011ferli, derinlemesine bilgiden faydalanmas\u0131na olanak tan\u0131r.<br \/>\nAyr\u0131ca d\u00f6k\u00fclmeye m\u00fcdahalede g\u00fcvenlik a\u00e7\u0131s\u0131ndan en bilin\u00e7li tedarik\u00e7ilerden biriyiz.<\/p>\n","protected":false},"excerpt":{"rendered":"<p>01 Ekim 2018&#8217;de Mavi Deniz, Endonezya&#8217;ya petrol s\u0131z\u0131nt\u0131s\u0131 ekipman\u0131 tedarik etmek \u00fczere Musim Mas Grubu ile bir s\u00f6zle\u015fme imzalad\u0131. Merkezi [&hellip;]<\/p>\n","protected":false},"author":1,"featured_media":0,"parent":27930,"menu_order":0,"comment_status":"closed","ping_status":"closed","template":"","meta":{"site-sidebar-layout":"default","site-content-layout":"","ast-site-content-layout":"default","site-content-style":"default","site-sidebar-style":"default","ast-global-header-display":"","ast-banner-title-visibility":"","ast-main-header-display":"","ast-hfb-above-header-display":"","ast-hfb-below-header-display":"","ast-hfb-mobile-header-display":"","site-post-title":"","ast-breadcrumbs-content":"","ast-featured-img":"","footer-sml-layout":"","ast-disable-related-posts":"","theme-transparent-header-meta":"","adv-header-id-meta":"","stick-header-meta":"","header-above-stick-meta":"","header-main-stick-meta":"","header-below-stick-meta":"","astra-migrate-meta-layouts":"default","ast-page-background-enabled":"default","ast-page-background-meta":{"desktop":{"background-color":"var(--ast-global-color-5)","background-image":"","background-repeat":"repeat","background-position":"center center","background-size":"auto","background-attachment":"scroll","background-type":"","background-media":"","overlay-type":"","overlay-color":"","overlay-opacity":"","overlay-gradient":""},"tablet":{"background-color":"","background-image":"","background-repeat":"repeat","background-position":"center center","background-size":"auto","background-attachment":"scroll","background-type":"","background-media":"","overlay-type":"","overlay-color":"","overlay-opacity":"","overlay-gradient":""},"mobile":{"background-color":"","background-image":"","background-repeat":"repeat","background-position":"center center","background-size":"auto","background-attachment":"scroll","background-type":"","background-media":"","overlay-type":"","overlay-color":"","overlay-opacity":"","overlay-gradient":""}},"ast-content-background-meta":{"desktop":{"background-color":"var(--ast-global-color-4)","background-image":"","background-repeat":"repeat","background-position":"center center","background-size":"auto","background-attachment":"scroll","background-type":"","background-media":"","overlay-type":"","overlay-color":"","overlay-opacity":"","overlay-gradient":""},"tablet":{"background-color":"var(--ast-global-color-4)","background-image":"","background-repeat":"repeat","background-position":"center center","background-size":"auto","background-attachment":"scroll","background-type":"","background-media":"","overlay-type":"","overlay-color":"","overlay-opacity":"","overlay-gradient":""},"mobile":{"background-color":"var(--ast-global-color-4)","background-image":"","background-repeat":"repeat","background-position":"center center","background-size":"auto","background-attachment":"scroll","background-type":"","background-media":"","overlay-type":"","overlay-color":"","overlay-opacity":"","overlay-gradient":""}},"footnotes":""},"class_list":["post-71765","page","type-page","status-publish","hentry"],"_links":{"self":[{"href":"https:\/\/mavideniz.com.tr\/tr\/wp-json\/wp\/v2\/pages\/71765","targetHints":{"allow":["GET"]}}],"collection":[{"href":"https:\/\/mavideniz.com.tr\/tr\/wp-json\/wp\/v2\/pages"}],"about":[{"href":"https:\/\/mavideniz.com.tr\/tr\/wp-json\/wp\/v2\/types\/page"}],"author":[{"embeddable":true,"href":"https:\/\/mavideniz.com.tr\/tr\/wp-json\/wp\/v2\/users\/1"}],"replies":[{"embeddable":true,"href":"https:\/\/mavideniz.com.tr\/tr\/wp-json\/wp\/v2\/comments?post=71765"}],"version-history":[{"count":0,"href":"https:\/\/mavideniz.com.tr\/tr\/wp-json\/wp\/v2\/pages\/71765\/revisions"}],"up":[{"embeddable":true,"href":"https:\/\/mavideniz.com.tr\/tr\/wp-json\/wp\/v2\/pages\/27930"}],"wp:attachment":[{"href":"https:\/\/mavideniz.com.tr\/tr\/wp-json\/wp\/v2\/media?parent=71765"}],"curies":[{"name":"wp","href":"https:\/\/api.w.org\/{rel}","templated":true}]}}