{"id":71777,"date":"2024-01-01T13:43:46","date_gmt":"2024-01-01T13:43:46","guid":{"rendered":"https:\/\/mavideniz.com.tr\/?page_id=71777"},"modified":"2025-10-05T00:07:55","modified_gmt":"2025-10-05T00:07:55","slug":"izmir-belediyesi-ege-denizinde-17-m-deniz-supurgesi-botu-kullaniyor","status":"publish","type":"page","link":"https:\/\/mavideniz.com.tr\/tr\/haberler-etkinlikler\/izmir-belediyesi-ege-denizinde-17-m-deniz-supurgesi-botu-kullaniyor\/","title":{"rendered":"\u0130ZM\u0130R BELED\u0130YES\u0130 EGE DEN\u0130Z\u0130NDE 17 m DEN\u0130Z S\u00dcP\u00dcRGES\u0130 BOTU KULLANIYOR."},"content":{"rendered":"<p>Mavi Deniz&#8217;in \u00c7\u00f6p Toplama Tekneleri d\u00fcnya \u00e7ap\u0131nda Azerbaycan, \u0130talya, Pakistan, Yunanistan, Banglade\u015f, Tunus, Gana ve Nijerya&#8217;n\u0131n da aralar\u0131nda bulundu\u011fu 15&#8217;ten fazla \u00fclkede kullan\u0131labiliyor.<img loading=\"lazy\" decoding=\"async\" class=\"size-full wp-image-26359 alignright\" src=\"https:\/\/mavideniz.com.tr\/wp-content\/uploads\/Media-Centre\/News-Events\/2016\/Trash-Skimmer-Boat-1.jpg\" alt=\"\" width=\"375\" height=\"250\" title=\"\"><\/p>\n<p>Ege Denizi&#8217;ndeki \u0130zmir Belediyesi, y\u0131l boyunca deniz y\u00fczeyindeki plastik malzemeler, \u00e7\u00f6p, \u00e7\u00f6p, \u015fi\u015fe, sigara, tahta, yosun, kat\u0131 d\u00f6k\u00fcnt\u00fc ve organik madde dahil her t\u00fcrl\u00fc y\u00fczen ve yar\u0131 bat\u0131k kirleticiyi topluyor.<\/p>\n<p>\u00c7\u00f6p\/\u00e7\u00f6p depolama kab\u0131 kapasitesi 20 m3, ya\u011fl\u0131 at\u0131k tank\u0131 kapasitesi ise 40 m3&#8217;t\u00fcr. Hidrolik vin\u00e7 kapasitesi 6 m @ 1 tondur.<\/p>\n<p><strong>\u00d6zellikler<\/strong><\/p>\n<p>Kat\u0131 y\u00fczen at\u0131klar\u0131n ve yar\u0131 suya batm\u0131\u015f makro kirleticilerin toplanmas\u0131 (plastik, bitkiler, teneke kutular, ah\u015fap, algler, deniz yosunu vb.)<br \/>\n\u00c7\u00f6pler bir konteynerde depolan\u0131yor.<\/p>\n<p><strong>\u00c7\u00f6p s\u00fcp\u00fcr\u00fcc\u00fc tekne \u015eartname<\/strong><\/p>\n<ul>\n<li>Uzunluk: 17 m<\/li>\n<li>Geni\u015flik: 6 m<\/li>\n<li>\u00c7\u00f6p At\u0131k Tank\u0131: 20 m3<\/li>\n<li>Ya\u011fl\u0131 At\u0131k Tank\u0131: 40 m3<\/li>\n<li>G\u00f6vde Tipi: \u00c7elik<\/li>\n<\/ul>\n","protected":false},"excerpt":{"rendered":"<p>Mavi Deniz&#8217;in \u00c7\u00f6p Toplama Tekneleri d\u00fcnya \u00e7ap\u0131nda Azerbaycan, \u0130talya, Pakistan, Yunanistan, Banglade\u015f, Tunus, Gana ve Nijerya&#8217;n\u0131n da aralar\u0131nda bulundu\u011fu 15&#8217;ten [&hellip;]<\/p>\n","protected":false},"author":1,"featured_media":0,"parent":27930,"menu_order":0,"comment_status":"closed","ping_status":"closed","template":"","meta":{"site-sidebar-layout":"default","site-content-layout":"","ast-site-content-layout":"default","site-content-style":"default","site-sidebar-style":"default","ast-global-header-display":"","ast-banner-title-visibility":"","ast-main-header-display":"","ast-hfb-above-header-display":"","ast-hfb-below-header-display":"","ast-hfb-mobile-header-display":"","site-post-title":"","ast-breadcrumbs-content":"","ast-featured-img":"","footer-sml-layout":"","ast-disable-related-posts":"","theme-transparent-header-meta":"","adv-header-id-meta":"","stick-header-meta":"","header-above-stick-meta":"","header-main-stick-meta":"","header-below-stick-meta":"","astra-migrate-meta-layouts":"default","ast-page-background-enabled":"default","ast-page-background-meta":{"desktop":{"background-color":"var(--ast-global-color-5)","background-image":"","background-repeat":"repeat","background-position":"center center","background-size":"auto","background-attachment":"scroll","background-type":"","background-media":"","overlay-type":"","overlay-color":"","overlay-opacity":"","overlay-gradient":""},"tablet":{"background-color":"","background-image":"","background-repeat":"repeat","background-position":"center center","background-size":"auto","background-attachment":"scroll","background-type":"","background-media":"","overlay-type":"","overlay-color":"","overlay-opacity":"","overlay-gradient":""},"mobile":{"background-color":"","background-image":"","background-repeat":"repeat","background-position":"center center","background-size":"auto","background-attachment":"scroll","background-type":"","background-media":"","overlay-type":"","overlay-color":"","overlay-opacity":"","overlay-gradient":""}},"ast-content-background-meta":{"desktop":{"background-color":"var(--ast-global-color-4)","background-image":"","background-repeat":"repeat","background-position":"center center","background-size":"auto","background-attachment":"scroll","background-type":"","background-media":"","overlay-type":"","overlay-color":"","overlay-opacity":"","overlay-gradient":""},"tablet":{"background-color":"var(--ast-global-color-4)","background-image":"","background-repeat":"repeat","background-position":"center center","background-size":"auto","background-attachment":"scroll","background-type":"","background-media":"","overlay-type":"","overlay-color":"","overlay-opacity":"","overlay-gradient":""},"mobile":{"background-color":"var(--ast-global-color-4)","background-image":"","background-repeat":"repeat","background-position":"center center","background-size":"auto","background-attachment":"scroll","background-type":"","background-media":"","overlay-type":"","overlay-color":"","overlay-opacity":"","overlay-gradient":""}},"footnotes":""},"class_list":["post-71777","page","type-page","status-publish","hentry"],"_links":{"self":[{"href":"https:\/\/mavideniz.com.tr\/tr\/wp-json\/wp\/v2\/pages\/71777","targetHints":{"allow":["GET"]}}],"collection":[{"href":"https:\/\/mavideniz.com.tr\/tr\/wp-json\/wp\/v2\/pages"}],"about":[{"href":"https:\/\/mavideniz.com.tr\/tr\/wp-json\/wp\/v2\/types\/page"}],"author":[{"embeddable":true,"href":"https:\/\/mavideniz.com.tr\/tr\/wp-json\/wp\/v2\/users\/1"}],"replies":[{"embeddable":true,"href":"https:\/\/mavideniz.com.tr\/tr\/wp-json\/wp\/v2\/comments?post=71777"}],"version-history":[{"count":0,"href":"https:\/\/mavideniz.com.tr\/tr\/wp-json\/wp\/v2\/pages\/71777\/revisions"}],"up":[{"embeddable":true,"href":"https:\/\/mavideniz.com.tr\/tr\/wp-json\/wp\/v2\/pages\/27930"}],"wp:attachment":[{"href":"https:\/\/mavideniz.com.tr\/tr\/wp-json\/wp\/v2\/media?parent=71777"}],"curies":[{"name":"wp","href":"https:\/\/api.w.org\/{rel}","templated":true}]}}