{"id":71782,"date":"2024-01-01T13:45:33","date_gmt":"2024-01-01T13:45:33","guid":{"rendered":"https:\/\/mavideniz.com.tr\/?page_id=71782"},"modified":"2025-10-05T00:07:55","modified_gmt":"2025-10-05T00:07:55","slug":"marmara-deniz-yuzey-temizlik-projesi","status":"publish","type":"page","link":"https:\/\/mavideniz.com.tr\/tr\/haberler-etkinlikler\/marmara-deniz-yuzey-temizlik-projesi\/","title":{"rendered":"MARMARA DEN\u0130Z Y\u00dcZEY TEM\u0130ZL\u0130K PROJES\u0130"},"content":{"rendered":"<p>Mavi Deniz, d\u00fcnya \u00e7ap\u0131nda deniz habitatlar\u0131ndaki ekosistemlerin korunmas\u0131nda d\u00fcnya lideridir. \u0130klim De\u011fi\u015fikli\u011fi ve Denizlerin Potansiyel Yay\u0131l\u0131m\u0131<img loading=\"lazy\" decoding=\"async\" class=\"alignright wp-image-26619 size-full\" src=\"https:\/\/mavideniz.com.tr\/wp-content\/uploads\/Media-Centre\/News-Events\/2021\/MARMARA-SEA-SURFACE-CLEANING-PROJECT-Trash-Skimmer-Boat-2.jpg\" width=\"375\" height=\"250\" alt=\"\" title=\"\"><br \/>\nMarmara Denizi&#8217;nde Yabani Otlar, Deniz M\u00fcsilaj\u0131 ve Mikrobiyal Patojenler yaz mevsiminde \u00e7ok y\u00fcksek oldu\u011fundan Mavi Deniz, Marmara Denizi&#8217;ne k\u0131y\u0131s\u0131 olan Belediyeler ile deniz y\u00fczeyinin kendi malzemesi ve 5 adet \u00e7oklu temizleme arac\u0131 ile temizlenmesini i\u00e7eren bir anla\u015fma imzalar. ama\u00e7l\u0131 ekolojik m\u00fcdahale \u00e7\u00f6p s\u00fcp\u00fcr\u00fcc\u00fc tekneler.<\/p>\n<p><strong>\u00c7ok Ama\u00e7l\u0131 \u00c7\u00f6p S\u0131y\u0131r\u0131c\u0131 Tekneleri ;<\/strong><br \/>\n&#8211; Adet : 3 adet<br \/>\n&#8211; Model: Deniz Kedisi<br \/>\n&#8211; Uzunluk: 17 m ve 15 m<br \/>\n&#8211; Geni\u015f: 6 m ve 5 m<br \/>\n&#8211; \u00c7\u00f6p Kat\u0131 At\u0131k Tank\u0131 Kapasitesi: 25 m3<\/p>\n<p><strong>\u00c7ok Ama\u00e7l\u0131 \u00c7\u00f6p S\u0131y\u0131r\u0131c\u0131 Tekneleri ;<\/strong><br \/>\n&#8211; Adet: 2 adet<br \/>\n&#8211; Model: Mini Kedi<br \/>\n&#8211; Uzunluk : 10 m &amp; 8 m &amp; 6 m<br \/>\n&#8211; Geni\u015f: 2,5 m<br \/>\n&#8211; \u00c7\u00f6p Kat\u0131 At\u0131k Tank\u0131 Kapasitesi: 1,5 m3<\/p>\n","protected":false},"excerpt":{"rendered":"<p>Mavi Deniz, d\u00fcnya \u00e7ap\u0131nda deniz habitatlar\u0131ndaki ekosistemlerin korunmas\u0131nda d\u00fcnya lideridir. \u0130klim De\u011fi\u015fikli\u011fi ve Denizlerin Potansiyel Yay\u0131l\u0131m\u0131 Marmara Denizi&#8217;nde Yabani Otlar, [&hellip;]<\/p>\n","protected":false},"author":1,"featured_media":0,"parent":27930,"menu_order":0,"comment_status":"closed","ping_status":"closed","template":"","meta":{"site-sidebar-layout":"default","site-content-layout":"","ast-site-content-layout":"default","site-content-style":"default","site-sidebar-style":"default","ast-global-header-display":"","ast-banner-title-visibility":"","ast-main-header-display":"","ast-hfb-above-header-display":"","ast-hfb-below-header-display":"","ast-hfb-mobile-header-display":"","site-post-title":"","ast-breadcrumbs-content":"","ast-featured-img":"","footer-sml-layout":"","ast-disable-related-posts":"","theme-transparent-header-meta":"","adv-header-id-meta":"","stick-header-meta":"","header-above-stick-meta":"","header-main-stick-meta":"","header-below-stick-meta":"","astra-migrate-meta-layouts":"default","ast-page-background-enabled":"default","ast-page-background-meta":{"desktop":{"background-color":"var(--ast-global-color-5)","background-image":"","background-repeat":"repeat","background-position":"center center","background-size":"auto","background-attachment":"scroll","background-type":"","background-media":"","overlay-type":"","overlay-color":"","overlay-opacity":"","overlay-gradient":""},"tablet":{"background-color":"","background-image":"","background-repeat":"repeat","background-position":"center center","background-size":"auto","background-attachment":"scroll","background-type":"","background-media":"","overlay-type":"","overlay-color":"","overlay-opacity":"","overlay-gradient":""},"mobile":{"background-color":"","background-image":"","background-repeat":"repeat","background-position":"center center","background-size":"auto","background-attachment":"scroll","background-type":"","background-media":"","overlay-type":"","overlay-color":"","overlay-opacity":"","overlay-gradient":""}},"ast-content-background-meta":{"desktop":{"background-color":"var(--ast-global-color-4)","background-image":"","background-repeat":"repeat","background-position":"center center","background-size":"auto","background-attachment":"scroll","background-type":"","background-media":"","overlay-type":"","overlay-color":"","overlay-opacity":"","overlay-gradient":""},"tablet":{"background-color":"var(--ast-global-color-4)","background-image":"","background-repeat":"repeat","background-position":"center center","background-size":"auto","background-attachment":"scroll","background-type":"","background-media":"","overlay-type":"","overlay-color":"","overlay-opacity":"","overlay-gradient":""},"mobile":{"background-color":"var(--ast-global-color-4)","background-image":"","background-repeat":"repeat","background-position":"center center","background-size":"auto","background-attachment":"scroll","background-type":"","background-media":"","overlay-type":"","overlay-color":"","overlay-opacity":"","overlay-gradient":""}},"footnotes":""},"class_list":["post-71782","page","type-page","status-publish","hentry"],"_links":{"self":[{"href":"https:\/\/mavideniz.com.tr\/tr\/wp-json\/wp\/v2\/pages\/71782","targetHints":{"allow":["GET"]}}],"collection":[{"href":"https:\/\/mavideniz.com.tr\/tr\/wp-json\/wp\/v2\/pages"}],"about":[{"href":"https:\/\/mavideniz.com.tr\/tr\/wp-json\/wp\/v2\/types\/page"}],"author":[{"embeddable":true,"href":"https:\/\/mavideniz.com.tr\/tr\/wp-json\/wp\/v2\/users\/1"}],"replies":[{"embeddable":true,"href":"https:\/\/mavideniz.com.tr\/tr\/wp-json\/wp\/v2\/comments?post=71782"}],"version-history":[{"count":0,"href":"https:\/\/mavideniz.com.tr\/tr\/wp-json\/wp\/v2\/pages\/71782\/revisions"}],"up":[{"embeddable":true,"href":"https:\/\/mavideniz.com.tr\/tr\/wp-json\/wp\/v2\/pages\/27930"}],"wp:attachment":[{"href":"https:\/\/mavideniz.com.tr\/tr\/wp-json\/wp\/v2\/media?parent=71782"}],"curies":[{"name":"wp","href":"https:\/\/api.w.org\/{rel}","templated":true}]}}