{"id":71789,"date":"2024-01-01T13:54:30","date_gmt":"2024-01-01T13:54:30","guid":{"rendered":"https:\/\/mavideniz.com.tr\/?page_id=71789"},"modified":"2025-10-05T00:07:55","modified_gmt":"2025-10-05T00:07:55","slug":"mavi-deniz-wapda-barajina-1-x-6-m-cop-skimmer-botu-ve-200-metre-cop-bariyerini-teslim-etti","status":"publish","type":"page","link":"https:\/\/mavideniz.com.tr\/tr\/haberler-etkinlikler\/mavi-deniz-wapda-barajina-1-x-6-m-cop-skimmer-botu-ve-200-metre-cop-bariyerini-teslim-etti\/","title":{"rendered":"MAVI DEN\u0130Z, WAPDA BARAJINA 1 X 6 M \u00c7\u00d6P SKIMMER BOTU VE 200 METRE \u00c7\u00d6P BAR\u0130YER\u0130N\u0130 TESL\u0130M ETT\u0130"},"content":{"rendered":"<p>Mavi Deniz, m\u00fc\u015fterilerin iste\u011fine g\u00f6re tasarlanan, al\u00fcminyumdan yap\u0131lm\u0131\u015f \u00e7\u00f6p s\u00fcp\u00fcr\u00fcc\u00fc teknelerin m\u00fchendisli\u011fini sa\u011flamak \u00fczere s\u00f6zle\u015fme imzalanm\u0131\u015f<img loading=\"lazy\" decoding=\"async\" class=\"alignright wp-image-26023 size-full\" src=\"https:\/\/mavideniz.com.tr\/wp-content\/uploads\/Media-Centre\/News-Events\/2018\/Trash-Skimmer-Boat-Aluminium.jpg\" width=\"375\" height=\"250\" alt=\"\" title=\"\"> ve denize indirilmi\u015ftir.<br \/>\nGereksinimler.<\/p>\n<p>\u00c7\u00f6p S\u0131y\u0131r\u0131c\u0131 Botu, tatl\u0131 su baraj\u0131nda \u00f6n konvey\u00f6r sistemi ile \u00e7\u00f6p ve \u00e7\u00f6p kat\u0131 at\u0131klar\u0131n\u0131 toplayabilmektedir.<\/p>\n<p>\u00c7\u00f6p S\u0131y\u0131r\u0131c\u0131 Botu, plastik malzemeler, \u00e7\u00f6pler, \u00e7\u00f6pler, \u015fi\u015feler, sigaralar, ah\u015fap, yosun, kat\u0131 d\u00f6k\u00fcnt\u00fcler ve organik maddeler dahil olmak \u00fczere her t\u00fcrl\u00fc y\u00fczen ve yar\u0131 bat\u0131k kirleticiyi toplayacakt\u0131r.<\/p>\n<p>Mavi Deniz&#8217;in \u00c7\u00f6p Toplama Gemileri d\u00fcnya \u00e7ap\u0131nda kullan\u0131l\u0131yor.<\/p>\n<p><strong>\u00d6zellikler<\/strong><\/p>\n<p>Kat\u0131 y\u00fczen at\u0131klar\u0131n ve yar\u0131 bat\u0131k makro kirleticilerin toplanmas\u0131 (plastik, bitkiler, teneke kutular, ah\u015fap, algler, deniz yosunu vb.)<br \/>\n\u00c7\u00f6pler bir konteynerde depolan\u0131yor.<\/p>\n<p><strong>\u00d6zellikler<\/strong><\/p>\n<p>Uzunluk: 6,4 m<br \/>\nGeni\u015flik: 2,5 m<br \/>\nTaslak: 0,8 m<br \/>\n\u00c7\u00f6p At\u0131k Tank\u0131: 1 m3<br \/>\nG\u00f6vde Tipi: Al\u00fcminyum<\/p>\n<p>Mavi Deniz y\u00fczer enkaz kontrol\u00fcnde D\u00fcnya Lideridir. Y\u00fczenleri kontrol etmek i\u00e7in birden fazla k\u00fct\u00fck ve moloz bariyer sistemi sunuyoruz<img loading=\"lazy\" decoding=\"async\" class=\"size-full wp-image-26018 alignright\" src=\"https:\/\/mavideniz.com.tr\/wp-content\/uploads\/Media-Centre\/News-Events\/2018\/TRASH-BARRIER-DAM.jpg\" alt=\"\" width=\"375\" height=\"251\" title=\"\"><br \/>\n\u00e7\u00f6pler, kandil \u00e7i\u00e7e\u011five s\u00fcmb\u00fcl gibi istilac\u0131 su bitkileri, y\u00fczen \u00e7\u00f6pler, a\u011fa\u00e7lar, yapraklar, \u00e7ubuklar ve di\u011fer y\u00fczen d\u00f6k\u00fcnt\u00fcler.<\/p>\n<p><strong>\u00d6zellikler<\/strong><\/p>\n<p>Kat\u0131 y\u00fczen at\u0131klar\u0131n ve yar\u0131 bat\u0131k makro kirleticilerin (plastik, bitkiler, teneke kutular, ah\u015fap, algler, deniz yosunu vb.) durdurulmas\u0131<\/p>\n","protected":false},"excerpt":{"rendered":"<p>Mavi Deniz, m\u00fc\u015fterilerin iste\u011fine g\u00f6re tasarlanan, al\u00fcminyumdan yap\u0131lm\u0131\u015f \u00e7\u00f6p s\u00fcp\u00fcr\u00fcc\u00fc teknelerin m\u00fchendisli\u011fini sa\u011flamak \u00fczere s\u00f6zle\u015fme imzalanm\u0131\u015f ve denize indirilmi\u015ftir. Gereksinimler. [&hellip;]<\/p>\n","protected":false},"author":1,"featured_media":0,"parent":27930,"menu_order":0,"comment_status":"closed","ping_status":"closed","template":"","meta":{"site-sidebar-layout":"default","site-content-layout":"","ast-site-content-layout":"default","site-content-style":"default","site-sidebar-style":"default","ast-global-header-display":"","ast-banner-title-visibility":"","ast-main-header-display":"","ast-hfb-above-header-display":"","ast-hfb-below-header-display":"","ast-hfb-mobile-header-display":"","site-post-title":"","ast-breadcrumbs-content":"","ast-featured-img":"","footer-sml-layout":"","ast-disable-related-posts":"","theme-transparent-header-meta":"","adv-header-id-meta":"","stick-header-meta":"","header-above-stick-meta":"","header-main-stick-meta":"","header-below-stick-meta":"","astra-migrate-meta-layouts":"default","ast-page-background-enabled":"default","ast-page-background-meta":{"desktop":{"background-color":"var(--ast-global-color-5)","background-image":"","background-repeat":"repeat","background-position":"center center","background-size":"auto","background-attachment":"scroll","background-type":"","background-media":"","overlay-type":"","overlay-color":"","overlay-opacity":"","overlay-gradient":""},"tablet":{"background-color":"","background-image":"","background-repeat":"repeat","background-position":"center center","background-size":"auto","background-attachment":"scroll","background-type":"","background-media":"","overlay-type":"","overlay-color":"","overlay-opacity":"","overlay-gradient":""},"mobile":{"background-color":"","background-image":"","background-repeat":"repeat","background-position":"center center","background-size":"auto","background-attachment":"scroll","background-type":"","background-media":"","overlay-type":"","overlay-color":"","overlay-opacity":"","overlay-gradient":""}},"ast-content-background-meta":{"desktop":{"background-color":"var(--ast-global-color-4)","background-image":"","background-repeat":"repeat","background-position":"center center","background-size":"auto","background-attachment":"scroll","background-type":"","background-media":"","overlay-type":"","overlay-color":"","overlay-opacity":"","overlay-gradient":""},"tablet":{"background-color":"var(--ast-global-color-4)","background-image":"","background-repeat":"repeat","background-position":"center center","background-size":"auto","background-attachment":"scroll","background-type":"","background-media":"","overlay-type":"","overlay-color":"","overlay-opacity":"","overlay-gradient":""},"mobile":{"background-color":"var(--ast-global-color-4)","background-image":"","background-repeat":"repeat","background-position":"center center","background-size":"auto","background-attachment":"scroll","background-type":"","background-media":"","overlay-type":"","overlay-color":"","overlay-opacity":"","overlay-gradient":""}},"footnotes":""},"class_list":["post-71789","page","type-page","status-publish","hentry"],"_links":{"self":[{"href":"https:\/\/mavideniz.com.tr\/tr\/wp-json\/wp\/v2\/pages\/71789","targetHints":{"allow":["GET"]}}],"collection":[{"href":"https:\/\/mavideniz.com.tr\/tr\/wp-json\/wp\/v2\/pages"}],"about":[{"href":"https:\/\/mavideniz.com.tr\/tr\/wp-json\/wp\/v2\/types\/page"}],"author":[{"embeddable":true,"href":"https:\/\/mavideniz.com.tr\/tr\/wp-json\/wp\/v2\/users\/1"}],"replies":[{"embeddable":true,"href":"https:\/\/mavideniz.com.tr\/tr\/wp-json\/wp\/v2\/comments?post=71789"}],"version-history":[{"count":0,"href":"https:\/\/mavideniz.com.tr\/tr\/wp-json\/wp\/v2\/pages\/71789\/revisions"}],"up":[{"embeddable":true,"href":"https:\/\/mavideniz.com.tr\/tr\/wp-json\/wp\/v2\/pages\/27930"}],"wp:attachment":[{"href":"https:\/\/mavideniz.com.tr\/tr\/wp-json\/wp\/v2\/media?parent=71789"}],"curies":[{"name":"wp","href":"https:\/\/api.w.org\/{rel}","templated":true}]}}