{"id":71795,"date":"2024-01-01T14:00:51","date_gmt":"2024-01-01T14:00:51","guid":{"rendered":"https:\/\/mavideniz.com.tr\/?page_id=71795"},"modified":"2025-10-05T00:07:54","modified_gmt":"2025-10-05T00:07:54","slug":"mavi-denize-1-x-14-m-petrol-dokuntusu-mudahale-bot-ve-ekipmanlarini-teslim-etti","status":"publish","type":"page","link":"https:\/\/mavideniz.com.tr\/tr\/haberler-etkinlikler\/mavi-denize-1-x-14-m-petrol-dokuntusu-mudahale-bot-ve-ekipmanlarini-teslim-etti\/","title":{"rendered":"MAV\u0130 DEN\u0130Z&#8217;E 1 X 14 M PETROL D\u00d6K\u00dcNT\u00dcS\u00dc M\u00dcDAHALE BOT VE EK\u0130PMANLARINI TESLIM ETT\u0130"},"content":{"rendered":"<p>2 Mart 2017, Mavi Deniz 17 m petrol s\u0131z\u0131nt\u0131s\u0131 m\u00fcdahale botu ve ya\u011fl\u0131 at\u0131klardan olu\u015fan \u00e7elik m\u00fchendislik hizmeti vermek \u00fczere s\u00f6zle\u015fme imzalanarak<img loading=\"lazy\" decoding=\"async\" class=\"alignright wp-image-26304 size-full\" src=\"https:\/\/mavideniz.com.tr\/wp-content\/uploads\/Media-Centre\/News-Events\/2017\/OIL-SPILL-RESPONSE-BOAT-1.jpg\" width=\"375\" height=\"250\" alt=\"\" title=\"\"> denize indirildi.<\/p>\n<p>Arnavut m\u00fc\u015fterilerinin Durres Limanlar\u0131nda faaliyet g\u00f6stermesi i\u00e7in petrol bariyeri, d\u00f6k\u00fclme kitleri, kimyasallar, 20 m3 kapasiteli PPE ile pruva toplay\u0131c\u0131 petrol geri kazan\u0131m ekipmanlar\u0131 i\u00e7eren toplama teknesi, m\u00fc\u015fterilerin gereksinimlerine g\u00f6re donat\u0131lm\u0131\u015ft\u0131r.<\/p>\n<p>PETROL D\u00d6K\u00dcNT\u00dcS\u00dc M\u00dcDAHALE BOTU, \u00f6n konvey\u00f6r sistemi ile Ya\u011fl\u0131 at\u0131klar (A\u011f\u0131r Ya\u011flar, \u00c7amur, Slop ve Ya\u011fl\u0131 Su) ve \u00c7\u00f6p kat\u0131 at\u0131klar\u0131n\u0131 toplayabilmektedir.<\/p>\n<p><strong>\u00d6zellikler<\/strong><\/p>\n<p>Uzunluk: 14 m<br \/>\nGeni\u015flik: 3,96 m<img loading=\"lazy\" decoding=\"async\" class=\"alignright wp-image-26299 size-full\" src=\"https:\/\/mavideniz.com.tr\/wp-content\/uploads\/Media-Centre\/News-Events\/2017\/OIL-SPILL-RESPONSE-BOAT-3.jpg\" width=\"375\" height=\"250\" alt=\"\" title=\"\"><br \/>\nDerinlik: 2 m<br \/>\nTaslak: 1,3 m<br \/>\nG\u00f6vde Tipi: \u00c7elik<br \/>\n\u00c7\u00f6p At\u0131k Tank\u0131: 1 m3<br \/>\nYa\u011fl\u0131 At\u0131k Tank\u0131: 20 m3<br \/>\nYa\u011f Geri Kazan\u0131m Kapasitesi: 20 m3\/saat<br \/>\nYa\u011f Bomu: 200 m @ hidrolik bom makaras\u0131<br \/>\nH\u0131z: 8 knot<\/p>\n","protected":false},"excerpt":{"rendered":"<p>2 Mart 2017, Mavi Deniz 17 m petrol s\u0131z\u0131nt\u0131s\u0131 m\u00fcdahale botu ve ya\u011fl\u0131 at\u0131klardan olu\u015fan \u00e7elik m\u00fchendislik hizmeti vermek \u00fczere [&hellip;]<\/p>\n","protected":false},"author":1,"featured_media":0,"parent":27930,"menu_order":0,"comment_status":"closed","ping_status":"closed","template":"","meta":{"site-sidebar-layout":"default","site-content-layout":"","ast-site-content-layout":"default","site-content-style":"default","site-sidebar-style":"default","ast-global-header-display":"","ast-banner-title-visibility":"","ast-main-header-display":"","ast-hfb-above-header-display":"","ast-hfb-below-header-display":"","ast-hfb-mobile-header-display":"","site-post-title":"","ast-breadcrumbs-content":"","ast-featured-img":"","footer-sml-layout":"","ast-disable-related-posts":"","theme-transparent-header-meta":"","adv-header-id-meta":"","stick-header-meta":"","header-above-stick-meta":"","header-main-stick-meta":"","header-below-stick-meta":"","astra-migrate-meta-layouts":"default","ast-page-background-enabled":"default","ast-page-background-meta":{"desktop":{"background-color":"var(--ast-global-color-5)","background-image":"","background-repeat":"repeat","background-position":"center center","background-size":"auto","background-attachment":"scroll","background-type":"","background-media":"","overlay-type":"","overlay-color":"","overlay-opacity":"","overlay-gradient":""},"tablet":{"background-color":"","background-image":"","background-repeat":"repeat","background-position":"center center","background-size":"auto","background-attachment":"scroll","background-type":"","background-media":"","overlay-type":"","overlay-color":"","overlay-opacity":"","overlay-gradient":""},"mobile":{"background-color":"","background-image":"","background-repeat":"repeat","background-position":"center center","background-size":"auto","background-attachment":"scroll","background-type":"","background-media":"","overlay-type":"","overlay-color":"","overlay-opacity":"","overlay-gradient":""}},"ast-content-background-meta":{"desktop":{"background-color":"var(--ast-global-color-4)","background-image":"","background-repeat":"repeat","background-position":"center center","background-size":"auto","background-attachment":"scroll","background-type":"","background-media":"","overlay-type":"","overlay-color":"","overlay-opacity":"","overlay-gradient":""},"tablet":{"background-color":"var(--ast-global-color-4)","background-image":"","background-repeat":"repeat","background-position":"center center","background-size":"auto","background-attachment":"scroll","background-type":"","background-media":"","overlay-type":"","overlay-color":"","overlay-opacity":"","overlay-gradient":""},"mobile":{"background-color":"var(--ast-global-color-4)","background-image":"","background-repeat":"repeat","background-position":"center center","background-size":"auto","background-attachment":"scroll","background-type":"","background-media":"","overlay-type":"","overlay-color":"","overlay-opacity":"","overlay-gradient":""}},"footnotes":""},"class_list":["post-71795","page","type-page","status-publish","hentry"],"_links":{"self":[{"href":"https:\/\/mavideniz.com.tr\/tr\/wp-json\/wp\/v2\/pages\/71795","targetHints":{"allow":["GET"]}}],"collection":[{"href":"https:\/\/mavideniz.com.tr\/tr\/wp-json\/wp\/v2\/pages"}],"about":[{"href":"https:\/\/mavideniz.com.tr\/tr\/wp-json\/wp\/v2\/types\/page"}],"author":[{"embeddable":true,"href":"https:\/\/mavideniz.com.tr\/tr\/wp-json\/wp\/v2\/users\/1"}],"replies":[{"embeddable":true,"href":"https:\/\/mavideniz.com.tr\/tr\/wp-json\/wp\/v2\/comments?post=71795"}],"version-history":[{"count":0,"href":"https:\/\/mavideniz.com.tr\/tr\/wp-json\/wp\/v2\/pages\/71795\/revisions"}],"up":[{"embeddable":true,"href":"https:\/\/mavideniz.com.tr\/tr\/wp-json\/wp\/v2\/pages\/27930"}],"wp:attachment":[{"href":"https:\/\/mavideniz.com.tr\/tr\/wp-json\/wp\/v2\/media?parent=71795"}],"curies":[{"name":"wp","href":"https:\/\/api.w.org\/{rel}","templated":true}]}}