{"id":71800,"date":"2024-01-01T14:02:53","date_gmt":"2024-01-01T14:02:53","guid":{"rendered":"https:\/\/mavideniz.com.tr\/?page_id=71800"},"modified":"2024-01-01T14:08:39","modified_gmt":"2024-01-01T14:08:39","slug":"mavi-deniz-1-x-30-m-marpol-atik-toplama-gemi-ve-ekipmanlarini-teslim-etti","status":"publish","type":"page","link":"https:\/\/mavideniz.com.tr\/tr\/haberler-etkinlikler\/mavi-deniz-1-x-30-m-marpol-atik-toplama-gemi-ve-ekipmanlarini-teslim-etti\/","title":{"rendered":"MAV\u0130 DEN\u0130Z, 1 X 30 M MARPOL ATIK TOPLAMA GEM\u0130 VE EK\u0130PMANLARINI TESL\u0130M ETT\u0130"},"content":{"rendered":"<p>05 \u015eubat 2016 tarihinde Mavi Deniz, Ula\u015ft\u0131rma Bakanl\u0131\u011f\u0131 Irak Limanlar\u0131 Genel \u015eirketi i\u00e7in m\u00fc\u015fteri ihtiyac\u0131na g\u00f6re 100 m3 kapasiteli petrol geri kazan\u0131m ekipman\u0131na sahip 30 m MARPOL at\u0131k toplama gemisinin temini i\u00e7in s\u00f6zle\u015fme imzalanarak denize indirilmi\u015ftir. Gemi, MARPOL Ya\u011fl\u0131 at\u0131klar\u0131n\u0131 (\u00c7amur, Slop, Sintine, At\u0131k Suyu) ve \u00c7\u00f6p kat\u0131 at\u0131klar\u0131n\u0131 ayr\u0131 tank\u0131nda toplayabilmektedir. Gemide 2 adet 1.472 kW Yanmar Motor ve 500 m Liman Petrol Bariyeri, 2 x Hidrolik Bomlu Makara, 2 x Yan Petrol S\u0131y\u0131r\u0131c\u0131l\u0131 , 2 x \u00c7oklu petrol s\u0131y\u0131r\u0131c\u0131 30, 1 x Petrol D\u00f6k\u00fcnt\u00fc Kiti, 1 x 6 m Kurtarma petrol s\u0131z\u0131nt\u0131s\u0131 ekipman\u0131 bulunmaktad\u0131r. Gemide tekne. Limanda acil durumlar i\u00e7in gemilerde 1 adet yang\u0131n s\u00f6nd\u00fcrme su sistemi bulunmaktad\u0131r. G\u00fcvertede 1 ton kapasiteli hidrolik Pergel Vin\u00e7 bulunmaktad\u0131r. Gemi ile birlikte 1 adet Biyolojik Ar\u0131tma Sistemi liman ba\u015fkanl\u0131\u011f\u0131na verilmektedir.<\/p>\n","protected":false},"excerpt":{"rendered":"<p>05 \u015eubat 2016 tarihinde Mavi Deniz, Ula\u015ft\u0131rma Bakanl\u0131\u011f\u0131 Irak Limanlar\u0131 Genel \u015eirketi i\u00e7in m\u00fc\u015fteri ihtiyac\u0131na g\u00f6re 100 m3 kapasiteli petrol [&hellip;]<\/p>\n","protected":false},"author":1,"featured_media":0,"parent":27930,"menu_order":0,"comment_status":"closed","ping_status":"closed","template":"","meta":{"site-sidebar-layout":"default","site-content-layout":"","ast-site-content-layout":"default","site-content-style":"default","site-sidebar-style":"default","ast-global-header-display":"","ast-banner-title-visibility":"","ast-main-header-display":"","ast-hfb-above-header-display":"","ast-hfb-below-header-display":"","ast-hfb-mobile-header-display":"","site-post-title":"","ast-breadcrumbs-content":"","ast-featured-img":"","footer-sml-layout":"","ast-disable-related-posts":"","theme-transparent-header-meta":"","adv-header-id-meta":"","stick-header-meta":"","header-above-stick-meta":"","header-main-stick-meta":"","header-below-stick-meta":"","astra-migrate-meta-layouts":"default","ast-page-background-enabled":"default","ast-page-background-meta":{"desktop":{"background-color":"var(--ast-global-color-5)","background-image":"","background-repeat":"repeat","background-position":"center center","background-size":"auto","background-attachment":"scroll","background-type":"","background-media":"","overlay-type":"","overlay-color":"","overlay-opacity":"","overlay-gradient":""},"tablet":{"background-color":"","background-image":"","background-repeat":"repeat","background-position":"center center","background-size":"auto","background-attachment":"scroll","background-type":"","background-media":"","overlay-type":"","overlay-color":"","overlay-opacity":"","overlay-gradient":""},"mobile":{"background-color":"","background-image":"","background-repeat":"repeat","background-position":"center center","background-size":"auto","background-attachment":"scroll","background-type":"","background-media":"","overlay-type":"","overlay-color":"","overlay-opacity":"","overlay-gradient":""}},"ast-content-background-meta":{"desktop":{"background-color":"var(--ast-global-color-4)","background-image":"","background-repeat":"repeat","background-position":"center center","background-size":"auto","background-attachment":"scroll","background-type":"","background-media":"","overlay-type":"","overlay-color":"","overlay-opacity":"","overlay-gradient":""},"tablet":{"background-color":"var(--ast-global-color-4)","background-image":"","background-repeat":"repeat","background-position":"center center","background-size":"auto","background-attachment":"scroll","background-type":"","background-media":"","overlay-type":"","overlay-color":"","overlay-opacity":"","overlay-gradient":""},"mobile":{"background-color":"var(--ast-global-color-4)","background-image":"","background-repeat":"repeat","background-position":"center center","background-size":"auto","background-attachment":"scroll","background-type":"","background-media":"","overlay-type":"","overlay-color":"","overlay-opacity":"","overlay-gradient":""}},"footnotes":""},"class_list":["post-71800","page","type-page","status-publish","hentry"],"_links":{"self":[{"href":"https:\/\/mavideniz.com.tr\/tr\/wp-json\/wp\/v2\/pages\/71800","targetHints":{"allow":["GET"]}}],"collection":[{"href":"https:\/\/mavideniz.com.tr\/tr\/wp-json\/wp\/v2\/pages"}],"about":[{"href":"https:\/\/mavideniz.com.tr\/tr\/wp-json\/wp\/v2\/types\/page"}],"author":[{"embeddable":true,"href":"https:\/\/mavideniz.com.tr\/tr\/wp-json\/wp\/v2\/users\/1"}],"replies":[{"embeddable":true,"href":"https:\/\/mavideniz.com.tr\/tr\/wp-json\/wp\/v2\/comments?post=71800"}],"version-history":[{"count":0,"href":"https:\/\/mavideniz.com.tr\/tr\/wp-json\/wp\/v2\/pages\/71800\/revisions"}],"up":[{"embeddable":true,"href":"https:\/\/mavideniz.com.tr\/tr\/wp-json\/wp\/v2\/pages\/27930"}],"wp:attachment":[{"href":"https:\/\/mavideniz.com.tr\/tr\/wp-json\/wp\/v2\/media?parent=71800"}],"curies":[{"name":"wp","href":"https:\/\/api.w.org\/{rel}","templated":true}]}}