{"id":71809,"date":"2024-01-01T14:16:00","date_gmt":"2024-01-01T14:16:00","guid":{"rendered":"https:\/\/mavideniz.com.tr\/?page_id=71809"},"modified":"2024-01-01T14:16:03","modified_gmt":"2024-01-01T14:16:03","slug":"mavi-deniz-2-x-40-m-petrol-geri-kazanim-gemisini-indirdi","status":"publish","type":"page","link":"https:\/\/mavideniz.com.tr\/tr\/haberler-etkinlikler\/mavi-deniz-2-x-40-m-petrol-geri-kazanim-gemisini-indirdi\/","title":{"rendered":"MAV\u0130 DEN\u0130Z 2 X 40 M PETROL GER\u0130 KAZANIM GEM\u0130S\u0130N\u0130 \u0130ND\u0130RD\u0130"},"content":{"rendered":"<p>21 Aral\u0131k 2015 tarihinde Mavi Deniz, Irak&#8217;\u0131n Basra Liman\u0131&#8217;nda meydana gelen petrol s\u0131z\u0131nt\u0131s\u0131 kazas\u0131 \u00fczerine Sea Horizon General Trading Company&#8217;ye ait 2 adet 40 m&#8217;lik petrol toplama gemisini denize indirdi. Gemide 2 adet 600 Bhp Volvo Motor ve 500 m Liman Petrol Bomu, 2 x Hidrolik Bom Makaras\u0131, 2 x Yan Toplay\u0131c\u0131 F\u0131r\u00e7al\u0131 Konvey\u00f6r Skimmer, 2 x Multi Skimmer 20, 1 x Oil Spill Kit&#8217;ten olu\u015fan petrol s\u0131z\u0131nt\u0131s\u0131 ekipman\u0131 bulunmaktad\u0131r. Limanda acil durumlar i\u00e7in gemilerde 1 adet yang\u0131n s\u00f6nd\u00fcrme su sistemi bulunmaktad\u0131r. G\u00fcvertede 1 ton kapasiteli hidrolik Pergel Vin\u00e7 bulunmaktad\u0131r.<\/p>\n","protected":false},"excerpt":{"rendered":"<p>21 Aral\u0131k 2015 tarihinde Mavi Deniz, Irak&#8217;\u0131n Basra Liman\u0131&#8217;nda meydana gelen petrol s\u0131z\u0131nt\u0131s\u0131 kazas\u0131 \u00fczerine Sea Horizon General Trading Company&#8217;ye [&hellip;]<\/p>\n","protected":false},"author":1,"featured_media":0,"parent":27930,"menu_order":0,"comment_status":"closed","ping_status":"closed","template":"","meta":{"site-sidebar-layout":"default","site-content-layout":"","ast-site-content-layout":"default","site-content-style":"default","site-sidebar-style":"default","ast-global-header-display":"","ast-banner-title-visibility":"","ast-main-header-display":"","ast-hfb-above-header-display":"","ast-hfb-below-header-display":"","ast-hfb-mobile-header-display":"","site-post-title":"","ast-breadcrumbs-content":"","ast-featured-img":"","footer-sml-layout":"","ast-disable-related-posts":"","theme-transparent-header-meta":"","adv-header-id-meta":"","stick-header-meta":"","header-above-stick-meta":"","header-main-stick-meta":"","header-below-stick-meta":"","astra-migrate-meta-layouts":"default","ast-page-background-enabled":"default","ast-page-background-meta":{"desktop":{"background-color":"var(--ast-global-color-5)","background-image":"","background-repeat":"repeat","background-position":"center center","background-size":"auto","background-attachment":"scroll","background-type":"","background-media":"","overlay-type":"","overlay-color":"","overlay-opacity":"","overlay-gradient":""},"tablet":{"background-color":"","background-image":"","background-repeat":"repeat","background-position":"center center","background-size":"auto","background-attachment":"scroll","background-type":"","background-media":"","overlay-type":"","overlay-color":"","overlay-opacity":"","overlay-gradient":""},"mobile":{"background-color":"","background-image":"","background-repeat":"repeat","background-position":"center center","background-size":"auto","background-attachment":"scroll","background-type":"","background-media":"","overlay-type":"","overlay-color":"","overlay-opacity":"","overlay-gradient":""}},"ast-content-background-meta":{"desktop":{"background-color":"var(--ast-global-color-4)","background-image":"","background-repeat":"repeat","background-position":"center center","background-size":"auto","background-attachment":"scroll","background-type":"","background-media":"","overlay-type":"","overlay-color":"","overlay-opacity":"","overlay-gradient":""},"tablet":{"background-color":"var(--ast-global-color-4)","background-image":"","background-repeat":"repeat","background-position":"center center","background-size":"auto","background-attachment":"scroll","background-type":"","background-media":"","overlay-type":"","overlay-color":"","overlay-opacity":"","overlay-gradient":""},"mobile":{"background-color":"var(--ast-global-color-4)","background-image":"","background-repeat":"repeat","background-position":"center center","background-size":"auto","background-attachment":"scroll","background-type":"","background-media":"","overlay-type":"","overlay-color":"","overlay-opacity":"","overlay-gradient":""}},"footnotes":""},"class_list":["post-71809","page","type-page","status-publish","hentry"],"_links":{"self":[{"href":"https:\/\/mavideniz.com.tr\/tr\/wp-json\/wp\/v2\/pages\/71809","targetHints":{"allow":["GET"]}}],"collection":[{"href":"https:\/\/mavideniz.com.tr\/tr\/wp-json\/wp\/v2\/pages"}],"about":[{"href":"https:\/\/mavideniz.com.tr\/tr\/wp-json\/wp\/v2\/types\/page"}],"author":[{"embeddable":true,"href":"https:\/\/mavideniz.com.tr\/tr\/wp-json\/wp\/v2\/users\/1"}],"replies":[{"embeddable":true,"href":"https:\/\/mavideniz.com.tr\/tr\/wp-json\/wp\/v2\/comments?post=71809"}],"version-history":[{"count":0,"href":"https:\/\/mavideniz.com.tr\/tr\/wp-json\/wp\/v2\/pages\/71809\/revisions"}],"up":[{"embeddable":true,"href":"https:\/\/mavideniz.com.tr\/tr\/wp-json\/wp\/v2\/pages\/27930"}],"wp:attachment":[{"href":"https:\/\/mavideniz.com.tr\/tr\/wp-json\/wp\/v2\/media?parent=71809"}],"curies":[{"name":"wp","href":"https:\/\/api.w.org\/{rel}","templated":true}]}}