{"id":71815,"date":"2024-01-01T14:35:52","date_gmt":"2024-01-01T14:35:52","guid":{"rendered":"https:\/\/mavideniz.com.tr\/?page_id=71815"},"modified":"2025-10-05T00:07:53","modified_gmt":"2025-10-05T00:07:53","slug":"mavi-deniz-pmsa-tarafindan-2016-yilinda-duzenlenen-deniz-kirliligi-seminerine-katildi","status":"publish","type":"page","link":"https:\/\/mavideniz.com.tr\/tr\/haberler-etkinlikler\/mavi-deniz-pmsa-tarafindan-2016-yilinda-duzenlenen-deniz-kirliligi-seminerine-katildi\/","title":{"rendered":"MAV\u0130 DEN\u0130Z, PMSA TARAFINDAN 2016 YILINDA D\u00dcZENLENEN DEN\u0130Z K\u0130RL\u0130L\u0130\u011e\u0130 SEM\u0130NER\u0130NE KATILDI"},"content":{"rendered":"<p>Pakistan Deniz G\u00fcvenli\u011fi Ajans\u0131 (PMSA), petrol s\u0131z\u0131nt\u0131s\u0131 ve m\u00fcdahale mekanizmas\u0131 hakk\u0131nda uluslararas\u0131 bir seminer d\u00fczenledi.<img loading=\"lazy\" decoding=\"async\" class=\"alignright wp-image-26341 size-full\" src=\"https:\/\/mavideniz.com.tr\/wp-content\/uploads\/Media-Centre\/News-Events\/2016\/SEMINAR-ON-MARINE-POLLUTION-Oil-Spill-2.jpg\" width=\"375\" height=\"250\" alt=\"\" title=\"\"><\/p>\n<p>Deniz suyu kirlili\u011fi ile ilgili konular\u0131 ve limanlar\u0131 ve denizi temiz tutmak i\u00e7in ne gibi \u00f6nleyici tedbirlerin al\u0131nmas\u0131 gerekti\u011fini tart\u0131\u015fmak \u00fczere bu seminere koruma uzmanlar\u0131, deniz uzmanlar\u0131 ve Pakistan Donanmas\u0131 yetkilileri kat\u0131ld\u0131.<\/p>\n<p>Konu\u015fmac\u0131lar, gemilerden d\u00f6k\u00fclen petrol ve denize d\u00f6k\u00fclen kanalizasyon ve end\u00fcstriyel at\u0131klar nedeniyle Kara\u00e7i sahilindeki deniz suyunun ciddi \u015fekilde kirlendi\u011fini ve deniz ya\u015fam\u0131n\u0131 ciddi \u015fekilde tehdit etti\u011fini belirtti.<\/p>\n<p>Bir uzman, &#8220;Kara\u00e7i&#8217;de \u00fcretilen toplam kanalizasyonun y\u00fczde 78&#8217;i, gemilerden d\u00f6k\u00fclen petrol\u00fcn yan\u0131 s\u0131ra ar\u0131t\u0131lmadan denize d\u00f6k\u00fcl\u00fcyor, bu da son y\u0131llarda deniz ya\u015fam\u0131n\u0131n y\u00fczde 60&#8217;\u0131n\u0131n ciddi \u015fekilde zarar g\u00f6rmesine neden oluyor&#8221; dedi.<\/p>\n<p>Etkinli\u011fin tek yabanc\u0131 konu\u015fmac\u0131s\u0131 Mavi Deniz&#8217;dir. Mavi Deniz&#8217;den Emre Altuntop, Deniz Harp Okulu&#8217;ndan Yahiya Usmani, Shahid L\u00fctfi ve Muhammad Moazzam Khan fark\u0131ndal\u0131k brifingi vererek izleyicilerin sorular\u0131n\u0131 yan\u0131tlad\u0131.<\/p>\n","protected":false},"excerpt":{"rendered":"<p>Pakistan Deniz G\u00fcvenli\u011fi Ajans\u0131 (PMSA), petrol s\u0131z\u0131nt\u0131s\u0131 ve m\u00fcdahale mekanizmas\u0131 hakk\u0131nda uluslararas\u0131 bir seminer d\u00fczenledi. Deniz suyu kirlili\u011fi ile ilgili [&hellip;]<\/p>\n","protected":false},"author":1,"featured_media":0,"parent":27930,"menu_order":0,"comment_status":"closed","ping_status":"closed","template":"","meta":{"site-sidebar-layout":"default","site-content-layout":"","ast-site-content-layout":"default","site-content-style":"default","site-sidebar-style":"default","ast-global-header-display":"","ast-banner-title-visibility":"","ast-main-header-display":"","ast-hfb-above-header-display":"","ast-hfb-below-header-display":"","ast-hfb-mobile-header-display":"","site-post-title":"","ast-breadcrumbs-content":"","ast-featured-img":"","footer-sml-layout":"","ast-disable-related-posts":"","theme-transparent-header-meta":"","adv-header-id-meta":"","stick-header-meta":"","header-above-stick-meta":"","header-main-stick-meta":"","header-below-stick-meta":"","astra-migrate-meta-layouts":"default","ast-page-background-enabled":"default","ast-page-background-meta":{"desktop":{"background-color":"var(--ast-global-color-5)","background-image":"","background-repeat":"repeat","background-position":"center center","background-size":"auto","background-attachment":"scroll","background-type":"","background-media":"","overlay-type":"","overlay-color":"","overlay-opacity":"","overlay-gradient":""},"tablet":{"background-color":"","background-image":"","background-repeat":"repeat","background-position":"center center","background-size":"auto","background-attachment":"scroll","background-type":"","background-media":"","overlay-type":"","overlay-color":"","overlay-opacity":"","overlay-gradient":""},"mobile":{"background-color":"","background-image":"","background-repeat":"repeat","background-position":"center center","background-size":"auto","background-attachment":"scroll","background-type":"","background-media":"","overlay-type":"","overlay-color":"","overlay-opacity":"","overlay-gradient":""}},"ast-content-background-meta":{"desktop":{"background-color":"var(--ast-global-color-4)","background-image":"","background-repeat":"repeat","background-position":"center center","background-size":"auto","background-attachment":"scroll","background-type":"","background-media":"","overlay-type":"","overlay-color":"","overlay-opacity":"","overlay-gradient":""},"tablet":{"background-color":"var(--ast-global-color-4)","background-image":"","background-repeat":"repeat","background-position":"center center","background-size":"auto","background-attachment":"scroll","background-type":"","background-media":"","overlay-type":"","overlay-color":"","overlay-opacity":"","overlay-gradient":""},"mobile":{"background-color":"var(--ast-global-color-4)","background-image":"","background-repeat":"repeat","background-position":"center center","background-size":"auto","background-attachment":"scroll","background-type":"","background-media":"","overlay-type":"","overlay-color":"","overlay-opacity":"","overlay-gradient":""}},"footnotes":""},"class_list":["post-71815","page","type-page","status-publish","hentry"],"_links":{"self":[{"href":"https:\/\/mavideniz.com.tr\/tr\/wp-json\/wp\/v2\/pages\/71815","targetHints":{"allow":["GET"]}}],"collection":[{"href":"https:\/\/mavideniz.com.tr\/tr\/wp-json\/wp\/v2\/pages"}],"about":[{"href":"https:\/\/mavideniz.com.tr\/tr\/wp-json\/wp\/v2\/types\/page"}],"author":[{"embeddable":true,"href":"https:\/\/mavideniz.com.tr\/tr\/wp-json\/wp\/v2\/users\/1"}],"replies":[{"embeddable":true,"href":"https:\/\/mavideniz.com.tr\/tr\/wp-json\/wp\/v2\/comments?post=71815"}],"version-history":[{"count":0,"href":"https:\/\/mavideniz.com.tr\/tr\/wp-json\/wp\/v2\/pages\/71815\/revisions"}],"up":[{"embeddable":true,"href":"https:\/\/mavideniz.com.tr\/tr\/wp-json\/wp\/v2\/pages\/27930"}],"wp:attachment":[{"href":"https:\/\/mavideniz.com.tr\/tr\/wp-json\/wp\/v2\/media?parent=71815"}],"curies":[{"name":"wp","href":"https:\/\/api.w.org\/{rel}","templated":true}]}}