{"id":71821,"date":"2024-01-01T14:39:46","date_gmt":"2024-01-01T14:39:46","guid":{"rendered":"https:\/\/mavideniz.com.tr\/?page_id=71821"},"modified":"2025-10-05T00:07:53","modified_gmt":"2025-10-05T00:07:53","slug":"mavi-deniz-plaj-temizlik-hizmeti-beach-xxl-model-yeni","status":"publish","type":"page","link":"https:\/\/mavideniz.com.tr\/tr\/haberler-etkinlikler\/mavi-deniz-plaj-temizlik-hizmeti-beach-xxl-model-yeni\/","title":{"rendered":"MAVI DEN\u0130Z PLAJ TEM\u0130ZL\u0130K H\u0130ZMET\u0130 ( BEACH XXL MODEL YEN\u0130 !!! )"},"content":{"rendered":"<p>15 Eyl\u00fcl 2016 tarihinde Mavi Deniz, plaj temizlik hizmeti ihalesini, 2 adet \u00e7\u00f6p toplama botu, 2 adet \u00e7\u00f6p botu, 2 adet trakt\u00f6r, 2 adet plaj temizleme makinesi, 10 adet 4&#215;4 pikap, 2 adet olmak \u00fczere toplam 140 i\u015f\u00e7i ile kazand\u0131. Kat\u0131 at\u0131klar\u0131n toplanmas\u0131na y\u00f6nelik \u00e7\u00f6p kamyonu, Adana-Hatay Belediyesi<img loading=\"lazy\" decoding=\"async\" class=\"size-full wp-image-26370 alignright\" src=\"https:\/\/mavideniz.com.tr\/wp-content\/uploads\/Media-Centre\/News-Events\/2016\/BEACH-CLEANING-Service-1.jpg\" alt=\"\" width=\"375\" height=\"250\" title=\"\"> \u00c7evre Koruma ve At\u0131k De\u011ferlendirme Dairesi Ba\u015fkanl\u0131\u011f\u0131&#8217;na ait sahil \u015feridinde temizlik amac\u0131yla kullan\u0131l\u0131yor.<\/p>\n<p>Kat\u0131 at\u0131klar deniz ya\u015fam\u0131n\u0131 ve ekosistemleri etkiler; Dalg\u0131\u00e7 ekiplerimiz profesyonel ve modern ekipmanlar\u0131m\u0131z\u0131 kullanmaktad\u0131r. \u00c7al\u0131\u015fanlar \u00f6zellikle T\u00fcrkiye&#8217;nin Akdeniz b\u00f6lgesinde k\u0131y\u0131 temizli\u011fine ula\u015fan at\u0131klar\u0131 temizlemeye devam ediyor. \u0130nce ve kaba temizli\u011fin d\u00fczeltilmesinin ard\u0131ndan plaj temizleme makinalar\u0131 ve kum temizli\u011fi de yap\u0131lmaktad\u0131r.<\/p>\n<p>Mavi Deniz, plaj temizleme teknolojisinde d\u00fcnya lideridir. Beach XXL Modeli 30.000 m2\/saat&#8217;e kadar daha iyi performansa sahiptir. D\u00fcnya, on y\u0131l\u0131 a\u015fk\u0131n bir s\u00fcredir Asya, Avrupa, Kanada ve Yeni Zelanda&#8217;n\u0131n Plaj Temizleme makinelerini kullan\u0131yor. Beach XXL modeli, PTO tahrikli, makineye monteli bir hidrolik tahrik sistemine sahiptir. Kum ko\u015fullar\u0131n\u0131n gerektirdi\u011fi \u015fekilde h\u0131zlar\u0131 de\u011fi\u015ftirmek i\u00e7in hem bant hem de besleme makaras\u0131 h\u0131zlar\u0131 operat\u00f6r koltu\u011fundan kontrol edilir. Her iki tahrik sistemi de y\u0131llarca g\u00fcvenilir hizmet verecek \u015fekilde tasarlanm\u0131\u015ft\u0131r. \u0130ki adet Beach XL model plaj temizleme makinesi, T\u00fcrkiye&#8217;nin Akdeniz b\u00f6lgesindeki turizmin b\u00fcy\u00fck \u00f6l\u00e7ekli kalk\u0131nmas\u0131na yard\u0131mc\u0131 oluyor. Plajlar\u0131n kalitesi b\u00f6lgenin genel ba\u015far\u0131s\u0131na \u00f6nemli katk\u0131 sa\u011flayan bir fakt\u00f6r olacakt\u0131r!<\/p>\n<p>Herhangi bir kumda plaj temizli\u011fi; herhangi bir kirlenme i\u00e7in do\u011fru cevap<\/p>\n<p>Mavi Deniz plaj temizleme makineleri, t\u0131rm\u0131klama, eleme ve kombine temizlik teknolojisi sayesinde geride sigara izmaritleri, cam par\u00e7alar\u0131, plastik \u015fi\u015feler, d\u00f6k\u00fcnt\u00fcler veya deniz yosunu kalm\u0131yor. T\u0131rm\u0131klama teknolojisi, nemli kumun en iyi \u015fekilde temizlenebilece\u011fi ve kuru kumun h\u0131zla i\u015flenebilece\u011fi anlam\u0131na gelir. Tarama teknolojisi, ince bir kuru kum tabakas\u0131n\u0131n \u00e7\u0131kar\u0131lmas\u0131n\u0131 ve bunun k\u00fc\u00e7\u00fck kirletici maddelerden (\u00f6rne\u011fin sigara) temizlenmesini i\u00e7erir. Her \u015feyi al\u0131yor. \u0130ster \u00e7\u00f6p, ister deniz yosunu, ister ta\u015f.<\/p>\n<p><strong>Kesintisiz Operasyon<\/strong><\/p>\n<p>Kombine temizleme teknolojisi sayesinde s\u00fcr\u00fcc\u00fc, her iki temizleme y\u00f6ntemini s\u00fcrekli bir operasyonda birle\u015ftirebilir. T\u0131rm\u0131klama, eleme ve karma temizleme aras\u0131ndaki ge\u00e7i\u015f kesintisiz olarak ger\u00e7ekle\u015fir. Ara\u00e7, farkl\u0131 temizleme teknolojilerinin de\u011fi\u015fken kullan\u0131m\u0131 sayesinde t\u00fcm plaj alanlar\u0131na haz\u0131rd\u0131r.<\/p>\n<p><strong>T\u0131rm\u0131klama teknolojisi<\/strong><\/p>\n<p>Kum: \u0131slak ve kuru<br \/>\nY\u00fczey temizli\u011fi<br \/>\nKaba kirleticiler (\u00f6rn. deniz yosunu)<\/p>\n<p><strong>Tarama teknolojisi<\/strong><\/p>\n<p>Kum: kuru<br \/>\nY\u00fczey ve derin temizlik<br \/>\nK\u00fc\u00e7\u00fck kirletici maddeler (\u00f6rne\u011fin sigara izmaritleri, \u015fi\u015fe kapaklar\u0131 ve cam par\u00e7alar\u0131)<\/p>\n<p><strong>Birle\u015fik temizleme teknolojisi<\/strong><\/p>\n<p>Kum: kurudan nemliye<br \/>\nY\u00fczey ve derin temizlik<br \/>\nKaba ve ince kirleticiler<\/p>\n","protected":false},"excerpt":{"rendered":"<p>15 Eyl\u00fcl 2016 tarihinde Mavi Deniz, plaj temizlik hizmeti ihalesini, 2 adet \u00e7\u00f6p toplama botu, 2 adet \u00e7\u00f6p botu, 2 [&hellip;]<\/p>\n","protected":false},"author":1,"featured_media":0,"parent":27930,"menu_order":0,"comment_status":"closed","ping_status":"closed","template":"","meta":{"site-sidebar-layout":"default","site-content-layout":"","ast-site-content-layout":"default","site-content-style":"default","site-sidebar-style":"default","ast-global-header-display":"","ast-banner-title-visibility":"","ast-main-header-display":"","ast-hfb-above-header-display":"","ast-hfb-below-header-display":"","ast-hfb-mobile-header-display":"","site-post-title":"","ast-breadcrumbs-content":"","ast-featured-img":"","footer-sml-layout":"","ast-disable-related-posts":"","theme-transparent-header-meta":"","adv-header-id-meta":"","stick-header-meta":"","header-above-stick-meta":"","header-main-stick-meta":"","header-below-stick-meta":"","astra-migrate-meta-layouts":"default","ast-page-background-enabled":"default","ast-page-background-meta":{"desktop":{"background-color":"var(--ast-global-color-5)","background-image":"","background-repeat":"repeat","background-position":"center center","background-size":"auto","background-attachment":"scroll","background-type":"","background-media":"","overlay-type":"","overlay-color":"","overlay-opacity":"","overlay-gradient":""},"tablet":{"background-color":"","background-image":"","background-repeat":"repeat","background-position":"center center","background-size":"auto","background-attachment":"scroll","background-type":"","background-media":"","overlay-type":"","overlay-color":"","overlay-opacity":"","overlay-gradient":""},"mobile":{"background-color":"","background-image":"","background-repeat":"repeat","background-position":"center center","background-size":"auto","background-attachment":"scroll","background-type":"","background-media":"","overlay-type":"","overlay-color":"","overlay-opacity":"","overlay-gradient":""}},"ast-content-background-meta":{"desktop":{"background-color":"var(--ast-global-color-4)","background-image":"","background-repeat":"repeat","background-position":"center center","background-size":"auto","background-attachment":"scroll","background-type":"","background-media":"","overlay-type":"","overlay-color":"","overlay-opacity":"","overlay-gradient":""},"tablet":{"background-color":"var(--ast-global-color-4)","background-image":"","background-repeat":"repeat","background-position":"center center","background-size":"auto","background-attachment":"scroll","background-type":"","background-media":"","overlay-type":"","overlay-color":"","overlay-opacity":"","overlay-gradient":""},"mobile":{"background-color":"var(--ast-global-color-4)","background-image":"","background-repeat":"repeat","background-position":"center center","background-size":"auto","background-attachment":"scroll","background-type":"","background-media":"","overlay-type":"","overlay-color":"","overlay-opacity":"","overlay-gradient":""}},"footnotes":""},"class_list":["post-71821","page","type-page","status-publish","hentry"],"_links":{"self":[{"href":"https:\/\/mavideniz.com.tr\/tr\/wp-json\/wp\/v2\/pages\/71821","targetHints":{"allow":["GET"]}}],"collection":[{"href":"https:\/\/mavideniz.com.tr\/tr\/wp-json\/wp\/v2\/pages"}],"about":[{"href":"https:\/\/mavideniz.com.tr\/tr\/wp-json\/wp\/v2\/types\/page"}],"author":[{"embeddable":true,"href":"https:\/\/mavideniz.com.tr\/tr\/wp-json\/wp\/v2\/users\/1"}],"replies":[{"embeddable":true,"href":"https:\/\/mavideniz.com.tr\/tr\/wp-json\/wp\/v2\/comments?post=71821"}],"version-history":[{"count":0,"href":"https:\/\/mavideniz.com.tr\/tr\/wp-json\/wp\/v2\/pages\/71821\/revisions"}],"up":[{"embeddable":true,"href":"https:\/\/mavideniz.com.tr\/tr\/wp-json\/wp\/v2\/pages\/27930"}],"wp:attachment":[{"href":"https:\/\/mavideniz.com.tr\/tr\/wp-json\/wp\/v2\/media?parent=71821"}],"curies":[{"name":"wp","href":"https:\/\/api.w.org\/{rel}","templated":true}]}}