{"id":71828,"date":"2024-01-01T14:43:37","date_gmt":"2024-01-01T14:43:37","guid":{"rendered":"https:\/\/mavideniz.com.tr\/?page_id=71828"},"modified":"2024-01-01T14:43:39","modified_gmt":"2024-01-01T14:43:39","slug":"mavi-deniz-kiyi-seridi-3-x-osrv-1-x-kirlilik-kontrol-botu","status":"publish","type":"page","link":"https:\/\/mavideniz.com.tr\/tr\/haberler-etkinlikler\/mavi-deniz-kiyi-seridi-3-x-osrv-1-x-kirlilik-kontrol-botu\/","title":{"rendered":"MAVI DEN\u0130Z KIYI \u015eER\u0130D\u0130 3 x OSRV + 1 x K\u0130RL\u0130L\u0130K KONTROL BOTU"},"content":{"rendered":"<p>28 May\u0131s 2017, Mavi Deniz, su \u00fczerindeki \u00e7\u00f6p, kat\u0131 at\u0131k, plastik, naylon, yabani ot, sigara ve \u00e7\u00f6plerin geri kazan\u0131m\u0131 i\u00e7in 3 adet k\u0131y\u0131 15 m \u00e7elik Sea Cat, 2 x 8 m al\u00fcminyum Kirlilik \u00d6nleyici Gemilerin temini i\u00e7in ta\u015ferona verilmi\u015ftir. ve 1 x 115 hp d\u0131\u015ftan takma motorlu kirlilik kontrol botu, uzun s\u00fcreli i\u015fletme hizmetleri i\u00e7in, Marmara Denizi B\u00f6lgesi&#8217;nden Kocaeli Belediyesi&#8217;ne teslim edilmi\u015ftir.<\/p>\n<p>MAVI DEN\u0130Z Yurt i\u00e7i ve yurt d\u0131\u015f\u0131 \u00e7\u00f6p ve petrol s\u0131z\u0131nt\u0131s\u0131 pazarlar\u0131nda \u00e7e\u015fitli gemiler kullan\u0131lmaktad\u0131r.<\/p>\n","protected":false},"excerpt":{"rendered":"<p>28 May\u0131s 2017, Mavi Deniz, su \u00fczerindeki \u00e7\u00f6p, kat\u0131 at\u0131k, plastik, naylon, yabani ot, sigara ve \u00e7\u00f6plerin geri kazan\u0131m\u0131 i\u00e7in [&hellip;]<\/p>\n","protected":false},"author":1,"featured_media":0,"parent":27930,"menu_order":0,"comment_status":"closed","ping_status":"closed","template":"","meta":{"site-sidebar-layout":"default","site-content-layout":"","ast-site-content-layout":"default","site-content-style":"default","site-sidebar-style":"default","ast-global-header-display":"","ast-banner-title-visibility":"","ast-main-header-display":"","ast-hfb-above-header-display":"","ast-hfb-below-header-display":"","ast-hfb-mobile-header-display":"","site-post-title":"","ast-breadcrumbs-content":"","ast-featured-img":"","footer-sml-layout":"","ast-disable-related-posts":"","theme-transparent-header-meta":"","adv-header-id-meta":"","stick-header-meta":"","header-above-stick-meta":"","header-main-stick-meta":"","header-below-stick-meta":"","astra-migrate-meta-layouts":"default","ast-page-background-enabled":"default","ast-page-background-meta":{"desktop":{"background-color":"var(--ast-global-color-5)","background-image":"","background-repeat":"repeat","background-position":"center center","background-size":"auto","background-attachment":"scroll","background-type":"","background-media":"","overlay-type":"","overlay-color":"","overlay-opacity":"","overlay-gradient":""},"tablet":{"background-color":"","background-image":"","background-repeat":"repeat","background-position":"center center","background-size":"auto","background-attachment":"scroll","background-type":"","background-media":"","overlay-type":"","overlay-color":"","overlay-opacity":"","overlay-gradient":""},"mobile":{"background-color":"","background-image":"","background-repeat":"repeat","background-position":"center center","background-size":"auto","background-attachment":"scroll","background-type":"","background-media":"","overlay-type":"","overlay-color":"","overlay-opacity":"","overlay-gradient":""}},"ast-content-background-meta":{"desktop":{"background-color":"var(--ast-global-color-4)","background-image":"","background-repeat":"repeat","background-position":"center center","background-size":"auto","background-attachment":"scroll","background-type":"","background-media":"","overlay-type":"","overlay-color":"","overlay-opacity":"","overlay-gradient":""},"tablet":{"background-color":"var(--ast-global-color-4)","background-image":"","background-repeat":"repeat","background-position":"center center","background-size":"auto","background-attachment":"scroll","background-type":"","background-media":"","overlay-type":"","overlay-color":"","overlay-opacity":"","overlay-gradient":""},"mobile":{"background-color":"var(--ast-global-color-4)","background-image":"","background-repeat":"repeat","background-position":"center center","background-size":"auto","background-attachment":"scroll","background-type":"","background-media":"","overlay-type":"","overlay-color":"","overlay-opacity":"","overlay-gradient":""}},"footnotes":""},"class_list":["post-71828","page","type-page","status-publish","hentry"],"_links":{"self":[{"href":"https:\/\/mavideniz.com.tr\/tr\/wp-json\/wp\/v2\/pages\/71828","targetHints":{"allow":["GET"]}}],"collection":[{"href":"https:\/\/mavideniz.com.tr\/tr\/wp-json\/wp\/v2\/pages"}],"about":[{"href":"https:\/\/mavideniz.com.tr\/tr\/wp-json\/wp\/v2\/types\/page"}],"author":[{"embeddable":true,"href":"https:\/\/mavideniz.com.tr\/tr\/wp-json\/wp\/v2\/users\/1"}],"replies":[{"embeddable":true,"href":"https:\/\/mavideniz.com.tr\/tr\/wp-json\/wp\/v2\/comments?post=71828"}],"version-history":[{"count":0,"href":"https:\/\/mavideniz.com.tr\/tr\/wp-json\/wp\/v2\/pages\/71828\/revisions"}],"up":[{"embeddable":true,"href":"https:\/\/mavideniz.com.tr\/tr\/wp-json\/wp\/v2\/pages\/27930"}],"wp:attachment":[{"href":"https:\/\/mavideniz.com.tr\/tr\/wp-json\/wp\/v2\/media?parent=71828"}],"curies":[{"name":"wp","href":"https:\/\/api.w.org\/{rel}","templated":true}]}}