{"id":71835,"date":"2024-01-01T14:45:15","date_gmt":"2024-01-01T14:45:15","guid":{"rendered":"https:\/\/mavideniz.com.tr\/?page_id=71835"},"modified":"2025-10-05T00:07:53","modified_gmt":"2025-10-05T00:07:53","slug":"mavi-deniz-2-adet-kirliligi-onleyici-gemisi-tedarik-etti","status":"publish","type":"page","link":"https:\/\/mavideniz.com.tr\/tr\/haberler-etkinlikler\/mavi-deniz-2-adet-kirliligi-onleyici-gemisi-tedarik-etti\/","title":{"rendered":"MAVI DEN\u0130Z 2 ADET K\u0130RL\u0130L\u0130\u011e\u0130 \u00d6NLEY\u0130C\u0130 GEM\u0130S\u0130 TEDAR\u0130K ETT\u0130"},"content":{"rendered":"<p>27 Nisan 2016, Mavi Deniz, \u00e7\u00f6p, kat\u0131 at\u0131k,<br \/>\nAkdeniz B\u00f6lgesi&#8217;nde su \u00fczerinde bulunan plastik, naylon, yabani ot, sigara ve \u00e7\u00f6pleri uzun s\u00fcreli i\u015fletme hizmeti i\u00e7in \u0130skenderun Belediyesi&#8217;ne<img loading=\"lazy\" decoding=\"async\" class=\"alignright wp-image-26435 size-full\" src=\"https:\/\/mavideniz.com.tr\/wp-content\/uploads\/Media-Centre\/News-Events\/2016\/anti-pollution-vessel-2.jpg\" width=\"375\" height=\"250\" alt=\"\" title=\"\"> (\u0130skenderun) teslim ediyoruz.<\/p>\n<p><strong>MAVI DEN\u0130Z gemileri i\u00e7 pazarda ve uluslararas\u0131 petrol s\u0131z\u0131nt\u0131s\u0131 pazar\u0131nda kullan\u0131l\u0131yor.<\/strong><\/p>\n<ul>\n<li>Son derece yenilik\u00e7i bir gemi olan Sea Cat gemisi,<\/li>\n<li>Limanlarda, kanallarda, koylarda ve k\u0131y\u0131larda \u00e7al\u0131\u015f\u0131r;<\/li>\n<li>Y\u00fczen ve yar\u0131 bat\u0131k makro kirleticilerin (plastik, bitkiler, teneke kutular, ah\u015fap vb.) toplanmas\u0131, depolanmas\u0131 ve bo\u015falt\u0131lmas\u0131;<\/li>\n<li>Hidrokarbon \u00fcr\u00fcnlerinin toplanmas\u0131;<\/li>\n<li>G\u00fcverte \u00fczerine yerle\u015ftirilen tazyikli su kullan\u0131larak yang\u0131nla m\u00fccadele ve r\u0131ht\u0131m temizleme i\u015flemleri;<\/li>\n<li>K\u00f6p\u00fck ve y\u00fczey filmlerinin \u00e7\u0131kar\u0131lmas\u0131;<\/li>\n<li>Sular\u0131n izlenmesi, kirlilik kontrol\u00fc ve analizi;<\/li>\n<\/ul>\n","protected":false},"excerpt":{"rendered":"<p>27 Nisan 2016, Mavi Deniz, \u00e7\u00f6p, kat\u0131 at\u0131k, Akdeniz B\u00f6lgesi&#8217;nde su \u00fczerinde bulunan plastik, naylon, yabani ot, sigara ve \u00e7\u00f6pleri [&hellip;]<\/p>\n","protected":false},"author":1,"featured_media":0,"parent":27930,"menu_order":0,"comment_status":"closed","ping_status":"closed","template":"","meta":{"site-sidebar-layout":"default","site-content-layout":"","ast-site-content-layout":"default","site-content-style":"default","site-sidebar-style":"default","ast-global-header-display":"","ast-banner-title-visibility":"","ast-main-header-display":"","ast-hfb-above-header-display":"","ast-hfb-below-header-display":"","ast-hfb-mobile-header-display":"","site-post-title":"","ast-breadcrumbs-content":"","ast-featured-img":"","footer-sml-layout":"","ast-disable-related-posts":"","theme-transparent-header-meta":"","adv-header-id-meta":"","stick-header-meta":"","header-above-stick-meta":"","header-main-stick-meta":"","header-below-stick-meta":"","astra-migrate-meta-layouts":"default","ast-page-background-enabled":"default","ast-page-background-meta":{"desktop":{"background-color":"var(--ast-global-color-5)","background-image":"","background-repeat":"repeat","background-position":"center center","background-size":"auto","background-attachment":"scroll","background-type":"","background-media":"","overlay-type":"","overlay-color":"","overlay-opacity":"","overlay-gradient":""},"tablet":{"background-color":"","background-image":"","background-repeat":"repeat","background-position":"center center","background-size":"auto","background-attachment":"scroll","background-type":"","background-media":"","overlay-type":"","overlay-color":"","overlay-opacity":"","overlay-gradient":""},"mobile":{"background-color":"","background-image":"","background-repeat":"repeat","background-position":"center center","background-size":"auto","background-attachment":"scroll","background-type":"","background-media":"","overlay-type":"","overlay-color":"","overlay-opacity":"","overlay-gradient":""}},"ast-content-background-meta":{"desktop":{"background-color":"var(--ast-global-color-4)","background-image":"","background-repeat":"repeat","background-position":"center center","background-size":"auto","background-attachment":"scroll","background-type":"","background-media":"","overlay-type":"","overlay-color":"","overlay-opacity":"","overlay-gradient":""},"tablet":{"background-color":"var(--ast-global-color-4)","background-image":"","background-repeat":"repeat","background-position":"center center","background-size":"auto","background-attachment":"scroll","background-type":"","background-media":"","overlay-type":"","overlay-color":"","overlay-opacity":"","overlay-gradient":""},"mobile":{"background-color":"var(--ast-global-color-4)","background-image":"","background-repeat":"repeat","background-position":"center center","background-size":"auto","background-attachment":"scroll","background-type":"","background-media":"","overlay-type":"","overlay-color":"","overlay-opacity":"","overlay-gradient":""}},"footnotes":""},"class_list":["post-71835","page","type-page","status-publish","hentry"],"_links":{"self":[{"href":"https:\/\/mavideniz.com.tr\/tr\/wp-json\/wp\/v2\/pages\/71835","targetHints":{"allow":["GET"]}}],"collection":[{"href":"https:\/\/mavideniz.com.tr\/tr\/wp-json\/wp\/v2\/pages"}],"about":[{"href":"https:\/\/mavideniz.com.tr\/tr\/wp-json\/wp\/v2\/types\/page"}],"author":[{"embeddable":true,"href":"https:\/\/mavideniz.com.tr\/tr\/wp-json\/wp\/v2\/users\/1"}],"replies":[{"embeddable":true,"href":"https:\/\/mavideniz.com.tr\/tr\/wp-json\/wp\/v2\/comments?post=71835"}],"version-history":[{"count":0,"href":"https:\/\/mavideniz.com.tr\/tr\/wp-json\/wp\/v2\/pages\/71835\/revisions"}],"up":[{"embeddable":true,"href":"https:\/\/mavideniz.com.tr\/tr\/wp-json\/wp\/v2\/pages\/27930"}],"wp:attachment":[{"href":"https:\/\/mavideniz.com.tr\/tr\/wp-json\/wp\/v2\/media?parent=71835"}],"curies":[{"name":"wp","href":"https:\/\/api.w.org\/{rel}","templated":true}]}}