{"id":71841,"date":"2024-01-01T14:50:18","date_gmt":"2024-01-01T14:50:18","guid":{"rendered":"https:\/\/mavideniz.com.tr\/?page_id=71841"},"modified":"2025-10-05T00:07:53","modified_gmt":"2025-10-05T00:07:53","slug":"mavi-deniz-adana-belediyesi-tarafindan-plaj-temizligi-ve-baraj-gol-temizligi-sozlesmesi-kazandi","status":"publish","type":"page","link":"https:\/\/mavideniz.com.tr\/tr\/haberler-etkinlikler\/mavi-deniz-adana-belediyesi-tarafindan-plaj-temizligi-ve-baraj-gol-temizligi-sozlesmesi-kazandi\/","title":{"rendered":"MAV\u0130 DEN\u0130Z, ADANA BELED\u0130YES\u0130 TARAFINDAN \u201cPLAJ TEM\u0130ZL\u0130\u011e\u0130 VE BARAJ, G\u00d6L TEM\u0130ZL\u0130\u011e\u0130 S\u00d6ZLE\u015eMES\u0130\u201d KAZANDI"},"content":{"rendered":"<p>10 Temmuz 2017 tarihinde Mavi Deniz&#8217;e \u00e7\u00f6p, kat\u0131 at\u0131k, plastik, naylon, yabani otlar\u0131 toplamak \u00fczere plaj temizleme makinesi, trakt\u00f6r, 8 adet 4&#215;4 pikap, 3 adet k\u0131y\u0131 \u00e7\u00f6p toplama botu olmak \u00fczere 80 personel ile plaj temizli\u011fi ve baraj temizli\u011fi ta\u015feron olarak verilmi\u015ftir. \u015eehirdeki baraj, sigara ve \u00e7\u00f6plerin<img loading=\"lazy\" decoding=\"async\" class=\"alignright wp-image-26245 size-full\" src=\"https:\/\/mavideniz.com.tr\/wp-content\/uploads\/Media-Centre\/News-Events\/2017\/Beach-Cleaning-Service-Municipality-2.jpg\" width=\"375\" height=\"250\" alt=\"\" title=\"\"> akarsu \u00fczerinde uzun s\u00fcre i\u015fletilmesi i\u00e7in Adana Belediyesi hizmet verecek.<\/p>\n<p>Grubu iki par\u00e7aya ay\u0131rd\u0131k; biri sahildeki \u00e7\u00f6pleri topluyor, di\u011feri ise baraj b\u00f6lgesindeki plastik ve di\u011fer kal\u0131nt\u0131lar\u0131 topluyor. Temizlik sonras\u0131nda k\u0131y\u0131ya yakla\u015ft\u0131k\u00e7a suyun daha berrakla\u015ft\u0131\u011f\u0131n\u0131 g\u00f6rd\u00fck.<\/p>\n<p>Belediyenin denizcilik dairesi ba\u015fkan\u0131, at\u0131klar\u0131n \u00e7o\u011funun turistlerden ve ticaret gemilerinden geldi\u011fini s\u00f6yledi. &#8220;Ya her t\u00fcrl\u00fc at\u0131\u011f\u0131 d\u00f6kerek ge\u00e7iyorlar ya da ticaret gemilerine a\u015f\u0131r\u0131 y\u00fck bindiriyorlar.<\/p>\n<p>At\u0131k imha kurallar\u0131n\u0131n ihlalinin bir\u00e7ok cezas\u0131 vard\u0131r.<\/p>\n<p>\u0130nsanlar\u0131n denizi temiz tutman\u0131n \u00f6nemini anlamas\u0131 gerekiyor. Bir\u00e7ok insan\u0131n teknelerde baraja \u00e7\u00f6p att\u0131\u011f\u0131n\u0131 g\u00f6rebilirsiniz.<\/p>\n<p>\u00c7\u00f6p izmaritleri de \u00f6nemli bir endi\u015fe kayna\u011f\u0131 olmaya devam ediyor \u00e7\u00fcnk\u00fc biyolojik olarak par\u00e7alanam\u0131yorlar ve suya toksin sal\u0131yorlar.<\/p>\n<p>Raporda, &#8220;deniz ya\u015fam\u0131n\u0131 zehirliyor&#8221; ifadesine yer veriliyor. &#8220;Ayr\u0131ca ya\u011fmur suyu sistemlerimizde de kolayca hareket ediyorlar, bu da bir sigaran\u0131n yolunu bulmak i\u00e7in do\u011frudan kumsala at\u0131lmas\u0131na gerek olmad\u0131\u011f\u0131 anlam\u0131na geliyor.&#8221;<\/p>\n<p>2050 y\u0131l\u0131na gelindi\u011finde okyanusun plastik kirlili\u011fi orada ya\u015fayan hayvanlardan daha fazla olabilir.<\/p>\n","protected":false},"excerpt":{"rendered":"<p>10 Temmuz 2017 tarihinde Mavi Deniz&#8217;e \u00e7\u00f6p, kat\u0131 at\u0131k, plastik, naylon, yabani otlar\u0131 toplamak \u00fczere plaj temizleme makinesi, trakt\u00f6r, 8 [&hellip;]<\/p>\n","protected":false},"author":1,"featured_media":0,"parent":27930,"menu_order":0,"comment_status":"closed","ping_status":"closed","template":"","meta":{"site-sidebar-layout":"default","site-content-layout":"","ast-site-content-layout":"default","site-content-style":"default","site-sidebar-style":"default","ast-global-header-display":"","ast-banner-title-visibility":"","ast-main-header-display":"","ast-hfb-above-header-display":"","ast-hfb-below-header-display":"","ast-hfb-mobile-header-display":"","site-post-title":"","ast-breadcrumbs-content":"","ast-featured-img":"","footer-sml-layout":"","ast-disable-related-posts":"","theme-transparent-header-meta":"","adv-header-id-meta":"","stick-header-meta":"","header-above-stick-meta":"","header-main-stick-meta":"","header-below-stick-meta":"","astra-migrate-meta-layouts":"default","ast-page-background-enabled":"default","ast-page-background-meta":{"desktop":{"background-color":"var(--ast-global-color-5)","background-image":"","background-repeat":"repeat","background-position":"center center","background-size":"auto","background-attachment":"scroll","background-type":"","background-media":"","overlay-type":"","overlay-color":"","overlay-opacity":"","overlay-gradient":""},"tablet":{"background-color":"","background-image":"","background-repeat":"repeat","background-position":"center center","background-size":"auto","background-attachment":"scroll","background-type":"","background-media":"","overlay-type":"","overlay-color":"","overlay-opacity":"","overlay-gradient":""},"mobile":{"background-color":"","background-image":"","background-repeat":"repeat","background-position":"center center","background-size":"auto","background-attachment":"scroll","background-type":"","background-media":"","overlay-type":"","overlay-color":"","overlay-opacity":"","overlay-gradient":""}},"ast-content-background-meta":{"desktop":{"background-color":"var(--ast-global-color-4)","background-image":"","background-repeat":"repeat","background-position":"center center","background-size":"auto","background-attachment":"scroll","background-type":"","background-media":"","overlay-type":"","overlay-color":"","overlay-opacity":"","overlay-gradient":""},"tablet":{"background-color":"var(--ast-global-color-4)","background-image":"","background-repeat":"repeat","background-position":"center center","background-size":"auto","background-attachment":"scroll","background-type":"","background-media":"","overlay-type":"","overlay-color":"","overlay-opacity":"","overlay-gradient":""},"mobile":{"background-color":"var(--ast-global-color-4)","background-image":"","background-repeat":"repeat","background-position":"center center","background-size":"auto","background-attachment":"scroll","background-type":"","background-media":"","overlay-type":"","overlay-color":"","overlay-opacity":"","overlay-gradient":""}},"footnotes":""},"class_list":["post-71841","page","type-page","status-publish","hentry"],"_links":{"self":[{"href":"https:\/\/mavideniz.com.tr\/tr\/wp-json\/wp\/v2\/pages\/71841","targetHints":{"allow":["GET"]}}],"collection":[{"href":"https:\/\/mavideniz.com.tr\/tr\/wp-json\/wp\/v2\/pages"}],"about":[{"href":"https:\/\/mavideniz.com.tr\/tr\/wp-json\/wp\/v2\/types\/page"}],"author":[{"embeddable":true,"href":"https:\/\/mavideniz.com.tr\/tr\/wp-json\/wp\/v2\/users\/1"}],"replies":[{"embeddable":true,"href":"https:\/\/mavideniz.com.tr\/tr\/wp-json\/wp\/v2\/comments?post=71841"}],"version-history":[{"count":0,"href":"https:\/\/mavideniz.com.tr\/tr\/wp-json\/wp\/v2\/pages\/71841\/revisions"}],"up":[{"embeddable":true,"href":"https:\/\/mavideniz.com.tr\/tr\/wp-json\/wp\/v2\/pages\/27930"}],"wp:attachment":[{"href":"https:\/\/mavideniz.com.tr\/tr\/wp-json\/wp\/v2\/media?parent=71841"}],"curies":[{"name":"wp","href":"https:\/\/api.w.org\/{rel}","templated":true}]}}