{"id":71848,"date":"2024-01-01T15:03:33","date_gmt":"2024-01-01T15:03:33","guid":{"rendered":"https:\/\/mavideniz.com.tr\/?page_id=71848"},"modified":"2024-01-01T15:03:36","modified_gmt":"2024-01-01T15:03:36","slug":"mavi-deniz-su-vinci-test-cantalari-donanma-ussune-teslim-edildi","status":"publish","type":"page","link":"https:\/\/mavideniz.com.tr\/tr\/haberler-etkinlikler\/mavi-deniz-su-vinci-test-cantalari-donanma-ussune-teslim-edildi\/","title":{"rendered":"MAVI DEN\u0130Z SU V\u0130NC\u0130 TEST \u00c7ANTALARI DONANMA \u00dcSS\u00dcNE TESL\u0130M ED\u0130LD\u0130"},"content":{"rendered":"<p>17 Mart 2020 tarihinde Mavi Deniz ile s\u00f6zle\u015fme imzalanarak m\u00fc\u015fterilerin ihtiya\u00e7lar\u0131na g\u00f6re tasarlanan 4 adet su vinci test \u00e7antas\u0131n\u0131n m\u00fchendislik hizmetinin sa\u011flanmas\u0131 amac\u0131yla lansman yap\u0131ld\u0131.<\/p>\n<p>Suyla doldurulmu\u015f dayan\u0131kl\u0131 y\u00fck torbalar\u0131, geleneksel kat\u0131 a\u011f\u0131rl\u0131klar yerine test y\u00fck\u00fc sa\u011flamak \u00fczere tasarlanm\u0131\u015f benzersiz ve basit bir \u00fcr\u00fcnd\u00fcr. Bu y\u00fcksek d\u00fczeyde m\u00fchendislik ve sertifikal\u0131 sistem, y\u00fck testi i\u00e7in g\u00fcvenli, pratik ve ekonomik bir y\u00f6ntem sa\u011flar.<\/p>\n<p><strong>UYGULAMALAR;<br \/>\n<\/strong><br \/>\nDenizcilik, A\u00e7\u0131k deniz tesisleri, gemi in\u015fa ve onar\u0131m \u015firketleri, gemicilik \u015firketleri ile r\u0131ht\u0131mlar ve limanlar a\u015fa\u011f\u0131daki test uygulamalar\u0131 i\u00e7in su dolu ge\u00e7irmez y\u00fck torbalar\u0131 kullan\u0131r:<\/p>\n<ul>\n<li>Vin\u00e7ler<\/li>\n<li>Matafora<\/li>\n<li>Derricks<\/li>\n<li>Vin\u00e7ler<\/li>\n<li>Eri\u015filemez kald\u0131rma noktalar\u0131n\u0131n ba\u015fka herhangi bir y\u00f6ntemle imkans\u0131z oldu\u011fu kabul edilir<\/li>\n<li>Cankurtaran sandallar\u0131<\/li>\n<li>Rampalar ve asans\u00f6rler<\/li>\n<li>Ped g\u00f6zleri<\/li>\n<\/ul>\n","protected":false},"excerpt":{"rendered":"<p>17 Mart 2020 tarihinde Mavi Deniz ile s\u00f6zle\u015fme imzalanarak m\u00fc\u015fterilerin ihtiya\u00e7lar\u0131na g\u00f6re tasarlanan 4 adet su vinci test \u00e7antas\u0131n\u0131n m\u00fchendislik [&hellip;]<\/p>\n","protected":false},"author":1,"featured_media":0,"parent":27930,"menu_order":0,"comment_status":"closed","ping_status":"closed","template":"","meta":{"site-sidebar-layout":"default","site-content-layout":"","ast-site-content-layout":"default","site-content-style":"default","site-sidebar-style":"default","ast-global-header-display":"","ast-banner-title-visibility":"","ast-main-header-display":"","ast-hfb-above-header-display":"","ast-hfb-below-header-display":"","ast-hfb-mobile-header-display":"","site-post-title":"","ast-breadcrumbs-content":"","ast-featured-img":"","footer-sml-layout":"","ast-disable-related-posts":"","theme-transparent-header-meta":"","adv-header-id-meta":"","stick-header-meta":"","header-above-stick-meta":"","header-main-stick-meta":"","header-below-stick-meta":"","astra-migrate-meta-layouts":"default","ast-page-background-enabled":"default","ast-page-background-meta":{"desktop":{"background-color":"var(--ast-global-color-5)","background-image":"","background-repeat":"repeat","background-position":"center center","background-size":"auto","background-attachment":"scroll","background-type":"","background-media":"","overlay-type":"","overlay-color":"","overlay-opacity":"","overlay-gradient":""},"tablet":{"background-color":"","background-image":"","background-repeat":"repeat","background-position":"center center","background-size":"auto","background-attachment":"scroll","background-type":"","background-media":"","overlay-type":"","overlay-color":"","overlay-opacity":"","overlay-gradient":""},"mobile":{"background-color":"","background-image":"","background-repeat":"repeat","background-position":"center center","background-size":"auto","background-attachment":"scroll","background-type":"","background-media":"","overlay-type":"","overlay-color":"","overlay-opacity":"","overlay-gradient":""}},"ast-content-background-meta":{"desktop":{"background-color":"var(--ast-global-color-4)","background-image":"","background-repeat":"repeat","background-position":"center center","background-size":"auto","background-attachment":"scroll","background-type":"","background-media":"","overlay-type":"","overlay-color":"","overlay-opacity":"","overlay-gradient":""},"tablet":{"background-color":"var(--ast-global-color-4)","background-image":"","background-repeat":"repeat","background-position":"center center","background-size":"auto","background-attachment":"scroll","background-type":"","background-media":"","overlay-type":"","overlay-color":"","overlay-opacity":"","overlay-gradient":""},"mobile":{"background-color":"var(--ast-global-color-4)","background-image":"","background-repeat":"repeat","background-position":"center center","background-size":"auto","background-attachment":"scroll","background-type":"","background-media":"","overlay-type":"","overlay-color":"","overlay-opacity":"","overlay-gradient":""}},"footnotes":""},"class_list":["post-71848","page","type-page","status-publish","hentry"],"_links":{"self":[{"href":"https:\/\/mavideniz.com.tr\/tr\/wp-json\/wp\/v2\/pages\/71848","targetHints":{"allow":["GET"]}}],"collection":[{"href":"https:\/\/mavideniz.com.tr\/tr\/wp-json\/wp\/v2\/pages"}],"about":[{"href":"https:\/\/mavideniz.com.tr\/tr\/wp-json\/wp\/v2\/types\/page"}],"author":[{"embeddable":true,"href":"https:\/\/mavideniz.com.tr\/tr\/wp-json\/wp\/v2\/users\/1"}],"replies":[{"embeddable":true,"href":"https:\/\/mavideniz.com.tr\/tr\/wp-json\/wp\/v2\/comments?post=71848"}],"version-history":[{"count":0,"href":"https:\/\/mavideniz.com.tr\/tr\/wp-json\/wp\/v2\/pages\/71848\/revisions"}],"up":[{"embeddable":true,"href":"https:\/\/mavideniz.com.tr\/tr\/wp-json\/wp\/v2\/pages\/27930"}],"wp:attachment":[{"href":"https:\/\/mavideniz.com.tr\/tr\/wp-json\/wp\/v2\/media?parent=71848"}],"curies":[{"name":"wp","href":"https:\/\/api.w.org\/{rel}","templated":true}]}}