{"id":71855,"date":"2024-01-01T15:06:02","date_gmt":"2024-01-01T15:06:02","guid":{"rendered":"https:\/\/mavideniz.com.tr\/?page_id=71855"},"modified":"2025-10-05T00:07:53","modified_gmt":"2025-10-05T00:07:53","slug":"mobil-vakum-sistemi-seysellere-teslim-edildi","status":"publish","type":"page","link":"https:\/\/mavideniz.com.tr\/tr\/haberler-etkinlikler\/mobil-vakum-sistemi-seysellere-teslim-edildi\/","title":{"rendered":"MOB\u0130L VAKUM S\u0130STEM\u0130 SEY\u015eELLER&#8217;E TESL\u0130M ED\u0130LD\u0130"},"content":{"rendered":"<p><img loading=\"lazy\" decoding=\"async\" class=\"alignleft wp-image-25649 size-full\" src=\"https:\/\/mavideniz.com.tr\/wp-content\/uploads\/Media-Centre\/News-Events\/2019\/MOBILE-VACUUM-SYSTEM.jpg\" width=\"375\" height=\"250\" alt=\"\" title=\"\">Mavi Deniz, 09 Ekim 2019 tarihinde Indian Ocean Tuna Limited Group ile Sey\u015feller&#8217;e Ta\u015f\u0131nabilir Vakum Sistemleri tedarik etmek \u00fczere bir s\u00f6zle\u015fme imzalad\u0131.<\/p>\n<p>Mini Vakum sistemleri, son derece etkili ve mobil \u00fcnitelere sahip, yenilik\u00e7i ve kan\u0131tlanm\u0131\u015f bir petrol s\u0131z\u0131nt\u0131s\u0131 kurtarma y\u00f6ntemidir. Mavi Vakum sistemleri sahillerde, hendeklerde, kanalizasyonlarda, yollarda ve zeminde mahsur kalan petrol\u00fcn toplanmas\u0131 ve daha sonra tekerlekli tanklara veya standart ya\u011f varillerine emilmesi i\u00e7in kullan\u0131l\u0131r.<\/p>\n","protected":false},"excerpt":{"rendered":"<p>Mavi Deniz, 09 Ekim 2019 tarihinde Indian Ocean Tuna Limited Group ile Sey\u015feller&#8217;e Ta\u015f\u0131nabilir Vakum Sistemleri tedarik etmek \u00fczere bir [&hellip;]<\/p>\n","protected":false},"author":1,"featured_media":0,"parent":27930,"menu_order":0,"comment_status":"closed","ping_status":"closed","template":"","meta":{"site-sidebar-layout":"default","site-content-layout":"","ast-site-content-layout":"default","site-content-style":"default","site-sidebar-style":"default","ast-global-header-display":"","ast-banner-title-visibility":"","ast-main-header-display":"","ast-hfb-above-header-display":"","ast-hfb-below-header-display":"","ast-hfb-mobile-header-display":"","site-post-title":"","ast-breadcrumbs-content":"","ast-featured-img":"","footer-sml-layout":"","ast-disable-related-posts":"","theme-transparent-header-meta":"","adv-header-id-meta":"","stick-header-meta":"","header-above-stick-meta":"","header-main-stick-meta":"","header-below-stick-meta":"","astra-migrate-meta-layouts":"default","ast-page-background-enabled":"default","ast-page-background-meta":{"desktop":{"background-color":"var(--ast-global-color-5)","background-image":"","background-repeat":"repeat","background-position":"center center","background-size":"auto","background-attachment":"scroll","background-type":"","background-media":"","overlay-type":"","overlay-color":"","overlay-opacity":"","overlay-gradient":""},"tablet":{"background-color":"","background-image":"","background-repeat":"repeat","background-position":"center center","background-size":"auto","background-attachment":"scroll","background-type":"","background-media":"","overlay-type":"","overlay-color":"","overlay-opacity":"","overlay-gradient":""},"mobile":{"background-color":"","background-image":"","background-repeat":"repeat","background-position":"center center","background-size":"auto","background-attachment":"scroll","background-type":"","background-media":"","overlay-type":"","overlay-color":"","overlay-opacity":"","overlay-gradient":""}},"ast-content-background-meta":{"desktop":{"background-color":"var(--ast-global-color-4)","background-image":"","background-repeat":"repeat","background-position":"center center","background-size":"auto","background-attachment":"scroll","background-type":"","background-media":"","overlay-type":"","overlay-color":"","overlay-opacity":"","overlay-gradient":""},"tablet":{"background-color":"var(--ast-global-color-4)","background-image":"","background-repeat":"repeat","background-position":"center center","background-size":"auto","background-attachment":"scroll","background-type":"","background-media":"","overlay-type":"","overlay-color":"","overlay-opacity":"","overlay-gradient":""},"mobile":{"background-color":"var(--ast-global-color-4)","background-image":"","background-repeat":"repeat","background-position":"center center","background-size":"auto","background-attachment":"scroll","background-type":"","background-media":"","overlay-type":"","overlay-color":"","overlay-opacity":"","overlay-gradient":""}},"footnotes":""},"class_list":["post-71855","page","type-page","status-publish","hentry"],"_links":{"self":[{"href":"https:\/\/mavideniz.com.tr\/tr\/wp-json\/wp\/v2\/pages\/71855","targetHints":{"allow":["GET"]}}],"collection":[{"href":"https:\/\/mavideniz.com.tr\/tr\/wp-json\/wp\/v2\/pages"}],"about":[{"href":"https:\/\/mavideniz.com.tr\/tr\/wp-json\/wp\/v2\/types\/page"}],"author":[{"embeddable":true,"href":"https:\/\/mavideniz.com.tr\/tr\/wp-json\/wp\/v2\/users\/1"}],"replies":[{"embeddable":true,"href":"https:\/\/mavideniz.com.tr\/tr\/wp-json\/wp\/v2\/comments?post=71855"}],"version-history":[{"count":0,"href":"https:\/\/mavideniz.com.tr\/tr\/wp-json\/wp\/v2\/pages\/71855\/revisions"}],"up":[{"embeddable":true,"href":"https:\/\/mavideniz.com.tr\/tr\/wp-json\/wp\/v2\/pages\/27930"}],"wp:attachment":[{"href":"https:\/\/mavideniz.com.tr\/tr\/wp-json\/wp\/v2\/media?parent=71855"}],"curies":[{"name":"wp","href":"https:\/\/api.w.org\/{rel}","templated":true}]}}