{"id":71867,"date":"2024-01-01T15:20:33","date_gmt":"2024-01-01T15:20:33","guid":{"rendered":"https:\/\/mavideniz.com.tr\/?page_id=71867"},"modified":"2025-10-05T00:07:52","modified_gmt":"2025-10-05T00:07:52","slug":"donanma-1-kademe-petrol-dokuntusu-mudahale-hizmetleri-2015","status":"publish","type":"page","link":"https:\/\/mavideniz.com.tr\/tr\/haberler-etkinlikler\/donanma-1-kademe-petrol-dokuntusu-mudahale-hizmetleri-2015\/","title":{"rendered":"DONANMA &#8211; 1. KADEME PETROL D\u00d6K\u00dcNT\u00dcS\u00dc M\u00dcDAHALE H\u0130ZMETLER\u0130 2015"},"content":{"rendered":"<p>MAV\u0130 DEN\u0130Z, 2015 y\u0131l\u0131nda Ege B\u00f6lgesi&#8217;ndeki limanlarda petrol ikmali hizmetleri s\u0131ras\u0131nda petrol s\u0131z\u0131nt\u0131s\u0131n\u0131 \u00f6nlemek amac\u0131yla Tier 1 petrol s\u0131z\u0131nt\u0131s\u0131na m\u00fcdahale hizmetleri ve petrol bomlar\u0131n\u0131n konu\u015fland\u0131r\u0131lmas\u0131 konusunda NATO Deniz Kuvvetleri Gemileri ile 05.10.2015 tarihinde bir anla\u015fma imzalad\u0131.<img loading=\"lazy\" decoding=\"async\" class=\"alignright wp-image-26476 size-full\" src=\"https:\/\/mavideniz.com.tr\/wp-content\/uploads\/Media-Centre\/News-Events\/2015\/NAVY-TIER-1-OIL-SPILL-RESPONSE-1.jpg\" width=\"375\" height=\"250\" alt=\"\" title=\"\"><\/p>\n<p>MAVI DEN\u0130Z, Karadeniz, Marmara, Akdeniz ve Ege Denizi&#8217;nde faaliyet g\u00f6steren d\u00f6rt petrol s\u0131z\u0131nt\u0131s\u0131 m\u00fcdahale merkezine sahiptir. Petrol s\u0131z\u0131nt\u0131s\u0131 engelinin d\u00f6\u015fenmesi denizlerimizin korunmas\u0131na hizmet etme zorunlulu\u011fudur. NATO (Kuzey Atlantik Antla\u015fmas\u0131 \u00d6rg\u00fct\u00fc) da sular\u0131n korunmas\u0131na \u00f6nem veriyor.<br \/>\nSon petrol bariyeri d\u00f6\u015feme hizmeti \u0130zmir Liman\u0131&#8217;nda yap\u0131l\u0131yor. T\u00fcrkiye&#8217;nin \u00fc\u00e7\u00fcnc\u00fc b\u00fcy\u00fck \u015fehri, \u00f6nemli bir i\u015f merkezi ve b\u00fcy\u00fck bir sanayi ve tar\u0131m b\u00f6lgesinin kent merkezi olan \u0130zmir Liman\u0131, \u00fclke ekonomisinde ve ihracat ticaretinde hayati bir rol oynamaktad\u0131r. \u0130zmir Liman\u0131 her t\u00fcrl\u00fc kargoyu elle\u00e7liyor ve T\u00fcrkiye&#8217;nin demiryolu ve karayolu a\u011flar\u0131yla iyi ba\u011flant\u0131lara sahip.<\/p>\n<p>\u0130zmir Liman\u0131&#8217;ndaki kargo elle\u00e7leme tesisleri toplam 3,3 bin metrelik 24 r\u0131ht\u0131mdan olu\u015fuyor. R\u0131ht\u0131mlar, 200 ton kapasiteli y\u00fczer vin\u00e7, be\u015f adet 40 tonluk r\u0131ht\u0131m vinci, dokuz k\u0131y\u0131 vinci ve 14 mobil vin\u00e7 ile \u00e7ok say\u0131da istifleyici, forklift, y\u00fckleyici ve treyler ile her t\u00fcrl\u00fc kargoyu elle\u00e7leyecek \u015fekilde iyi bir donan\u0131ma sahiptir. .<\/p>\n<p>\u0130zmir Liman\u0131 Konteyner Terminali 13 metre derinli\u011fe sahip 7 adet r\u0131ht\u0131ma sahiptir. R\u0131ht\u0131mlar\u0131n toplam alan\u0131 1050 metre, konteyner terminali ise 152 bin metrekareyi kaps\u0131yor. Terminalin 7074 TEU ta\u015f\u0131mas\u0131 gerekiyor ve r\u0131ht\u0131mlara be\u015f adet 40 ton kapasiteli portal vin\u00e7 hizmet veriyor. So\u011futmal\u0131 konteynerler i\u00e7in so\u011futuculu tesisler mevcuttur.<\/p>\n<p>Daha fazla bilgi i\u00e7in l\u00fctfen bizimle ileti\u015fime ge\u00e7in: info@mavideniz.com.tr.<\/p>\n","protected":false},"excerpt":{"rendered":"<p>MAV\u0130 DEN\u0130Z, 2015 y\u0131l\u0131nda Ege B\u00f6lgesi&#8217;ndeki limanlarda petrol ikmali hizmetleri s\u0131ras\u0131nda petrol s\u0131z\u0131nt\u0131s\u0131n\u0131 \u00f6nlemek amac\u0131yla Tier 1 petrol s\u0131z\u0131nt\u0131s\u0131na m\u00fcdahale [&hellip;]<\/p>\n","protected":false},"author":1,"featured_media":0,"parent":27930,"menu_order":0,"comment_status":"closed","ping_status":"closed","template":"","meta":{"site-sidebar-layout":"default","site-content-layout":"","ast-site-content-layout":"default","site-content-style":"default","site-sidebar-style":"default","ast-global-header-display":"","ast-banner-title-visibility":"","ast-main-header-display":"","ast-hfb-above-header-display":"","ast-hfb-below-header-display":"","ast-hfb-mobile-header-display":"","site-post-title":"","ast-breadcrumbs-content":"","ast-featured-img":"","footer-sml-layout":"","ast-disable-related-posts":"","theme-transparent-header-meta":"","adv-header-id-meta":"","stick-header-meta":"","header-above-stick-meta":"","header-main-stick-meta":"","header-below-stick-meta":"","astra-migrate-meta-layouts":"default","ast-page-background-enabled":"default","ast-page-background-meta":{"desktop":{"background-color":"var(--ast-global-color-5)","background-image":"","background-repeat":"repeat","background-position":"center center","background-size":"auto","background-attachment":"scroll","background-type":"","background-media":"","overlay-type":"","overlay-color":"","overlay-opacity":"","overlay-gradient":""},"tablet":{"background-color":"","background-image":"","background-repeat":"repeat","background-position":"center center","background-size":"auto","background-attachment":"scroll","background-type":"","background-media":"","overlay-type":"","overlay-color":"","overlay-opacity":"","overlay-gradient":""},"mobile":{"background-color":"","background-image":"","background-repeat":"repeat","background-position":"center center","background-size":"auto","background-attachment":"scroll","background-type":"","background-media":"","overlay-type":"","overlay-color":"","overlay-opacity":"","overlay-gradient":""}},"ast-content-background-meta":{"desktop":{"background-color":"var(--ast-global-color-4)","background-image":"","background-repeat":"repeat","background-position":"center center","background-size":"auto","background-attachment":"scroll","background-type":"","background-media":"","overlay-type":"","overlay-color":"","overlay-opacity":"","overlay-gradient":""},"tablet":{"background-color":"var(--ast-global-color-4)","background-image":"","background-repeat":"repeat","background-position":"center center","background-size":"auto","background-attachment":"scroll","background-type":"","background-media":"","overlay-type":"","overlay-color":"","overlay-opacity":"","overlay-gradient":""},"mobile":{"background-color":"var(--ast-global-color-4)","background-image":"","background-repeat":"repeat","background-position":"center center","background-size":"auto","background-attachment":"scroll","background-type":"","background-media":"","overlay-type":"","overlay-color":"","overlay-opacity":"","overlay-gradient":""}},"footnotes":""},"class_list":["post-71867","page","type-page","status-publish","hentry"],"_links":{"self":[{"href":"https:\/\/mavideniz.com.tr\/tr\/wp-json\/wp\/v2\/pages\/71867","targetHints":{"allow":["GET"]}}],"collection":[{"href":"https:\/\/mavideniz.com.tr\/tr\/wp-json\/wp\/v2\/pages"}],"about":[{"href":"https:\/\/mavideniz.com.tr\/tr\/wp-json\/wp\/v2\/types\/page"}],"author":[{"embeddable":true,"href":"https:\/\/mavideniz.com.tr\/tr\/wp-json\/wp\/v2\/users\/1"}],"replies":[{"embeddable":true,"href":"https:\/\/mavideniz.com.tr\/tr\/wp-json\/wp\/v2\/comments?post=71867"}],"version-history":[{"count":0,"href":"https:\/\/mavideniz.com.tr\/tr\/wp-json\/wp\/v2\/pages\/71867\/revisions"}],"up":[{"embeddable":true,"href":"https:\/\/mavideniz.com.tr\/tr\/wp-json\/wp\/v2\/pages\/27930"}],"wp:attachment":[{"href":"https:\/\/mavideniz.com.tr\/tr\/wp-json\/wp\/v2\/media?parent=71867"}],"curies":[{"name":"wp","href":"https:\/\/api.w.org\/{rel}","templated":true}]}}