{"id":71881,"date":"2024-01-01T17:21:44","date_gmt":"2024-01-01T17:21:44","guid":{"rendered":"https:\/\/mavideniz.com.tr\/?page_id=71881"},"modified":"2025-10-05T00:07:52","modified_gmt":"2025-10-05T00:07:52","slug":"yeni-plaj-temizlik-makinesi","status":"publish","type":"page","link":"https:\/\/mavideniz.com.tr\/tr\/haberler-etkinlikler\/yeni-plaj-temizlik-makinesi\/","title":{"rendered":"YEN\u0130\u2026!!! PLAJ TEM\u0130ZL\u0130K MAK\u0130NES\u0130"},"content":{"rendered":"<p>MAVI DENIZ, plaj\/k\u0131y\u0131 \u015feridinde kirlilik \u00f6nleyici ekipman \u00fcreticisidir. Yeni Plaj Temizleme Makinesi, deniz yosunu, bal\u0131k, cam, \u015f\u0131r\u0131nga, plastik, teneke kutu, sigara, deniz kabu\u011fu, ta\u015f, ah\u015fap ve neredeyse her t\u00fcrl\u00fc istenmeyen kal\u0131nt\u0131 gibi plaj kirlili\u011fini etkili bir \u015fekilde ortadan kald\u0131r\u0131r. Plaj temizleme makineleri,<img loading=\"lazy\" decoding=\"async\" class=\"size-full wp-image-26524 alignright\" src=\"https:\/\/mavideniz.com.tr\/wp-content\/uploads\/Media-Centre\/News-Events\/2015\/beach-cleaning-machine-1.jpg\" alt=\"\" width=\"375\" height=\"250\" title=\"\"> petrol s\u0131z\u0131nt\u0131s\u0131 felaketlerinden sonra sahil kumundaki petrol ve katran at\u0131klar\u0131n\u0131 bile temizliyor.<\/p>\n<p>MAVI DEN\u0130Z makineleri yurt i\u00e7i ve yurt d\u0131\u015f\u0131 plaj pazarlar\u0131nda kullan\u0131lmaktad\u0131r.<\/p>\n<p>Yeni makine T\u00fcrkiye&#8217;nin en b\u00fcy\u00fck kum temizleme makinesi olup, 01.05.2015 tarihinde b\u00fcy\u00fck plajlarda kullan\u0131lmaya ba\u015flanacak olup; Yeni model, \u00e7al\u0131\u015fma geni\u015fli\u011fi sayesinde en geni\u015f kumsallar\u0131n temizli\u011fini ola\u011fan\u00fcst\u00fc bir h\u0131zla ger\u00e7ekle\u015ftirebilmektedir.<\/p>\n<p>Plaj temizleyicisi, b\u00fcy\u00fck plajlar\u0131n pratik, g\u00fcvenli ve h\u0131zl\u0131 temizlenmesine ihtiya\u00e7 duyan m\u00fc\u015fterilerimizle yapt\u0131\u011f\u0131m\u0131z i\u015fbirli\u011finin sonucudur. Bu modelin y\u00f6netimi kolayd\u0131r. 2 m3 at\u0131k depolama tank\u0131 ile geni\u015f bir kapasiteye sahiptir. \u00c7al\u0131\u015fma geni\u015fli\u011fi nedeniyle \u00f6zellikle b\u00fcy\u00fck plajlar i\u00e7in uygundur: 2,50 m. \u0130\u015fin derinli\u011fi 0 ila 300 mm aras\u0131ndad\u0131r. Saatte 15.000 m2&#8217;nin \u00fczerinde kuru kum alan\u0131n\u0131 temizleyebilir. Sa\u011flamas\u0131 gereken diren\u00e7 g\u00f6z \u00f6n\u00fcne al\u0131nd\u0131\u011f\u0131nda t\u00fcm \u015fasi g\u00fc\u00e7lendirilmi\u015ftir. Kumun elenmesi s\u0131ras\u0131nda bu i\u015flevi yerine getirebilmesi i\u00e7in dezenfeksiyon ekipman\u0131 i\u00e7erebilmektedir.<\/p>\n<p><strong>\u00d6czellikler<\/strong><\/p>\n<p>\u00c7ekici ara\u00e7: Trakt\u00f6r 4 x 4<br \/>\n\u00c7eki\u015f g\u00fcc\u00fc: 90 ila 150 c.v.<br \/>\nPerformans: 15.000 m2\/saat<br \/>\n\u00c7al\u0131\u015fma geni\u015fli\u011fi: 2500mm<br \/>\n\u00c7al\u0131\u015fma derinli\u011fi: 300 mm<br \/>\nAt\u0131k tank\u0131n\u0131n kapasitesi: 2 m3.<br \/>\nBo\u015f a\u011f\u0131rl\u0131k: 1500 Kg<\/p>\n<p><strong>Sonu\u00e7:<\/strong><\/p>\n<p>B\u00fcy\u00fck nesnelerden sigara izmaritleri, \u015fi\u015fe kapaklar\u0131, teneke kutu halkalar\u0131, cam par\u00e7ac\u0131klar\u0131 vb. gibi en k\u00fc\u00e7\u00fck \u00e7\u00f6plere kadar her t\u00fcrl\u00fc at\u0131\u011f\u0131n uzakla\u015ft\u0131r\u0131lmas\u0131.<\/p>\n<p>Kumun derinlemesine temizlenmesi ve eleme sistemi arac\u0131l\u0131\u011f\u0131yla kum y\u0131\u011f\u0131nlar\u0131n\u0131n uzakla\u015ft\u0131r\u0131lmas\u0131, kumun havaland\u0131r\u0131lmas\u0131 ve cilt ve mukoza enfeksiyonlar\u0131na neden olan bakterilerin neredeyse tamam\u0131n\u0131n yok edilmesi. Ziyaret\u00e7ilerin e\u011flenmesine haz\u0131r, kabar\u0131k kumlu p\u00fcr\u00fczs\u00fcz bir plaj.<\/p>\n","protected":false},"excerpt":{"rendered":"<p>MAVI DENIZ, plaj\/k\u0131y\u0131 \u015feridinde kirlilik \u00f6nleyici ekipman \u00fcreticisidir. Yeni Plaj Temizleme Makinesi, deniz yosunu, bal\u0131k, cam, \u015f\u0131r\u0131nga, plastik, teneke kutu, [&hellip;]<\/p>\n","protected":false},"author":1,"featured_media":0,"parent":27930,"menu_order":0,"comment_status":"closed","ping_status":"closed","template":"","meta":{"site-sidebar-layout":"default","site-content-layout":"","ast-site-content-layout":"default","site-content-style":"default","site-sidebar-style":"default","ast-global-header-display":"","ast-banner-title-visibility":"","ast-main-header-display":"","ast-hfb-above-header-display":"","ast-hfb-below-header-display":"","ast-hfb-mobile-header-display":"","site-post-title":"","ast-breadcrumbs-content":"","ast-featured-img":"","footer-sml-layout":"","ast-disable-related-posts":"","theme-transparent-header-meta":"","adv-header-id-meta":"","stick-header-meta":"","header-above-stick-meta":"","header-main-stick-meta":"","header-below-stick-meta":"","astra-migrate-meta-layouts":"default","ast-page-background-enabled":"default","ast-page-background-meta":{"desktop":{"background-color":"var(--ast-global-color-5)","background-image":"","background-repeat":"repeat","background-position":"center center","background-size":"auto","background-attachment":"scroll","background-type":"","background-media":"","overlay-type":"","overlay-color":"","overlay-opacity":"","overlay-gradient":""},"tablet":{"background-color":"","background-image":"","background-repeat":"repeat","background-position":"center center","background-size":"auto","background-attachment":"scroll","background-type":"","background-media":"","overlay-type":"","overlay-color":"","overlay-opacity":"","overlay-gradient":""},"mobile":{"background-color":"","background-image":"","background-repeat":"repeat","background-position":"center center","background-size":"auto","background-attachment":"scroll","background-type":"","background-media":"","overlay-type":"","overlay-color":"","overlay-opacity":"","overlay-gradient":""}},"ast-content-background-meta":{"desktop":{"background-color":"var(--ast-global-color-4)","background-image":"","background-repeat":"repeat","background-position":"center center","background-size":"auto","background-attachment":"scroll","background-type":"","background-media":"","overlay-type":"","overlay-color":"","overlay-opacity":"","overlay-gradient":""},"tablet":{"background-color":"var(--ast-global-color-4)","background-image":"","background-repeat":"repeat","background-position":"center center","background-size":"auto","background-attachment":"scroll","background-type":"","background-media":"","overlay-type":"","overlay-color":"","overlay-opacity":"","overlay-gradient":""},"mobile":{"background-color":"var(--ast-global-color-4)","background-image":"","background-repeat":"repeat","background-position":"center center","background-size":"auto","background-attachment":"scroll","background-type":"","background-media":"","overlay-type":"","overlay-color":"","overlay-opacity":"","overlay-gradient":""}},"footnotes":""},"class_list":["post-71881","page","type-page","status-publish","hentry"],"_links":{"self":[{"href":"https:\/\/mavideniz.com.tr\/tr\/wp-json\/wp\/v2\/pages\/71881","targetHints":{"allow":["GET"]}}],"collection":[{"href":"https:\/\/mavideniz.com.tr\/tr\/wp-json\/wp\/v2\/pages"}],"about":[{"href":"https:\/\/mavideniz.com.tr\/tr\/wp-json\/wp\/v2\/types\/page"}],"author":[{"embeddable":true,"href":"https:\/\/mavideniz.com.tr\/tr\/wp-json\/wp\/v2\/users\/1"}],"replies":[{"embeddable":true,"href":"https:\/\/mavideniz.com.tr\/tr\/wp-json\/wp\/v2\/comments?post=71881"}],"version-history":[{"count":0,"href":"https:\/\/mavideniz.com.tr\/tr\/wp-json\/wp\/v2\/pages\/71881\/revisions"}],"up":[{"embeddable":true,"href":"https:\/\/mavideniz.com.tr\/tr\/wp-json\/wp\/v2\/pages\/27930"}],"wp:attachment":[{"href":"https:\/\/mavideniz.com.tr\/tr\/wp-json\/wp\/v2\/media?parent=71881"}],"curies":[{"name":"wp","href":"https:\/\/api.w.org\/{rel}","templated":true}]}}