{"id":71890,"date":"2024-01-01T17:31:24","date_gmt":"2024-01-01T17:31:24","guid":{"rendered":"https:\/\/mavideniz.com.tr\/?page_id=71890"},"modified":"2025-10-05T00:07:52","modified_gmt":"2025-10-05T00:07:52","slug":"nijerya-donanmasi-yeni-tasarim-yuzer-guvenlik-bariyeri-rhible-ilgileniyor","status":"publish","type":"page","link":"https:\/\/mavideniz.com.tr\/tr\/haberler-etkinlikler\/nijerya-donanmasi-yeni-tasarim-yuzer-guvenlik-bariyeri-rhible-ilgileniyor\/","title":{"rendered":"N\u0130JERYA DONANMASI YEN\u0130 TASARIM Y\u00dcZER G\u00dcVENL\u0130K BAR\u0130YER\u0130 + RHIB&#8217;LE \u0130LG\u0130LEN\u0130YOR"},"content":{"rendered":"<p>Mavi Deniz, 26 Ocak 2017&#8217;de Donanman\u0131n deniz g\u00fcvenli\u011finin kontrol\u00fcne ili\u015fkin planlar\u0131 i\u00e7in Warri&#8217;deki Nijerya Donanma \u00dcss\u00fc ve kurmay komutanlar\u0131n\u0131 ziyaret etti. Her iki taraf\u0131n \u00e7\u0131karlar\u0131n\u0131 geli\u015ftirmek i\u00e7in &#8220;Strateji Olu\u015fturaca\u011f\u0131z&#8221;.<\/p>\n<p><img loading=\"lazy\" decoding=\"async\" class=\"size-full wp-image-26323 alignleft\" src=\"https:\/\/mavideniz.com.tr\/wp-content\/uploads\/Media-Centre\/News-Events\/2017\/FLOATING-SECURITY-BARRIER-NAvy-1.jpg\" alt=\"\" width=\"375\" height=\"250\" title=\"\">Y\u00fczer G\u00fcvenlik Bariyerleri veya Deniz \u00e7itleri, limanlar, askeri \u00fcsler, n\u00fckleer enerji santralleri, yak\u0131t depolama tesisleri ve uzay arac\u0131 f\u0131rlatma tesisleri gibi k\u0131y\u0131 varl\u0131klar\u0131n\u0131 deniz kaynakl\u0131 ter\u00f6rist sald\u0131r\u0131lardan korumak i\u00e7in gereklidir. Nijerya Deniz G\u00fcvenli\u011fi, yeni RHIB s\u0131k\u0131 kontrol tekneleri ile yeni fiziksel y\u00fczer bariyerle g\u00fc\u00e7lendirilecek.<\/p>\n<p>Mavi Deniz ayr\u0131ca Nijerya Donanmas\u0131 ihtiya\u00e7lar\u0131\/ihtiya\u00e7lar\u0131na y\u00f6nelik RHIB projesine ili\u015fkin kapasitelerini ve m\u00fchendisliklerini geli\u015ftirmek \u00fczere Nijerya&#8217;daki Warri Tersanesi ile anla\u015fma imzalad\u0131.<\/p>\n<p>Y\u00fczer ve sabit su kenar\u0131 koruma bariyerleri<\/p>\n<p><strong>Mavi Deniz Sahil koruma bariyerlerinin temel faydalar\u0131 \u015funlard\u0131r:<\/strong><\/p>\n<ul>\n<li>Kan\u0131tlanm\u0131\u015f y\u00fcksek tekne durdurma kapasitesi (ger\u00e7ek\u00e7i tam \u00f6l\u00e7ekli test)<\/li>\n<li>Y\u00fcksek yo\u011funluklu, siyah polietilen duba malzememiz m\u00fc\u015fterilerimize 20 y\u0131ldan fazla UV korumas\u0131 sa\u011flar.<\/li>\n<li>Sald\u0131ran teknelerin \u00fcst veya alttan ge\u00e7mesi m\u00fcmk\u00fcn de\u011fildir<\/li>\n<li>Az bak\u0131m, y\u00fcksek dayan\u0131kl\u0131l\u0131k ve kolay inceleme<\/li>\n<li>\u0130yi g\u00fcvenlik g\u00f6r\u00fcn\u00fcrl\u00fc\u011f\u00fc (engellerin arkas\u0131na saklanmak yok)<\/li>\n<li>UV, yang\u0131n, patlama ve ate\u015fli silaha kar\u015f\u0131 dayan\u0131kl\u0131l\u0131k<\/li>\n<li>\u00d6zel ihtiya\u00e7lara ve yerel ko\u015fullara g\u00f6re tasarland\u0131<\/li>\n<\/ul>\n","protected":false},"excerpt":{"rendered":"<p>Mavi Deniz, 26 Ocak 2017&#8217;de Donanman\u0131n deniz g\u00fcvenli\u011finin kontrol\u00fcne ili\u015fkin planlar\u0131 i\u00e7in Warri&#8217;deki Nijerya Donanma \u00dcss\u00fc ve kurmay komutanlar\u0131n\u0131 ziyaret [&hellip;]<\/p>\n","protected":false},"author":1,"featured_media":0,"parent":27930,"menu_order":0,"comment_status":"closed","ping_status":"closed","template":"","meta":{"site-sidebar-layout":"default","site-content-layout":"","ast-site-content-layout":"default","site-content-style":"default","site-sidebar-style":"default","ast-global-header-display":"","ast-banner-title-visibility":"","ast-main-header-display":"","ast-hfb-above-header-display":"","ast-hfb-below-header-display":"","ast-hfb-mobile-header-display":"","site-post-title":"","ast-breadcrumbs-content":"","ast-featured-img":"","footer-sml-layout":"","ast-disable-related-posts":"","theme-transparent-header-meta":"","adv-header-id-meta":"","stick-header-meta":"","header-above-stick-meta":"","header-main-stick-meta":"","header-below-stick-meta":"","astra-migrate-meta-layouts":"default","ast-page-background-enabled":"default","ast-page-background-meta":{"desktop":{"background-color":"var(--ast-global-color-5)","background-image":"","background-repeat":"repeat","background-position":"center center","background-size":"auto","background-attachment":"scroll","background-type":"","background-media":"","overlay-type":"","overlay-color":"","overlay-opacity":"","overlay-gradient":""},"tablet":{"background-color":"","background-image":"","background-repeat":"repeat","background-position":"center center","background-size":"auto","background-attachment":"scroll","background-type":"","background-media":"","overlay-type":"","overlay-color":"","overlay-opacity":"","overlay-gradient":""},"mobile":{"background-color":"","background-image":"","background-repeat":"repeat","background-position":"center center","background-size":"auto","background-attachment":"scroll","background-type":"","background-media":"","overlay-type":"","overlay-color":"","overlay-opacity":"","overlay-gradient":""}},"ast-content-background-meta":{"desktop":{"background-color":"var(--ast-global-color-4)","background-image":"","background-repeat":"repeat","background-position":"center center","background-size":"auto","background-attachment":"scroll","background-type":"","background-media":"","overlay-type":"","overlay-color":"","overlay-opacity":"","overlay-gradient":""},"tablet":{"background-color":"var(--ast-global-color-4)","background-image":"","background-repeat":"repeat","background-position":"center center","background-size":"auto","background-attachment":"scroll","background-type":"","background-media":"","overlay-type":"","overlay-color":"","overlay-opacity":"","overlay-gradient":""},"mobile":{"background-color":"var(--ast-global-color-4)","background-image":"","background-repeat":"repeat","background-position":"center center","background-size":"auto","background-attachment":"scroll","background-type":"","background-media":"","overlay-type":"","overlay-color":"","overlay-opacity":"","overlay-gradient":""}},"footnotes":""},"class_list":["post-71890","page","type-page","status-publish","hentry"],"_links":{"self":[{"href":"https:\/\/mavideniz.com.tr\/tr\/wp-json\/wp\/v2\/pages\/71890","targetHints":{"allow":["GET"]}}],"collection":[{"href":"https:\/\/mavideniz.com.tr\/tr\/wp-json\/wp\/v2\/pages"}],"about":[{"href":"https:\/\/mavideniz.com.tr\/tr\/wp-json\/wp\/v2\/types\/page"}],"author":[{"embeddable":true,"href":"https:\/\/mavideniz.com.tr\/tr\/wp-json\/wp\/v2\/users\/1"}],"replies":[{"embeddable":true,"href":"https:\/\/mavideniz.com.tr\/tr\/wp-json\/wp\/v2\/comments?post=71890"}],"version-history":[{"count":0,"href":"https:\/\/mavideniz.com.tr\/tr\/wp-json\/wp\/v2\/pages\/71890\/revisions"}],"up":[{"embeddable":true,"href":"https:\/\/mavideniz.com.tr\/tr\/wp-json\/wp\/v2\/pages\/27930"}],"wp:attachment":[{"href":"https:\/\/mavideniz.com.tr\/tr\/wp-json\/wp\/v2\/media?parent=71890"}],"curies":[{"name":"wp","href":"https:\/\/api.w.org\/{rel}","templated":true}]}}