{"id":71898,"date":"2024-01-01T17:35:12","date_gmt":"2024-01-01T17:35:12","guid":{"rendered":"https:\/\/mavideniz.com.tr\/?page_id=71898"},"modified":"2025-10-05T00:07:52","modified_gmt":"2025-10-05T00:07:52","slug":"offshore-imo-seviye-3-oprc-egitim-kursu","status":"publish","type":"page","link":"https:\/\/mavideniz.com.tr\/tr\/haberler-etkinlikler\/offshore-imo-seviye-3-oprc-egitim-kursu\/","title":{"rendered":"OFFSHORE &#8211; IMO SEV\u0130YE 3 (OPRC) E\u011e\u0130T\u0130M KURSU"},"content":{"rendered":"<p>MAVI DENIZ, 4 A\u011fustos &#8211; 7 A\u011fustos 2015 tarihleri aras\u0131nda \u0130stanbul, T\u00fcrkiye&#8217;de d\u00fczenlenen ve tamamlanan IMO (OPRC) Seviye 3 Olay Yeri Komutan\u0131 E\u011fitimi Kursu i\u00e7in Pakistan Offshore Oil Company ile bir s\u00f6zle\u015fme imzalad\u0131.<\/p>\n<p>Mavi Deniz, m\u00fc\u015fterilere ve petrol s\u0131z\u0131nt\u0131s\u0131na m\u00fcdahale, izleme ve kontrolden sorumlu devlet kurumlar\u0131na, BM Uluslararas\u0131 Denizcilik \u00d6rg\u00fct\u00fc (IMO) taraf\u0131ndan zorunlu k\u0131l\u0131nan \u00fc\u00e7 seviyeli, tamamen akredite bir e\u011fitim program\u0131 sunmaktad\u0131r.<\/p>\n<p>Mavi Deniz&#8217;in e\u011fitim program\u0131 yerel olarak veya m\u00fc\u015fterinin yerinde sunulmaktad\u0131r.<\/p>\n<p>Kurs, bir petrol s\u0131z\u0131nt\u0131s\u0131na m\u00fcdahalenin planlanmas\u0131 veya y\u00f6netilmesinde g\u00f6rev alabilecek \u00fcst d\u00fczey y\u00f6neticiler, idareciler ve \u00fcst d\u00fczey yetkililer i\u00e7in tasarlanm\u0131\u015ft\u0131r.<\/p>\n<p>Bir petrol s\u0131z\u0131nt\u0131s\u0131n\u0131n y\u00f6netilmesi, m\u00fcdahale sonucunu ve sorumlu taraf\u0131n itibar\u0131n\u0131 etkileyebilecek kararlar\u0131 i\u00e7erir.<\/p>\n<p>Siyasi ve medya bask\u0131s\u0131, halk\u0131n \u00e7evre bilinci, yasal ve mali sonu\u00e7lar ve halk\u0131n ve m\u00fcdahale personelinin g\u00fcvenli\u011fine ili\u015fkin \u00f6ncelikli fark\u0131ndal\u0131k gibi bir\u00e7ok konunun ele al\u0131nmas\u0131 gerekir.<\/p>\n<p>Petrol S\u0131z\u0131nt\u0131s\u0131 Y\u00f6netimi \u2013 IMO Seviye 3 kursu, \u00fcst d\u00fczey y\u00f6neticiye veya idareciye bu konulara ili\u015fkin genel bir bak\u0131\u015f sunar. Delegelerin pratik ve masa \u00fcst\u00fc al\u0131\u015ft\u0131rmalar yoluyla petrol s\u0131z\u0131nt\u0131s\u0131 y\u00f6netiminin karma\u015f\u0131kl\u0131\u011f\u0131n\u0131 deneyimlemelerine olanak tan\u0131r.<\/p>\n<p>Petrol s\u0131z\u0131nt\u0131s\u0131na m\u00fcdahale personelinin e\u011fitimi, haz\u0131rl\u0131k ve m\u00fcdahalenin ayr\u0131lmaz bir par\u00e7as\u0131d\u0131r; En son teknolojiye sahip petrol geri kazan\u0131m ekipman\u0131yla dolu bir depo, ekipman\u0131 verimli ve etkili bir \u015fekilde konu\u015fland\u0131r\u0131p \u00e7al\u0131\u015ft\u0131racak yeterli e\u011fitimli i\u015f g\u00fcc\u00fc olmadan i\u015fe yaramaz.<\/p>\n<p>Herhangi bir petrol s\u0131z\u0131nt\u0131s\u0131 olay\u0131nda ve senaryosunda, temizleme operasyonlar\u0131n\u0131n ba\u015far\u0131l\u0131 sonu\u00e7lar\u0131 ve ekosistemler ve \u00e7evreler \u00fczerindeki uzun vadeli etkileri a\u00e7\u0131s\u0131ndan m\u00fcdahale s\u00fcresi kritik \u00f6neme sahiptir.<\/p>\n<p>Kursun hedefleri, petrol s\u0131z\u0131nt\u0131s\u0131 y\u00f6netiminin karma\u015f\u0131kl\u0131\u011f\u0131n\u0131 anlamak ve siyasi ve medya bask\u0131lar\u0131n\u0131, m\u00fcdahale personeli ve halk\u0131 ilgilendiren g\u00fcvenlik konular\u0131n\u0131 ve operasyon sonras\u0131 gereklilikleri dikkate almakt\u0131r.<\/p>\n<p><strong>IMO Seviye 3 kursu: Y\u00f6neticiler ve K\u0131demli Y\u00f6neticiler<\/strong><\/p>\n<p>S\u00fcre : 3 g\u00fcn<\/p>\n<p>Hedef kat\u0131l\u0131mc\u0131lar: Petrol s\u0131z\u0131nt\u0131s\u0131na m\u00fcdahale konusunda \u00e7ok az do\u011frudan deneyimi olan personel, bu t\u00fcr bir yetene\u011fin kendi \u015firketlerinde, departmanlar\u0131nda veya \u00fclkelerinde mevcut olmas\u0131n\u0131 sa\u011flamaktan sorumludur.<\/p>\n<p><strong>\u0130\u015flenen konular\u0131n m\u00fcfredat\u0131.<\/strong><\/p>\n<ul>\n<li>D\u00f6k\u00fclen petrol\u00fcn nedenleri, ak\u0131beti ve etkileri<\/li>\n<li>Acil durum planlamas\u0131<\/li>\n<li>Petrol s\u0131z\u0131nt\u0131s\u0131na m\u00fcdahale stratejileri, s\u0131n\u0131rlamalar ve sorunlar<\/li>\n<li>Uluslararas\u0131 i\u015fbirli\u011fi \u2013 yasal \u00e7er\u00e7eve<\/li>\n<li>Sorumluluk, tazminat ve maliyet kurtarma<\/li>\n<li>D\u00f6k\u00fclme y\u00f6netimi, roller ve sorumluluklar<\/li>\n<li>\u0130leti\u015fim ve medya sorunlar\u0131<\/li>\n<li>Yan\u0131t\u0131n sonland\u0131r\u0131lmas\u0131,<\/li>\n<li>D\u00f6k\u00fclme sonras\u0131 izleme<\/li>\n<li>Petrol s\u0131z\u0131nt\u0131s\u0131 modellemesi<\/li>\n<li>Vaka ge\u00e7mi\u015fleri<\/li>\n<li>Masa\u00fcst\u00fc egzersizleri<\/li>\n<\/ul>\n","protected":false},"excerpt":{"rendered":"<p>MAVI DENIZ, 4 A\u011fustos &#8211; 7 A\u011fustos 2015 tarihleri aras\u0131nda \u0130stanbul, T\u00fcrkiye&#8217;de d\u00fczenlenen ve tamamlanan IMO (OPRC) Seviye 3 Olay [&hellip;]<\/p>\n","protected":false},"author":1,"featured_media":0,"parent":27930,"menu_order":0,"comment_status":"closed","ping_status":"closed","template":"","meta":{"site-sidebar-layout":"default","site-content-layout":"","ast-site-content-layout":"default","site-content-style":"default","site-sidebar-style":"default","ast-global-header-display":"","ast-banner-title-visibility":"","ast-main-header-display":"","ast-hfb-above-header-display":"","ast-hfb-below-header-display":"","ast-hfb-mobile-header-display":"","site-post-title":"","ast-breadcrumbs-content":"","ast-featured-img":"","footer-sml-layout":"","ast-disable-related-posts":"","theme-transparent-header-meta":"","adv-header-id-meta":"","stick-header-meta":"","header-above-stick-meta":"","header-main-stick-meta":"","header-below-stick-meta":"","astra-migrate-meta-layouts":"default","ast-page-background-enabled":"default","ast-page-background-meta":{"desktop":{"background-color":"var(--ast-global-color-5)","background-image":"","background-repeat":"repeat","background-position":"center center","background-size":"auto","background-attachment":"scroll","background-type":"","background-media":"","overlay-type":"","overlay-color":"","overlay-opacity":"","overlay-gradient":""},"tablet":{"background-color":"","background-image":"","background-repeat":"repeat","background-position":"center center","background-size":"auto","background-attachment":"scroll","background-type":"","background-media":"","overlay-type":"","overlay-color":"","overlay-opacity":"","overlay-gradient":""},"mobile":{"background-color":"","background-image":"","background-repeat":"repeat","background-position":"center center","background-size":"auto","background-attachment":"scroll","background-type":"","background-media":"","overlay-type":"","overlay-color":"","overlay-opacity":"","overlay-gradient":""}},"ast-content-background-meta":{"desktop":{"background-color":"var(--ast-global-color-4)","background-image":"","background-repeat":"repeat","background-position":"center center","background-size":"auto","background-attachment":"scroll","background-type":"","background-media":"","overlay-type":"","overlay-color":"","overlay-opacity":"","overlay-gradient":""},"tablet":{"background-color":"var(--ast-global-color-4)","background-image":"","background-repeat":"repeat","background-position":"center center","background-size":"auto","background-attachment":"scroll","background-type":"","background-media":"","overlay-type":"","overlay-color":"","overlay-opacity":"","overlay-gradient":""},"mobile":{"background-color":"var(--ast-global-color-4)","background-image":"","background-repeat":"repeat","background-position":"center center","background-size":"auto","background-attachment":"scroll","background-type":"","background-media":"","overlay-type":"","overlay-color":"","overlay-opacity":"","overlay-gradient":""}},"footnotes":""},"class_list":["post-71898","page","type-page","status-publish","hentry"],"_links":{"self":[{"href":"https:\/\/mavideniz.com.tr\/tr\/wp-json\/wp\/v2\/pages\/71898","targetHints":{"allow":["GET"]}}],"collection":[{"href":"https:\/\/mavideniz.com.tr\/tr\/wp-json\/wp\/v2\/pages"}],"about":[{"href":"https:\/\/mavideniz.com.tr\/tr\/wp-json\/wp\/v2\/types\/page"}],"author":[{"embeddable":true,"href":"https:\/\/mavideniz.com.tr\/tr\/wp-json\/wp\/v2\/users\/1"}],"replies":[{"embeddable":true,"href":"https:\/\/mavideniz.com.tr\/tr\/wp-json\/wp\/v2\/comments?post=71898"}],"version-history":[{"count":0,"href":"https:\/\/mavideniz.com.tr\/tr\/wp-json\/wp\/v2\/pages\/71898\/revisions"}],"up":[{"embeddable":true,"href":"https:\/\/mavideniz.com.tr\/tr\/wp-json\/wp\/v2\/pages\/27930"}],"wp:attachment":[{"href":"https:\/\/mavideniz.com.tr\/tr\/wp-json\/wp\/v2\/media?parent=71898"}],"curies":[{"name":"wp","href":"https:\/\/api.w.org\/{rel}","templated":true}]}}