{"id":71905,"date":"2024-01-01T17:41:20","date_gmt":"2024-01-01T17:41:20","guid":{"rendered":"https:\/\/mavideniz.com.tr\/?page_id=71905"},"modified":"2025-10-05T00:07:52","modified_gmt":"2025-10-05T00:07:52","slug":"nijeryaya-ogoni-petrol-dokuntusu-temizleme-ekipmanlari-temini","status":"publish","type":"page","link":"https:\/\/mavideniz.com.tr\/tr\/haberler-etkinlikler\/nijeryaya-ogoni-petrol-dokuntusu-temizleme-ekipmanlari-temini\/","title":{"rendered":"N\u0130JERYA&#8217;YA OGONI PETROL D\u00d6K\u00dcNT\u00dcS\u00dc TEM\u0130ZLEME EK\u0130PMANLARI TEM\u0130N\u0130"},"content":{"rendered":"<p>11 \u015eubat 2019&#8217;da Mavi Deniz, Greenbelt Tropical Environs Ltd ve Green-Edge Oilfield Services Limited&#8217;e s\u00fcper batakl\u0131k bariyeri(temizlik s\u0131ras\u0131nda d\u00f6k\u00fclmeleri ve d\u00f6k\u00fcnt\u00fcleri kontrol alt\u0131na almak i\u00e7in emici olmayan muhafaza bariyeri ) i\u00e7eren 3,00 m&#8217;lik 1. Kademe Petrol S\u0131z\u0131nt\u0131s\u0131 Boom&#8217;u tedarik edecek.<img loading=\"lazy\" decoding=\"async\" class=\"size-full wp-image-25881 alignright\" src=\"https:\/\/mavideniz.com.tr\/wp-content\/uploads\/Media-Centre\/News-Events\/2019\/OIL-SPILL-CLEAN-UP-EQUIPMENT-1.jpg\" alt=\"\" width=\"375\" height=\"250\" title=\"\"> Nijerya, Ogoniland.<\/p>\n<p>Tan\u0131m<\/p>\n<p>Y\u0131llar ge\u00e7tik\u00e7e, Nijer-delta b\u00f6lgesindeki petrol s\u0131z\u0131nt\u0131s\u0131 hikayesi, b\u00f6lgede faaliyet g\u00f6steren \u00e7okuluslu petrol \u015firketlerinin \u00e7evreyi tahrip etti\u011fini g\u00f6rmeye devam eden b\u00f6lge halk\u0131n\u0131n bir b\u00f6l\u00fcm\u00fcnde korku ve \u00f6fke yaratmaya devam etti. En \u00f6nemlisi, Shell ve Eni&#8217;nin, b\u00f6lgeyi kas\u0131p kavuran ve yok etmeye devam eden, \u00fclkeye ekonomiyi y\u00f6netecek kaynaklar\u0131 sa\u011flayan petrol s\u0131z\u0131nt\u0131s\u0131n\u0131n \u00e7e\u015fitli nedenlerine parmak basm\u0131\u015f olmas\u0131.<\/p>\n","protected":false},"excerpt":{"rendered":"<p>11 \u015eubat 2019&#8217;da Mavi Deniz, Greenbelt Tropical Environs Ltd ve Green-Edge Oilfield Services Limited&#8217;e s\u00fcper batakl\u0131k bariyeri(temizlik s\u0131ras\u0131nda d\u00f6k\u00fclmeleri ve [&hellip;]<\/p>\n","protected":false},"author":1,"featured_media":0,"parent":27930,"menu_order":0,"comment_status":"closed","ping_status":"closed","template":"","meta":{"site-sidebar-layout":"default","site-content-layout":"","ast-site-content-layout":"default","site-content-style":"default","site-sidebar-style":"default","ast-global-header-display":"","ast-banner-title-visibility":"","ast-main-header-display":"","ast-hfb-above-header-display":"","ast-hfb-below-header-display":"","ast-hfb-mobile-header-display":"","site-post-title":"","ast-breadcrumbs-content":"","ast-featured-img":"","footer-sml-layout":"","ast-disable-related-posts":"","theme-transparent-header-meta":"","adv-header-id-meta":"","stick-header-meta":"","header-above-stick-meta":"","header-main-stick-meta":"","header-below-stick-meta":"","astra-migrate-meta-layouts":"default","ast-page-background-enabled":"default","ast-page-background-meta":{"desktop":{"background-color":"var(--ast-global-color-5)","background-image":"","background-repeat":"repeat","background-position":"center center","background-size":"auto","background-attachment":"scroll","background-type":"","background-media":"","overlay-type":"","overlay-color":"","overlay-opacity":"","overlay-gradient":""},"tablet":{"background-color":"","background-image":"","background-repeat":"repeat","background-position":"center center","background-size":"auto","background-attachment":"scroll","background-type":"","background-media":"","overlay-type":"","overlay-color":"","overlay-opacity":"","overlay-gradient":""},"mobile":{"background-color":"","background-image":"","background-repeat":"repeat","background-position":"center center","background-size":"auto","background-attachment":"scroll","background-type":"","background-media":"","overlay-type":"","overlay-color":"","overlay-opacity":"","overlay-gradient":""}},"ast-content-background-meta":{"desktop":{"background-color":"var(--ast-global-color-4)","background-image":"","background-repeat":"repeat","background-position":"center center","background-size":"auto","background-attachment":"scroll","background-type":"","background-media":"","overlay-type":"","overlay-color":"","overlay-opacity":"","overlay-gradient":""},"tablet":{"background-color":"var(--ast-global-color-4)","background-image":"","background-repeat":"repeat","background-position":"center center","background-size":"auto","background-attachment":"scroll","background-type":"","background-media":"","overlay-type":"","overlay-color":"","overlay-opacity":"","overlay-gradient":""},"mobile":{"background-color":"var(--ast-global-color-4)","background-image":"","background-repeat":"repeat","background-position":"center center","background-size":"auto","background-attachment":"scroll","background-type":"","background-media":"","overlay-type":"","overlay-color":"","overlay-opacity":"","overlay-gradient":""}},"footnotes":""},"class_list":["post-71905","page","type-page","status-publish","hentry"],"_links":{"self":[{"href":"https:\/\/mavideniz.com.tr\/tr\/wp-json\/wp\/v2\/pages\/71905","targetHints":{"allow":["GET"]}}],"collection":[{"href":"https:\/\/mavideniz.com.tr\/tr\/wp-json\/wp\/v2\/pages"}],"about":[{"href":"https:\/\/mavideniz.com.tr\/tr\/wp-json\/wp\/v2\/types\/page"}],"author":[{"embeddable":true,"href":"https:\/\/mavideniz.com.tr\/tr\/wp-json\/wp\/v2\/users\/1"}],"replies":[{"embeddable":true,"href":"https:\/\/mavideniz.com.tr\/tr\/wp-json\/wp\/v2\/comments?post=71905"}],"version-history":[{"count":0,"href":"https:\/\/mavideniz.com.tr\/tr\/wp-json\/wp\/v2\/pages\/71905\/revisions"}],"up":[{"embeddable":true,"href":"https:\/\/mavideniz.com.tr\/tr\/wp-json\/wp\/v2\/pages\/27930"}],"wp:attachment":[{"href":"https:\/\/mavideniz.com.tr\/tr\/wp-json\/wp\/v2\/media?parent=71905"}],"curies":[{"name":"wp","href":"https:\/\/api.w.org\/{rel}","templated":true}]}}