{"id":71912,"date":"2024-01-01T17:48:19","date_gmt":"2024-01-01T17:48:19","guid":{"rendered":"https:\/\/mavideniz.com.tr\/?page_id=71912"},"modified":"2024-01-01T17:48:22","modified_gmt":"2024-01-01T17:48:22","slug":"bulgaristana-petrol-bariyeri-teslimi","status":"publish","type":"page","link":"https:\/\/mavideniz.com.tr\/tr\/haberler-etkinlikler\/bulgaristana-petrol-bariyeri-teslimi\/","title":{"rendered":"BULGAR\u0130STAN&#8217;A PETROL BAR\u0130YER\u0130 TESL\u0130M\u0130"},"content":{"rendered":"<p>Mavi Deniz, petrol tankerleri GALAXY ECO, IMO: 9010931&#8217;e petrol bariyerleri teslim etmek i\u00e7in Cosmos Shipping ile anla\u015ft\u0131.<\/p>\n<p>M\/t GALAXY ECO, yeni Cosmos Shipping AD &#8211; Varna gemisidir. Bu petrol-kimya tankeri ile Avrupa Deniz G\u00fcvenli\u011fi Ajans\u0131&#8217;n\u0131n (EMSA) petrol s\u0131z\u0131nt\u0131s\u0131na m\u00fcdahale gemisi ihalesini kazanan \u015eirket, talep edilmesi halinde Karadeniz&#8217;in g\u00fcneyindeki petrol s\u0131z\u0131nt\u0131lar\u0131yla m\u00fccadele edecek.<\/p>\n<p>\u0130mzalanan S\u00f6zle\u015fmeye g\u00f6re Gemi Sahibi, m\u00fcrettebat, gemi ve s\u0131z\u0131nt\u0131 kurtarma ekipman\u0131 ile her \u00fc\u00e7 ayda bir (\u00fc\u00e7 ayda bir) tatbikat yapacak ve y\u0131lda en az bir kez a\u00e7\u0131k deniz ko\u015fullar\u0131nda \u00e7ok uluslu bir tatbikata kat\u0131lacakt\u0131r. Gemi S\u00f6zle\u015fme kapsam\u0131ndaki g\u00f6revlerle me\u015fgul olmad\u0131\u011f\u0131nda, m\/t GALAXY ECO, Bulgaristan k\u0131y\u0131lar\u0131nda gemilere akaryak\u0131t, dizel yak\u0131t vb. sa\u011flayan bir yak\u0131t mavnas\u0131 olarak hareket edecektir.<\/p>\n<p>O zamandan beri gemi 1993 y\u0131l\u0131nda in\u015fa edildi ve Kuzey Denizi&#8217;nde y\u00fcksek end\u00fcstri standartlar\u0131n\u0131 kar\u015f\u0131layan bir kimyasal ta\u015f\u0131y\u0131c\u0131 olarak kullan\u0131ld\u0131.<\/p>\n<p>EMSA, petrol geri kazan\u0131m ekipman\u0131 sa\u011fl\u0131yor ve m\/t GALAXY ECO&#8217;da deneyimli ve profesyonel bir Bulgar m\u00fcrettebat g\u00f6rev yap\u0131yor.<\/p>\n<p>16 Haziran 2017&#8217;de Bulgaristan ve EMSA bayraklar\u0131n\u0131n g\u00f6ndere \u00e7ekilmesi t\u00f6reninde gemiye m\/t GALAXY ECO ad\u0131 verildi. Geleneksel rit\u00fcellere uyarak, geminin vaftiz annesi Bayan Bojana Prodanova, geminin pruvas\u0131na bir \u015fi\u015fe \u015fampanya k\u0131rd\u0131. Gemi bir rahip taraf\u0131ndan kutsand\u0131: Geminin Sahibi Kaptan Plamen Prodanov, geminin belgelerini gemi kaptan\u0131na ve m\u00fcrettebata ge\u00e7mi\u015f olsun dileyerek teslim etti. T\u00f6ren, Varna Do\u011fu Liman\u0131 Yolcu Terminali&#8217;nde d\u00fczenlenen nefis bir kokteylle devam etti.<\/p>\n<p><strong>Geminin genel tan\u0131m\u0131:<\/strong><\/p>\n<p>M\/T GALAXY EKO<br \/>\nin\u015fa edilmi\u015f 1993 \u0433., SEC Viareggio, \u0130talya<br \/>\nbayrak &#8211; Bulgaristan<br \/>\nLOA 89,60 m<br \/>\nB 14.00 m<br \/>\nTaslak 5,21 m<br \/>\nDWT 2698 ton<br \/>\nNT 816t<br \/>\nGRT 2349<br \/>\nkargo tanklar\u0131n\u0131n hacmi (%98): 2966 m3<br \/>\nAyn\u0131 anda ta\u015f\u0131yabilecek kalite say\u0131s\u0131: 14<\/p>\n","protected":false},"excerpt":{"rendered":"<p>Mavi Deniz, petrol tankerleri GALAXY ECO, IMO: 9010931&#8217;e petrol bariyerleri teslim etmek i\u00e7in Cosmos Shipping ile anla\u015ft\u0131. M\/t GALAXY ECO, [&hellip;]<\/p>\n","protected":false},"author":1,"featured_media":0,"parent":27930,"menu_order":0,"comment_status":"closed","ping_status":"closed","template":"","meta":{"site-sidebar-layout":"default","site-content-layout":"","ast-site-content-layout":"default","site-content-style":"default","site-sidebar-style":"default","ast-global-header-display":"","ast-banner-title-visibility":"","ast-main-header-display":"","ast-hfb-above-header-display":"","ast-hfb-below-header-display":"","ast-hfb-mobile-header-display":"","site-post-title":"","ast-breadcrumbs-content":"","ast-featured-img":"","footer-sml-layout":"","ast-disable-related-posts":"","theme-transparent-header-meta":"","adv-header-id-meta":"","stick-header-meta":"","header-above-stick-meta":"","header-main-stick-meta":"","header-below-stick-meta":"","astra-migrate-meta-layouts":"default","ast-page-background-enabled":"default","ast-page-background-meta":{"desktop":{"background-color":"var(--ast-global-color-5)","background-image":"","background-repeat":"repeat","background-position":"center center","background-size":"auto","background-attachment":"scroll","background-type":"","background-media":"","overlay-type":"","overlay-color":"","overlay-opacity":"","overlay-gradient":""},"tablet":{"background-color":"","background-image":"","background-repeat":"repeat","background-position":"center center","background-size":"auto","background-attachment":"scroll","background-type":"","background-media":"","overlay-type":"","overlay-color":"","overlay-opacity":"","overlay-gradient":""},"mobile":{"background-color":"","background-image":"","background-repeat":"repeat","background-position":"center center","background-size":"auto","background-attachment":"scroll","background-type":"","background-media":"","overlay-type":"","overlay-color":"","overlay-opacity":"","overlay-gradient":""}},"ast-content-background-meta":{"desktop":{"background-color":"var(--ast-global-color-4)","background-image":"","background-repeat":"repeat","background-position":"center center","background-size":"auto","background-attachment":"scroll","background-type":"","background-media":"","overlay-type":"","overlay-color":"","overlay-opacity":"","overlay-gradient":""},"tablet":{"background-color":"var(--ast-global-color-4)","background-image":"","background-repeat":"repeat","background-position":"center center","background-size":"auto","background-attachment":"scroll","background-type":"","background-media":"","overlay-type":"","overlay-color":"","overlay-opacity":"","overlay-gradient":""},"mobile":{"background-color":"var(--ast-global-color-4)","background-image":"","background-repeat":"repeat","background-position":"center center","background-size":"auto","background-attachment":"scroll","background-type":"","background-media":"","overlay-type":"","overlay-color":"","overlay-opacity":"","overlay-gradient":""}},"footnotes":""},"class_list":["post-71912","page","type-page","status-publish","hentry"],"_links":{"self":[{"href":"https:\/\/mavideniz.com.tr\/tr\/wp-json\/wp\/v2\/pages\/71912","targetHints":{"allow":["GET"]}}],"collection":[{"href":"https:\/\/mavideniz.com.tr\/tr\/wp-json\/wp\/v2\/pages"}],"about":[{"href":"https:\/\/mavideniz.com.tr\/tr\/wp-json\/wp\/v2\/types\/page"}],"author":[{"embeddable":true,"href":"https:\/\/mavideniz.com.tr\/tr\/wp-json\/wp\/v2\/users\/1"}],"replies":[{"embeddable":true,"href":"https:\/\/mavideniz.com.tr\/tr\/wp-json\/wp\/v2\/comments?post=71912"}],"version-history":[{"count":0,"href":"https:\/\/mavideniz.com.tr\/tr\/wp-json\/wp\/v2\/pages\/71912\/revisions"}],"up":[{"embeddable":true,"href":"https:\/\/mavideniz.com.tr\/tr\/wp-json\/wp\/v2\/pages\/27930"}],"wp:attachment":[{"href":"https:\/\/mavideniz.com.tr\/tr\/wp-json\/wp\/v2\/media?parent=71912"}],"curies":[{"name":"wp","href":"https:\/\/api.w.org\/{rel}","templated":true}]}}