{"id":71925,"date":"2024-01-01T18:02:00","date_gmt":"2024-01-01T18:02:00","guid":{"rendered":"https:\/\/mavideniz.com.tr\/?page_id=71925"},"modified":"2025-10-05T00:07:52","modified_gmt":"2025-10-05T00:07:52","slug":"cit-tipi-petrol-bariyeri-endonezyaya-teslim-edildi","status":"publish","type":"page","link":"https:\/\/mavideniz.com.tr\/tr\/haberler-etkinlikler\/cit-tipi-petrol-bariyeri-endonezyaya-teslim-edildi\/","title":{"rendered":"\u00c7\u0130T T\u0130P\u0130 PETROL BAR\u0130YER\u0130  ENDONEZYA&#8217;YA TESL\u0130M ED\u0130LD\u0130"},"content":{"rendered":"<p>18 May\u0131s 2020&#8217;de Mavi Deniz, Endonezya&#8217;ya petrol \u00e7it bariyerleri tedarik etme emri ald\u0131.<img loading=\"lazy\" decoding=\"async\" class=\"alignright wp-image-26187 size-full\" src=\"https:\/\/mavideniz.com.tr\/wp-content\/uploads\/Media-Centre\/News-Events\/2020\/oil-fence-boom-indonesia-2.jpg\" width=\"375\" height=\"250\" alt=\"\" title=\"\"><br \/>\nMavi Deniz OILFENCE BOOM, limanlar, limanlar, i\u00e7 kara ve k\u0131y\u0131 operasyonlar\u0131 i\u00e7in ideal olan hafif bir h\u0131zl\u0131 m\u00fcdahale bariyeridir.<\/p>\n<p>MaviDeniz&#8217;in Petrol \u00c7itli kat\u0131 y\u00fczd\u00fcrme bomlar\u0131 ekonomik ve kan\u0131tlanm\u0131\u015f petrol muhafazas\u0131 sunar. Modeller, korunakl\u0131\/sakin sulardan, a\u00e7\u0131k su ya\u011f muhafazas\u0131 yoluyla d\u00fc\u015f\u00fck ak\u0131m ko\u015fullar\u0131na kadar \u00e7e\u015fitlilik g\u00f6sterir. Ya\u011fl\u0131 \u00c7it Bomu parlak turuncu PVC kapl\u0131 dokuma polyesterden \u00fcretilmi\u015ftir.<br \/>\nDahili \u00e7ubuklar ete\u011fin normal \u00e7ekme ko\u015fullar\u0131nda dik kalmas\u0131n\u0131 sa\u011flar. Olduk\u00e7a esnek yap\u0131, OilFence Boom&#8217;un dalga hareketlerini yak\u0131ndan takip etmesini sa\u011flar.<br \/>\nBariyer Tamburu el krankl\u0131 veya motorlu versiyonlarda sa\u011flanabilir. Uygun hidrolik g\u00fc\u00e7 \u00fcnitesi i\u00e7in g\u00fc\u00e7 b\u00f6l\u00fcm\u00fcm\u00fcze bak\u0131n.<\/p>\n","protected":false},"excerpt":{"rendered":"<p>18 May\u0131s 2020&#8217;de Mavi Deniz, Endonezya&#8217;ya petrol \u00e7it bariyerleri tedarik etme emri ald\u0131. Mavi Deniz OILFENCE BOOM, limanlar, limanlar, i\u00e7 [&hellip;]<\/p>\n","protected":false},"author":1,"featured_media":0,"parent":27930,"menu_order":0,"comment_status":"closed","ping_status":"closed","template":"","meta":{"site-sidebar-layout":"default","site-content-layout":"","ast-site-content-layout":"default","site-content-style":"default","site-sidebar-style":"default","ast-global-header-display":"","ast-banner-title-visibility":"","ast-main-header-display":"","ast-hfb-above-header-display":"","ast-hfb-below-header-display":"","ast-hfb-mobile-header-display":"","site-post-title":"","ast-breadcrumbs-content":"","ast-featured-img":"","footer-sml-layout":"","ast-disable-related-posts":"","theme-transparent-header-meta":"","adv-header-id-meta":"","stick-header-meta":"","header-above-stick-meta":"","header-main-stick-meta":"","header-below-stick-meta":"","astra-migrate-meta-layouts":"default","ast-page-background-enabled":"default","ast-page-background-meta":{"desktop":{"background-color":"var(--ast-global-color-5)","background-image":"","background-repeat":"repeat","background-position":"center center","background-size":"auto","background-attachment":"scroll","background-type":"","background-media":"","overlay-type":"","overlay-color":"","overlay-opacity":"","overlay-gradient":""},"tablet":{"background-color":"","background-image":"","background-repeat":"repeat","background-position":"center center","background-size":"auto","background-attachment":"scroll","background-type":"","background-media":"","overlay-type":"","overlay-color":"","overlay-opacity":"","overlay-gradient":""},"mobile":{"background-color":"","background-image":"","background-repeat":"repeat","background-position":"center center","background-size":"auto","background-attachment":"scroll","background-type":"","background-media":"","overlay-type":"","overlay-color":"","overlay-opacity":"","overlay-gradient":""}},"ast-content-background-meta":{"desktop":{"background-color":"var(--ast-global-color-4)","background-image":"","background-repeat":"repeat","background-position":"center center","background-size":"auto","background-attachment":"scroll","background-type":"","background-media":"","overlay-type":"","overlay-color":"","overlay-opacity":"","overlay-gradient":""},"tablet":{"background-color":"var(--ast-global-color-4)","background-image":"","background-repeat":"repeat","background-position":"center center","background-size":"auto","background-attachment":"scroll","background-type":"","background-media":"","overlay-type":"","overlay-color":"","overlay-opacity":"","overlay-gradient":""},"mobile":{"background-color":"var(--ast-global-color-4)","background-image":"","background-repeat":"repeat","background-position":"center center","background-size":"auto","background-attachment":"scroll","background-type":"","background-media":"","overlay-type":"","overlay-color":"","overlay-opacity":"","overlay-gradient":""}},"footnotes":""},"class_list":["post-71925","page","type-page","status-publish","hentry"],"_links":{"self":[{"href":"https:\/\/mavideniz.com.tr\/tr\/wp-json\/wp\/v2\/pages\/71925","targetHints":{"allow":["GET"]}}],"collection":[{"href":"https:\/\/mavideniz.com.tr\/tr\/wp-json\/wp\/v2\/pages"}],"about":[{"href":"https:\/\/mavideniz.com.tr\/tr\/wp-json\/wp\/v2\/types\/page"}],"author":[{"embeddable":true,"href":"https:\/\/mavideniz.com.tr\/tr\/wp-json\/wp\/v2\/users\/1"}],"replies":[{"embeddable":true,"href":"https:\/\/mavideniz.com.tr\/tr\/wp-json\/wp\/v2\/comments?post=71925"}],"version-history":[{"count":0,"href":"https:\/\/mavideniz.com.tr\/tr\/wp-json\/wp\/v2\/pages\/71925\/revisions"}],"up":[{"embeddable":true,"href":"https:\/\/mavideniz.com.tr\/tr\/wp-json\/wp\/v2\/pages\/27930"}],"wp:attachment":[{"href":"https:\/\/mavideniz.com.tr\/tr\/wp-json\/wp\/v2\/media?parent=71925"}],"curies":[{"name":"wp","href":"https:\/\/api.w.org\/{rel}","templated":true}]}}