{"id":71931,"date":"2024-01-01T18:07:34","date_gmt":"2024-01-01T18:07:34","guid":{"rendered":"https:\/\/mavideniz.com.tr\/?page_id=71931"},"modified":"2025-10-05T00:07:52","modified_gmt":"2025-10-05T00:07:52","slug":"yag-skimmer-ve-guc-paketleri-vietnama-ihrac-edildi","status":"publish","type":"page","link":"https:\/\/mavideniz.com.tr\/tr\/haberler-etkinlikler\/yag-skimmer-ve-guc-paketleri-vietnama-ihrac-edildi\/","title":{"rendered":"YA\u011e SKIMMER VE G\u00dc\u00c7 PAKETLER\u0130 V\u0130ETNAM&#8217;A \u0130HRA\u00c7 ED\u0130LD\u0130"},"content":{"rendered":"<p><img loading=\"lazy\" decoding=\"async\" class=\"alignleft wp-image-25671 size-full\" src=\"https:\/\/mavideniz.com.tr\/wp-content\/uploads\/Media-Centre\/News-Events\/2019\/Oil-Skimmer-and-Powe-Pack-2.jpg\" width=\"375\" height=\"250\" alt=\"\" title=\"\">19 A\u011fustos 2019&#8217;da Mavi Deniz, Hesco Technology ve Lappro Automation Co. adl\u0131 iki \u015firketle, g\u00fc\u00e7 \u00fcniteleri ve \u00e7oklu ya\u011f s\u0131y\u0131r\u0131c\u0131lar\u0131 da dahil olmak \u00fczere petrol s\u0131z\u0131nt\u0131s\u0131 ekipmanlar\u0131n\u0131n tedariki i\u00e7in bir s\u00f6zle\u015fme imzalad\u0131.<\/p>\n<p>Mavi Deniz, T\u00fcrkiye&#8217;de D\u00f6k\u00fclme m\u00fcdahale uzmanl\u0131\u011f\u0131 ve destek hizmetlerinin lider tedarik\u00e7isidir. Mavi Deniz, T\u00fcrkiye genelinde t\u00fcm end\u00fcstri t\u00fcrlerine geni\u015f kapsaml\u0131 i\u00e7 kirlilik m\u00fcdahale hizmetleri sunabilen az say\u0131daki \u015firketten biridir. Bu, m\u00fc\u015fterilerimizin, m\u00fc\u015fterilerimizin ticari ve d\u00fczenleyici ortam\u0131na ili\u015fkin de\u011ferli, derinlemesine bilgiden faydalanmas\u0131na olanak tan\u0131r.<br \/>\nAyr\u0131ca d\u00f6k\u00fclmeye m\u00fcdahalede g\u00fcvenlik a\u00e7\u0131s\u0131ndan en bilin\u00e7li \u00fcreticilerden biriyiz.<\/p>\n","protected":false},"excerpt":{"rendered":"<p>19 A\u011fustos 2019&#8217;da Mavi Deniz, Hesco Technology ve Lappro Automation Co. adl\u0131 iki \u015firketle, g\u00fc\u00e7 \u00fcniteleri ve \u00e7oklu ya\u011f s\u0131y\u0131r\u0131c\u0131lar\u0131 [&hellip;]<\/p>\n","protected":false},"author":1,"featured_media":0,"parent":27930,"menu_order":0,"comment_status":"closed","ping_status":"closed","template":"","meta":{"site-sidebar-layout":"default","site-content-layout":"","ast-site-content-layout":"default","site-content-style":"default","site-sidebar-style":"default","ast-global-header-display":"","ast-banner-title-visibility":"","ast-main-header-display":"","ast-hfb-above-header-display":"","ast-hfb-below-header-display":"","ast-hfb-mobile-header-display":"","site-post-title":"","ast-breadcrumbs-content":"","ast-featured-img":"","footer-sml-layout":"","ast-disable-related-posts":"","theme-transparent-header-meta":"","adv-header-id-meta":"","stick-header-meta":"","header-above-stick-meta":"","header-main-stick-meta":"","header-below-stick-meta":"","astra-migrate-meta-layouts":"default","ast-page-background-enabled":"default","ast-page-background-meta":{"desktop":{"background-color":"var(--ast-global-color-5)","background-image":"","background-repeat":"repeat","background-position":"center center","background-size":"auto","background-attachment":"scroll","background-type":"","background-media":"","overlay-type":"","overlay-color":"","overlay-opacity":"","overlay-gradient":""},"tablet":{"background-color":"","background-image":"","background-repeat":"repeat","background-position":"center center","background-size":"auto","background-attachment":"scroll","background-type":"","background-media":"","overlay-type":"","overlay-color":"","overlay-opacity":"","overlay-gradient":""},"mobile":{"background-color":"","background-image":"","background-repeat":"repeat","background-position":"center center","background-size":"auto","background-attachment":"scroll","background-type":"","background-media":"","overlay-type":"","overlay-color":"","overlay-opacity":"","overlay-gradient":""}},"ast-content-background-meta":{"desktop":{"background-color":"var(--ast-global-color-4)","background-image":"","background-repeat":"repeat","background-position":"center center","background-size":"auto","background-attachment":"scroll","background-type":"","background-media":"","overlay-type":"","overlay-color":"","overlay-opacity":"","overlay-gradient":""},"tablet":{"background-color":"var(--ast-global-color-4)","background-image":"","background-repeat":"repeat","background-position":"center center","background-size":"auto","background-attachment":"scroll","background-type":"","background-media":"","overlay-type":"","overlay-color":"","overlay-opacity":"","overlay-gradient":""},"mobile":{"background-color":"var(--ast-global-color-4)","background-image":"","background-repeat":"repeat","background-position":"center center","background-size":"auto","background-attachment":"scroll","background-type":"","background-media":"","overlay-type":"","overlay-color":"","overlay-opacity":"","overlay-gradient":""}},"footnotes":""},"class_list":["post-71931","page","type-page","status-publish","hentry"],"_links":{"self":[{"href":"https:\/\/mavideniz.com.tr\/tr\/wp-json\/wp\/v2\/pages\/71931","targetHints":{"allow":["GET"]}}],"collection":[{"href":"https:\/\/mavideniz.com.tr\/tr\/wp-json\/wp\/v2\/pages"}],"about":[{"href":"https:\/\/mavideniz.com.tr\/tr\/wp-json\/wp\/v2\/types\/page"}],"author":[{"embeddable":true,"href":"https:\/\/mavideniz.com.tr\/tr\/wp-json\/wp\/v2\/users\/1"}],"replies":[{"embeddable":true,"href":"https:\/\/mavideniz.com.tr\/tr\/wp-json\/wp\/v2\/comments?post=71931"}],"version-history":[{"count":0,"href":"https:\/\/mavideniz.com.tr\/tr\/wp-json\/wp\/v2\/pages\/71931\/revisions"}],"up":[{"embeddable":true,"href":"https:\/\/mavideniz.com.tr\/tr\/wp-json\/wp\/v2\/pages\/27930"}],"wp:attachment":[{"href":"https:\/\/mavideniz.com.tr\/tr\/wp-json\/wp\/v2\/media?parent=71931"}],"curies":[{"name":"wp","href":"https:\/\/api.w.org\/{rel}","templated":true}]}}