{"id":71938,"date":"2024-01-01T18:15:05","date_gmt":"2024-01-01T18:15:05","guid":{"rendered":"https:\/\/mavideniz.com.tr\/?page_id=71938"},"modified":"2025-10-05T00:07:51","modified_gmt":"2025-10-05T00:07:51","slug":"iranda-petrol-dokuntusu-tespit-cihazi-kuruldu","status":"publish","type":"page","link":"https:\/\/mavideniz.com.tr\/tr\/haberler-etkinlikler\/iranda-petrol-dokuntusu-tespit-cihazi-kuruldu\/","title":{"rendered":"\u0130RAN&#8217;DA PETROL D\u00d6K\u00dcNT\u00dcS\u00dc TESP\u0130T C\u0130HAZI KURULDU"},"content":{"rendered":"<p>26 Nisan 2019&#8217;da \u0130ran&#8217;da Petrol S\u0131z\u0131nt\u0131s\u0131 Tespit Sistemi kuruldu. Tier 1 petrol s\u0131z\u0131nt\u0131s\u0131n\u0131 tespit ederek deneyimli \u00e7evresel m\u00fcdahale personelinin d\u00f6k\u00fclme alan\u0131na daha h\u0131zl\u0131 ula\u015fmas\u0131n\u0131 sa\u011flar.<img loading=\"lazy\" decoding=\"async\" class=\"alignright wp-image-25862 size-full\" src=\"https:\/\/mavideniz.com.tr\/wp-content\/uploads\/Media-Centre\/News-Events\/2019\/Oil-Spill-Detection-2.jpg\" width=\"375\" height=\"250\" alt=\"\" title=\"\"><\/p>\n<p>Mavi Deniz, \u00e7evreyi tehdit eden s\u0131z\u0131nt\u0131yla ilgili her t\u00fcrl\u00fc olaya petrol s\u0131z\u0131nt\u0131s\u0131 m\u00fcdahale hizmetleri sa\u011flama konusunda deneyime sahiptir. Y\u00fcksek e\u011fitimli petrol s\u0131z\u0131nt\u0131s\u0131 m\u00fcdahale personelimiz end\u00fcstriyel, k\u0131y\u0131 ve a\u00e7\u0131k deniz kurulumlar\u0131n\u0131 kapsayan 500&#8217;den fazla olay\u0131 kapsamaktad\u0131r.<\/p>\n<p>Petrol S\u0131z\u0131nt\u0131s\u0131 Tespit Sistemi, su \u00fczerindeki ya\u011f\u0131 tespit eden temass\u0131z bir sens\u00f6rd\u00fcr. Cihaz, \u015f\u00fcphelenmeyen petrol s\u0131z\u0131nt\u0131lar\u0131n\u0131 alg\u0131lar ve sizi uyar\u0131r; son derece hassast\u0131r ve bak\u0131m\u0131 kolayd\u0131r. At\u0131k su de\u015farj\u0131 veya giri\u015f noktalar\u0131nda end\u00fcstriyel ve \u00e7evresel suyun 7\/24 izlenmesini sa\u011flar.<\/p>\n<p>Tespit Edilebilir Ya\u011flar: motor ya\u011flar\u0131, t\u00fcrbin ya\u011flar\u0131, bitkisel ya\u011flar, madeni ya\u011flar, hidrolik ya\u011flar, mineral ya\u011flar, akaryak\u0131tlar, deniz dizel ya\u011flar\u0131, ham ya\u011flar, \u0131s\u0131tma ya\u011flar\u0131, gaz ya\u011flar\u0131, bunker yak\u0131tlar\u0131, dizel, benzin, kerosen ve havac\u0131l\u0131k yak\u0131t\u0131.<\/p>\n","protected":false},"excerpt":{"rendered":"<p>26 Nisan 2019&#8217;da \u0130ran&#8217;da Petrol S\u0131z\u0131nt\u0131s\u0131 Tespit Sistemi kuruldu. Tier 1 petrol s\u0131z\u0131nt\u0131s\u0131n\u0131 tespit ederek deneyimli \u00e7evresel m\u00fcdahale personelinin d\u00f6k\u00fclme [&hellip;]<\/p>\n","protected":false},"author":1,"featured_media":0,"parent":27930,"menu_order":0,"comment_status":"closed","ping_status":"closed","template":"","meta":{"site-sidebar-layout":"default","site-content-layout":"","ast-site-content-layout":"default","site-content-style":"default","site-sidebar-style":"default","ast-global-header-display":"","ast-banner-title-visibility":"","ast-main-header-display":"","ast-hfb-above-header-display":"","ast-hfb-below-header-display":"","ast-hfb-mobile-header-display":"","site-post-title":"","ast-breadcrumbs-content":"","ast-featured-img":"","footer-sml-layout":"","ast-disable-related-posts":"","theme-transparent-header-meta":"","adv-header-id-meta":"","stick-header-meta":"","header-above-stick-meta":"","header-main-stick-meta":"","header-below-stick-meta":"","astra-migrate-meta-layouts":"default","ast-page-background-enabled":"default","ast-page-background-meta":{"desktop":{"background-color":"var(--ast-global-color-5)","background-image":"","background-repeat":"repeat","background-position":"center center","background-size":"auto","background-attachment":"scroll","background-type":"","background-media":"","overlay-type":"","overlay-color":"","overlay-opacity":"","overlay-gradient":""},"tablet":{"background-color":"","background-image":"","background-repeat":"repeat","background-position":"center center","background-size":"auto","background-attachment":"scroll","background-type":"","background-media":"","overlay-type":"","overlay-color":"","overlay-opacity":"","overlay-gradient":""},"mobile":{"background-color":"","background-image":"","background-repeat":"repeat","background-position":"center center","background-size":"auto","background-attachment":"scroll","background-type":"","background-media":"","overlay-type":"","overlay-color":"","overlay-opacity":"","overlay-gradient":""}},"ast-content-background-meta":{"desktop":{"background-color":"var(--ast-global-color-4)","background-image":"","background-repeat":"repeat","background-position":"center center","background-size":"auto","background-attachment":"scroll","background-type":"","background-media":"","overlay-type":"","overlay-color":"","overlay-opacity":"","overlay-gradient":""},"tablet":{"background-color":"var(--ast-global-color-4)","background-image":"","background-repeat":"repeat","background-position":"center center","background-size":"auto","background-attachment":"scroll","background-type":"","background-media":"","overlay-type":"","overlay-color":"","overlay-opacity":"","overlay-gradient":""},"mobile":{"background-color":"var(--ast-global-color-4)","background-image":"","background-repeat":"repeat","background-position":"center center","background-size":"auto","background-attachment":"scroll","background-type":"","background-media":"","overlay-type":"","overlay-color":"","overlay-opacity":"","overlay-gradient":""}},"footnotes":""},"class_list":["post-71938","page","type-page","status-publish","hentry"],"_links":{"self":[{"href":"https:\/\/mavideniz.com.tr\/tr\/wp-json\/wp\/v2\/pages\/71938","targetHints":{"allow":["GET"]}}],"collection":[{"href":"https:\/\/mavideniz.com.tr\/tr\/wp-json\/wp\/v2\/pages"}],"about":[{"href":"https:\/\/mavideniz.com.tr\/tr\/wp-json\/wp\/v2\/types\/page"}],"author":[{"embeddable":true,"href":"https:\/\/mavideniz.com.tr\/tr\/wp-json\/wp\/v2\/users\/1"}],"replies":[{"embeddable":true,"href":"https:\/\/mavideniz.com.tr\/tr\/wp-json\/wp\/v2\/comments?post=71938"}],"version-history":[{"count":0,"href":"https:\/\/mavideniz.com.tr\/tr\/wp-json\/wp\/v2\/pages\/71938\/revisions"}],"up":[{"embeddable":true,"href":"https:\/\/mavideniz.com.tr\/tr\/wp-json\/wp\/v2\/pages\/27930"}],"wp:attachment":[{"href":"https:\/\/mavideniz.com.tr\/tr\/wp-json\/wp\/v2\/media?parent=71938"}],"curies":[{"name":"wp","href":"https:\/\/api.w.org\/{rel}","templated":true}]}}